{"id":10190,"date":"2021-05-12T11:59:37","date_gmt":"2021-05-12T11:59:37","guid":{"rendered":"https:\/\/acapps.org\/web\/?page_id=10190"},"modified":"2025-07-21T12:51:58","modified_gmt":"2025-07-21T12:51:58","slug":"xarxa-destudiantat-universitari","status":"publish","type":"page","link":"https:\/\/acapps.org\/web\/xarxa-destudiantat-universitari\/","title":{"rendered":"Xarxa d&#8217;Estudiantat Universitari"},"content":{"rendered":"[vc_row][vc_column][vc_row_inner][vc_column_inner width=&#8221;2\/3&#8243;][vc_column_text]\n<h1><span style=\"color: #000000;\"><strong>No ens imaginem la universitat <\/strong><\/span><span style=\"color: #000000;\"><strong>de dem\u00e0 sense la inclusi\u00f3 <\/strong><\/span><span style=\"color: #000000;\"><strong>de les persones amb sordesa.<\/strong><\/span><\/h1>\n[\/vc_column_text][vc_column_text]\n<h4>Som la\u00a0<strong>Xarxa d\u2019Estudiants Universitaris\/es amb sordesa<\/strong> d\u2019ACAPPS: tenim veu i volem ser escoltades: no ens imaginem la universitat del dem\u00e0 sense la inclusi\u00f3 dels i de les estudiants amb sordesa.<\/h4>\n<p>&nbsp;<\/p>\n<h4>Volem que es conegui com vivim nosaltres la universitat, qu\u00e8 ens passa i com podria ser tot molt millor amb la implicaci\u00f3 de tota la comunitat universit\u00e0ria. Ara ens hem atrevit a explicar-ho i a fer sentir la nostra veu.<\/h4>\n<p>&nbsp;<\/p>\n<h4><strong>Et presentem Apunts en Blanc,<\/strong>\u00a0la hist\u00f2ria col\u00b7lectiva que neix de cadascun de nosaltres.<\/h4>\n[\/vc_column_text][vc_single_image image=&#8221;14107&#8243; img_size=&#8221;full&#8221;][\/vc_column_inner][vc_column_inner width=&#8221;1\/3&#8243;][vc_single_image image=&#8221;16039&#8243; img_size=&#8221;full&#8221;][vc_empty_space height=&#8221;60px&#8221;][vc_single_image image=&#8221;16041&#8243; img_size=&#8221;full&#8221;][vc_empty_space height=&#8221;60px&#8221;][vc_column_text]\n<h2><strong>Tens sordesa i ets estudiant?<\/strong><\/h2>\n<h3>Suma&#8217;t a la Xarxa!<\/h3>\n<h3>Posa&#8217;t en contacte amb nosaltres:<\/h3>\n<h4><a href=\"mailto:voluntariat@acapps.org\">voluntariat@acapps.org<\/a> (T\u00e0nia)<\/h4>\n[\/vc_column_text][vc_separator][\/vc_column_inner][\/vc_row_inner][vc_row_inner][vc_column_inner][vc_empty_space height=&#8221;6px&#8221;][\/vc_column_inner][\/vc_row_inner][vc_row_inner][vc_column_inner width=&#8221;1\/2&#8243;][vc_single_image image=&#8221;16045&#8243; img_size=&#8221;full&#8221;][\/vc_column_inner][vc_column_inner width=&#8221;1\/2&#8243;][vc_single_image image=&#8221;16043&#8243; img_size=&#8221;full&#8221;][vc_empty_space][\/vc_column_inner][\/vc_row_inner][vc_separator][\/vc_column][\/vc_row][vc_row][vc_column][vc_row_inner][vc_column_inner width=&#8221;1\/3&#8243;][vc_column_text]\n<h1><strong>Fem possible <\/strong><strong>Apunts En Blanc.\u00a0<\/strong><\/h1>\n<h2><\/h2>\n[\/vc_column_text][\/vc_column_inner][vc_column_inner width=&#8221;1\/3&#8243;][vc_column_text]\n<h2>Un documental per <strong>transformar<\/strong> la universitat del dem\u00e0.<\/h2>\n[\/vc_column_text][\/vc_column_inner][vc_column_inner width=&#8221;1\/3&#8243;][vc_column_text]\n<h2><\/h2>\n<h2>Per fer-la realment <strong>inclusiva<\/strong>.<\/h2>\n<p>&nbsp;[\/vc_column_text][\/vc_column_inner][\/vc_row_inner][vc_row_inner][vc_column_inner][vc_video link=&#8221;https:\/\/youtu.be\/BiyiarYa5rQ&#8221;][\/vc_column_inner][\/vc_row_inner][vc_row_inner][vc_column_inner width=&#8221;2\/3&#8243;][vc_column_text]\n<h1><\/h1>\n<h1><strong>Volem arribar arreu!<\/strong><\/h1>\n<h3><strong>Ara, Apunts en Blanc en versi\u00f3 subtitulada en castell\u00e0, en angl\u00e8s i amb audiodescripci\u00f3 (en catal\u00e0 i en castell\u00e0).<\/strong><\/h3>\n[\/vc_column_text][\/vc_column_inner][vc_column_inner width=&#8221;1\/3&#8243;][\/vc_column_inner][\/vc_row_inner][vc_row_inner][vc_column_inner width=&#8221;1\/3&#8243;][vc_video link=&#8221;https:\/\/youtu.be\/koNnYidtdvI&#8221; title=&#8221;Versi\u00f3 subtitulada en CASTELL\u00c0.&#8221;][\/vc_column_inner][vc_column_inner width=&#8221;1\/3&#8243;][vc_video link=&#8221;https:\/\/youtu.be\/GI5F2tzHKNg&#8221; title=&#8221;Versi\u00f3 subtitulada en ANGL\u00c8S.&#8221;][\/vc_column_inner][vc_column_inner width=&#8221;1\/3&#8243;][vc_video link=&#8221;https:\/\/youtu.be\/LhgIS-6J3uI&#8221; title=&#8221;Versi\u00f3 Audiodescripci\u00f3 en catal\u00e0&#8221;][\/vc_column_inner][\/vc_row_inner][vc_row_inner][vc_column_inner width=&#8221;1\/3&#8243;][vc_video link=&#8221;https:\/\/youtu.be\/-0-ypgupwwE&#8221; title=&#8221;Versi\u00f3 subt. i audiodescripci\u00f3 en castell\u00e0&#8221;][\/vc_column_inner][vc_column_inner width=&#8221;1\/3&#8243;][\/vc_column_inner][vc_column_inner width=&#8221;1\/3&#8243;][\/vc_column_inner][\/vc_row_inner][vc_row_inner][vc_column_inner width=&#8221;2\/3&#8243;][vc_column_text]\n<h1><strong><span style=\"color: #000000;\">I hem estat altaveu pels drets dels i de les estudiants amb sordesa<\/span><\/strong><\/h1>\n[\/vc_column_text][\/vc_column_inner][vc_column_inner width=&#8221;1\/3&#8243;][\/vc_column_inner][\/vc_row_inner][vc_row_inner][vc_column_inner width=&#8221;1\/3&#8243;]<article class=\"icon-box17\"  style=\"color: #e8c82e\"><a href='https:\/\/www.ara.cat\/societat\/educacio\/sordesa-universitat-depenem-bona-voluntat_1_4711500.html'><img decoding=\"async\" src=\"https:\/\/acapps.org\/web\/wp-content\/uploads\/2025\/07\/ara_AEB.jpg\" \/><\/a><h4 style=\"color:#e8c82e\">Diari Ara<\/h4><p style=\"color:#e8c82e\"><\/p><\/article>[\/vc_column_inner][vc_column_inner width=&#8221;1\/3&#8243;]<article class=\"icon-box17\"  style=\"color: #e8c82e\"><a href='https:\/\/www.rac1.cat\/societat\/20230509\/108281\/abandonar-estudis-sorda-restar-punts-assabentar-coses-deien-professors.html?utm_medium=social&utm_source=twitter&utm_content=societat'><img decoding=\"async\" src=\"https:\/\/acapps.org\/web\/wp-content\/uploads\/2025\/07\/RAC_FOTO.jpg\" \/><\/a><h4>a RAC 1<\/h4><\/article>[\/vc_column_inner][vc_column_inner width=&#8221;1\/3&#8243;]<article class=\"icon-box17\"  style=\"color: #e8c82e\"><img decoding=\"async\" src=\"https:\/\/acapps.org\/web\/wp-content\/uploads\/2025\/07\/abc.jpg\" \/><h4>A l'ABC<\/h4><\/article>[\/vc_column_inner][\/vc_row_inner][vc_separator border_width=&#8221;3&#8243;][\/vc_column][\/vc_row][vc_row][vc_column][vc_single_image image=&#8221;16034&#8243; img_size=&#8221;full&#8221;][\/vc_column][\/vc_row][vc_row][vc_column][vc_single_image image=&#8221;16035&#8243; img_size=&#8221;full&#8221;][\/vc_column][\/vc_row]\n","protected":false},"excerpt":{"rendered":"<p>[vc_row][vc_column][vc_row_inner][vc_column_inner width=&#8221;2\/3&#8243;][vc_column_text] No ens imaginem la universitat de dem\u00e0 sense la inclusi\u00f3 de les persones amb sordesa. [\/vc_column_text][vc_column_text] Som la\u00a0Xarxa d\u2019Estudiants Universitaris\/es amb sordesa d\u2019ACAPPS: tenim veu i volem ser escoltades: no ens imaginem la universitat del dem\u00e0 sense la inclusi\u00f3 dels i de les estudiants amb sordesa. &nbsp; Volem que es conegui com vivim nosaltres la universitat, qu\u00e8 ens passa i com podria ser&#8230; <\/p>\n<p><a class=\"readmore\" href=\"https:\/\/acapps.org\/web\/xarxa-destudiantat-universitari\/\">LLEGIR M\u00c9S<\/a><\/p>\n","protected":false},"author":3,"featured_media":0,"parent":0,"menu_order":0,"comment_status":"closed","ping_status":"closed","template":"","meta":{"footnotes":""},"_links":{"self":[{"href":"https:\/\/acapps.org\/web\/wp-json\/wp\/v2\/pages\/10190"}],"collection":[{"href":"https:\/\/acapps.org\/web\/wp-json\/wp\/v2\/pages"}],"about":[{"href":"https:\/\/acapps.org\/web\/wp-json\/wp\/v2\/types\/page"}],"author":[{"embeddable":true,"href":"https:\/\/acapps.org\/web\/wp-json\/wp\/v2\/users\/3"}],"replies":[{"embeddable":true,"href":"https:\/\/acapps.org\/web\/wp-json\/wp\/v2\/comments?post=10190"}],"version-history":[{"count":34,"href":"https:\/\/acapps.org\/web\/wp-json\/wp\/v2\/pages\/10190\/revisions"}],"predecessor-version":[{"id":16061,"href":"https:\/\/acapps.org\/web\/wp-json\/wp\/v2\/pages\/10190\/revisions\/16061"}],"wp:attachment":[{"href":"https:\/\/acapps.org\/web\/wp-json\/wp\/v2\/media?parent=10190"}],"curies":[{"name":"wp","href":"https:\/\/api.w.org\/{rel}","templated":true}]}}