{"id":10464,"date":"2021-06-23T09:43:13","date_gmt":"2021-06-23T09:43:13","guid":{"rendered":"https:\/\/acapps.org\/web\/?page_id=10464"},"modified":"2023-03-28T09:15:26","modified_gmt":"2023-03-28T09:15:26","slug":"oci-i-lleure-en-familia","status":"publish","type":"page","link":"https:\/\/acapps.org\/web\/oci-i-lleure-en-familia\/","title":{"rendered":"Oci i lleure en fam\u00edlia"},"content":{"rendered":"[vc_row][vc_column][vc_column_text]<p><\/p>\n<figure class=\"wp-block-image size-large\"><img loading=\"lazy\" decoding=\"async\" width=\"1024\" height=\"512\" class=\"wp-image-10465\" src=\"https:\/\/acapps.org\/web\/wp-content\/uploads\/2021\/06\/activitats_OCI_banner.gif\" alt=\"\" \/><\/figure>\n<p><\/p>\n<p><\/p>\n<h5><strong>En aquest espai trobar\u00e0s una relaci\u00f3 d&#8217;activitats d&#8217;oci i de lleure que anirem ampliant a poc a poc perqu\u00e8 pugueu disfrutar del temps en fam\u00edlia.<\/strong><\/h5>\n<h5><strong><\/strong><\/h5>\n<h5><strong><\/strong><\/h5>\n<h5><strong>Seran activitats amb descomptes per a totes les fam\u00edlies amb fills\/es amb discapacita auditiva i tamb\u00e9 n&#8217;hi haur\u00e0 d&#8217;exclusives i gratu\u00eftes per a les fam\u00edlies s\u00f2cies.<\/strong><\/h5>\n<p>&nbsp;<\/p>\n<h3><span style=\"color: #cc567e;\">ACTIVITATS <strong>EXCLUSIVES<\/strong> PER A LES FAM\u00cdLIES S\u00d2CIES<\/span> (cal fer reserva amb antel\u00b7laci\u00f3 i la promoci\u00f3 \u00e9s v\u00e0lida fins a un m\u00e0xim de 5 membres per unitat familiar):<\/h3>\n<p><\/p>\n<p><\/p>\n<p><\/p>[\/vc_column_text][vc_single_image image=&#8221;10468&#8243; img_size=&#8221;medium&#8221;][vc_column_text css_animation=&#8221;appear&#8221;]<h2><span style=\"color: #cc567d;\">MUSEU DEL BAR\u00c7A<\/span><\/h2>\n<h5><strong>AVANTATGE EXCLUSIU PER A FAM\u00cdLIES S\u00d2CIES D&#8217;ACAPPS<\/strong><\/h5>\n<h5><strong>Tenim 100 invitacions per al museu del Bar\u00e7a.<\/strong><\/h5>\n<h5>Condicions: s&#8217;atorgaran fins a un m\u00e0xim de 5 invitacions per fam\u00edlia per ordre d&#8217;inscripci\u00f3. Cal inscriure&#8217;s enviant un correu a <a href=\"mailto:saaf@acapps.org\">saaf@acapps.org<\/a><\/h5>\n<p>Per gaudir de l&#8217;avantatge, cal reservar l&#8217;activitat amb un m\u00ednim de set dies d&#8217;antel\u00b7laci\u00f3<\/p>\n<p><a href=\"https:\/\/docs.google.com\/forms\/d\/e\/1FAIpQLSfY4VGII0GABSwiHisR4nNvAMl4n4-sL7rIjOzNfFBU0WYhGA\/viewform\"><span style=\"color: #008080;\">FORMULARI DE RESERVA DE L&#8217;ACTIVITAT D&#8217;OCI I LLEURE<\/span><\/a><\/p>\n<h5><span style=\"color: #cc567e;\">QU\u00c8 HI TROBAREU? <\/span>Un espai per rememorar la hist\u00f2ria del Club FC Barcelona: Jugadors, partits, trofeus i objectes que han fet vibrar a milions d\u2019aficionats arreu del m\u00f3n. Tamb\u00e9 un Espai dedicat a Messi, la galeria de trofeus i les 5 Copes d&#8217;Europa.<\/h5>\n<h5><span style=\"color: #cc567e;\">NO T&#8217;HO PERDIS SI&#8230; <\/span>sou culers o apassionats\/des del m\u00f3n del futbol.<\/h5>\n<p><span style=\"color: #cc5666;\"><strong>\u00a0MESURES D&#8217;ACCESSIBILITAT A LA COMUNICACI\u00d3:<\/strong><\/span><br \/>Les guixetes del museu i l&#8217;auditori 1899 tenen instal\u00b7lat el<strong>\u00a0bucle magn\u00e8tic\u00a0<\/strong>(millora el so que arriba a l&#8217;audi\u00f2fon i\/o l&#8217;implant coclear, nom\u00e9s cal que activeu la posici\u00f3 &#8220;T&#8221; de la pr\u00f2tesis).<br \/>El servei d&#8217;audioguia est\u00e0<strong>\u00a0subtitulat.<\/strong>\u00a0La majoria d&#8217;audiovisuals estan\u00a0<strong>subtitulats.\u00a0<\/strong><\/p>\n<hr>\n<p>&nbsp;<\/p>[\/vc_column_text][vc_column_text]<p><a href=\"https:\/\/acapps.org\/web\/wp-content\/uploads\/2021\/06\/Logo_Zoo_de_Barcelona.jpg\"><img loading=\"lazy\" decoding=\"async\" class=\"alignnone  wp-image-10471\" src=\"https:\/\/acapps.org\/web\/wp-content\/uploads\/2021\/06\/Logo_Zoo_de_Barcelona-300x225.jpg\" alt=\"\" width=\"251\" height=\"188\" srcset=\"https:\/\/acapps.org\/web\/wp-content\/uploads\/2021\/06\/Logo_Zoo_de_Barcelona-300x225.jpg 300w, https:\/\/acapps.org\/web\/wp-content\/uploads\/2021\/06\/Logo_Zoo_de_Barcelona-1024x767.jpg 1024w, https:\/\/acapps.org\/web\/wp-content\/uploads\/2021\/06\/Logo_Zoo_de_Barcelona-768x576.jpg 768w, https:\/\/acapps.org\/web\/wp-content\/uploads\/2021\/06\/Logo_Zoo_de_Barcelona.jpg 1501w\" sizes=\"(max-width: 251px) 100vw, 251px\" \/><\/a><\/p>\n<p>&nbsp;<\/p>\n<h2><span style=\"color: #cc567e;\">ZOO DE BARCELONA.\u00a0<\/span><\/h2>\n<p><strong>DESCOMPTE EXCLUSIU PER A FAM\u00cdLIES S\u00d2CIES D&#8217;ACAPPS<\/strong><\/p>\n<p>Preu d&#8217;entrada per a l&#8217;infant amb discapacitat auditiva: 4,50\u20ac i gratu\u00efta per un\/a acompanyant\u00a0<\/p>\n<p>Preu d&#8217;entrada general sense descompte: 21,40\u20ac i, per a infants, 12,95\u20ac<\/p>\n<h5>Condicions:\u00a0Per gaudir de l&#8217;avantatge, cal reservar l&#8217;activitat amb un m\u00ednim de set dies d&#8217;antel\u00b7laci\u00f3<\/h5>\n<p><a href=\"https:\/\/docs.google.com\/forms\/d\/e\/1FAIpQLSfY4VGII0GABSwiHisR4nNvAMl4n4-sL7rIjOzNfFBU0WYhGA\/viewform\"><span style=\"color: #008080;\">FORMULARI DE RESERVA DE L&#8217;ACTIVITAT D&#8217;OCI I LLEURE<\/span><\/a><\/p>\n<p><span style=\"color: #cc567e;\">QU\u00c8 HI TROBAR\u00c0S?<\/span> M\u00e9s de 2.000 animales de m\u00e1s de 300 esp\u00e8cies, 1.300 plantes i 320 especies bot\u00e1nicas, a m\u00e9s d&#8217;un gran parc amb tirolines i molts jocs i una zona de granja amb un espai de parc per als m\u00e9s petits\/es de la casa.<\/p>\n<p><span style=\"color: #cc567e;\">NO T&#8217;HO PERDIS SI&#8230; <\/span>Vols passar un dia diferent a la ciutat i veure de prop els animals, alguns d&#8217;ells en perill d&#8217;extinci\u00f3.<\/p>\n<hr>\n<p>&nbsp;<\/p>\n<div class=\"paragraph paragraph--columns paragraph--type-columns paragraph--view-mode--default section\">\n<div class=\"container\">\n<div class=\"row\">\n<div class=\"col-sm-3\">\n<div class=\"paragraph paragraph--column paragraph--type--column paragraph--view-mode--default\">\n<div class=\"banner\">\n<div class=\"banner-body\">\n<div>\u00a0<\/div>\n<\/div>\n<\/div>\n<\/div>\n<\/div>\n<div class=\"col-sm-6\">\n<div class=\"paragraph paragraph--column paragraph--type--column paragraph--view-mode--default\">\n<div class=\"banner\">\u00a0<\/div>\n<\/div>\n<\/div>\n<\/div>\n<\/div>\n<\/div>[\/vc_column_text][vc_column_text]<h2>\u00a0<\/h2>\n<h2><span style=\"color: #cc567e;\">WATER SPORT LOS LOROS\u00a0<\/span><\/h2>\n<p><strong>AVANTATGES EXCLUSIUS PER A FAM\u00cdLIES S\u00d2CIES<\/strong><\/p>\n<p>Preu d&#8217;entrada amb descompte per a cada membre familiar: 6\u20ac per persona<\/p>\n<h5>Condicions: Per gaudir de l&#8217;avantatge, cal reservar l&#8217;activitat amb un m\u00ednim de set dies d&#8217;antel\u00b7laci\u00f3. La promoci\u00f3 \u00e9s v\u00e0lida fins al 10 de setembre<\/h5>\n<p><a href=\"https:\/\/docs.google.com\/forms\/d\/e\/1FAIpQLSfY4VGII0GABSwiHisR4nNvAMl4n4-sL7rIjOzNfFBU0WYhGA\/viewform\"><span style=\"color: #008080;\">FORMULARI DE RESERVA DE L&#8217;ACTIVITAT D&#8217;OCI I LLEURE<\/span><\/a><\/p>\n<p><span style=\"color: #cc567e;\">QU\u00c8 HI TROBAR\u00c0S?<\/span> Una gran fam\u00edlia d&#8217;amants del mar, a Cambrils, per practicar el surf, el windsurf, kayak o l&#8217;stan up paddle.<\/p>\n<p><span style=\"color: #cc567e;\">NO T&#8217;HO PERDIS SI&#8230; <\/span>T&#8217;agrada l&#8217;esport en general i els esports n\u00e0utics i el mar en particular, o si vols provar una experi\u00e8ncia diferent.<\/p>\n<hr>[\/vc_column_text][vc_row_inner][vc_column_inner][vc_column_text]<h2>\u00a0<\/h2>\n<p><a href=\"https:\/\/acapps.org\/web\/wp-content\/uploads\/2021\/07\/cnbalis_logo.jpg\"><img loading=\"lazy\" decoding=\"async\" class=\"wp-image-10724 alignleft\" src=\"https:\/\/acapps.org\/web\/wp-content\/uploads\/2021\/07\/cnbalis_logo-300x218.jpg\" alt=\"\" width=\"241\" height=\"175\" srcset=\"https:\/\/acapps.org\/web\/wp-content\/uploads\/2021\/07\/cnbalis_logo-300x218.jpg 300w, https:\/\/acapps.org\/web\/wp-content\/uploads\/2021\/07\/cnbalis_logo-1024x743.jpg 1024w, https:\/\/acapps.org\/web\/wp-content\/uploads\/2021\/07\/cnbalis_logo-768x557.jpg 768w, https:\/\/acapps.org\/web\/wp-content\/uploads\/2021\/07\/cnbalis_logo.jpg 1045w\" sizes=\"(max-width: 241px) 100vw, 241px\" \/><\/a><\/p>\n<p>&nbsp;<\/p>\n<p>&nbsp;<\/p>\n<p>&nbsp;<\/p>\n<p>&nbsp;<\/p>\n<p>&nbsp;<\/p>\n<h2><span style=\"color: #cb557d;\">CLUB N\u00c0UTIC <strong>EL BAL\u00cdS<\/strong><\/span><\/h2>\n<p><strong>DESCOMPTES EXCLUSIUS PER A FAM\u00cdLIES S\u00d2CIES D&#8217;ACAPPS<\/strong><\/p>\n<p>Descomptes en els casals d&#8217;estiu que ofereix el Club N\u00e0utic El Bal\u00eds, a Sant Andreu de Llavaneres, els mesos d&#8217;agost i setembre. Amb cursos de vela, windsurf i altres esports, jocs i tallers.<\/p>\n<p><a href=\"https:\/\/docs.google.com\/forms\/d\/e\/1FAIpQLSfY4VGII0GABSwiHisR4nNvAMl4n4-sL7rIjOzNfFBU0WYhGA\/viewform\"><span style=\"color: #008080;\">FORMULARI DE RESERVA DE L&#8217;ACTIVITAT D&#8217;OCI I LLEURE<\/span><\/a><\/p>\n<p><span style=\"color: #cc567e;\">QU\u00c8 HI TROBAR\u00c0S?<\/span> Un punt de refer\u00e8ncia dels esports n\u00e0utics a Catalunya, en un entorn natural privilegiat.<\/p>\n<p><span style=\"color: #cc567e;\">NO T&#8217;HO PERDIS SI&#8230; <span style=\"color: #000000;\">vols aproximar-te als esports n\u00e0utics i disfrutar del mar com mai.<\/span><\/span><\/p>\n<p><a href=\"https:\/\/www.cnelbalis.com\">https:\/\/www.cnelbalis.com<\/a><\/p>[\/vc_column_text][vc_empty_space][\/vc_column_inner][\/vc_row_inner][vc_column_text]<h3><span style=\"color: #3da6bb;\"><strong>ACTIVITATS D&#8217;OCI AMB DESCOMPTE<\/strong> PER A INFANTS I\/O PERSONES AMB DISCAPACITAT<\/span><\/h3>[\/vc_column_text][vc_row_inner][vc_column_inner width=&#8221;1\/2&#8243;][vc_column_text]<p><a href=\"https:\/\/acapps.org\/web\/wp-content\/uploads\/2021\/06\/cram_logo.png\"><img loading=\"lazy\" decoding=\"async\" class=\"alignnone size-full wp-image-10482\" src=\"https:\/\/acapps.org\/web\/wp-content\/uploads\/2021\/06\/cram_logo.png\" alt=\"\" width=\"200\" height=\"142\" \/><\/a><\/p>\n<h3><span style=\"color: #3da6bb;\">CENTRE DE RECUPERACI\u00d3 D&#8217;ANIMALS MARINS<\/span><\/h3>\n<p><strong>DESCOMPTE PER A FAM\u00cdLIES AMB INFANTS AMB DISCAPACITAT<\/strong><\/p>\n<p>Preu d&#8217;entrada per a l&#8217;infant i\/o persona amb discapacitat: 5,50\u20ac\u00a0<\/p>\n<p>Preu d&#8217;entrada general: 8,50\u20ac<\/p>\n<p><span style=\"color: #3da6bb;\">QU\u00c8 HI TROBAR\u00c0S?<\/span> Una visita guiada per un\/a educador\/a del CRAM en recorregut per les instal\u00b7lacions: l&#8217;exposici\u00f3 A favor de la biodiversitat, un mar d&#8217;esperan\u00e7a que explica la problem\u00e0tica que afecta al medi mar\u00ed i les esp\u00e8cies que l&#8217;habiten, com tamb\u00e9 les accions locals que es duen a terme per conservar aquestes esp\u00e8cies arreu del m\u00f3n. Tamb\u00e9 es visita l&#8217;\u00e0rea cl\u00ednica: els equipaments dedicats a la cl\u00ednica de les esp\u00e8cies marines i es coneixen els pacients que s&#8217;estan recuperant abans de ser alliberades en el seu medi. Es dedica un espai per parlar sobre els taurons.<\/p>\n<p><span style=\"color: #3da6bb;\">NO T&#8217;HO PERDIS SI&#8230;\u00a0<\/span>T&#8217;agraden les emocions i voleu passar un dia especial i molt divertit en fam\u00edlia!<\/p>\n<p><span style=\"color: #3da6bb;\">+ INFO I COMPRA D&#8217;ENTRADES: <a href=\"https:\/\/cram.org\/\">https:\/\/cram.org\/<\/a><\/span><\/p>[\/vc_column_text][\/vc_column_inner][vc_column_inner width=&#8221;1\/2&#8243;][vc_column_text]<p><a href=\"https:\/\/acapps.org\/web\/wp-content\/uploads\/2021\/06\/tibidabo_logo.png\"><img loading=\"lazy\" decoding=\"async\" class=\"alignnone  wp-image-10474\" src=\"https:\/\/acapps.org\/web\/wp-content\/uploads\/2021\/06\/tibidabo_logo-300x158.png\" alt=\"\" width=\"260\" height=\"137\" srcset=\"https:\/\/acapps.org\/web\/wp-content\/uploads\/2021\/06\/tibidabo_logo-300x158.png 300w, https:\/\/acapps.org\/web\/wp-content\/uploads\/2021\/06\/tibidabo_logo.png 310w\" sizes=\"(max-width: 260px) 100vw, 260px\" \/><\/a><\/p>\n<h3><span style=\"color: #3da6bb;\">PARC D&#8217;ATRACCIONS TIBIDABO<\/span><\/h3>\n<p><strong>DESCOMPTE PER A FAM\u00cdLIES AMB INFANTS AMB DISCAPACITAT<\/strong><\/p>\n<p>Preu d&#8217;entrada per a l&#8217;infant amb discapacitat: 7\u20ac i gratu\u00efta per un\/a acompanyant\u00a0<\/p>\n<p>Preu d&#8217;entrada general sense descompte: 21,40\u20ac.<\/p>\n<p><span style=\"color: #3da6bb;\">QU\u00c8 HI TROBAR\u00c0S? <\/span>Un indret m\u00e0gic i emblem\u00e0tic de Barcelona amb m\u00e9s de 30 atraccions per a totes les edats, espectacles i animacions itinerants.<\/p>\n<p><span style=\"color: #cc567e;\"><span style=\"color: #3da6bb;\">NO T&#8217;HO PERDIS SI&#8230;<\/span>\u00a0<\/span>T&#8217;agraden les emocions i voleu passar un dia especial i molt divertit en fam\u00edlia!<\/p>\n<p><span style=\"color: #3da6bb;\">+ INFO I COMPRA D&#8217;ENTRADES:<\/span> <a href=\"https:\/\/www.tibidabo.cat\/\">https:\/\/www.tibidabo.cat\/<\/a><\/p>\n<hr>[\/vc_column_text][\/vc_column_inner][\/vc_row_inner][vc_row_inner][vc_column_inner width=&#8221;1\/2&#8243;][vc_column_text]<h3><span style=\"color: #3ca5ba;\"><a href=\"https:\/\/acapps.org\/web\/wp-content\/uploads\/2021\/07\/Museu-de-Ciencies-Naturals-de-Barcelona_logo.png\"><img loading=\"lazy\" decoding=\"async\" class=\"alignnone size-medium wp-image-10717\" src=\"https:\/\/acapps.org\/web\/wp-content\/uploads\/2021\/07\/Museu-de-Ciencies-Naturals-de-Barcelona_logo-300x86.png\" alt=\"\" width=\"300\" height=\"86\" srcset=\"https:\/\/acapps.org\/web\/wp-content\/uploads\/2021\/07\/Museu-de-Ciencies-Naturals-de-Barcelona_logo-300x86.png 300w, https:\/\/acapps.org\/web\/wp-content\/uploads\/2021\/07\/Museu-de-Ciencies-Naturals-de-Barcelona_logo-1024x292.png 1024w, https:\/\/acapps.org\/web\/wp-content\/uploads\/2021\/07\/Museu-de-Ciencies-Naturals-de-Barcelona_logo-768x219.png 768w, https:\/\/acapps.org\/web\/wp-content\/uploads\/2021\/07\/Museu-de-Ciencies-Naturals-de-Barcelona_logo.png 1428w\" sizes=\"(max-width: 300px) 100vw, 300px\" \/><\/a><\/span><\/h3>\n<h3><span style=\"color: #3ca5ba;\">MUSEU DE CI\u00c8NCIES NATURALS DE BARCELONA<\/span><\/h3>\n<p><strong>ACTIVITATS GRATU\u00cfTES AL MUSEU DEL PARC DEL F\u00d2RUM\u00a0<\/strong><\/p>\n<p>Preu d&#8217;entrada per a l&#8217;infant i\/o persona amb discapacitat: 5,50\u20ac\u00a0<\/p>\n<p><span style=\"color: #3da6bb;\">QU\u00c8 HI TROBAR\u00c0S?<span style=\"color: #000000;\"> Interessants exposicions, permanents o itinerants, entorn les ci\u00e8ncies naturals, una acurada proposta de tallers i activitats pensades per a un p\u00fablic familiar, el niu de ci\u00e8ncia, un espai perqu\u00e8 els petits\/es de 4 a 6 anys puguin experimentar jugant i el terrat viu, una coberta vegetal per gaudir de la reconnexi\u00f3 amb la natura.<\/span><\/span><\/p>\n<p>Consulta la <a href=\"https:\/\/museuciencies.cat\/activitats\/un-niu-dhistories-3-2021-07-16\/\">PROGRAMACI\u00d3 D&#8217;ESTIU 2021,<\/a> activitats fins al 12 de setembre.<\/p>\n<p><span style=\"color: #3da6bb;\">T&#8217;HO RECOMANEM PERQU\u00c8.. El museu de ci\u00e8ncies naturals \u00e9s un museu comprom\u00e8s amb la inclusi\u00f3 del col\u00b7lectiu de la discapacitat. Els tallers o visites es realitzen amb <strong>mascaretes transparents<\/strong> si hi ha una persona amb sordesa* Amb el suport d&#8217;ACAPPS.<\/span><\/p>\n<p><span style=\"color: #3da6bb;\">NO T&#8217;HO PERDIS SI..<span style=\"color: #000000;\">. t&#8217;agrada aprendre i descobrir coses noves sobre la gran diversitat i l&#8217;evoluci\u00f3 del m\u00f3n natural.<\/span><\/span><\/p>\n<p><span style=\"color: #3da6bb;\">+ INFO: <a href=\"https:\/\/museuciencies.cat\/\">https:\/\/museuciencies.cat\/\u00a0<\/a><\/span><\/p>[\/vc_column_text][\/vc_column_inner][vc_column_inner width=&#8221;1\/2&#8243;][\/vc_column_inner][\/vc_row_inner][\/vc_column][\/vc_row][vc_row][vc_column][vc_single_image image=&#8221;13406&#8243; img_size=&#8221;large&#8221;][\/vc_column][\/vc_row]","protected":false},"excerpt":{"rendered":"<p>[vc_row][vc_column][vc_column_text] En aquest espai trobar\u00e0s una relaci\u00f3 d&#8217;activitats d&#8217;oci i de lleure que anirem ampliant a poc a poc perqu\u00e8 pugueu disfrutar del temps en fam\u00edlia. Seran activitats amb descomptes per a totes les fam\u00edlies amb fills\/es amb discapacita auditiva i tamb\u00e9 n&#8217;hi haur\u00e0 d&#8217;exclusives i gratu\u00eftes per a les fam\u00edlies s\u00f2cies. &nbsp; ACTIVITATS EXCLUSIVES PER A LES FAM\u00cdLIES S\u00d2CIES (cal fer reserva amb antel\u00b7laci\u00f3&#8230; <\/p>\n<p><a class=\"readmore\" href=\"https:\/\/acapps.org\/web\/oci-i-lleure-en-familia\/\">LLEGIR M\u00c9S<\/a><\/p>\n","protected":false},"author":3,"featured_media":0,"parent":0,"menu_order":0,"comment_status":"closed","ping_status":"closed","template":"","meta":{"footnotes":""},"_links":{"self":[{"href":"https:\/\/acapps.org\/web\/wp-json\/wp\/v2\/pages\/10464"}],"collection":[{"href":"https:\/\/acapps.org\/web\/wp-json\/wp\/v2\/pages"}],"about":[{"href":"https:\/\/acapps.org\/web\/wp-json\/wp\/v2\/types\/page"}],"author":[{"embeddable":true,"href":"https:\/\/acapps.org\/web\/wp-json\/wp\/v2\/users\/3"}],"replies":[{"embeddable":true,"href":"https:\/\/acapps.org\/web\/wp-json\/wp\/v2\/comments?post=10464"}],"version-history":[{"count":39,"href":"https:\/\/acapps.org\/web\/wp-json\/wp\/v2\/pages\/10464\/revisions"}],"predecessor-version":[{"id":13411,"href":"https:\/\/acapps.org\/web\/wp-json\/wp\/v2\/pages\/10464\/revisions\/13411"}],"wp:attachment":[{"href":"https:\/\/acapps.org\/web\/wp-json\/wp\/v2\/media?parent=10464"}],"curies":[{"name":"wp","href":"https:\/\/api.w.org\/{rel}","templated":true}]}}