{"id":10594,"date":"2021-07-07T07:24:18","date_gmt":"2021-07-07T07:24:18","guid":{"rendered":"https:\/\/acapps.org\/web\/?page_id=10594"},"modified":"2025-01-14T01:11:55","modified_gmt":"2025-01-14T01:11:55","slug":"butleti-en-moviment","status":"publish","type":"page","link":"https:\/\/acapps.org\/web\/butleti-en-moviment\/","title":{"rendered":"BUTLLET\u00cd En Moviment"},"content":{"rendered":"[vc_row][vc_column width=&#8221;2\/3&#8243;][vc_column_text]\n<h3><strong>SEMPRE INFORMATS: ELS NOSTRES BUTLLETINS<\/strong><\/h3>\n<h5>Per estar al corrent de les activitats que fem i not\u00edcies relacionades amb l\u2019\u00e0mbit de la sordesa que t\u2019interessaran, ens pots seguir per les xarxes socials (estem a facebook, twitter i instagram, @federacioacapps), consultar el nostre web i, a m\u00e9s, editem dos butlletins en l\u00ednia:<\/h5>\n<h4><em><span style=\"color: #cb557d;\"><strong>En moviment<\/strong><\/span><\/em>, adre\u00e7at a les fam\u00edlies amb infants amb sordesa amb una selecci\u00f3 d\u2019informacions espec\u00edfiques per a vosaltres. <a href=\"https:\/\/acapps.org\/web\/butlleti-sentim-i-parlem-2021-2-3-2-2\/\">Consulta tots els n\u00fameros d&#8217;aquest any!<\/a><\/h4>\n<h5><a href=\"https:\/\/acapps.org\/web\/butlleti\/\"><strong><em>Sentim i Parlem<\/em><\/strong>,<\/a> amb m\u00e9s de 120 n\u00fameros editats, on t\u2019informem de la nostra acci\u00f3 per defensar els drets de les persones i infants amb sordesa en l\u2019\u00e0mbit educatiu, laboral, social i cultural i en accessibilitat a la comunicaci\u00f3.<\/h5>\n<div class=\"wp-block-columns\">\n<h3 class=\"wp-block-column\"><span style=\"color: #cb557d;\"><strong>I si est\u00e0s a les xarxes socials,<\/strong> <\/span><\/h3>\n<h3 class=\"wp-block-column\"><span style=\"color: #cb557d;\">anima&#8217;t a seguir-nos! ens trobar\u00e0s a instagram, facebook i twitter<strong> \ud83d\ude09<\/strong><\/span><\/h3>\n<\/div>\n[\/vc_column_text][vc_row_inner][vc_column_inner][vc_column_text]\n<h3><a href=\"https:\/\/acapps.org\/web\/butlleti-sentim-i-parlem-2021-2-3-2-2\/\">Edicions del Butllet\u00ed En Moviment 2024<\/a>.<\/h3>\n<h3><a href=\"https:\/\/acapps.org\/web\/butlleti-sentim-i-parlem-2021-2-3-2\/\">Edicions del Butllet\u00ed En Moviment 2023<\/a>.<\/h3>\n[\/vc_column_text][\/vc_column_inner][\/vc_row_inner][\/vc_column][vc_column width=&#8221;1\/3&#8243;][vc_single_image image=&#8221;10596&#8243; img_size=&#8221;full&#8221; onclick=&#8221;custom_link&#8221; link=&#8221;https:\/\/docs.google.com\/forms\/d\/e\/1FAIpQLScEPNkqUkSOEX70_-4J6MRHPI7stPyvfo0VleopbYHJzK2_3A\/viewform&#8221;][\/vc_column][\/vc_row][vc_row][vc_column width=&#8221;1\/6&#8243;][vc_single_image image=&#8221;10611&#8243; onclick=&#8221;custom_link&#8221; link=&#8221;https:\/\/www.instagram.com\/federacioacapps\/&#8221;][\/vc_column][vc_column width=&#8221;1\/6&#8243;][vc_single_image image=&#8221;10612&#8243; onclick=&#8221;custom_link&#8221; link=&#8221;https:\/\/www.facebook.com\/federacioacapps&#8221;][\/vc_column][vc_column width=&#8221;1\/6&#8243;][vc_single_image image=&#8221;10614&#8243; onclick=&#8221;custom_link&#8221; link=&#8221;https:\/\/twitter.com\/federacioacapps&#8221;][\/vc_column][vc_column width=&#8221;1\/2&#8243;][\/vc_column][\/vc_row][vc_row][vc_column][vc_single_image image=&#8221;13406&#8243; img_size=&#8221;large&#8221;][\/vc_column][\/vc_row]\n","protected":false},"excerpt":{"rendered":"<p>[vc_row][vc_column width=&#8221;2\/3&#8243;][vc_column_text] SEMPRE INFORMATS: ELS NOSTRES BUTLLETINS Per estar al corrent de les activitats que fem i not\u00edcies relacionades amb l\u2019\u00e0mbit de la sordesa que t\u2019interessaran, ens pots seguir per les xarxes socials (estem a facebook, twitter i instagram, @federacioacapps), consultar el nostre web i, a m\u00e9s, editem dos butlletins en l\u00ednia: En moviment, adre\u00e7at a les fam\u00edlies amb infants amb sordesa amb una selecci\u00f3&#8230; <\/p>\n<p><a class=\"readmore\" href=\"https:\/\/acapps.org\/web\/butleti-en-moviment\/\">LLEGIR M\u00c9S<\/a><\/p>\n","protected":false},"author":3,"featured_media":0,"parent":0,"menu_order":0,"comment_status":"closed","ping_status":"closed","template":"","meta":{"footnotes":""},"_links":{"self":[{"href":"https:\/\/acapps.org\/web\/wp-json\/wp\/v2\/pages\/10594"}],"collection":[{"href":"https:\/\/acapps.org\/web\/wp-json\/wp\/v2\/pages"}],"about":[{"href":"https:\/\/acapps.org\/web\/wp-json\/wp\/v2\/types\/page"}],"author":[{"embeddable":true,"href":"https:\/\/acapps.org\/web\/wp-json\/wp\/v2\/users\/3"}],"replies":[{"embeddable":true,"href":"https:\/\/acapps.org\/web\/wp-json\/wp\/v2\/comments?post=10594"}],"version-history":[{"count":23,"href":"https:\/\/acapps.org\/web\/wp-json\/wp\/v2\/pages\/10594\/revisions"}],"predecessor-version":[{"id":15606,"href":"https:\/\/acapps.org\/web\/wp-json\/wp\/v2\/pages\/10594\/revisions\/15606"}],"wp:attachment":[{"href":"https:\/\/acapps.org\/web\/wp-json\/wp\/v2\/media?parent=10594"}],"curies":[{"name":"wp","href":"https:\/\/api.w.org\/{rel}","templated":true}]}}