{"id":10835,"date":"2021-09-06T12:35:13","date_gmt":"2021-09-06T12:35:13","guid":{"rendered":"https:\/\/acapps.org\/web\/?page_id=10835"},"modified":"2021-12-24T13:22:26","modified_gmt":"2021-12-24T13:22:26","slug":"fons-audiovisual-subtitulat","status":"publish","type":"page","link":"https:\/\/acapps.org\/web\/fons-audiovisual-subtitulat\/","title":{"rendered":"Fons audiovisual subtitulat"},"content":{"rendered":"[vc_row][vc_column][vc_column_text]<p><\/p>\n<h5>Hola! En aquesta \u00e0rea trobareu una selecci\u00f3 de recursos audiovisuals accessibles amb la subtitulaci\u00f3 en directe en mat\u00e8ria de:<\/h5>\n<p><\/p>\n<p><\/p>\n<h4>\u00a0<\/h4>\n<h4><a href=\"https:\/\/acapps.org\/web\/orientacio-laboral\/\"><span style=\"color: #3ca5ba;\"><strong>ORIENTACI\u00d3 LABORAL. <\/strong><\/span><\/a><\/h4>\n<h6><strong>Pautes i formacions per optimitzar la teva recerca de feina (com fer un bon curr\u00edculum, com preparar-te per a una entrevista de feina o com millorar la teva comunicaci\u00f3 en l\u00ednia!).<\/strong><\/h6>\n<p>&nbsp;<\/p>\n<p><\/p>\n<p><\/p>\n<h4><a href=\"https:\/\/acapps.org\/web\/educacio\/\"><span style=\"color: #3ca5ba;\"><strong>EDUCACI\u00d3.<\/strong><\/span><\/a><\/h4>\n<h6><strong>Consells i recomanacions per a l&#8217;alumnat i estudiantat amb sordesa. Les fam\u00edlies tamb\u00e9 hi trobareu recursos per a l&#8217;adquisici\u00f3 del llenguatge oral del vostre fill\/a amb sordesa.<\/strong><\/h6>\n<p>&nbsp;<\/p>\n<h5><\/h5>\n<h5><\/h5>\n<h4><a href=\"https:\/\/acapps.org\/web\/salut-i-benestar-emocional\/\"><strong><span style=\"color: #3ca5ba;\">SALUT I BENESTAR EMOCIONAL.<\/span> <\/strong><\/a><\/h4>\n<h6><strong>Formacions en recerca sobre la sordesa i gen\u00e8tica. Tamb\u00e9 en recursos per tenir cura del nostre benestar emocional des d&#8217;una visi\u00f3 integral de la salut.<\/strong><\/h6>\n<p>&nbsp;<\/p>\n<h5><\/h5>\n<h5><\/h5>\n<h4><span style=\"color: #3ca5ba;\"><strong><a href=\"https:\/\/acapps.org\/web\/drets-3\/\">DRETS.<\/a> <\/strong><\/span><\/h4>\n<h6><strong>Recursos en formaci\u00f3 per defensar els teus drets, con\u00e8ixer i saber actuar davant la discriminaci\u00f3.<\/strong><\/h6>\n<p>&nbsp;<\/p>\n<h5><\/h5>\n<h5><\/h5>\n<h4><span style=\"color: #3ca5ba;\"><strong>CULTURA<\/strong><\/span>.<\/h4>\n<h6><a href=\"https:\/\/acapps.org\/web\/cultura\/\"><strong>Foment del teatre i actes culturals accessibles.<\/strong><\/a><\/h6>\n<p><\/p>[\/vc_column_text][vc_single_image image=&#8221;10851&#8243; img_size=&#8221;full&#8221; alignment=&#8221;center&#8221;][\/vc_column][\/vc_row]","protected":false},"excerpt":{"rendered":"<p>[vc_row][vc_column][vc_column_text] Hola! En aquesta \u00e0rea trobareu una selecci\u00f3 de recursos audiovisuals accessibles amb la subtitulaci\u00f3 en directe en mat\u00e8ria de: \u00a0 ORIENTACI\u00d3 LABORAL. Pautes i formacions per optimitzar la teva recerca de feina (com fer un bon curr\u00edculum, com preparar-te per a una entrevista de feina o com millorar la teva comunicaci\u00f3 en l\u00ednia!). &nbsp; EDUCACI\u00d3. Consells i recomanacions per a l&#8217;alumnat i estudiantat amb&#8230; <\/p>\n<p><a class=\"readmore\" href=\"https:\/\/acapps.org\/web\/fons-audiovisual-subtitulat\/\">LLEGIR M\u00c9S<\/a><\/p>\n","protected":false},"author":3,"featured_media":0,"parent":0,"menu_order":0,"comment_status":"closed","ping_status":"closed","template":"","meta":{"footnotes":""},"_links":{"self":[{"href":"https:\/\/acapps.org\/web\/wp-json\/wp\/v2\/pages\/10835"}],"collection":[{"href":"https:\/\/acapps.org\/web\/wp-json\/wp\/v2\/pages"}],"about":[{"href":"https:\/\/acapps.org\/web\/wp-json\/wp\/v2\/types\/page"}],"author":[{"embeddable":true,"href":"https:\/\/acapps.org\/web\/wp-json\/wp\/v2\/users\/3"}],"replies":[{"embeddable":true,"href":"https:\/\/acapps.org\/web\/wp-json\/wp\/v2\/comments?post=10835"}],"version-history":[{"count":10,"href":"https:\/\/acapps.org\/web\/wp-json\/wp\/v2\/pages\/10835\/revisions"}],"predecessor-version":[{"id":11358,"href":"https:\/\/acapps.org\/web\/wp-json\/wp\/v2\/pages\/10835\/revisions\/11358"}],"wp:attachment":[{"href":"https:\/\/acapps.org\/web\/wp-json\/wp\/v2\/media?parent=10835"}],"curies":[{"name":"wp","href":"https:\/\/api.w.org\/{rel}","templated":true}]}}