{"id":11123,"date":"2021-11-22T16:48:31","date_gmt":"2021-11-22T16:48:31","guid":{"rendered":"https:\/\/acapps.org\/web\/?page_id=11123"},"modified":"2021-11-24T09:16:46","modified_gmt":"2021-11-24T09:16:46","slug":"programes-25anysjornadesacapps","status":"publish","type":"page","link":"https:\/\/acapps.org\/web\/programes-25anysjornadesacapps\/","title":{"rendered":"Hist\u00f2ric #25AnysJornadesACAPPS"},"content":{"rendered":"[vc_row][vc_column][vc_single_image image=&#8221;11125&#8243; img_size=&#8221;full&#8221;][vc_row_inner][vc_column_inner][vc_column_text]\n<h2><span style=\"color: #3ca5ba;\">25 anys transformant visions. Trencant estereotips. Provocant canvis.<\/span><\/h2>\n<h2><span style=\"color: #3ca5ba;\"><strong>Fent visible els drets de les persones amb sordesa que es comuniquen en llengua oral, parlant.<\/strong><\/span><\/h2>\n[\/vc_column_text]<article class=\"icon-box17\"  style=\"color: #3ca5ba\"><div class=\"icon-wrap\" style=\"background-color:#3ca5ba\"><a href=https:\/\/acapps.org\/web\/wp-content\/uploads\/2021\/11\/programes_25anys_jornades_acapps.pdf><i class=\"fa-heart\" style=\" color:#3ca5ba;\"><\/i><\/a><\/div><h4>La for\u00e7a dels 25 anys: programes de les Jornades d'ACAPPS<\/h4><p>Recull dels programes de les Jornades de Formaci\u00f3 de les Persones amb Sordesa en Modalitat Oral.<\/p><\/article>[\/vc_column_inner][\/vc_row_inner][vc_row_inner][vc_column_inner width=&#8221;1\/3&#8243;][vc_column_text]\n<h2>ORIGENS<\/h2>\n<p>Un grup de mares i pares amb fills\/es amb sordesa i de persones amb sordesa impulsen les primeres jornades internacionals de formaci\u00f3 a Catalunya.<\/p>\n<p>&nbsp;<\/p>\n<p>S\u00f3n hores de dedicaci\u00f3 volunt\u00e0ria per crear un espai de formaci\u00f3, de trobada i d\u2019interessos compartits.<\/p>\n<p>&nbsp;<\/p>\n<p>L\u2019educaci\u00f3 de l\u2019alumnat amb sordesa en un sistema educatiu de qualitat, la inclusi\u00f3 social i laboral de les persones amb sordesa i l\u2019\u00fas de la tecnologia per aconseguir-ho ha estat i \u00e9s el motor de les Jornades.[\/vc_column_text][\/vc_column_inner][vc_column_inner width=&#8221;1\/3&#8243;][vc_column_text]\n<h2>SEMPRE AL NOSTRE COSTAT<\/h2>\n<p>Ens&nbsp; acompanyen, des del primer dia fins avui, el grup GISTAL liderat per la N\u00faria Silvestre. El Servei d\u2019Otorrinolaringologia de l\u2019Hospital Sant Joan de D\u00e9u, amb la dra. Ma Ant\u00f2nia Claver\u00eda.<\/p>\n<p>Els i les companyes dels CREDAs. Persones com la Cristina Ulloa i el Toni Rodr\u00edguez que sempre, sempre, recordarem.<\/p>\n<h3><span style=\"color: #3ca5ba;\"><strong>i creem ess\u00e8ncia<\/strong><\/span><\/h3>\n<p>Comencem marcant difer\u00e8ncia. Combinant l\u2019expertesa amb les nostres veus.Les veus de les fam\u00edlies, dels infants amb sordesa, de les persones adultes amb sordesa.[\/vc_column_text][\/vc_column_inner][vc_column_inner width=&#8221;1\/3&#8243;][vc_column_text]\n<h2>APORTEM CONEIXEMENT<\/h2>\n<p><strong>M\u00e9s de 400 ponents en 25 anys. <\/strong>De Catalunya, d\u2019arreu de l\u2019estat i m\u00e9s de 20 ponents convidats d\u2019arreu del m\u00f3n per apropar-nos les seves estrat\u00e8gies i experi\u00e8ncies.<\/p>\n<p>&nbsp;<\/p>\n<p>Compartint models i recursos d\u2019aprenentatge de la llengua oral i d\u2019inclusi\u00f3 educativa. Aprofundint en recerques i noves tecnologies.<\/p>\n<p>&nbsp;<\/p>\n<p><strong>&nbsp;<\/strong>Incomptables coneixements i experi\u00e8ncies compartides[\/vc_column_text][\/vc_column_inner][\/vc_row_inner][\/vc_column][\/vc_row]\n","protected":false},"excerpt":{"rendered":"<p>[vc_row][vc_column][vc_single_image image=&#8221;11125&#8243; img_size=&#8221;full&#8221;][vc_row_inner][vc_column_inner][vc_column_text] 25 anys transformant visions. Trencant estereotips. Provocant canvis. Fent visible els drets de les persones amb sordesa que es comuniquen en llengua oral, parlant. [\/vc_column_text][\/vc_column_inner][\/vc_row_inner][vc_row_inner][vc_column_inner width=&#8221;1\/3&#8243;][vc_column_text] ORIGENS Un grup de mares i pares amb fills\/es amb sordesa i de persones amb sordesa impulsen les primeres jornades internacionals de formaci\u00f3 a Catalunya. &nbsp; S\u00f3n hores de dedicaci\u00f3 volunt\u00e0ria per crear un espai de&#8230; <\/p>\n<p><a class=\"readmore\" href=\"https:\/\/acapps.org\/web\/programes-25anysjornadesacapps\/\">LLEGIR M\u00c9S<\/a><\/p>\n","protected":false},"author":3,"featured_media":0,"parent":0,"menu_order":0,"comment_status":"closed","ping_status":"closed","template":"","meta":{"footnotes":""},"_links":{"self":[{"href":"https:\/\/acapps.org\/web\/wp-json\/wp\/v2\/pages\/11123"}],"collection":[{"href":"https:\/\/acapps.org\/web\/wp-json\/wp\/v2\/pages"}],"about":[{"href":"https:\/\/acapps.org\/web\/wp-json\/wp\/v2\/types\/page"}],"author":[{"embeddable":true,"href":"https:\/\/acapps.org\/web\/wp-json\/wp\/v2\/users\/3"}],"replies":[{"embeddable":true,"href":"https:\/\/acapps.org\/web\/wp-json\/wp\/v2\/comments?post=11123"}],"version-history":[{"count":8,"href":"https:\/\/acapps.org\/web\/wp-json\/wp\/v2\/pages\/11123\/revisions"}],"predecessor-version":[{"id":11138,"href":"https:\/\/acapps.org\/web\/wp-json\/wp\/v2\/pages\/11123\/revisions\/11138"}],"wp:attachment":[{"href":"https:\/\/acapps.org\/web\/wp-json\/wp\/v2\/media?parent=11123"}],"curies":[{"name":"wp","href":"https:\/\/api.w.org\/{rel}","templated":true}]}}