{"id":11331,"date":"2021-12-21T11:33:27","date_gmt":"2021-12-21T11:33:27","guid":{"rendered":"https:\/\/acapps.org\/web\/?page_id=11331"},"modified":"2021-12-21T11:54:18","modified_gmt":"2021-12-21T11:54:18","slug":"obrim-un-nou-curs-diniciacio-al-mon-digital-per-a-persones-adultes-amb-sordesa","status":"publish","type":"page","link":"https:\/\/acapps.org\/web\/obrim-un-nou-curs-diniciacio-al-mon-digital-per-a-persones-adultes-amb-sordesa\/","title":{"rendered":"Obrim un nou curs d&#8217;iniciaci\u00f3 al m\u00f3n digital per a persones adultes amb sordesa"},"content":{"rendered":"\n<p style=\"color:#338d9f;font-size:18px\" class=\"has-text-color\">Els teus fills\/es et van regalar una&nbsp;<strong>tauleta&nbsp;<\/strong>i est\u00e0 per estrenar?&nbsp;<br>Sempre tens algun problema quan fas una<strong>&nbsp;reuni\u00f3 virtual<\/strong>?&nbsp;<br>Saps que tot aix\u00f2 pot ser molt divertit i una nova manera de<strong>&nbsp;comunicar-te i<\/strong>&nbsp;<strong>expressar-te?&nbsp;<\/strong><\/p>\n\n\n\n<p><strong>S<\/strong><strong>i et passa tot aix\u00f2 no passa res: ara pots comen\u00e7ar el teu canvi amb ACAPPS!<\/strong>&nbsp;Obrim la segona edici\u00f3 del curs d&#8217;iniciaci\u00f3 a la tecnologia digital: un curs pensat per a vosaltres, pr\u00e0ctic, senzill i gratu\u00eft, on descobrirem totes aquestes eines i, sobretot,&nbsp;<strong>que el seu \u00fas \u00e9s molt m\u00e9s f\u00e0cil del que ens sembla.<\/strong>&nbsp;Ho fareu acompanyats de la Paula Segovia, amb experi\u00e8ncia en formacions d&#8217;introducci\u00f3 a les eines digitals, durant 8 sessions:<\/p>\n\n\n\n<p><strong>DIES:<\/strong>&nbsp;25 de gener; 1, 8, 15 i 22 de febrer i l&#8217;1, 8 i 15 de mar\u00e7 de 2022. De 10:00 a 11:30.<\/p>\n\n\n\n<p><strong>LLOC:<\/strong><strong>ACAPPS.<\/strong>&nbsp;C. N\u00e0pols, 351, baixos. Barcelona (amb mesures Covid19: grup redu\u00eft de 5 persones, amb dist\u00e0ncia i \u00fas de mascaretes transparents)<\/p>\n\n\n\n<p><strong>INSCRIPCIONS AL CURS:<\/strong><br>Us podeu inscriure\u00a0<strong><a rel=\"noreferrer noopener\" href=\"https:\/\/docs.google.com\/forms\/d\/e\/1FAIpQLSdmxhwHIcoHWIM17aLtYTnwv4FOS7_d7xVeCoP8qV_7mRJEZQ\/viewform\" target=\"_blank\">des d&#8217;aquest formulari en l\u00ednia<\/a><\/strong><a href=\"https:\/\/docs.google.com\/forms\/d\/1LQJPAtjNw8j6VawSbudQJOC9CqP78jsqQ-fByOk9vxM\/edit\">\u00a0<\/a>o b\u00e9 per correu electr\u00f2nic a:<a rel=\"noreferrer noopener\" href=\"mailto:sasp@acapps.org\" target=\"_blank\">\u00a0<\/a><a href=\"mailto:sasp@acapps.org\">sasp@acapps.org<\/a>\u00a0o per whatsapp al 620 993 422 (Paula Quirante). Si necessiteu m\u00e9s informaci\u00f3 o teniu dubtes, podem donar-vos cita pr\u00e8via per atendre-us personalment.<\/p>\n\n\n\n<figure class=\"wp-block-image size-large\"><img loading=\"lazy\" decoding=\"async\" width=\"958\" height=\"380\" src=\"https:\/\/acapps.org\/web\/wp-content\/uploads\/2021\/12\/iniciaci\u00f3_digital_ret_2.jpg\" alt=\"\" class=\"wp-image-11342\" srcset=\"https:\/\/acapps.org\/web\/wp-content\/uploads\/2021\/12\/iniciaci\u00f3_digital_ret_2.jpg 958w, https:\/\/acapps.org\/web\/wp-content\/uploads\/2021\/12\/iniciaci\u00f3_digital_ret_2-300x119.jpg 300w, https:\/\/acapps.org\/web\/wp-content\/uploads\/2021\/12\/iniciaci\u00f3_digital_ret_2-768x305.jpg 768w\" sizes=\"(max-width: 958px) 100vw, 958px\" \/><figcaption>Curs gratu\u00eft i obert a les persones adultes amb sordesa amb ganes de millorar el seu \u00fas d&#8217;eines digitals<\/figcaption><\/figure>\n\n\n\n<p style=\"color:#1a6270;font-size:24px\" class=\"has-text-color\">La Fanny, la Magda, la Rosa i la Laura, que ja l&#8217;han fet,<strong>&nbsp;te&#8217;l recomanen!<\/strong><\/p>\n\n\n\n<p style=\"color:#114d59\" class=\"has-text-color\"><strong>Elles han format part del grup pioner en fer el curs.<\/strong>&nbsp;S&#8217;hi van apuntar de seguida perqu\u00e8 volien aix\u00f2, poder fer servir el correu electr\u00f2nic sense problemes, les aplicacions del m\u00f2bil -que ara s&#8217;utilitzen per a qualsevol cosa-, poder fer una reuni\u00f3 virtual sense problemes&#8230; Vaja,<strong>&nbsp;posar-se al dia, deixar de banda les pors i veure les noves eines digitals com a una oportunitat<\/strong>&nbsp;per comunicar-se amb l&#8217;entorn i, per qu\u00e8 no, per entretenir-se!<\/p>\n\n\n\n<p style=\"color:#114d59\" class=\"has-text-color\">Totes venien amb una mica de dubtes perqu\u00e8, ens expliquen, &#8220;aquestes eines, a la nostra edat, s\u00f3n tot un m\u00f3n i ens costa, no som d&#8217;aquesta generaci\u00f3 digital&#8221;. Per\u00f2<strong>&nbsp;han apr\u00e8s, s&#8217;ho han passat molt b\u00e9 i han estat encantades amb la Paula,<\/strong>&nbsp;la formadora del curs. &#8220;La Paula ens ho ha explicat tot molt b\u00e9, ens ha fet practicar i ens ha respost qualsevol dubte. A m\u00e9s, hem passat una bona estona i ara ja en sabem una mica m\u00e9s&#8221;.&nbsp; <\/p>\n\n\n\n<p style=\"color:#114d59\" class=\"has-text-color\">Tamb\u00e9&nbsp;<strong>posen en valor que sigui un curs accessible a les persones amb sordesa<\/strong>: &#8220;s\u00ed que es fan cursos d&#8217;aquest tipus perqu\u00e8 ara, que tot es fa per internet, no en quedem exclosos. Per\u00f2 la difer\u00e8ncia amb ACAPPS \u00e9s que, a m\u00e9s, tenen en compte l&#8217;accessibilitat i com facilitar la comunicaci\u00f3&nbsp;amb les mascaretes transparents, per exemple, per poder&nbsp;llegir els llavis.<\/p>\n\n\n\n<p style=\"font-size:19px\"><strong>Tot el grup coincideix en una cosa: recomanen fer el curs. Ara, et toca a tu!<\/strong><\/p>\n","protected":false},"excerpt":{"rendered":"<p>Els teus fills\/es et van regalar una&nbsp;tauleta&nbsp;i est\u00e0 per estrenar?&nbsp;Sempre tens algun problema quan fas una&nbsp;reuni\u00f3 virtual?&nbsp;Saps que tot aix\u00f2 pot ser molt divertit i una nova manera de&nbsp;comunicar-te i&nbsp;expressar-te?&nbsp; Si et passa tot aix\u00f2 no passa res: ara pots comen\u00e7ar el teu canvi amb ACAPPS!&nbsp;Obrim la segona edici\u00f3 del curs d&#8217;iniciaci\u00f3 a la tecnologia digital: un curs pensat per a vosaltres, pr\u00e0ctic, senzill i&#8230; <\/p>\n<p><a class=\"readmore\" href=\"https:\/\/acapps.org\/web\/obrim-un-nou-curs-diniciacio-al-mon-digital-per-a-persones-adultes-amb-sordesa\/\">LLEGIR M\u00c9S<\/a><\/p>\n","protected":false},"author":3,"featured_media":11332,"parent":0,"menu_order":0,"comment_status":"closed","ping_status":"closed","template":"","meta":{"footnotes":""},"_links":{"self":[{"href":"https:\/\/acapps.org\/web\/wp-json\/wp\/v2\/pages\/11331"}],"collection":[{"href":"https:\/\/acapps.org\/web\/wp-json\/wp\/v2\/pages"}],"about":[{"href":"https:\/\/acapps.org\/web\/wp-json\/wp\/v2\/types\/page"}],"author":[{"embeddable":true,"href":"https:\/\/acapps.org\/web\/wp-json\/wp\/v2\/users\/3"}],"replies":[{"embeddable":true,"href":"https:\/\/acapps.org\/web\/wp-json\/wp\/v2\/comments?post=11331"}],"version-history":[{"count":3,"href":"https:\/\/acapps.org\/web\/wp-json\/wp\/v2\/pages\/11331\/revisions"}],"predecessor-version":[{"id":11343,"href":"https:\/\/acapps.org\/web\/wp-json\/wp\/v2\/pages\/11331\/revisions\/11343"}],"wp:featuredmedia":[{"embeddable":true,"href":"https:\/\/acapps.org\/web\/wp-json\/wp\/v2\/media\/11332"}],"wp:attachment":[{"href":"https:\/\/acapps.org\/web\/wp-json\/wp\/v2\/media?parent=11331"}],"curies":[{"name":"wp","href":"https:\/\/api.w.org\/{rel}","templated":true}]}}