{"id":11367,"date":"2022-01-11T07:51:58","date_gmt":"2022-01-11T07:51:58","guid":{"rendered":"https:\/\/acapps.org\/web\/?page_id=11367"},"modified":"2022-04-01T08:22:02","modified_gmt":"2022-04-01T08:22:02","slug":"arafeina","status":"publish","type":"page","link":"https:\/\/acapps.org\/web\/arafeina\/","title":{"rendered":"AraFeina"},"content":{"rendered":"[vc_row][vc_column width=&#8221;1\/2&#8243;][vc_single_image image=&#8221;10956&#8243; img_size=&#8221;full&#8221; onclick=&#8221;custom_link&#8221; link=&#8221;https:\/\/arafeina.acapps.org\/index.html&#8221;][\/vc_column][vc_column width=&#8221;1\/2&#8243;]<article class=\"icon-box17\"  style=\"color: #3ca5ba\"><div class=\"icon-wrap\" style=\"background-color:#3ca5ba\"><a href=https:\/\/arafeina.acapps.org\/index.html><i class=\"fa-check-square-o\" style=\" color:#3ca5ba;\"><\/i><\/a><\/div><h4><\/h4><p>\n<\/p><\/article>[vc_column_text]CLICA AL<strong> BANNER ARA FEINA<\/strong> (a l&#8217;esquerra) PER ACCEDIR AL PORTAL DE RECERCA DE FEINA AMB USUARI I CONTRASENYA.<\/p>\n<p>CAL QUE SIGUIS UNA <strong>PERSONA INSCRITA AL SERVEI<\/strong> D&#8217;ORIENTACI\u00d3 I INSERCI\u00d3 LABORAL.[\/vc_column_text][\/vc_column][\/vc_row][vc_row][vc_column][vc_column_text]\n<h3><\/h3>\n<p>&nbsp;<\/p>\n<h2><span style=\"color: #3ca5ba;\">Des d&#8217;ACAPPS treballem per a la inclusi\u00f3 laboral de la persona amb sordesa. <strong>Oferint SUPORT. Generant OPORTUNITATS.<\/strong><\/span><\/h2>\n[\/vc_column_text][\/vc_column][\/vc_row][vc_row][vc_column width=&#8221;1\/2&#8243;][vc_column_text]\n<h3><\/h3>\n<p>&nbsp;<\/p>\n<h2><span style=\"color: #3ca5ba;\"><strong>QU\u00c8 \u00c9S<\/strong> L&#8217;ARA FEINA?<\/span><\/h2>\n<p><strong>L&#8217;Ara Feina<\/strong> <strong>\u00e9s el portal de recerca de feina creat i impulsat per ACAPPS per a les persones amb sordesa inscrites al nostre Servei d&#8217;Orientaci\u00f3 i Inserci\u00f3 Laboral.<\/strong> Una plataforma en l\u00ednia per consultar ofertes laborals i enviar i fer seguiment de les candidatures.<\/p>\n<p>Tot amb el suport, sempre, de les nostres orientadores laborals.[\/vc_column_text][vc_video link=&#8221;https:\/\/youtu.be\/Ql0wV_PGpPg&#8221;][\/vc_column][vc_column width=&#8221;1\/2&#8243;][vc_column_text]&nbsp;<\/p>\n<h2><span style=\"color: #3ca5ba;\"><strong>COM FUNCIONA<\/strong> L&#8217;ARA FEINA?<\/span><\/h2>\n<p><strong>En aquest tutorial t&#8217;expliquem, pas a pas, com fer servir i comen\u00e7ar a buscar feina amb l&#8217;AraFeina:<\/strong> com accedir al portal amb el teu usuari i contrasenya, veure les ofertes laborals, enviar una candidatura i fer-ne el seguiment, aix\u00ed com mantenir ben actualitzades les teves dades personals. Tamb\u00e9 podr\u00e0s comunicar-te en l\u00ednia amb la teva orientadora laboral d&#8217;ACAPPS per a qualsevol dubte i\/o consulta.[\/vc_column_text][vc_video link=&#8221;https:\/\/youtu.be\/5sIBWxVcjdA&#8221;][\/vc_column][\/vc_row][vc_row][vc_column][vc_column_text]\n<h2><span style=\"color: #3ca5ba;\">TENS SORDESA I <strong>BUSQUES FEINA?<\/strong><\/span><\/h2>\n<p><strong>Si ets una persona amb sordesa i en aquests moments est\u00e0s en recerca de feina, pots inscriure&#8217;t al nostre Servei d&#8217;Orientaci\u00f3 i Inserci\u00f3 Laboral.<\/strong> Entre altres, podr\u00e0s accedir al portal AraFeina, rebre el suport del nostre equip t\u00e8cnic, fer formacions per tenir m\u00e9s opcions a aconseguir una feina estable i compartir les teves inquietuds, dubtes o incerteses.<\/p>\n<p>\u00c9s un servei d&#8217;atenci\u00f3 i suport gratu\u00eft. Nom\u00e9s cal que et posis en contacte amb nosaltres a:<\/p>\n<h4><a href=\"mailto:laboral@acapps.org\">laboral@acapps.org<\/a>\u00a0\u00a0|\u00a0 tel. 93 210 55 30\u00a0 |\u00a0 600 401 631<\/h4>\n<p>&nbsp;[\/vc_column_text][vc_single_image image=&#8221;11860&#8243; img_size=&#8221;full&#8221;][\/vc_column][\/vc_row]\n","protected":false},"excerpt":{"rendered":"<p>[vc_row][vc_column width=&#8221;1\/2&#8243;][vc_single_image image=&#8221;10956&#8243; img_size=&#8221;full&#8221; onclick=&#8221;custom_link&#8221; link=&#8221;https:\/\/arafeina.acapps.org\/index.html&#8221;][\/vc_column][vc_column width=&#8221;1\/2&#8243;][vc_column_text]CLICA AL BANNER ARA FEINA (a l&#8217;esquerra) PER ACCEDIR AL PORTAL DE RECERCA DE FEINA AMB USUARI I CONTRASENYA. CAL QUE SIGUIS UNA PERSONA INSCRITA AL SERVEI D&#8217;ORIENTACI\u00d3 I INSERCI\u00d3 LABORAL.[\/vc_column_text][\/vc_column][\/vc_row][vc_row][vc_column][vc_column_text] &nbsp; Des d&#8217;ACAPPS treballem per a la inclusi\u00f3 laboral de la persona amb sordesa. Oferint SUPORT. Generant OPORTUNITATS. [\/vc_column_text][\/vc_column][\/vc_row][vc_row][vc_column width=&#8221;1\/2&#8243;][vc_column_text] &nbsp; QU\u00c8 \u00c9S L&#8217;ARA FEINA? L&#8217;Ara Feina \u00e9s&#8230; <\/p>\n<p><a class=\"readmore\" href=\"https:\/\/acapps.org\/web\/arafeina\/\">LLEGIR M\u00c9S<\/a><\/p>\n","protected":false},"author":3,"featured_media":0,"parent":0,"menu_order":0,"comment_status":"closed","ping_status":"closed","template":"","meta":{"footnotes":""},"_links":{"self":[{"href":"https:\/\/acapps.org\/web\/wp-json\/wp\/v2\/pages\/11367"}],"collection":[{"href":"https:\/\/acapps.org\/web\/wp-json\/wp\/v2\/pages"}],"about":[{"href":"https:\/\/acapps.org\/web\/wp-json\/wp\/v2\/types\/page"}],"author":[{"embeddable":true,"href":"https:\/\/acapps.org\/web\/wp-json\/wp\/v2\/users\/3"}],"replies":[{"embeddable":true,"href":"https:\/\/acapps.org\/web\/wp-json\/wp\/v2\/comments?post=11367"}],"version-history":[{"count":12,"href":"https:\/\/acapps.org\/web\/wp-json\/wp\/v2\/pages\/11367\/revisions"}],"predecessor-version":[{"id":11865,"href":"https:\/\/acapps.org\/web\/wp-json\/wp\/v2\/pages\/11367\/revisions\/11865"}],"wp:attachment":[{"href":"https:\/\/acapps.org\/web\/wp-json\/wp\/v2\/media?parent=11367"}],"curies":[{"name":"wp","href":"https:\/\/api.w.org\/{rel}","templated":true}]}}