{"id":11566,"date":"2022-02-17T11:36:00","date_gmt":"2022-02-17T11:36:00","guid":{"rendered":"https:\/\/acapps.org\/web\/?page_id=11566"},"modified":"2022-03-28T11:34:49","modified_gmt":"2022-03-28T11:34:49","slug":"quan-perds-audicio","status":"publish","type":"page","link":"https:\/\/acapps.org\/web\/quan-perds-audicio\/","title":{"rendered":"#QuanPerdsAudici\u00f3"},"content":{"rendered":"[vc_row][vc_column][vc_row_inner][vc_column_inner width=&#8221;1\/4&#8243;][vc_single_image image=&#8221;11638&#8243; img_size=&#8221;large&#8221;][\/vc_column_inner][vc_column_inner width=&#8221;3\/4&#8243;][vc_column_text]\n<h2><strong><span style=\"color: #3ca5ba;\">#QuanPerdsAudici\u00f3<\/span><\/strong><\/h2>\n<h4 dir=\"auto\"><strong>Una campanya inspirada, pensada i creada per les persones que, com tu, heu perdut el sentit de l&#8217;audici\u00f3.<\/strong><\/h4>\n<h4 dir=\"auto\"><strong>Perqu\u00e8 perdre l&#8217;audici\u00f3 no \u00e9s f\u00e0cil i ho volem fer visible.<\/strong><\/h4>\n<h3 dir=\"auto\"><strong>Sou gent valenta!<\/strong><\/h3>\n<hr>\n<div dir=\"auto\"><\/div>\n[\/vc_column_text][\/vc_column_inner][\/vc_row_inner][vc_row_inner][vc_column_inner][vc_column_text][\/vc_column_text][vc_column_text]\n<h2><span style=\"color: #3da6bb;\">PERQU\u00c8 SABEM COM ET SENTS<strong> I ENS IMPORTA<\/strong><\/span><\/h2>\n[\/vc_column_text][\/vc_column_inner][\/vc_row_inner][vc_row_inner][vc_column_inner width=&#8221;1\/2&#8243;][vc_column_text]\n<h3><span style=\"color: #3da6bb;\"><strong>Negaci\u00f3 |<\/strong> <span style=\"color: #808080;\">Ets conscient que no hi sents per\u00f2 segueixes endavant <strong>fent veure que s\u00ed que hi sents <\/strong><\/span><\/span><\/h3>\n[\/vc_column_text][vc_video link=&#8221;https:\/\/youtu.be\/dM1PHilnWAE&#8221;][\/vc_column_inner][vc_column_inner width=&#8221;1\/2&#8243;][vc_column_text]\n<h3><span style=\"color: #3da6bb;\"><strong>Ira |<\/strong> <span style=\"color: #808080;\">Ning\u00fa pensa en que tu no hi sents. I parlen r\u00e0pid i riuen com si res. I sents molta ira i que<strong> ning\u00fa et compr\u00e9n <\/strong><\/span><\/span><\/h3>\n[\/vc_column_text][vc_video link=&#8221;https:\/\/youtu.be\/9_UPaiSTrDM&#8221;][\/vc_column_inner][\/vc_row_inner][vc_row_inner][vc_column_inner width=&#8221;1\/2&#8243;][vc_column_text]\n<h3><span style=\"color: #3da6bb;\"><strong>Depressi\u00f3 |<\/strong> <span style=\"color: #808080;\">En una conversa et sents com en un partit de tenis. Intentes captar alguna paraula. Et sents cada cop pitjor i marxes. <\/span><\/span><\/h3>\n<h3><strong><span style=\"color: #3da6bb;\"><span style=\"color: #808080;\">Molt trista i a punt de plorar<\/span><\/span><\/strong><\/h3>\n<h3><\/h3>\n[\/vc_column_text][vc_video link=&#8221;https:\/\/youtu.be\/s7bEwNF5wks&#8221;][\/vc_column_inner][vc_column_inner width=&#8221;1\/2&#8243;][vc_column_text]\n<h3><span style=\"color: #3da6bb;\"><strong>Acceptaci\u00f3 |<\/strong> <span style=\"color: #808080;\">Ja no et sents malament, no t&#8217;angoixes tant. Expliques als altres com et sents i qu\u00e8 han de fer per comunicar-se amb tu. <strong>Recuperes la teva vida, de nou<\/strong><\/span><\/span><\/h3>\n<h3><\/h3>\n[\/vc_column_text][vc_video link=&#8221;https:\/\/youtu.be\/sam5krpkqcY&#8221;][\/vc_column_inner][\/vc_row_inner][vc_column_text]&nbsp;<\/p>\n<h2><span style=\"color: #3ca5ba;\">A ACAPPS T&#8217;ESCOLTEM. T&#8217;ORIENTEM.<strong> T&#8217;ACOMPANYEM<\/strong><\/span><\/h2>\n[\/vc_column_text][vc_row_inner][vc_column_inner width=&#8221;1\/2&#8243;][vc_column_text]\n<h3>Deixar de sentir el nostre entorn, quan sempre hem estat oients,<strong> no \u00e9s f\u00e0cil.<\/strong><\/h3>\n<p>&nbsp;<\/p>\n<h3><\/h3>\n<h3>Per aix\u00f2 a ACAPPS t&#8217;oferim<strong> ACOMPANYAMENT, SUPORT I ORIENTACI\u00d3 <\/strong>en aquest moment vital.<\/h3>\n[\/vc_column_text][\/vc_column_inner][vc_column_inner width=&#8221;1\/2&#8243;][vc_single_image image=&#8221;11587&#8243; img_size=&#8221;full&#8221; onclick=&#8221;custom_link&#8221; link=&#8221;mailto:sasp@acapps.org&#8221;][\/vc_column_inner][\/vc_row_inner][vc_row_inner][vc_column_inner width=&#8221;1\/2&#8243;][vc_single_image image=&#8221;11576&#8243; img_size=&#8221;full&#8221;][\/vc_column_inner][vc_column_inner width=&#8221;1\/2&#8243;][vc_single_image image=&#8221;11581&#8243; img_size=&#8221;full&#8221;][\/vc_column_inner][\/vc_row_inner][vc_row_inner][vc_column_inner width=&#8221;1\/2&#8243;][vc_single_image image=&#8221;11591&#8243; img_size=&#8221;full&#8221;][\/vc_column_inner][vc_column_inner width=&#8221;1\/2&#8243;][vc_single_image image=&#8221;11592&#8243; img_size=&#8221;full&#8221;][\/vc_column_inner][\/vc_row_inner][\/vc_column][\/vc_row][vc_row][vc_column][vc_row_inner][vc_column_inner][vc_column_text]\n<h2><\/h2>\n<h2><span style=\"color: #3da6bb;\">Comparteix la campanya, comparteix <strong>#QuanPerdsAudici\u00f3<\/strong>!<\/span><\/h2>\n<h4>A ACAPPS volem arribar, per acompanyar i donar suport, a les persones d&#8217;arreu de Catalunya que han perdut audici\u00f3. Per aix\u00f2 et convidem a compartir la campanya i els seus continguts, com el cartell i el fullet\u00f3 informatiu.<\/h4>\n[\/vc_column_text][\/vc_column_inner][\/vc_row_inner][vc_row_inner][vc_column_inner width=&#8221;1\/2&#8243;]<article class=\"icon-box24\"><a href='https:\/\/acapps.org\/web\/wp-content\/uploads\/2022\/03\/ACAPPS_QPA_cartell_baixa.pdf'><img decoding=\"async\" src=\"https:\/\/acapps.org\/web\/wp-content\/uploads\/2022\/03\/cartell_imatge_web.jpg\" \/><\/a><h4 style=\"color:#3ca5ba\">CARTELL. Quan Perds Audici\u00f3<\/h4><p>Deixar de sentir el nostre entorn quan sempre hem estat oients, no \u00e9s f\u00e0cil. Cartell de la campanya #QuanPerdsAudici\u00f3<\/p><\/article>[\/vc_column_inner][vc_column_inner width=&#8221;1\/2&#8243;]<article class=\"icon-box24\"><a href='https:\/\/acapps.org\/web\/wp-content\/uploads\/2022\/03\/ACAPPS_QPA_quatr\u00edptic.pdf'><img decoding=\"async\" src=\"https:\/\/acapps.org\/web\/wp-content\/uploads\/2022\/02\/QuanPerdsAudici\u00f3_tr\u00edptic.jpg\" \/><\/a><h4 style=\"color:#3ca5ba\">FULLET\u00d3. Quan Perds Audici\u00f3<\/h4><p>Ja no hi sents? Perqu\u00e8 sabem com et sents i ens importa. Fullet\u00f3 de la campanya #QuanPerdsAudici\u00f3<\/p><\/article><article class=\"icon-box24\"><a href='https:\/\/acapps.org\/web\/wp-content\/uploads\/2022\/02\/NdP_QuanPerdsAudici\u00f3.pdf'><i class=\"li_news\" style=\" color:#3ca5ba;\"><\/i><\/a><h4>COMUNICAT DE PREMSA<\/h4><p>La sordesa &#8220;nouvinguda&#8221;: a la p\u00e8rdua d&#8217;audici\u00f3, s&#8217;hi afegeix l&#8217;a\u00efllament, la depressi\u00f3 i l&#8217;ansietat. <\/p><\/article><article class=\"icon-box\"><h4><\/h4><\/article>[\/vc_column_inner][\/vc_row_inner][vc_row_inner][vc_column_inner][vc_separator color=&#8221;peacoc&#8221; el_width=&#8221;50&#8243;][\/vc_column_inner][\/vc_row_inner][vc_row_inner][vc_column_inner][vc_single_image image=&#8221;11594&#8243; img_size=&#8221;full&#8221; alignment=&#8221;center&#8221;][\/vc_column_inner][\/vc_row_inner][\/vc_column][\/vc_row]\n","protected":false},"excerpt":{"rendered":"<p>[vc_row][vc_column][vc_row_inner][vc_column_inner width=&#8221;1\/4&#8243;][vc_single_image image=&#8221;11638&#8243; img_size=&#8221;large&#8221;][\/vc_column_inner][vc_column_inner width=&#8221;3\/4&#8243;][vc_column_text] #QuanPerdsAudici\u00f3 Una campanya inspirada, pensada i creada per les persones que, com tu, heu perdut el sentit de l&#8217;audici\u00f3. Perqu\u00e8 perdre l&#8217;audici\u00f3 no \u00e9s f\u00e0cil i ho volem fer visible. Sou gent valenta! [\/vc_column_text][\/vc_column_inner][\/vc_row_inner][vc_row_inner][vc_column_inner][vc_column_text][\/vc_column_text][vc_column_text] PERQU\u00c8 SABEM COM ET SENTS I ENS IMPORTA [\/vc_column_text][\/vc_column_inner][\/vc_row_inner][vc_row_inner][vc_column_inner width=&#8221;1\/2&#8243;][vc_column_text] Negaci\u00f3 | Ets conscient que no hi sents per\u00f2 segueixes endavant fent veure que s\u00ed que&#8230; <\/p>\n<p><a class=\"readmore\" href=\"https:\/\/acapps.org\/web\/quan-perds-audicio\/\">LLEGIR M\u00c9S<\/a><\/p>\n","protected":false},"author":3,"featured_media":0,"parent":0,"menu_order":0,"comment_status":"closed","ping_status":"closed","template":"","meta":{"footnotes":""},"_links":{"self":[{"href":"https:\/\/acapps.org\/web\/wp-json\/wp\/v2\/pages\/11566"}],"collection":[{"href":"https:\/\/acapps.org\/web\/wp-json\/wp\/v2\/pages"}],"about":[{"href":"https:\/\/acapps.org\/web\/wp-json\/wp\/v2\/types\/page"}],"author":[{"embeddable":true,"href":"https:\/\/acapps.org\/web\/wp-json\/wp\/v2\/users\/3"}],"replies":[{"embeddable":true,"href":"https:\/\/acapps.org\/web\/wp-json\/wp\/v2\/comments?post=11566"}],"version-history":[{"count":39,"href":"https:\/\/acapps.org\/web\/wp-json\/wp\/v2\/pages\/11566\/revisions"}],"predecessor-version":[{"id":11843,"href":"https:\/\/acapps.org\/web\/wp-json\/wp\/v2\/pages\/11566\/revisions\/11843"}],"wp:attachment":[{"href":"https:\/\/acapps.org\/web\/wp-json\/wp\/v2\/media?parent=11566"}],"curies":[{"name":"wp","href":"https:\/\/api.w.org\/{rel}","templated":true}]}}