{"id":11964,"date":"2022-05-05T08:00:50","date_gmt":"2022-05-05T08:00:50","guid":{"rendered":"https:\/\/acapps.org\/web\/?page_id=11964"},"modified":"2025-12-09T08:28:31","modified_gmt":"2025-12-09T08:28:31","slug":"dret-a-laccessibilitat","status":"publish","type":"page","link":"https:\/\/acapps.org\/web\/dret-a-laccessibilitat\/","title":{"rendered":"Dret a l&#8217;accessibilitat"},"content":{"rendered":"[vc_row][vc_column][vc_row_inner][vc_column_inner][vc_single_image image=&#8221;11966&#8243; img_size=&#8221;full&#8221;][\/vc_column_inner][\/vc_row_inner][vc_row_inner][vc_column_inner][vc_column_text]\n<h2><strong>L&#8217;accessibilitat a la comunicaci\u00f3 \u00e9s un DRET.<\/strong><\/h2>\n<h3><strong>T&#8217;has sentit exclos\/a per manca d&#8217;accessibilitat a la comunicaci\u00f3?<\/strong><\/h3>\n<h3><strong>Actuem per la NO-Discriminaci\u00f3 de la teva sordesa:<\/strong> <hr><\/h3>\n[\/vc_column_text][\/vc_column_inner][\/vc_row_inner][vc_row_inner][vc_column_inner width=&#8221;1\/4&#8243;][vc_column_text]\n<h5><span style=\"color: #000000;\"><strong>La SORDESA no pot ser un motiu per quedar-vos fora de cap \u00e0mbit: ni laboral, ni formatiu, ni social ni cultural. <\/strong><\/span><\/h5>\n<p>&nbsp;<\/p>\n<h5><span style=\"color: #000000;\"><strong>Teniu DRET a accedir i participar on vulgueu i necessiteu. Teniu dret a demanar mesures d&#8217;accessibilitat que ho facin possible. Si no \u00e9s aix\u00ed, esteu sent <\/strong><\/span><strong><span style=\"color: #000000;\"><u>discriminats\/des per la vostra discapacitat.<\/u>\u00a0<\/span><\/strong><\/h5>\n<h5><strong><\/p>\n<p><\/strong><\/h5>\n[\/vc_column_text][\/vc_column_inner][vc_column_inner width=&#8221;3\/4&#8243;]<article class=\"icon-box15\"><i class=\"fa-warning\" style=\" color:#e8c82e;\"><\/i><h4 style=\"color:#3ca5ba\">Et sents identificada en alguna d'aquestes situacions?<\/h4><\/article>[vc_column_text]<strong>1. <\/strong>Has anat al metge\/ssa i no has sentit el teu torn perqu\u00e8 t&#8217;<strong>han avisat per megafonia?<\/strong><\/p>\n<p><strong>2.\u00a0<\/strong>Has anat a un equipament que indica que t\u00e9 bucle magn\u00e8tic i resulta que\u00a0<strong>el bucle no funciona?<\/strong>\u00a0No has pogut sentir b\u00e9 amb el teu audi\u00f2fon i\/o implant tal com havies esperat?<\/p>\n<p><strong>3.\u00a0<\/strong>A la feina, t&#8217;agradaria comptar amb assessorament per comptar amb suports que et facilitarien\u00a0<strong>la comunicaci\u00f3?<\/strong><\/p>\n<p><strong>4.\u00a0<\/strong>\u00a0Vols apuntar-te a un curs, o has deixat d&#8217;anar a un curs, una xerrada o una altra formaci\u00f3, perqu\u00e8 no hi ha cap suport\u00a0<strong>perqu\u00e8 sigui accessible? (subtitulaci\u00f3, bucle magn\u00e8tic, mascaretes transparents)<\/strong><\/p>\n<p><strong>5.\u00a0<\/strong>Tremoles si has de fer un tr\u00e0mit administratiu perqu\u00e8, quan hi has anat,<strong>\u00a0no t&#8217;han facilitat la comunicaci\u00f3?<\/strong><\/p>\n<p><strong>6.<\/strong>\u00a0Comprar en un comer\u00e7 o contractar un servei qualsevol t&#8217;ha costat i, de nou, t&#8217;has adonat de la\u00a0<strong>poca consci\u00e8ncia que hi ha entorn la sordesa?\u00a0<\/strong>[\/vc_column_text][\/vc_column_inner][\/vc_row_inner][vc_column_text]\n<h5><strong>Si has viscut alguna d&#8217;aquestes situacions o d&#8217;altres semblants, \u00e9s que ha estat discriminat\/da a causa de la teva sordesa i<u> s&#8217;han vulnerat els teus drets.<\/u><\/strong><\/h5>\n<p>&nbsp;<\/p>\n<h5><strong><u>Implicat en l&#8217;activisme per defensar el dret a una comunicaci\u00f3 accessible que no deixi fora a ning\u00fa: explica&#8217;ns tants casos i situacions com vulguis a trav\u00e9s d&#8217;aquest formulari que tamb\u00e9 trobar\u00e0s, sempre, al nostre web acapps.org\u00a0<\/u><\/strong><\/h5>\n[\/vc_column_text][vc_column_text]\n<h2><strong><span style=\"color: #3ca5ba;\">I jo, com puc comunicar-vos el meu cas?<hr><\/span><\/strong><\/h2>\n[\/vc_column_text][vc_row_inner][vc_column_inner width=&#8221;1\/3&#8243;][vc_single_image image=&#8221;11979&#8243; img_size=&#8221;full&#8221; onclick=&#8221;custom_link&#8221; link=&#8221;https:\/\/docs.google.com\/forms\/d\/e\/1FAIpQLSd1S2EilxakqnpteajNt-S9esrjvo5mQM4H2V42iXt7jaTdfw\/viewform&#8221;][\/vc_column_inner][vc_column_inner width=&#8221;1\/3&#8243;][vc_single_image image=&#8221;11982&#8243; img_size=&#8221;full&#8221; onclick=&#8221;custom_link&#8221; link=&#8221;https:\/\/docs.google.com\/forms\/d\/e\/1FAIpQLSd1S2EilxakqnpteajNt-S9esrjvo5mQM4H2V42iXt7jaTdfw\/viewform&#8221;][\/vc_column_inner][vc_column_inner width=&#8221;1\/3&#8243;][vc_single_image image=&#8221;11978&#8243; img_size=&#8221;full&#8221; onclick=&#8221;custom_link&#8221; link=&#8221;https:\/\/docs.google.com\/forms\/d\/e\/1FAIpQLSd1S2EilxakqnpteajNt-S9esrjvo5mQM4H2V42iXt7jaTdfw\/viewform&#8221;][\/vc_column_inner][\/vc_row_inner][vc_row_inner][vc_column_inner width=&#8221;2\/3&#8243;][vc_single_image image=&#8221;11985&#8243; img_size=&#8221;full&#8221; alignment=&#8221;center&#8221; onclick=&#8221;custom_link&#8221; link=&#8221;https:\/\/docs.google.com\/forms\/d\/e\/1FAIpQLSd1S2EilxakqnpteajNt-S9esrjvo5mQM4H2V42iXt7jaTdfw\/viewform&#8221;][\/vc_column_inner][vc_column_inner width=&#8221;1\/3&#8243;][\/vc_column_inner][\/vc_row_inner][\/vc_column][\/vc_row][vc_row][vc_column][vc_column_text]\n<h5><\/h5>\n<h5><strong>Des de 2021, ens heu explicat i hem pogut recollir, prop de dos cents casos en qu\u00e8, per manca de solucions accessibles, heu estat exclosos\/es de l&#8217;\u00e0mbit educatiu, laboral, social i cultural.<\/strong><\/h5>\n[\/vc_column_text][vc_column_text]\n<h5><u><strong>Amb les vostres veus, les vostres experi\u00e8ncies, podem treballar per reivindicar l&#8217;accessibilitat arreu, i avan\u00e7ar en el dret a la informaci\u00f3 i a la comunicaci\u00f3 de les persones amb sordesa.<\/strong><\/u><\/h5>\n[\/vc_column_text][vc_column_text]\n<h5><strong>Perqu\u00e8 hi ha recursos i\u00a0hi ha solucions: l&#8217;accessibilitat no \u00e9s un favor que heu de demanar, \u00e9s un dret que teniu.<\/strong><\/h5>\n[\/vc_column_text][\/vc_column][\/vc_row][vc_row][vc_column][vc_separator][\/vc_column][\/vc_row][vc_row][vc_column][vc_single_image image=&#8221;16302&#8243; img_size=&#8221;full&#8221;][\/vc_column][\/vc_row]\n","protected":false},"excerpt":{"rendered":"<p>[vc_row][vc_column][vc_row_inner][vc_column_inner][vc_single_image image=&#8221;11966&#8243; img_size=&#8221;full&#8221;][\/vc_column_inner][\/vc_row_inner][vc_row_inner][vc_column_inner][vc_column_text] L&#8217;accessibilitat a la comunicaci\u00f3 \u00e9s un DRET. T&#8217;has sentit exclos\/a per manca d&#8217;accessibilitat a la comunicaci\u00f3? Actuem per la NO-Discriminaci\u00f3 de la teva sordesa: [\/vc_column_text][\/vc_column_inner][\/vc_row_inner][vc_row_inner][vc_column_inner width=&#8221;1\/4&#8243;][vc_column_text] La SORDESA no pot ser un motiu per quedar-vos fora de cap \u00e0mbit: ni laboral, ni formatiu, ni social ni cultural. &nbsp; Teniu DRET a accedir i participar on vulgueu i necessiteu. Teniu dret a demanar&#8230; <\/p>\n<p><a class=\"readmore\" href=\"https:\/\/acapps.org\/web\/dret-a-laccessibilitat\/\">LLEGIR M\u00c9S<\/a><\/p>\n","protected":false},"author":3,"featured_media":0,"parent":0,"menu_order":0,"comment_status":"closed","ping_status":"closed","template":"","meta":{"footnotes":""},"_links":{"self":[{"href":"https:\/\/acapps.org\/web\/wp-json\/wp\/v2\/pages\/11964"}],"collection":[{"href":"https:\/\/acapps.org\/web\/wp-json\/wp\/v2\/pages"}],"about":[{"href":"https:\/\/acapps.org\/web\/wp-json\/wp\/v2\/types\/page"}],"author":[{"embeddable":true,"href":"https:\/\/acapps.org\/web\/wp-json\/wp\/v2\/users\/3"}],"replies":[{"embeddable":true,"href":"https:\/\/acapps.org\/web\/wp-json\/wp\/v2\/comments?post=11964"}],"version-history":[{"count":18,"href":"https:\/\/acapps.org\/web\/wp-json\/wp\/v2\/pages\/11964\/revisions"}],"predecessor-version":[{"id":16303,"href":"https:\/\/acapps.org\/web\/wp-json\/wp\/v2\/pages\/11964\/revisions\/16303"}],"wp:attachment":[{"href":"https:\/\/acapps.org\/web\/wp-json\/wp\/v2\/media?parent=11964"}],"curies":[{"name":"wp","href":"https:\/\/api.w.org\/{rel}","templated":true}]}}