{"id":12217,"date":"2022-07-11T09:30:08","date_gmt":"2022-07-11T09:30:08","guid":{"rendered":"https:\/\/acapps.org\/web\/?page_id=12217"},"modified":"2024-07-26T12:43:16","modified_gmt":"2024-07-26T12:43:16","slug":"banc-daudiofons","status":"publish","type":"page","link":"https:\/\/acapps.org\/web\/banc-daudiofons\/","title":{"rendered":"Banc d&#8217;audi\u00f2fons"},"content":{"rendered":"[vc_row][vc_column width=&#8221;1\/2&#8243;][vc_column_text]\n<h1><strong>Dona una segona vida <\/strong><strong>als teus audi\u00f2fons!<\/strong><\/h1>\n<h3>Els posarem a punt perqu\u00e8 els puguin utilitzar persones amb sordesa en risc d&#8217;exclusi\u00f3 social<\/h3>\n<p>&nbsp;<\/p>\n<h4>En l&#8217;actual context econ\u00f2mic, creiem que totes podem afavorir i contribuir en un model econ\u00f2mic m\u00e9s sostenible i responsable amb els recursos de consum. Des d&#8217;ACAPPS optem per l&#8217;economia circular, el reaprofitament i el no malbarament per a una gesti\u00f3 de recursos conscient, responsable i sostenible.<\/h4>\n[\/vc_column_text][\/vc_column][vc_column width=&#8221;1\/2&#8243;][vc_single_image image=&#8221;12219&#8243; img_size=&#8221;full&#8221;][\/vc_column][\/vc_row][vc_row][vc_column][vc_row_inner][vc_column_inner width=&#8221;1\/2&#8243;][vc_column_text]\n<h3><\/h3>\n<h3><strong>Per aix\u00f2, creiem i creem el Banc d&#8217;Audi\u00f2fons <\/strong><strong>d&#8217;ACAPPS.<\/strong><\/h3>\n<h3><\/h3>\n<h3><strong>Per aix\u00f2, t&#8217;animem a formar-hi part!<\/strong><\/h3>\n[\/vc_column_text][\/vc_column_inner][vc_column_inner width=&#8221;1\/2&#8243;][vc_single_image image=&#8221;14812&#8243; img_size=&#8221;full&#8221; onclick=&#8221;custom_link&#8221; link=&#8221;mailto:saaf@acapps.org &#8220;][\/vc_column_inner][\/vc_row_inner][\/vc_column][\/vc_row][vc_row][vc_column][vc_column_text]\n<h3><span style=\"color: #a1b455;\">I JO, <strong>COM PUC COL\u00b7LABORAR?<\/strong><\/span><\/h3>\n[\/vc_column_text][\/vc_column][\/vc_row][vc_row][vc_column][vc_single_image image=&#8221;14808&#8243; img_size=&#8221;full&#8221;][\/vc_column][\/vc_row][vc_row][vc_column][\/vc_column][\/vc_row]\n","protected":false},"excerpt":{"rendered":"<p>[vc_row][vc_column width=&#8221;1\/2&#8243;][vc_column_text] Dona una segona vida als teus audi\u00f2fons! Els posarem a punt perqu\u00e8 els puguin utilitzar persones amb sordesa en risc d&#8217;exclusi\u00f3 social &nbsp; En l&#8217;actual context econ\u00f2mic, creiem que totes podem afavorir i contribuir en un model econ\u00f2mic m\u00e9s sostenible i responsable amb els recursos de consum. Des d&#8217;ACAPPS optem per l&#8217;economia circular, el reaprofitament i el no malbarament per a una gesti\u00f3&#8230; <\/p>\n<p><a class=\"readmore\" href=\"https:\/\/acapps.org\/web\/banc-daudiofons\/\">LLEGIR M\u00c9S<\/a><\/p>\n","protected":false},"author":3,"featured_media":0,"parent":0,"menu_order":0,"comment_status":"closed","ping_status":"closed","template":"","meta":{"footnotes":""},"_links":{"self":[{"href":"https:\/\/acapps.org\/web\/wp-json\/wp\/v2\/pages\/12217"}],"collection":[{"href":"https:\/\/acapps.org\/web\/wp-json\/wp\/v2\/pages"}],"about":[{"href":"https:\/\/acapps.org\/web\/wp-json\/wp\/v2\/types\/page"}],"author":[{"embeddable":true,"href":"https:\/\/acapps.org\/web\/wp-json\/wp\/v2\/users\/3"}],"replies":[{"embeddable":true,"href":"https:\/\/acapps.org\/web\/wp-json\/wp\/v2\/comments?post=12217"}],"version-history":[{"count":16,"href":"https:\/\/acapps.org\/web\/wp-json\/wp\/v2\/pages\/12217\/revisions"}],"predecessor-version":[{"id":15147,"href":"https:\/\/acapps.org\/web\/wp-json\/wp\/v2\/pages\/12217\/revisions\/15147"}],"wp:attachment":[{"href":"https:\/\/acapps.org\/web\/wp-json\/wp\/v2\/media?parent=12217"}],"curies":[{"name":"wp","href":"https:\/\/api.w.org\/{rel}","templated":true}]}}