{"id":12253,"date":"2022-07-15T11:01:58","date_gmt":"2022-07-15T11:01:58","guid":{"rendered":"https:\/\/acapps.org\/web\/?page_id=12253"},"modified":"2022-07-20T07:56:52","modified_gmt":"2022-07-20T07:56:52","slug":"amb-1e-al-mes-sigues-acapps-teamer","status":"publish","type":"page","link":"https:\/\/acapps.org\/web\/amb-1e-al-mes-sigues-acapps-teamer\/","title":{"rendered":"Amb 1\u20ac al mes, sigues ACAPPS teamer!"},"content":{"rendered":"[vc_row][vc_column width=&#8221;1\/2&#8243;][vc_single_image image=&#8221;12059&#8243; img_size=&#8221;full&#8221;][\/vc_column][vc_column width=&#8221;1\/2&#8243;][vc_column_text]\n<h5><span style=\"color: #808000;\"><strong>FEM QUE TOTS ELS INFANTS AMB SORDESA PUGUIN PARLAR M\u00c9S. MILLOR.\u00a0<\/strong><\/span><\/h5>\n<h3><strong>Fem-los el millor regal. Un futur\u00a0 independent. Un m\u00f3n ple de possibilitats.<\/strong><\/h3>\n<h4><\/h4>\n<h4><a href=\"https:\/\/www.teaming.net\/acapps-aso-cat-promocionpersonassordas-grupo\">Col\u00b7labora amb nom\u00e9s 1 \u20ac al mes al nostre teaming<\/a> per recaptar fons que destinarem, \u00edntegrament, a cobrir el cost de les sessions de logop\u00e8dia dels infants amb sordesa de fam\u00edlies vulnerables i en risc d&#8217;exclusi\u00f3 social.<\/h4>\n<h4><\/h4>\n<h4><strong>Tots, totes, tenim dret a tenir les mateixes oportunitats<\/strong><\/h4>\n[\/vc_column_text][\/vc_column][\/vc_row][vc_row][vc_column width=&#8221;5\/6&#8243;][vc_row_inner][vc_column_inner width=&#8221;1\/2&#8243;][vc_column_text]\n<h2 style=\"text-align: center;\"><span style=\"color: #808000;\"><strong>Com puc donar 1\u20ac al mes? <\/strong><\/span><\/h2>\n<h1 style=\"text-align: left;\"><span style=\"color: #333333;\"><strong>Com funciona?<\/strong><\/span><\/h1>\n[\/vc_column_text][\/vc_column_inner][vc_column_inner width=&#8221;1\/2&#8243;][vc_column_text]<strong>Les petites accions, fetes per moltes persones, poden tenir molta for\u00e7a. <a href=\"https:\/\/www.teaming.net\/acapps-aso-cat-promocionpersonassordas-grupo\">Fer-te teamer \u00e9s molt senzill<\/a> i trigar\u00e0s dos minuts a donar-te d&#8217;alta. Cada mes donar\u00e0s 1 \u20ac per al projecte de logop\u00e8dia d&#8217;ACAPPS (12 \u20ac anuals). A m\u00e9s, en ser entitat sense \u00e0nim de lucre, t&#8217;ho podr\u00e0s desgravar en l&#8217;exercici de la renda!<hr><\/strong>[\/vc_column_text][\/vc_column_inner][\/vc_row_inner][\/vc_column][vc_column width=&#8221;1\/6&#8243;][vc_single_image image=&#8221;12256&#8243; img_size=&#8221;full&#8221;][\/vc_column][\/vc_row][vc_row][vc_column][vc_column_text]\n<h2><span style=\"color: #333300;\"><strong>Quatre passos a fer. <\/strong><\/span><\/h2>\n<h2><span style=\"color: #333300;\"><strong>\u00a0 \u00a0 \u00a0 \u00a0 \u00a0 \u00a0 \u00a0 \u00a0 \u00a0 \u00a0 \u00a0Dos minuts de temps.<\/strong><\/span><\/h2>\n<h2><span style=\"color: #333300;\"><strong>\u00a0 \u00a0 \u00a0 \u00a0 \u00a0 \u00a0 \u00a0 \u00a0 \u00a0 \u00a0 \u00a0 \u00a0 \u00a0 \u00a0 \u00a0 \u00a0 \u00a0 \u00a0 \u00a0 \u00a0 \u00a0 \u00a0 \u00a0 \u00a0 \u00a0 Un euro al mes. <\/strong><\/span><\/h2>\n<h2><span style=\"color: #333300;\"><strong>\u00a0 \u00a0 \u00a0 \u00a0 \u00a0 \u00a0 \u00a0 \u00a0 \u00a0 \u00a0 \u00a0 \u00a0 \u00a0 \u00a0 \u00a0 \u00a0 \u00a0 \u00a0 \u00a0 \u00a0 \u00a0 \u00a0 \u00a0 \u00a0 \u00a0 \u00a0 \u00a0 \u00a0 \u00a0 \u00a0 \u00a0 \u00a0 \u00a0 \u00a0 \u00a0 \u00a0 \u00a0 Infinit suport a fer!<hr><\/strong><\/span><\/h2>\n[\/vc_column_text][vc_single_image image=&#8221;12261&#8243; img_size=&#8221;full&#8221; onclick=&#8221;custom_link&#8221; link=&#8221;https:\/\/www.teaming.net\/acapps-aso-cat-promocionpersonassordas-grupo&#8221;][\/vc_column][\/vc_row][vc_row][vc_column width=&#8221;1\/4&#8243;][vc_single_image image=&#8221;12267&#8243; img_size=&#8221;full&#8221; onclick=&#8221;custom_link&#8221; link=&#8221;mailto:aliances@acapps.org&#8221;][\/vc_column][vc_column width=&#8221;3\/4&#8243;][vc_single_image image=&#8221;12264&#8243; img_size=&#8221;full&#8221;][\/vc_column][\/vc_row][vc_row][vc_column][\/vc_column][\/vc_row][vc_row][vc_column][\/vc_column][\/vc_row]\n","protected":false},"excerpt":{"rendered":"<p>[vc_row][vc_column width=&#8221;1\/2&#8243;][vc_single_image image=&#8221;12059&#8243; img_size=&#8221;full&#8221;][\/vc_column][vc_column width=&#8221;1\/2&#8243;][vc_column_text] FEM QUE TOTS ELS INFANTS AMB SORDESA PUGUIN PARLAR M\u00c9S. MILLOR.\u00a0 Fem-los el millor regal. Un futur\u00a0 independent. Un m\u00f3n ple de possibilitats. Col\u00b7labora amb nom\u00e9s 1 \u20ac al mes al nostre teaming per recaptar fons que destinarem, \u00edntegrament, a cobrir el cost de les sessions de logop\u00e8dia dels infants amb sordesa de fam\u00edlies vulnerables i en risc d&#8217;exclusi\u00f3 social&#8230;. <\/p>\n<p><a class=\"readmore\" href=\"https:\/\/acapps.org\/web\/amb-1e-al-mes-sigues-acapps-teamer\/\">LLEGIR M\u00c9S<\/a><\/p>\n","protected":false},"author":3,"featured_media":0,"parent":0,"menu_order":0,"comment_status":"closed","ping_status":"closed","template":"","meta":{"footnotes":""},"_links":{"self":[{"href":"https:\/\/acapps.org\/web\/wp-json\/wp\/v2\/pages\/12253"}],"collection":[{"href":"https:\/\/acapps.org\/web\/wp-json\/wp\/v2\/pages"}],"about":[{"href":"https:\/\/acapps.org\/web\/wp-json\/wp\/v2\/types\/page"}],"author":[{"embeddable":true,"href":"https:\/\/acapps.org\/web\/wp-json\/wp\/v2\/users\/3"}],"replies":[{"embeddable":true,"href":"https:\/\/acapps.org\/web\/wp-json\/wp\/v2\/comments?post=12253"}],"version-history":[{"count":17,"href":"https:\/\/acapps.org\/web\/wp-json\/wp\/v2\/pages\/12253\/revisions"}],"predecessor-version":[{"id":12280,"href":"https:\/\/acapps.org\/web\/wp-json\/wp\/v2\/pages\/12253\/revisions\/12280"}],"wp:attachment":[{"href":"https:\/\/acapps.org\/web\/wp-json\/wp\/v2\/media?parent=12253"}],"curies":[{"name":"wp","href":"https:\/\/api.w.org\/{rel}","templated":true}]}}