{"id":13151,"date":"2023-02-07T14:06:10","date_gmt":"2023-02-07T14:06:10","guid":{"rendered":"https:\/\/acapps.org\/web\/?page_id=13151"},"modified":"2024-02-22T14:50:27","modified_gmt":"2024-02-22T14:50:27","slug":"sentirhiensdonavida","status":"publish","type":"page","link":"https:\/\/acapps.org\/web\/sentirhiensdonavida\/","title":{"rendered":"Sentir-hi ens dona vida."},"content":{"rendered":"[vc_row][vc_column][vc_row_inner][vc_column_inner][vc_single_image image=&#8221;14579&#8243; img_size=&#8221;full&#8221;][vc_empty_space][\/vc_column_inner][\/vc_row_inner][vc_row_inner][vc_column_inner width=&#8221;1\/2&#8243;][vc_column_text]\n<h1><strong>Setmana de l&#8217;Audici\u00f3 <\/strong><\/h1>\n<h1><strong>2024<\/strong><\/h1>\n[\/vc_column_text][\/vc_column_inner][vc_column_inner width=&#8221;1\/2&#8243;][vc_column_text]\n<h3><strong>E<\/strong>ls audi\u00f2fons i els implants coclears s\u00f3n els nostres grans aliats per poder-hi sentir, comunicar-nos i accedir a tot un m\u00f3n ple de possibilitats. <strong>Ens donen vida.<\/strong> Per aix\u00f2, de 22 de febrer al 3 de mar\u00e7 celebrarem, a ACAPPS,\u00a0la Setmana de l\u2019Audici\u00f3 on: <strong>reivindiquem<\/strong> les pr\u00f2tesis auditives i tamb\u00e9 l&#8217;accessibilitat a la comunicaci\u00f3 com a dret universal, <strong>sensibilitzem<\/strong> sobre el seu \u00fas i donem a con\u00e8ixer qu\u00e8 <strong>fem<\/strong>, des d&#8217;ACAPPS, per als infants i persones amb sordesa usu\u00e0ries d&#8217;audi\u00f2fons i d&#8217;implants coclears.<\/h3>\n[\/vc_column_text][\/vc_column_inner][\/vc_row_inner][vc_row_inner][vc_column_inner width=&#8221;1\/2&#8243;][vc_column_text]\n<h1>Dret a sentir-hi<\/h1>\n<h3><strong>(Reinvindiquem)<\/strong><\/h3>\n[\/vc_column_text]<article class=\"icon-box17\"  style=\"color: #e8c82e\"><div class=\"icon-wrap\" style=\"background-color:#e8c82e\"><a href=https:\/\/acapps.org\/web\/wp-content\/uploads\/2024\/02\/NdP_Sentirhiensdonavida_def.pdf><i class=\"fa-volume-up\" style=\" color:#e8c82e;\"><\/i><\/a><\/div><h4>Comunicat de Premsa<\/h4><\/article>[\/vc_column_inner][vc_column_inner width=&#8221;1\/2&#8243;][vc_column_text]\n<h4><\/h4>\n<h4><strong>L\u2019implant coclear i l\u2019evoluci\u00f3 en els audi\u00f2fons digitals han suposat una revoluci\u00f3 per als infants i persones amb sordesa, facilitant\u00a0 que puguin sentir-hi de nou o sentir-hi per primer cop. <\/strong>En el Dia Internacional de l\u2019Implant Coclear i avan\u00e7ant-nos al Dia Mundial de l\u2019Audici\u00f3, les associacions catalanes de fam\u00edlies i persones amb sordesa, ACAPPS, exigim l\u2019acc\u00e9s universal a les pr\u00f2tesis auditives, audi\u00f2fons i implants coclears, independentment de la seva edat o condici\u00f3 econ\u00f2mica. Lluny de ser un complement per a la persona amb sordesa, s\u00f3n un suport indispensable i vital perqu\u00e8 aquesta pugui sentir-hi i tenir una vida aut\u00f2noma i independent.<\/h4>\n<p>&nbsp;<\/p>\n<h4>Ara b\u00e9, tamb\u00e9 recordem que, tot i que els audi\u00f2fons i els implants coclears s\u00f3n vitals per a les persones amb sordesa, no ho s\u00f3n tot: necessiten <strong>mesures d&#8217;accessibilitat a la comunicaci\u00f3 com a suport a les pr\u00f2tesis auditives<\/strong>. Confiem que ara, amb l&#8217;<strong>entrada en vigor l&#8217;1 de mar\u00e7 del Codi d&#8217;Accessibilitat<\/strong>, administracioms, organitzacions i empreses es posin al dia per garantir la inclusi\u00f3 del col\u00b7lectiu.<\/h4>\n[\/vc_column_text][\/vc_column_inner][\/vc_row_inner][vc_row_inner][vc_column_inner width=&#8221;1\/2&#8243;][vc_video link=&#8221;https:\/\/youtu.be\/-o9ZDG9kRSA&#8221;][\/vc_column_inner][vc_column_inner width=&#8221;1\/2&#8243;][vc_video link=&#8221;https:\/\/youtu.be\/-K8xhTV2pAI&#8221;][\/vc_column_inner][\/vc_row_inner][\/vc_column][\/vc_row][vc_row][vc_column][vc_column_text]\n<blockquote>\n<h3 style=\"text-align: left;\"><strong>Els implants coclears i els audi\u00f2fons s\u00f3n vitals per\u00f2 no suficients ni universals.<\/strong><\/h3>\n<h4><strong><span style=\"color: #ff6600;\">Fem la sordesa visible amb necessitats de tecnologia de l&#8217;audici\u00f3 i mesures d&#8217;accessibilitat com el bucle magn\u00e8tic, les emissores FM i els subt\u00edtols.<\/span><\/strong><\/h4>\n<p>&nbsp;<\/p>\n<h3 style=\"text-align: left;\"><strong>Despeses elevades de manteniment, assegurances i reparacions dels implants coclears.<\/strong><\/h3>\n<h3 style=\"text-align: left;\"><strong><span style=\"color: #ff6600;\">L&#8217;audi\u00f2fon \u00e9s la \u00fanica pr\u00f2tesis amb limitaci\u00f3 per ra\u00f3 d&#8217;edat. A partir dels 26 anys, deixen de tenir cobertura p\u00fablica.<\/span><\/strong><\/h3>\n<h3 style=\"text-align: right;\"><strong>I la sordesa no desapareix.\u00a0<\/strong><\/h3>\n<h5 style=\"text-align: right;\"><\/h5>\n<\/blockquote>\n[\/vc_column_text][\/vc_column][\/vc_row][vc_row][vc_column width=&#8221;1\/2&#8243;][\/vc_column][vc_column width=&#8221;1\/2&#8243;][\/vc_column][\/vc_row][vc_row][vc_column width=&#8221;1\/2&#8243;][vc_column_text]\n<h1>Dret a sentir-hi<\/h1>\n<h3><strong>(Fem)<\/strong><\/h3>\n[\/vc_column_text]<article class=\"icon-box17\"  style=\"color: #cb557d\"><div class=\"icon-wrap\" style=\"background-color:#cb557d\"><a href=https:\/\/acapps.org\/web\/wp-content\/uploads\/2024\/02\/que_fem.pdf><i class=\"fa-heart\" style=\" color:#cb557d;\"><\/i><\/a><\/div><h4>Programa de logop\u00e8dia i d'acompanyament a ACAPPS<\/h4><p>Recursos i espais dirigits a persones amb sordesa i fam\u00edlies s\u00f2cies d&#8217;ACAPPS.<\/p><\/article>[\/vc_column][vc_column width=&#8221;1\/2&#8243;][vc_column_text]\n<h4><strong>L&#8217;associaci\u00f3 ACAPPS som una entitat referent a Catalunya per a les fam\u00edlies amb infants amb sordesa i persones amb sordesa que es comuniquen en llengua oral.<\/strong> Una entitat amb un equip especialitzat que fa possible els nostres programes de suport en logop\u00e8dia i en acompanyament emocional per a infants i persones amb sordesa s\u00f2cies de l&#8217;entitat:<\/h4>\n<h4>T&#8217;ajudem a obtenir un rendiment \u00f2ptim de l&#8217;implant coclear o audi\u00f2fon facilitant-te m\u00e9s recursos com les beques de logop\u00e8dia, el curs de rehabilitaci\u00f3, habilitaci\u00f3 i entrenament auditiu i el curs per aprendre a llegir els llavis.<\/h4>\n<h4>T&#8217;oferim espais d&#8217;escolta i trobada: grups de suport per a persones adultes, Espai Jove, Espai Fam\u00edlies i Xarxa de Dones.<\/h4>\n<h4><strong> Pots contactar amb nosaltres per tenir m\u00e9s informaci\u00f3 a <a href=\"mailto:logopedia@acapps.org\">logopedia@acapps.org<\/a><\/strong><\/h4>\n[\/vc_column_text][vc_empty_space][\/vc_column][\/vc_row][vc_row][vc_column][vc_row_inner][vc_column_inner width=&#8221;1\/2&#8243;][vc_column_text]\n<h1>Dret a sentir-hi<\/h1>\n<h3><strong>(Sensibilitzem)<\/strong><\/h3>\n[\/vc_column_text]<article class=\"icon-box17\"  style=\"color: #3ca5ba\"><div class=\"icon-wrap\" style=\"background-color:#3ca5ba\"><a href=https:\/\/acapps.org\/web\/faqs-sordesa\/><i class=\"fa-check\" style=\" color:#3ca5ba;\"><\/i><\/a><\/div><h4>FAQS audi\u00f2fons i implants coclears<\/h4><p>Donem resposta als vostres dubtes sobre les pr\u00f2tesis auditives, audi\u00f2fons i implants coclears, amb la veu dels i de les professionals m\u00e8dics.<\/p><\/article>[\/vc_column_inner][vc_column_inner width=&#8221;1\/2&#8243;][vc_column_text]\n<h4>Tant si sou una fam\u00edlia amb un\/a fill\/a diagnosticat\/da d\u2019hipoac\u00fasia o ets un\/a adult amb sordesa, <strong>t&#8217;acompanyem i <a href=\"https:\/\/acapps.org\/web\/faqs-sordesa\/\">donem respostes des del nostre FAQS<\/a> a totes les preguntes que tingueu sobre la sordesa, sobre els audi\u00f2fons i els implants coclears, sobre la rehabilitaci\u00f3 auditiva i la logop\u00e8dia.<\/strong><\/h4>\n<h4>I ho fem amb el suport dels i de les<strong>\u00a0professionals de refer\u00e8ncia de cada \u00e0mbit,<\/strong> perqu\u00e8 siguin respostes i informaci\u00f3 especialitzada, fiable i a c\u00e0rrec dels metges\/sses otorrinolaring\u00f2legs, logopedes, audioprotetistes i psic\u00f2legs\/gues de l&#8217;Hospital de Sant Pau, de l&#8217;Hospital Germans Trias i Pujol i de l&#8217;Hospital Cl\u00ednic.<\/h4>\n<h4>Com a entitat referent a Catalunya de les persones amb sordesa que es comuniquen en llengua oral i de les seves fam\u00edlies ampliarem aquesta secci\u00f3 que \u00e9s possible gr\u00e0cies al suport del\u00a0<strong>departament de Salut.<\/strong><\/h4>\n<h4><\/h4>\n[\/vc_column_text][\/vc_column_inner][\/vc_row_inner][vc_row_inner][vc_column_inner][\/vc_column_inner][\/vc_row_inner][\/vc_column][\/vc_row][vc_row][vc_column][vc_single_image image=&#8221;13121&#8243; img_size=&#8221;full&#8221;][\/vc_column][\/vc_row]\n","protected":false},"excerpt":{"rendered":"<p>[vc_row][vc_column][vc_row_inner][vc_column_inner][vc_single_image image=&#8221;14579&#8243; img_size=&#8221;full&#8221;][vc_empty_space][\/vc_column_inner][\/vc_row_inner][vc_row_inner][vc_column_inner width=&#8221;1\/2&#8243;][vc_column_text] Setmana de l&#8217;Audici\u00f3 2024 [\/vc_column_text][\/vc_column_inner][vc_column_inner width=&#8221;1\/2&#8243;][vc_column_text] Els audi\u00f2fons i els implants coclears s\u00f3n els nostres grans aliats per poder-hi sentir, comunicar-nos i accedir a tot un m\u00f3n ple de possibilitats. Ens donen vida. Per aix\u00f2, de 22 de febrer al 3 de mar\u00e7 celebrarem, a ACAPPS,\u00a0la Setmana de l\u2019Audici\u00f3 on: reivindiquem les pr\u00f2tesis auditives i tamb\u00e9 l&#8217;accessibilitat a la comunicaci\u00f3 com&#8230; <\/p>\n<p><a class=\"readmore\" href=\"https:\/\/acapps.org\/web\/sentirhiensdonavida\/\">LLEGIR M\u00c9S<\/a><\/p>\n","protected":false},"author":3,"featured_media":0,"parent":0,"menu_order":0,"comment_status":"closed","ping_status":"closed","template":"","meta":{"footnotes":""},"_links":{"self":[{"href":"https:\/\/acapps.org\/web\/wp-json\/wp\/v2\/pages\/13151"}],"collection":[{"href":"https:\/\/acapps.org\/web\/wp-json\/wp\/v2\/pages"}],"about":[{"href":"https:\/\/acapps.org\/web\/wp-json\/wp\/v2\/types\/page"}],"author":[{"embeddable":true,"href":"https:\/\/acapps.org\/web\/wp-json\/wp\/v2\/users\/3"}],"replies":[{"embeddable":true,"href":"https:\/\/acapps.org\/web\/wp-json\/wp\/v2\/comments?post=13151"}],"version-history":[{"count":41,"href":"https:\/\/acapps.org\/web\/wp-json\/wp\/v2\/pages\/13151\/revisions"}],"predecessor-version":[{"id":14603,"href":"https:\/\/acapps.org\/web\/wp-json\/wp\/v2\/pages\/13151\/revisions\/14603"}],"wp:attachment":[{"href":"https:\/\/acapps.org\/web\/wp-json\/wp\/v2\/media?parent=13151"}],"curies":[{"name":"wp","href":"https:\/\/api.w.org\/{rel}","templated":true}]}}