{"id":13202,"date":"2023-02-16T11:12:30","date_gmt":"2023-02-16T11:12:30","guid":{"rendered":"https:\/\/acapps.org\/web\/?page_id=13202"},"modified":"2023-07-04T10:48:19","modified_gmt":"2023-07-04T10:48:19","slug":"recursos-2","status":"publish","type":"page","link":"https:\/\/acapps.org\/web\/recursos-2\/","title":{"rendered":"Consulta!"},"content":{"rendered":"[vc_row][vc_column][vc_column_text]\n<h3><strong>Hola!<\/strong><\/h3>\n<h4>En aquest espai compartim els recursos (publicacions, guies i audiovisuals) que hem generat des d&#8217;ACAPPS en l&#8217;acompanyament a les fam\u00edlies amb infants amb sordesa i persones amb sordesa. Una secci\u00f3 viva del web que anirem ampliant per donar resposta a les vostres necessitats en aquestes \u00e0rees d&#8217;inter\u00e8s.<\/h4>\n<p>&nbsp;<\/p>\n<h4><a href=\"https:\/\/acapps.org\/web\/orientacio-laboral\/\"><strong>ACOMPANYAMENT FAMILIAR.<\/strong><\/a><\/h4>\n<p><strong>Publiquem tots aquells recursos que hem generat en la nostra tasca di\u00e0ria d&#8217;orientaci\u00f3 i suport a les fam\u00edlies. L&#8217;objectiu:&nbsp; poder facilitar l&#8217;acompanyament el teu\/va fill\/a amb sordesa amb confian\u00e7a i seguretat, que contribuir\u00e0 al vostre benestar emocional i familiarl.<\/strong><\/p>\n<p>&nbsp;<\/p>\n<h4><a href=\"https:\/\/acapps.org\/web\/educacio\/\"><strong>IMPLANTS COCLEARS I AUDI\u00d2FONS.<\/strong><\/a><\/h4>\n<p><strong>Les pr\u00f2tesis auditives, els implants coclears i els audi\u00f2fons, s\u00f3n els vostres grans aliats. Compartim informacions d&#8217;inter\u00e8s, com les assegurances i les condicions de les diferents companyies.<\/strong><\/p>\n<h5><\/h5>\n<h4><a href=\"https:\/\/acapps.org\/web\/salut-i-benestar-emocional\/\"><strong>LOGOP\u00c8DIA.<\/strong><\/a><\/h4>\n<p><strong>En la vostra rutina familiar di\u00e0ria podeu incorporar molts moments de joc i d&#8217;estimulaci\u00f3 del llenguatge del vostre\/a fill\/a, amb contes, can\u00e7ons i altres reptes. Temps d&#8217;atenci\u00f3, d&#8217;acompanyament i de qualitat amb el vostre fill\/a que, sense adonar-vos-en, contribuiran en el desenvolupament natural del llenguatge. En aquest espai trobareu propostes a fer!<\/strong><\/p>\n<p>&nbsp;<\/p>\n<h5><\/h5>\n<h4><strong><a href=\"https:\/\/acapps.org\/web\/drets-3\/\">FORMACI\u00d3 I ORIENTACI\u00d3 EN SORDESA.<\/a><\/strong><\/h4>\n<p><strong>Tant si sou una fam\u00edlia amb un fill\/a recent diagnosticat de sordesa com si ets una persona que ha perdut recentment l&#8217;audici\u00f3, us trobeu davant d&#8217;una situaci\u00f3 nova, no esperada i, probablement, sense con\u00e8ixer assa b\u00e9 la sordesa i qu\u00e8 implica. En aquesta \u00e0rea trobareu publicacions de les formacions que hem realitzat en gesti\u00f3 emocional i sordesa amb professionals especialitzats\/des.<\/strong><\/p>\n<p>&nbsp;<\/p>\n<h5><\/h5>\n<h5><\/h5>\n<h4><strong>CULTURA<\/strong>.<\/h4>\n<h6><a href=\"https:\/\/acapps.org\/web\/cultura\/\"><strong>Foment del teatre i actes culturals accessibles.<\/strong><\/a><\/h6>\n[\/vc_column_text][\/vc_column][\/vc_row]\n","protected":false},"excerpt":{"rendered":"<p>[vc_row][vc_column][vc_column_text] Hola! En aquest espai compartim els recursos (publicacions, guies i audiovisuals) que hem generat des d&#8217;ACAPPS en l&#8217;acompanyament a les fam\u00edlies amb infants amb sordesa i persones amb sordesa. Una secci\u00f3 viva del web que anirem ampliant per donar resposta a les vostres necessitats en aquestes \u00e0rees d&#8217;inter\u00e8s. &nbsp; ACOMPANYAMENT FAMILIAR. Publiquem tots aquells recursos que hem generat en la nostra tasca di\u00e0ria d&#8217;orientaci\u00f3&#8230; <\/p>\n<p><a class=\"readmore\" href=\"https:\/\/acapps.org\/web\/recursos-2\/\">LLEGIR M\u00c9S<\/a><\/p>\n","protected":false},"author":3,"featured_media":0,"parent":0,"menu_order":0,"comment_status":"closed","ping_status":"closed","template":"","meta":{"footnotes":""},"_links":{"self":[{"href":"https:\/\/acapps.org\/web\/wp-json\/wp\/v2\/pages\/13202"}],"collection":[{"href":"https:\/\/acapps.org\/web\/wp-json\/wp\/v2\/pages"}],"about":[{"href":"https:\/\/acapps.org\/web\/wp-json\/wp\/v2\/types\/page"}],"author":[{"embeddable":true,"href":"https:\/\/acapps.org\/web\/wp-json\/wp\/v2\/users\/3"}],"replies":[{"embeddable":true,"href":"https:\/\/acapps.org\/web\/wp-json\/wp\/v2\/comments?post=13202"}],"version-history":[{"count":8,"href":"https:\/\/acapps.org\/web\/wp-json\/wp\/v2\/pages\/13202\/revisions"}],"predecessor-version":[{"id":13716,"href":"https:\/\/acapps.org\/web\/wp-json\/wp\/v2\/pages\/13202\/revisions\/13716"}],"wp:attachment":[{"href":"https:\/\/acapps.org\/web\/wp-json\/wp\/v2\/media?parent=13202"}],"curies":[{"name":"wp","href":"https:\/\/api.w.org\/{rel}","templated":true}]}}