{"id":13598,"date":"2023-06-19T06:44:39","date_gmt":"2023-06-19T06:44:39","guid":{"rendered":"https:\/\/acapps.org\/web\/?page_id=13598"},"modified":"2023-06-19T06:44:40","modified_gmt":"2023-06-19T06:44:40","slug":"avui-celebrem-lassemblea-de-persones-i-families-socies-dacapps","status":"publish","type":"page","link":"https:\/\/acapps.org\/web\/avui-celebrem-lassemblea-de-persones-i-families-socies-dacapps\/","title":{"rendered":"Avui celebrem l&#8217;assemblea de persones i fam\u00edlies s\u00f2cies d&#8217;ACAPPS"},"content":{"rendered":"\n<p>Aquest any celebrem, de forma excepcional, dues assemblees que tindran lloc el mateix dia, el dilluns 19\u00a0de juny de 2023. Les assemblees tenen uns objectius propis i, per tant, tenen un\u00a0 ordre del dia propi. <\/p>\n\n\n\n<p style=\"color:#3ca5ba;font-size:22px\" class=\"has-text-color\">17:30 Assemblea General Ordin\u00e0ria<\/p>\n\n\n\n<p><strong>1a convocat\u00f2ria a les 17:30 hores \/2a convocat\u00f2ria a les 18:00 hores<\/strong><br>L&#8217;assemblea ordin\u00e0ria \u00e9s l&#8217;espai anual en qu\u00e8 l&#8217;associaci\u00f3 explica tota l&#8217;activitat i gesti\u00f3 de l&#8217;associaci\u00f3 de l&#8217;any anterior. En aquest sentit, es fa el balan\u00e7 econ\u00f2mic i es donen els comptes de resultats,\u00a0<strong><u>s&#8217;expliquen i es desglossen els ingressos de l&#8217;associaci\u00f3 i les despeses;\u00a0<\/u><\/strong>d&#8217;on es reben les partides econ\u00f2miques i a qu\u00e8 es destinen. Tamb\u00e9 \u00e9s un bon moment per<strong><u>\u00a0con\u00e8ixer tota l&#8217;activitat<\/u><\/strong> <strong>que genera l&#8217;associaci\u00f3<\/strong>\u00a0en totes les seves \u00e0rees: l&#8217;\u00e0rea de fam\u00edlies i d&#8217;atenci\u00f3 a les persones amb sordesa i l&#8217;\u00e0rea d&#8217;orientaci\u00f3 i inclusi\u00f3 laboral.\u00a0 A m\u00e9s, ens acompanya l&#8217;equip de la Federaci\u00f3, per fer-nos una pinzellada de la tasca feta en incid\u00e8ncia pol\u00edtica, en accessibilitat i en comunicaci\u00f3, serveis que es presten a l&#8217;associaci\u00f3.\u00a0 Finalment hi ha un<strong>\u00a0torn obert de paraula<\/strong>\u00a0perqu\u00e8 totes pugueu aportar la vostra visi\u00f3 i expressar sugger\u00e8ncies i propostes.<\/p>\n\n\n\n<p style=\"color:#3ca5ba;font-size:22px\" class=\"has-text-color\">19:30 Assemblea General Extraordin\u00e0ria<\/p>\n\n\n\n<p>Aquest any ACAPPS tamb\u00e9 celebra l&#8217;assemblea general extraordin\u00e0ria per poder actualitzar els estatuts de l&#8217;associaci\u00f3.<\/p>\n","protected":false},"excerpt":{"rendered":"<p>Aquest any celebrem, de forma excepcional, dues assemblees que tindran lloc el mateix dia, el dilluns 19\u00a0de juny de 2023. Les assemblees tenen uns objectius propis i, per tant, tenen un\u00a0 ordre del dia propi. 17:30 Assemblea General Ordin\u00e0ria 1a convocat\u00f2ria a les 17:30 hores \/2a convocat\u00f2ria a les 18:00 horesL&#8217;assemblea ordin\u00e0ria \u00e9s l&#8217;espai anual en qu\u00e8 l&#8217;associaci\u00f3 explica tota l&#8217;activitat i gesti\u00f3 de l&#8217;associaci\u00f3&#8230; <\/p>\n<p><a class=\"readmore\" href=\"https:\/\/acapps.org\/web\/avui-celebrem-lassemblea-de-persones-i-families-socies-dacapps\/\">LLEGIR M\u00c9S<\/a><\/p>\n","protected":false},"author":3,"featured_media":13599,"parent":0,"menu_order":0,"comment_status":"closed","ping_status":"closed","template":"","meta":{"footnotes":""},"_links":{"self":[{"href":"https:\/\/acapps.org\/web\/wp-json\/wp\/v2\/pages\/13598"}],"collection":[{"href":"https:\/\/acapps.org\/web\/wp-json\/wp\/v2\/pages"}],"about":[{"href":"https:\/\/acapps.org\/web\/wp-json\/wp\/v2\/types\/page"}],"author":[{"embeddable":true,"href":"https:\/\/acapps.org\/web\/wp-json\/wp\/v2\/users\/3"}],"replies":[{"embeddable":true,"href":"https:\/\/acapps.org\/web\/wp-json\/wp\/v2\/comments?post=13598"}],"version-history":[{"count":1,"href":"https:\/\/acapps.org\/web\/wp-json\/wp\/v2\/pages\/13598\/revisions"}],"predecessor-version":[{"id":13600,"href":"https:\/\/acapps.org\/web\/wp-json\/wp\/v2\/pages\/13598\/revisions\/13600"}],"wp:featuredmedia":[{"embeddable":true,"href":"https:\/\/acapps.org\/web\/wp-json\/wp\/v2\/media\/13599"}],"wp:attachment":[{"href":"https:\/\/acapps.org\/web\/wp-json\/wp\/v2\/media?parent=13598"}],"curies":[{"name":"wp","href":"https:\/\/api.w.org\/{rel}","templated":true}]}}