{"id":14462,"date":"2024-02-05T12:54:33","date_gmt":"2024-02-05T12:54:33","guid":{"rendered":"https:\/\/acapps.org\/web\/?page_id=14462"},"modified":"2026-03-26T10:42:09","modified_gmt":"2026-03-26T10:42:09","slug":"transparencia","status":"publish","type":"page","link":"https:\/\/acapps.org\/web\/transparencia\/","title":{"rendered":"Transpar\u00e8ncia"},"content":{"rendered":"[vc_row][vc_column][vc_row_inner][vc_column_inner][vc_column_text]A l&#8217;associaci\u00f3 ACAPPS <strong>creiem i defensem la transpar\u00e8ncia en la gesti\u00f3 de la nostra informaci\u00f3 i de les nostres accions<\/strong> com a valor intr\u00ednsec de la nostra cultura organitzativa basada en l&#8217;\u00e8tica professional, coherent amb els valors de les entitats sense \u00e0nim de lucre i responsables en la gesti\u00f3 dels fons p\u00fablics i privats que destinem \u00edntegrament al desenvolupament de la missi\u00f3 de l&#8217;associaci\u00f3, en serveis per a les persones amb sordesa i fam\u00edlies amb infants amb sordesa.<\/p>\n<p>Fidels al nostre comprom\u00eds amb la millora continua tot el contingut del nostre apartat de transpar\u00e8ncia ha estat actualitzat aquest 2024\u00a0 per complir amb els requisits de la<a href=\"https:\/\/portaljuridic.gencat.cat\/ca\/document-del-pjur\/?documentId=846331\"> Llei 19\/2023 de transpar\u00e8ncia, acc\u00e9s a la informaci\u00f3 p\u00fablica i bon govern <\/a>\u00a0proporcionant informaci\u00f3 sobre:<\/p>\n<h4><a href=\"https:\/\/acapps.org\/web\/acapps-3\/\"><span style=\"color: #3ca5ba;\"><strong>Qu\u00e8 \u00e9s ACAPPS?<\/strong><\/span><\/a><\/h4>\n<p>Prop\u00f2sit |\u00a0 Missi\u00f3\u00a0 | Visi\u00f3 | Principis i Valors | Filosofia de gesti\u00f3 | Pol\u00edtica de la qualitat | Aliances<hr>\n<h4><a href=\"https:\/\/acapps.org\/web\/objectius\/\"><span style=\"color: #3ca5ba;\"><strong>Objectius<hr><\/strong><\/span><\/a><\/h4>\n<p>&nbsp;<\/p>\n<h4><a href=\"https:\/\/acapps.org\/web\/acapps-2\/\"><span style=\"color: #3ca5ba;\"><strong>Normes reguladores<hr><\/strong><\/span><\/a><\/h4>\n<p>Estatuts | Reglament de R\u00e8gim Intern | Codi \u00e9tic | Proc\u00e9s de gesti\u00f3 de queixes i sugger\u00e8ncies<\/p>\n<p>&nbsp;<\/p>\n<h4><a href=\"https:\/\/acapps.org\/web\/govern\/\"><span style=\"color: #3ca5ba;\"><strong>Govern, gesti\u00f3 i finances<hr><\/strong><\/span><\/a><\/h4>\n<p>Organigrama | Pla Estrat\u00e8gic 2023-25 | Cartera de Serveis | Convenis | Subvencions i ajudes p\u00fabliques | Mem\u00f2ria d&#8217;Activitats | Comptes anuals<\/p>\n<p>&nbsp;<\/p>\n<p>&nbsp;[\/vc_column_text][\/vc_column_inner][\/vc_row_inner][vc_row_inner][vc_column_inner][\/vc_column_inner][\/vc_row_inner][\/vc_column][\/vc_row]\n","protected":false},"excerpt":{"rendered":"<p>[vc_row][vc_column][vc_row_inner][vc_column_inner][vc_column_text]A l&#8217;associaci\u00f3 ACAPPS creiem i defensem la transpar\u00e8ncia en la gesti\u00f3 de la nostra informaci\u00f3 i de les nostres accions com a valor intr\u00ednsec de la nostra cultura organitzativa basada en l&#8217;\u00e8tica professional, coherent amb els valors de les entitats sense \u00e0nim de lucre i responsables en la gesti\u00f3 dels fons p\u00fablics i privats que destinem \u00edntegrament al desenvolupament de la missi\u00f3 de l&#8217;associaci\u00f3, en&#8230; <\/p>\n<p><a class=\"readmore\" href=\"https:\/\/acapps.org\/web\/transparencia\/\">LLEGIR M\u00c9S<\/a><\/p>\n","protected":false},"author":3,"featured_media":0,"parent":0,"menu_order":0,"comment_status":"closed","ping_status":"closed","template":"","meta":{"footnotes":""},"_links":{"self":[{"href":"https:\/\/acapps.org\/web\/wp-json\/wp\/v2\/pages\/14462"}],"collection":[{"href":"https:\/\/acapps.org\/web\/wp-json\/wp\/v2\/pages"}],"about":[{"href":"https:\/\/acapps.org\/web\/wp-json\/wp\/v2\/types\/page"}],"author":[{"embeddable":true,"href":"https:\/\/acapps.org\/web\/wp-json\/wp\/v2\/users\/3"}],"replies":[{"embeddable":true,"href":"https:\/\/acapps.org\/web\/wp-json\/wp\/v2\/comments?post=14462"}],"version-history":[{"count":9,"href":"https:\/\/acapps.org\/web\/wp-json\/wp\/v2\/pages\/14462\/revisions"}],"predecessor-version":[{"id":16842,"href":"https:\/\/acapps.org\/web\/wp-json\/wp\/v2\/pages\/14462\/revisions\/16842"}],"wp:attachment":[{"href":"https:\/\/acapps.org\/web\/wp-json\/wp\/v2\/media?parent=14462"}],"curies":[{"name":"wp","href":"https:\/\/api.w.org\/{rel}","templated":true}]}}