{"id":14465,"date":"2024-02-05T13:12:53","date_gmt":"2024-02-05T13:12:53","guid":{"rendered":"https:\/\/acapps.org\/web\/?page_id=14465"},"modified":"2024-02-05T13:24:44","modified_gmt":"2024-02-05T13:24:44","slug":"objectius","status":"publish","type":"page","link":"https:\/\/acapps.org\/web\/objectius\/","title":{"rendered":"Objectius"},"content":{"rendered":"[vc_row][vc_column][vc_column_text]\n<h3><strong><span style=\"color: #3ca5ba;\">OBJECTIUS <hr><\/span><\/strong><\/h3>\n<p class=\"_04xlpA direction-ltr align-start para-style-body\"><span class=\"WdYUQQ text-decoration-none text-strikethrough-none\">a) Defensar la completa<strong> inclusi\u00f3 i participaci\u00f3<\/strong> de les persones amb sordesa en la societat.<\/span><\/p>\n<p class=\"_04xlpA direction-ltr align-start para-style-body\"><span class=\"WdYUQQ text-decoration-none text-strikethrough-none\">b) Fomentar la <strong>llengua oral i la lectura labial<\/strong> com a principal sistema de comunicaci\u00f3, d\u2019acc\u00e9s a la llengua escrita i d\u2019inclusi\u00f3 en la societat.<\/span><\/p>\n<p class=\"_04xlpA direction-ltr align-start para-style-body\"><span class=\"WdYUQQ text-decoration-none text-strikethrough-none\">c) Defensar i garantir el dret de les persones amb sordesa a beneficiar-se dels avantatges <\/span><span class=\"WdYUQQ text-decoration-none text-strikethrough-none\">de les <strong>noves tecnologies<\/strong>: audi\u00f2fons, implants coclears, emissores FM, bucle magn\u00e8tic, subtitulaci\u00f3, entre d\u2019altres.<\/span><\/p>\n<p class=\"_04xlpA direction-ltr align-start para-style-body\"><span class=\"WdYUQQ text-decoration-none text-strikethrough-none\">d) Informar i garantir el dret als <strong>mitjans t\u00e8cnics i educatius<\/strong> per eliminar les barreres de <\/span><span class=\"WdYUQQ text-decoration-none text-strikethrough-none\">comunicaci\u00f3.<\/span><\/p>\n<p class=\"_04xlpA direction-ltr align-start para-style-body\"><span class=\"WdYUQQ text-decoration-none text-strikethrough-none\">e) Potenciar una <strong>educaci\u00f3 de qualitat en modalitat oral<\/strong> com a base per a una inclusi\u00f3 social <\/span><span class=\"WdYUQQ text-decoration-none text-strikethrough-none\">i laboral.<\/span><\/p>\n<p class=\"_04xlpA direction-ltr align-start para-style-body\"><span class=\"WdYUQQ text-decoration-none text-strikethrough-none\">f) Fomentar la <strong>formaci\u00f3 permanent i la inclusi\u00f3 laboral<\/strong> de les persones amb sordesa en el <\/span><strong><span class=\"WdYUQQ text-decoration-none text-strikethrough-none\">mercat laboral ordinari.<\/span><\/strong><\/p>\n<p class=\"_04xlpA direction-ltr align-start para-style-body\"><span class=\"WdYUQQ text-decoration-none text-strikethrough-none\">g) Potenciar la<strong> formaci\u00f3 i la investigaci\u00f3 sobre la sordesa<\/strong> en els camps sanitari, educatiu i <\/span><span class=\"WdYUQQ text-decoration-none text-strikethrough-none\">tecnol\u00f2gic.<\/span><\/p>\n<p class=\"_04xlpA direction-ltr align-start para-style-body\"><span class=\"WdYUQQ text-decoration-none text-strikethrough-none\">h) Garantir la <strong>detecci\u00f3 de la sordesa<\/strong> (screening auditiu universal) i l\u2019<strong>estimulaci\u00f3 auditiva <\/strong><\/span><span class=\"WdYUQQ text-decoration-none text-strikethrough-none\"><strong>primerenca<\/strong> en llengua oral.<\/span><\/p>\n<p class=\"_04xlpA direction-ltr align-start para-style-body\"><span class=\"WdYUQQ text-decoration-none text-strikethrough-none\">i) Potenciar la <strong>rehabilitaci\u00f3<\/strong> de les persones amb sordesa postlocutiva adultes, atenent a les <\/span><span class=\"WdYUQQ text-decoration-none text-strikethrough-none\">seves necessitats espec\u00edfiques.<\/span><\/p>\n<p class=\"_04xlpA direction-ltr align-start para-style-body\"><span class=\"WdYUQQ text-decoration-none text-strikethrough-none\">k) Respectar la diversitat de les persones amb sordesa i les seves <strong>necessitats individuals <\/strong><\/span><strong><span class=\"WdYUQQ text-decoration-none text-strikethrough-none\">de comunicaci\u00f3.<\/span><\/strong><\/p>\n<p>&nbsp;<\/p>\n[\/vc_column_text][vc_row_inner][vc_column_inner][\/vc_column_inner][\/vc_row_inner][vc_row_inner][\/vc_row_inner][vc_column_text][\/vc_column_text]<hr>[\/vc_column][\/vc_row]\n","protected":false},"excerpt":{"rendered":"<p>[vc_row][vc_column][vc_column_text] OBJECTIUS a) Defensar la completa inclusi\u00f3 i participaci\u00f3 de les persones amb sordesa en la societat. b) Fomentar la llengua oral i la lectura labial com a principal sistema de comunicaci\u00f3, d\u2019acc\u00e9s a la llengua escrita i d\u2019inclusi\u00f3 en la societat. c) Defensar i garantir el dret de les persones amb sordesa a beneficiar-se dels avantatges de les noves tecnologies: audi\u00f2fons, implants coclears, emissores&#8230; <\/p>\n<p><a class=\"readmore\" href=\"https:\/\/acapps.org\/web\/objectius\/\">LLEGIR M\u00c9S<\/a><\/p>\n","protected":false},"author":3,"featured_media":0,"parent":0,"menu_order":0,"comment_status":"closed","ping_status":"closed","template":"","meta":{"footnotes":""},"_links":{"self":[{"href":"https:\/\/acapps.org\/web\/wp-json\/wp\/v2\/pages\/14465"}],"collection":[{"href":"https:\/\/acapps.org\/web\/wp-json\/wp\/v2\/pages"}],"about":[{"href":"https:\/\/acapps.org\/web\/wp-json\/wp\/v2\/types\/page"}],"author":[{"embeddable":true,"href":"https:\/\/acapps.org\/web\/wp-json\/wp\/v2\/users\/3"}],"replies":[{"embeddable":true,"href":"https:\/\/acapps.org\/web\/wp-json\/wp\/v2\/comments?post=14465"}],"version-history":[{"count":2,"href":"https:\/\/acapps.org\/web\/wp-json\/wp\/v2\/pages\/14465\/revisions"}],"predecessor-version":[{"id":14467,"href":"https:\/\/acapps.org\/web\/wp-json\/wp\/v2\/pages\/14465\/revisions\/14467"}],"wp:attachment":[{"href":"https:\/\/acapps.org\/web\/wp-json\/wp\/v2\/media?parent=14465"}],"curies":[{"name":"wp","href":"https:\/\/api.w.org\/{rel}","templated":true}]}}