{"id":14468,"date":"2024-02-05T13:36:45","date_gmt":"2024-02-05T13:36:45","guid":{"rendered":"https:\/\/acapps.org\/web\/?page_id=14468"},"modified":"2026-03-26T11:06:03","modified_gmt":"2026-03-26T11:06:03","slug":"acapps-2","status":"publish","type":"page","link":"https:\/\/acapps.org\/web\/acapps-2\/","title":{"rendered":"Normes reguladores"},"content":{"rendered":"<h3><strong>Representem i defensem els drets i interessos globals de les persones amb sordesa i de les seves fam\u00edlies, a tots els nivells, davant la societat, administracions p\u00fabliques i altres institucions, integrant i impulsant amb aquesta finalitat l&#8217;acci\u00f3 de les fam\u00edlies, o representants legals, i de les persones amb sordesa.\u00a0 <a href=\"https:\/\/acapps.org\/web\/wp-content\/uploads\/2026\/02\/ESTATUTS-DE-LA-FEDERACIO-ACAPPS-CATALA-2022.pdf\">Estatuts<\/a>.<\/strong><\/h3>\n<p>\u00a0<\/p>\n<h4><strong><span style=\"color: #3ca5ba;\">AMB SEGELL DE QUALITAT EFQM<\/span><\/strong><\/h4>\n<h4><span style=\"color: #3ca5ba;\"><a href=\"https:\/\/acapps.org\/web\/wp-content\/uploads\/2022\/03\/EFQM_SEGELL.jpg\"><img loading=\"lazy\" decoding=\"async\" class=\" wp-image-11844 alignleft\" src=\"https:\/\/acapps.org\/web\/wp-content\/uploads\/2022\/03\/EFQM_SEGELL-177x300.jpg\" alt=\"\" width=\"155\" height=\"263\" srcset=\"https:\/\/acapps.org\/web\/wp-content\/uploads\/2022\/03\/EFQM_SEGELL-177x300.jpg 177w, https:\/\/acapps.org\/web\/wp-content\/uploads\/2022\/03\/EFQM_SEGELL.jpg 590w\" sizes=\"(max-width: 155px) 100vw, 155px\" \/><\/a><\/span><\/h4>\n<h5>\u00a0<\/h5>\n<h5>\u00a0<\/h5>\n<h4><strong>El Club d&#8217;Excel\u00b7l\u00e8ncia en Gesti\u00f3 ha concedit, el febrer de 2022, la certificaci\u00f3 internacional SEGELL EFQM per un per\u00edode de tres anys, per la nostra gesti\u00f3 excel\u00b7lent, innovadora i sostenible basada en el Model EFQM.<hr><\/strong><\/h4>\n<h4>\u00a0<\/h4>\n<h4>\u00a0<\/h4>\n<h4>\u00a0<\/h4>\n<h4><a href=\"https:\/\/acapps.org\/web\/wp-content\/uploads\/2020\/08\/Objectius_ODS_federaci%C3%B3_ACAPPS_2020.pdf\"><strong><span style=\"color: #3ca5ba;\">ALINIATS I COMPROMESOS AMB ELS OBJECTIUS PER AL DESENVOLUPAMENT SOSTENIBLE DE LES NACIONS UNIDES<\/span><\/strong><\/a><\/h4>\n<h4><a href=\"https:\/\/acapps.org\/web\/wp-content\/uploads\/2024\/03\/Codi_etic_2023.pdf\"><span style=\"color: #3ca5ba;\"><strong>CODI \u00c8TIC D&#8217;ACAPPS<\/strong><\/span><\/a><\/h4>\n<p><strong><a href=\"https:\/\/acapps.org\/web\/wp-content\/uploads\/2022\/07\/PIGA-Aprovat-definitiu.pdf\">PLA D&#8217;IGUALTAT D&#8217;ACAPPS<\/a><\/strong><\/p>\n<h4><a href=\"https:\/\/www.plataformaong.org\/ARCHIVO\/documentos\/biblioteca\/1609233975_recomendacioneseticasdeltsas.web.pdf\"><strong><span style=\"color: #3ca5ba;\">RECOMENACIONS \u00c8TIQUES DEL TERCER SECTOR D&#8217;ACCI\u00d3 SOCIAL\u00a0<\/span><\/strong><\/a><\/h4>\n<p>\u00a0<\/p>\n[\/vc_column_text][\/vc_column_inner][\/vc_row_inner][vc_row_inner][vc_column_inner][vc_column_text]\n<h3><strong><span style=\"color: #3ca5ba;\">NORMATIVA I REGULACI\u00d3 INTERNA<hr><\/span><\/strong><\/h3>\n<p>L&#8217;Associaci\u00f3 ACAPPS, entitat sense \u00e0nim de lucre declarada d&#8217;Utilitat P\u00fablica, es regeix, regula i respon a les seg\u00fcents normatives i disposicions legals:[\/vc_column_text][\/vc_column_inner][\/vc_row_inner][vc_row_inner][vc_column_inner width=&#8221;1\/4&#8243;]<article class=\"icon-box17\"  style=\"color: #3ca5ba\"><div class=\"icon-wrap\" style=\"background-color:#3ca5ba\"><a href=https:\/\/portaldogc.gencat.cat\/utilsEADOP\/PDF\/6613\/1352472.pdf><i class=\"li_news\" style=\" color:#3ca5ba;\"><\/i><\/a><\/div><h4><\/h4><p>Conveni Col\u00b7lectiu d&#8217;Associacions per a centres de formaci\u00f3, rehabilitaci\u00f3, orientaci\u00f3, valoraci\u00f3, autonomia personal, protecci\u00f3 i atenci\u00f3 a discapacitat<\/p><a class=\"magicmore\" href=\"https:\/\/portaldogc.gencat.cat\/utilsEADOP\/PDF\/6613\/1352472.pdf\">https:\/\/portaldogc.gencat.cat\/utilsEADOP\/PDF\/6613\/1352472.pdf<\/a><\/article><article class=\"icon-box17\"  style=\"color: #e8c82e\"><div class=\"icon-wrap\" style=\"background-color:#e8c82e\"><a href=https:\/\/acapps.org\/web\/wp-content\/uploads\/2024\/03\/taula_salarial_conveni.pdf><i class=\"fa-search\" style=\" color:#e8c82e;\"><\/i><\/a><\/div><h4>Taula Salarial<\/h4><p>Vigent en el Conveni Col\u00b7lectiu d&#8217;Associacions per a centres de formaci\u00f3, rehabilitaci\u00f3, orientaci\u00f3, valoraci\u00f3, autonomia personal, protecci\u00f3 i atenci\u00f3 a discapacitat<\/p><\/article><article class=\"icon-box\"><h4><\/h4><\/article>[\/vc_column_inner][vc_column_inner width=&#8221;1\/4&#8243;]<article class=\"icon-box17\"  style=\"color: #3ca5ba\"><div class=\"icon-wrap\" style=\"background-color:#3ca5ba\"><a href=https:\/\/portaljuridic.gencat.cat\/ca\/document-del-pjur\/?documentId=826623&amp;traceability=01&amp;language=ca><i class=\"li_news\" style=\" color:#3ca5ba;\"><\/i><\/a><\/div><h4><\/h4><p>Llei d&#8217;Associacions<\/p><a style=\"color:#3ca5ba\" class=\"magicmore\" href=\"https:\/\/portaljuridic.gencat.cat\/ca\/document-del-pjur\/?documentId=826623&amp;traceability=01&amp;language=ca\">Llei d'Associacions<\/a><\/article>[\/vc_column_inner][vc_column_inner width=&#8221;1\/4&#8243;]<article class=\"icon-box17\"  style=\"color: #3ca5ba\"><div class=\"icon-wrap\" style=\"background-color:#3ca5ba\"><a href=https:\/\/www.boe.es\/buscar\/pdf\/2003\/BOE-A-2003-20977-consolidado.pdf><i class=\"li_news\" style=\" color:#3ca5ba;\"><\/i><\/a><\/div><h4><\/h4><p>Llei General de Subvencions<\/p><a style=\"color:#3ca5ba\" class=\"magicmore\" href=\"https:\/\/www.boe.es\/buscar\/pdf\/2003\/BOE-A-2003-20977-consolidado.pdf\">Llei General de Subvencions<\/a><\/article>[\/vc_column_inner][vc_column_inner width=&#8221;1\/4&#8243;]<article class=\"icon-box17\"  style=\"color: #3ca5ba\"><div class=\"icon-wrap\" style=\"background-color:#3ca5ba\"><a href=https:\/\/www.boe.es\/boe_catalan\/dias\/2015\/10\/15\/pdfs\/BOE-A-2015-11072-C.pdf><i class=\"li_news\" style=\" color:#3ca5ba;\"><\/i><\/a><\/div><h4><\/h4><p>Llei 45\/2015, de 14 d&#8217;octubre, de voluntariat<\/p><a class=\"magicmore\" href=\"https:\/\/www.boe.es\/boe_catalan\/dias\/2015\/10\/15\/pdfs\/BOE-A-2015-11072-C.pdf\">Llei de Voluntariat<\/a><\/article>[\/vc_column_inner][\/vc_row_inner][vc_row_inner][\/vc_row_inner][vc_column_text][\/vc_column_text]<hr>[\/vc_column][\/vc_row][vc_row][vc_column][vc_column_text]\n\n\n<p><\/p>\n\n\n[\/vc_column_text][\/vc_column][\/vc_row]","protected":false},"excerpt":{"rendered":"<p>Representem i defensem els drets i interessos globals de les persones amb sordesa i de les seves fam\u00edlies, a tots els nivells, davant la societat, administracions p\u00fabliques i altres institucions, integrant i impulsant amb aquesta finalitat l&#8217;acci\u00f3 de les fam\u00edlies, o representants legals, i de les persones amb sordesa.\u00a0 Estatuts. \u00a0 AMB SEGELL DE QUALITAT EFQM \u00a0 \u00a0 El Club d&#8217;Excel\u00b7l\u00e8ncia en Gesti\u00f3 ha concedit,&#8230; <\/p>\n<p><a class=\"readmore\" href=\"https:\/\/acapps.org\/web\/acapps-2\/\">LLEGIR M\u00c9S<\/a><\/p>\n","protected":false},"author":3,"featured_media":0,"parent":0,"menu_order":0,"comment_status":"closed","ping_status":"closed","template":"","meta":{"footnotes":""},"_links":{"self":[{"href":"https:\/\/acapps.org\/web\/wp-json\/wp\/v2\/pages\/14468"}],"collection":[{"href":"https:\/\/acapps.org\/web\/wp-json\/wp\/v2\/pages"}],"about":[{"href":"https:\/\/acapps.org\/web\/wp-json\/wp\/v2\/types\/page"}],"author":[{"embeddable":true,"href":"https:\/\/acapps.org\/web\/wp-json\/wp\/v2\/users\/3"}],"replies":[{"embeddable":true,"href":"https:\/\/acapps.org\/web\/wp-json\/wp\/v2\/comments?post=14468"}],"version-history":[{"count":19,"href":"https:\/\/acapps.org\/web\/wp-json\/wp\/v2\/pages\/14468\/revisions"}],"predecessor-version":[{"id":16854,"href":"https:\/\/acapps.org\/web\/wp-json\/wp\/v2\/pages\/14468\/revisions\/16854"}],"wp:attachment":[{"href":"https:\/\/acapps.org\/web\/wp-json\/wp\/v2\/media?parent=14468"}],"curies":[{"name":"wp","href":"https:\/\/api.w.org\/{rel}","templated":true}]}}