{"id":14546,"date":"2024-02-13T11:36:01","date_gmt":"2024-02-13T11:36:01","guid":{"rendered":"https:\/\/acapps.org\/web\/?page_id=14546"},"modified":"2026-03-26T11:00:25","modified_gmt":"2026-03-26T11:00:25","slug":"acapps-3","status":"publish","type":"page","link":"https:\/\/acapps.org\/web\/acapps-3\/","title":{"rendered":"Som associaci\u00f3"},"content":{"rendered":"[vc_row][vc_column][vc_column_text]<h3><strong>L&#8217;Associaci\u00f3 Catalana per a la Promoci\u00f3 de les Persones amb Sordesa (ACAPPS), creada l&#8217;any 1992, \u00e9s una entitat sense \u00e0nim de lucre <a href=\"http:\/\/acapps.org\/web\/wp-content\/uploads\/2018\/04\/Declaraci\u00f3-dUTILITAT-PUBLICA.pdf\">declarada d&#8217;Utilitat P\u00fablica<\/a> que t\u00e9 com a finalitat representar i defensar els drets de les persones amb discapacitat auditiva i de les seves fam\u00edlies.<\/strong><\/h3>\n<p>&nbsp;<\/p>\n<h3><strong>L&#8217;associaci\u00f3 ACAPPS t\u00e9 com a \u00e0mbit territorial Catalunya<\/strong>.<\/h3>\n<p>&nbsp;<\/p>\n<h3>L&#8217;associaci\u00f3 ACAPPS est\u00e0 inscrita al:<\/h3>\n<h4><span style=\"color: #005d72;\">Registre de Drets i Entitats Jur\u00eddiques (n\u00famero 14.029).<\/span><\/h4>\n<h4><span style=\"color: #005d72;\">Registre d&#8217;Entitats, Serveis i Establiments Socials (n\u00famero E01886).<\/span><\/h4>\n<h4><span style=\"color: #005d72;\">Cens d&#8217;Entitats Juvenils (n\u00famero 2551).<\/span><\/h4>\n<h4><span style=\"color: #005d72;\">Cens d&#8217;Entitats del Voluntariat de Catalunya (n\u00famero 000108-000).<\/span><\/h4>\n<h4><span style=\"color: #005d72;\">Cens d&#8217;Entitats de Foment de la Llengua Catalana.<\/span><\/h4>\n<h4><span style=\"color: #005d72;\">Som Ag\u00e8ncia de Col\u00b7locaci\u00f3 del Servei d&#8217;Ocupaci\u00f3 de Catalunya (n\u00famero 900000043).<\/span><\/h4>\n<p>&nbsp;<\/p>\n<h3><span style=\"color: #3ca5ba;\">MISSI\u00d3<hr><\/span><\/h3>\n<p>La missi\u00f3 d&#8217;ACAPPS \u00e9s representar i defensar els drets i interessos globals de les persones amb sordesa i de les seves fam\u00edlies, a tots els nivells, davant la societat, administracions p\u00fabliques i altres institucions, integrant i impulsant amb aquesta finalitat l&#8217;acci\u00f3 de les fam\u00edlies, o representants legals, i de les persones amb sordesa.\u00a0 <strong><a href=\"https:\/\/acapps.org\/web\/wp-content\/uploads\/2026\/02\/Estatuts_ACAPPS_2025_AVAC.pdf\">Estatuts.<\/a><\/strong><\/p>\n<h3><span style=\"color: #3ca5ba;\">PROP\u00d2SIT <hr><\/span><\/h3>\n<p>El prop\u00f2sit de l\u2019Associaci\u00f3 \u00e9s ser una entitat de refer\u00e8ncia tant per a les fam\u00edlies amb fills\/es amb sordesa, com per a les persones amb sordesa que es comuniquen en llengua oral i donar resposta a les seves necessitats amb l&#8217;objectiu d&#8217;aconseguir la integraci\u00f3 plena a la societat aix\u00ed com el compliment dels seus drets.<\/p>\n<h3><span style=\"color: #3ca5ba;\">VALORS <hr><\/span><\/h3>\n<p class=\"_04xlpA direction-ltr align-start para-style-body\"><strong><span class=\"WdYUQQ text-decoration-none text-strikethrough-none\">O<\/span><span class=\"WdYUQQ text-decoration-none text-strikethrough-none\">RIENTACI\u00d3 A LES PERSONES AMB SORDESA I FAM\u00cdLIES.<\/span><\/strong><span class=\"WdYUQQ text-decoration-none text-strikethrough-none\"> Ens orientem a dur a terme accions amb i per a les persones amb sordesa i les seves fam\u00edlies. Tenim comprom\u00eds en la defensa dels seus drets, la no discriminaci\u00f3 i la igualtat d\u2019oportunitats.<\/span><\/p>\n<p class=\"_04xlpA direction-ltr align-start para-style-body\"><strong><span class=\"WdYUQQ text-decoration-none text-strikethrough-none\">COMPROM\u00cdS<\/span><\/strong><span class=\"WdYUQQ text-decoration-none text-strikethrough-none\"><strong>.<\/strong> Ens comprometem amb la societat com a agents de canvis social tenint <\/span><span class=\"WdYUQQ text-decoration-none text-strikethrough-none\">identificada la nostra missi\u00f3 i el prop\u00f2sit de la nostra entitat assegurant que tots els agents implicats puguin identificar-se i sentir-se compromesos.<\/span><\/p>\n<p class=\"_04xlpA direction-ltr align-start para-style-body\"><strong><span class=\"WdYUQQ text-decoration-none text-strikethrough-none\">IGUALTAT D\u2019OPORTUNITATS. <\/span><\/strong><span class=\"WdYUQQ text-decoration-none text-strikethrough-none\">Respectem i defensem totes les persones, vetllem per la igualtat d\u2019oportunitats entre dones i homes i rebutgem qualsevol tipus de discriminaci\u00f3 per cap ra\u00f3; per discapacitat, g\u00e8nere, cultura, edat, religi\u00f3 o qualsevol altra circumst\u00e0ncia personal, social o administrativa.<\/span><\/p>\n<p class=\"_04xlpA direction-ltr align-start para-style-body\"><strong><span class=\"WdYUQQ text-decoration-none text-strikethrough-none\">QUALITAT DE SERVEI I PROFESSIONALITAT.<\/span><\/strong><span class=\"WdYUQQ text-decoration-none text-strikethrough-none\"> Definim els serveis i gestionem els nostres recursos sota els principis de qualitat, amb efic\u00e0cia i efici\u00e8ncia, orientant-nos a les necessitats i expectatives dels nostres grups d\u2019inter\u00e8s. Promovem la implicaci\u00f3 dels equips professionals i voluntaris i tenim cura del seu benestar.<\/span><\/p>\n<p class=\"_04xlpA direction-ltr align-start para-style-body\"><strong><span class=\"WdYUQQ text-decoration-none text-strikethrough-none\">INDEPEND\u00c8NCIA.<\/span><\/strong><span class=\"WdYUQQ text-decoration-none text-strikethrough-none\"> Actuem i prenem decisions sense estar influenciats per interessos externs o pol\u00edtics. Mantenim la nostra independ\u00e8ncia amb una estructura de governan\u00e7a s\u00f2lida, evitem conflictes d\u2019interessos, garantim la transpar\u00e8ncia i la responsabilitat, establim pol\u00edtiques clares i som conscients de l\u2019entorn en el que realitzem la nostra acci\u00f3.<\/span><\/p>\n<h3><span style=\"color: #3ca5ba;\">FINS <hr><\/span><\/h3>\n<p class=\"_04xlpA direction-ltr align-start para-style-body\"><span class=\"WdYUQQ text-decoration-none text-strikethrough-none\">a) Defensar la completa<strong> inclusi\u00f3 i participaci\u00f3<\/strong> de les persones amb sordesa en la societat.<\/span><\/p>\n<p class=\"_04xlpA direction-ltr align-start para-style-body\"><span class=\"WdYUQQ text-decoration-none text-strikethrough-none\">b) Fomentar la <strong>llengua oral i la lectura labial<\/strong> com a principal sistema de comunicaci\u00f3, d\u2019acc\u00e9s a la llengua escrita i d\u2019inclusi\u00f3 en la societat.<\/span><\/p>\n<p class=\"_04xlpA direction-ltr align-start para-style-body\"><span class=\"WdYUQQ text-decoration-none text-strikethrough-none\">c) Defensar i garantir el dret de les persones amb sordesa a beneficiar-se dels avantatges <\/span><span class=\"WdYUQQ text-decoration-none text-strikethrough-none\">de les <strong>noves tecnologies<\/strong>: audi\u00f2fons, implants coclears, emissores FM, bucle magn\u00e8tic, subtitulaci\u00f3, entre d\u2019altres.<\/span><\/p>\n<p class=\"_04xlpA direction-ltr align-start para-style-body\"><span class=\"WdYUQQ text-decoration-none text-strikethrough-none\">d) Informar i garantir el dret als <strong>mitjans t\u00e8cnics i educatius<\/strong> per eliminar les barreres de <\/span><span class=\"WdYUQQ text-decoration-none text-strikethrough-none\">comunicaci\u00f3.<\/span><\/p>\n<p class=\"_04xlpA direction-ltr align-start para-style-body\"><span class=\"WdYUQQ text-decoration-none text-strikethrough-none\">e) Potenciar una <strong>educaci\u00f3 de qualitat en modalitat oral<\/strong> com a base per a una inclusi\u00f3 social <\/span><span class=\"WdYUQQ text-decoration-none text-strikethrough-none\">i laboral.<\/span><\/p>\n<p class=\"_04xlpA direction-ltr align-start para-style-body\"><span class=\"WdYUQQ text-decoration-none text-strikethrough-none\">f) Fomentar la <strong>formaci\u00f3 permanent i la inclusi\u00f3 laboral<\/strong> de les persones amb sordesa en el <\/span><strong><span class=\"WdYUQQ text-decoration-none text-strikethrough-none\">mercat laboral ordinari.<\/span><\/strong><\/p>\n<p class=\"_04xlpA direction-ltr align-start para-style-body\"><span class=\"WdYUQQ text-decoration-none text-strikethrough-none\">g) Potenciar la<strong> formaci\u00f3 i la investigaci\u00f3 sobre la sordesa<\/strong> en els camps sanitari, educatiu i <\/span><span class=\"WdYUQQ text-decoration-none text-strikethrough-none\">tecnol\u00f2gic.<\/span><\/p>\n<p class=\"_04xlpA direction-ltr align-start para-style-body\"><span class=\"WdYUQQ text-decoration-none text-strikethrough-none\">h) Garantir la <strong>detecci\u00f3 de la sordesa<\/strong> (screening auditiu universal) i l\u2019<strong>estimulaci\u00f3 auditiva <\/strong><\/span><span class=\"WdYUQQ text-decoration-none text-strikethrough-none\"><strong>primerenca<\/strong> en llengua oral.<\/span><\/p>\n<p class=\"_04xlpA direction-ltr align-start para-style-body\"><span class=\"WdYUQQ text-decoration-none text-strikethrough-none\">i) Potenciar la <strong>rehabilitaci\u00f3<\/strong> de les persones amb sordesa postlocutiva adultes, atenent a les <\/span><span class=\"WdYUQQ text-decoration-none text-strikethrough-none\">seves necessitats espec\u00edfiques.<\/span><\/p>\n<p class=\"_04xlpA direction-ltr align-start para-style-body\"><span class=\"WdYUQQ text-decoration-none text-strikethrough-none\">k) Respectar la diversitat de les persones amb sordesa i les seves <strong>necessitats individuals <\/strong><\/span><strong><span class=\"WdYUQQ text-decoration-none text-strikethrough-none\">de comunicaci\u00f3.<\/span><\/strong><\/p>\n<h3>\u00a0<\/h3>\n<h4><strong><span style=\"color: #3ca5ba;\">AMB SEGELL DE QUALITAT EFQM<\/span><\/strong><\/h4>\n<h4><span style=\"color: #3ca5ba;\"><a href=\"https:\/\/acapps.org\/web\/wp-content\/uploads\/2022\/03\/EFQM_SEGELL.jpg\"><img loading=\"lazy\" decoding=\"async\" class=\" wp-image-11844 alignleft\" src=\"https:\/\/acapps.org\/web\/wp-content\/uploads\/2022\/03\/EFQM_SEGELL-177x300.jpg\" alt=\"\" width=\"155\" height=\"263\" srcset=\"https:\/\/acapps.org\/web\/wp-content\/uploads\/2022\/03\/EFQM_SEGELL-177x300.jpg 177w, https:\/\/acapps.org\/web\/wp-content\/uploads\/2022\/03\/EFQM_SEGELL.jpg 590w\" sizes=\"(max-width: 155px) 100vw, 155px\" \/><\/a><\/span><\/h4>\n<h5>\u00a0<\/h5>\n<h5>\u00a0<\/h5>\n<h6><strong>El Club d&#8217;Excel\u00b7l\u00e8ncia en Gesti\u00f3 ha concedit, el febrer de 2022, la certificaci\u00f3 internacional SEGELL EFQM per un per\u00edode de tres anys, per la nostra gesti\u00f3 excel\u00b7lent, innovadora i sostenible basada en el Model EFQM.<hr><\/strong><\/h6>\n<h4>\u00a0<\/h4>\n<h4>\u00a0<\/h4>[\/vc_column_text][vc_row_inner][vc_column_inner][vc_column_text]<h3><strong><span style=\"color: #3ca5ba;\">LA NOSTRA BASE SOCIAL<\/span><\/strong><\/h3>\n<hr>\n<h3><strong>Les persones amb sordesa i les fam\u00edlies amb fills i filles amb sordesa s\u00f3n el motor de l&#8217;associaci\u00f3 ACAPPS.<\/strong><\/h3>\n<h3><strong>Som 1.504 persones i fam\u00edlies associades. Les fam\u00edlies i persones amb sordesa ateses pels serveis d&#8217;atenci\u00f3 i suport de l&#8217;entitat acaben de constituir la base social de l&#8217;associaci\u00f3 ACAPPS.<hr><\/strong><\/h3>[\/vc_column_text][vc_column_text][\/vc_column_text][vc_empty_space][vc_column_text]\n<h3><strong><span style=\"color: #3ca5ba;\">LA TEVA OPINI\u00d3 ENS IMPORTA<\/span><\/strong><\/h3>\n<hr>\n<p>Amb voluntat de millorar com a associaci\u00f3, si com a persones s\u00f2cies i\/o usu\u00e0ries de l&#8217;entitat ens voleu fer arribar una <strong>queixa, reclamaci\u00f3 o suggeriment<\/strong>, ho podeu fer omplint el seg\u00fcent formulari i fent-lo arribar\u00a0 a l&#8217;entitat, ja sigui per correu electr\u00f2nic <a href=\"acapps@acapps.org\">acapps@acapps.org,<\/a> per correu postal al c. Provid\u00e8ncia, 42, 4a planta o presencialment al c. N\u00e0pols, 351, baixos de Barcelona.<\/p>\n[\/vc_column_text][\/vc_column_inner][\/vc_row_inner][vc_row_inner][\/vc_row_inner][vc_column_inner][\/vc_column_inner][vc_column_text][\/vc_column_text][vc_row_inner][vc_column_inner][\/vc_column_inner][\/vc_row_inner][\/vc_column][vc_column][\/vc_column][\/vc_row][vc_row][vc_column][vc_column_text]\n\n\n<p><\/p>\n\n\n[\/vc_column_text][\/vc_column][\/vc_row]","protected":false},"excerpt":{"rendered":"<p>[vc_row][vc_column][vc_column_text] L&#8217;Associaci\u00f3 Catalana per a la Promoci\u00f3 de les Persones amb Sordesa (ACAPPS), creada l&#8217;any 1992, \u00e9s una entitat sense \u00e0nim de lucre declarada d&#8217;Utilitat P\u00fablica que t\u00e9 com a finalitat representar i defensar els drets de les persones amb discapacitat auditiva i de les seves fam\u00edlies. &nbsp; L&#8217;associaci\u00f3 ACAPPS t\u00e9 com a \u00e0mbit territorial Catalunya. &nbsp; L&#8217;associaci\u00f3 ACAPPS est\u00e0 inscrita al: Registre de Drets&#8230; <\/p>\n<p><a class=\"readmore\" href=\"https:\/\/acapps.org\/web\/acapps-3\/\">LLEGIR M\u00c9S<\/a><\/p>\n","protected":false},"author":3,"featured_media":0,"parent":0,"menu_order":0,"comment_status":"closed","ping_status":"closed","template":"","meta":{"footnotes":""},"_links":{"self":[{"href":"https:\/\/acapps.org\/web\/wp-json\/wp\/v2\/pages\/14546"}],"collection":[{"href":"https:\/\/acapps.org\/web\/wp-json\/wp\/v2\/pages"}],"about":[{"href":"https:\/\/acapps.org\/web\/wp-json\/wp\/v2\/types\/page"}],"author":[{"embeddable":true,"href":"https:\/\/acapps.org\/web\/wp-json\/wp\/v2\/users\/3"}],"replies":[{"embeddable":true,"href":"https:\/\/acapps.org\/web\/wp-json\/wp\/v2\/comments?post=14546"}],"version-history":[{"count":12,"href":"https:\/\/acapps.org\/web\/wp-json\/wp\/v2\/pages\/14546\/revisions"}],"predecessor-version":[{"id":16855,"href":"https:\/\/acapps.org\/web\/wp-json\/wp\/v2\/pages\/14546\/revisions\/16855"}],"wp:attachment":[{"href":"https:\/\/acapps.org\/web\/wp-json\/wp\/v2\/media?parent=14546"}],"curies":[{"name":"wp","href":"https:\/\/api.w.org\/{rel}","templated":true}]}}