{"id":15053,"date":"2024-07-01T07:32:18","date_gmt":"2024-07-01T07:32:18","guid":{"rendered":"https:\/\/acapps.org\/web\/?page_id=15053"},"modified":"2025-02-13T08:09:02","modified_gmt":"2025-02-13T08:09:02","slug":"servei_prestec_emissoresfm","status":"publish","type":"page","link":"https:\/\/acapps.org\/web\/servei_prestec_emissoresfm\/","title":{"rendered":"Servei de pr\u00e9stec d&#8217;emissores FM i m\u00e9s"},"content":{"rendered":"[vc_row][vc_column width=&#8221;1\/2&#8243;][vc_column_text]\n<h3><strong>Vols anar a una xerrada, fer un curs o tornar a gaudir d&#8217;una obra de teatre i no ho fas per por a no poder-ho seguir b\u00e9?<\/strong><\/h3>\n<p>&nbsp;<\/p>\n<h3><strong>A ACAPPS et donem solucions: <\/strong>deixem en pr\u00e9stec productes de suport, com les emissores FM i\u00a0 els sistemes bluetooth, que fan que el so t&#8217;arribi m\u00e9s clar, n\u00edtid i molt millor al teu audi\u00f2fon o implant coclear!<\/h3>\n<h3><\/h3>\n<p>&nbsp;<\/p>\n<h3><span style=\"color: #3da6bb;\">La nostra missi\u00f3: fer possible que les persones amb sordesa ho pugueu fer tot.<strong> Fer possible l&#8217;accessibilitat a la comunicaci\u00f3 perqu\u00e8 tots els entorns siguin inclusius i no deixin fora cap persona amb\u00a0 sordesa.\u00a0<\/strong><\/span><\/h3>\n[\/vc_column_text][\/vc_column][vc_column width=&#8221;1\/2&#8243;][vc_single_image image=&#8221;15058&#8243; img_size=&#8221;full&#8221; onclick=&#8221;custom_link&#8221; link=&#8221;https:\/\/acapps.org\/web\/wp-content\/uploads\/2024\/07\/Banc-de-Prestec_fulleto.pdf&#8221;][\/vc_column][\/vc_row][vc_row][vc_column width=&#8221;2\/3&#8243;][vc_column_text]\n<h5><strong><span style=\"color: #3ca5ba;\">QU\u00c8 \u00c9S EL SERVEI DE PR\u00c9STEC DE PRODUCTES DE SUPORT D&#8217;ACAPPS?<\/span><\/strong><\/h5>\n<p>\u00c9s un servei de la nostra \u00e0rea d&#8217;accessibilitat per a les persone si fam\u00edlies s\u00f2cies d&#8217;ACAPPS. T&#8217;informem i assessorem de quines solucions accessibles hi ha i que et poden ser molt \u00fatils en el teu dia a dia. A m\u00e9s, oferim en pr\u00e9stec emissores FM, sistemes bluetooth, sistemes d&#8217;alerta visual i altres productes de suport que pots consultar al nostre cat\u00e0leg.<\/p>\n<h5><span style=\"color: #3ca5ba;\"><strong>QUI POT DEMANAR-HO?<\/strong><\/span><\/h5>\n<p>Les persones amb p\u00e8rdua auditiva majors de 18 anys o les mares, pares o tutors\/es si s\u00f3n menors d&#8217;edat, residents a Catalunya.<\/p>\n<h5><span style=\"color: #3ca5ba;\"><strong>QUINS PRODUCTES DE SUPORT DEIXEU EN PR\u00c9STEC?<\/strong><\/span><\/h5>\n<p>La relaci\u00f3 de productes de suport a la comunicaci\u00f3 la podeu consultar en el Cat\u00e0leg del nostre servei. En aquests moments, deixem en concepte de pr\u00e9stec emissores FM, sistemes bluetooth i sistemes d&#8217;alerta visual.<\/p>\n<h5><span style=\"color: #3ca5ba;\"><strong>DURANT QUANT TEMPS PUC TENIR UN D&#8217;AQUESTS PRODUCTES (EMISSORA FM, SISTEMA BLUETOOTH,..) EN PR\u00c9STEC?\u00a0<\/strong><\/span><\/h5>\n<p>Podr\u00e0s tenir el suport, ja sigui una emissora FM, un sistema bluetooth o qualsevol altra producte, durant 15 dies. Passat el termini, haur\u00e0s de consultar amb el servei la possibilitat de prorrogar set dies m\u00e9s el suport i caldr\u00e0 comptar amb l&#8217;acceptaci\u00f3 de la sol\u00b7licitud.<\/p>\n<h5><span style=\"color: #3ca5ba;\"><strong>VULL DEMANAR UNA EMISSORA FM. QU\u00c8 HE DE FER PER TENIR-LA EN PR\u00c9STEC?\u00a0<\/strong><\/span><\/h5>\n<p>Nom\u00e9s cal que omplis el formulari de sol\u00b7licitud de pr\u00e9stec (aqu\u00ed) i ens l&#8217;envi\u00efs a <a href=\"mailto:accessibilitat@acapps.org\">accessibilitat@acapps.org<\/a>. En el termini m\u00e0xim de tres dies laborals rebr\u00e0s la resposta a la teva sol\u00b7licitud.<\/p>\n<h5><span style=\"color: #3ca5ba;\"><strong>QU\u00c8 FAIG SI TINC DUBTES EN EL SEU \u00daS?<\/strong><\/span><\/h5>\n<p>Si no n&#8217;has utilitzat mai cap, t&#8217;explicarem pr\u00e8viament al pr\u00e9stec el seu funcionament. A m\u00e9s, cada producte en pr\u00e9stec el cedirem amb el seu manual d&#8217;\u00fas aix\u00ed com indicacions de qu\u00e8 fer si tens un problema. Tamb\u00e9 et podr\u00e0s posar en contacte amb nosaltres a <a href=\"mailto:accessibilitat@acapps.org\">accessibilitat@acapps.org<\/a>.<\/p>\n<h5><span style=\"color: #3ca5ba;\"><strong>T\u00c9 ALGUN COST EL PR\u00c9STEC?\u00a0<\/strong><\/span><\/h5>\n<p>No, el nostre servei de pr\u00e9stec \u00e9s gratu\u00eft. Aix\u00f2 s\u00ed, se n&#8217;ha de fer un \u00fas responsable i mantenir el producte correctament durant el pr\u00e9stec, \u00e9s a dir: els productes s&#8217;han de tornar en les mateixes condicions en qu\u00e8 van ser prestats. En el cas de danys o p\u00e8rdues, cal notificar-ho immediatament a accessibilitat@acapps.org i es podr\u00e0 ser responsable dels costos de reparaci\u00f3 o reempla\u00e7ament.<\/p>\n<h5><span style=\"color: #3ca5ba;\"><strong>QU\u00c8 PASSA SI TORNO EL SISTEMA BLUETOOTH PASSAT EL TERMINI DEL PR\u00c9STEC?\u00a0<\/strong><\/span><\/h5>\n<p>El minimic o qualsevol altre dels productes del nostre Servei de Pr\u00e9stec es deixen per un per\u00edode de 15 dies. Per cada dia de retard en la seva devoluci\u00f3, caldr\u00e0 pagar un rec\u00e0rrec de 10 \u20ac.<\/p>\n<p>Si es vol allargar el pr\u00e9stec, cal sol\u00b7licitar-ho amb tres dies d&#8217;antel\u00b7laci\u00f3 al termini de devoluci\u00f3 i esperar-ne la resposta de confirmaci\u00f3<\/p>\n<h5><span style=\"color: #3ca5ba;\"><strong>A ON TORNO EL PRODUCTE EN PR\u00c9STEC?<\/strong><\/span><\/h5>\n<p>Qualsevol producte del nostre <a href=\"https:\/\/acapps.org\/web\/wp-content\/uploads\/2024\/07\/Banc-de-Prestec_fulleto.pdf\">Servei de Pr\u00e9stec<\/a> s&#8217;ha de tornar a ACAPPS (c. N\u00e0pols, 351, local. Barcelona) abans de la data de venciment del pr\u00e9stec. En tornar el producte utilitzat, caldr\u00e0 respondre a un formulari de valoraci\u00f3 perqu\u00e8 puguem avaluar i millorar el funcionament del servei.[\/vc_column_text][\/vc_column][vc_column width=&#8221;1\/3&#8243;]<article class=\"icon-box14\"><a href='https:\/\/acapps.org\/web\/wp-content\/uploads\/2024\/07\/Cataleg_Servei-de-prestec-1.pdf'><i class=\"fa-check-circle\" style=\" color:#3ca5ba;\"><\/i><\/a><h4>El Cat\u00e0leg del Servei de Pr\u00e9stec d'ACAPPS<\/h4><p>Consulta tots els productes i caracter\u00edstiques del nostre Servei de Pr\u00e9stec de productes de suport per a l&#8217;accessibilitat a la comunicaci\u00f3.<\/p><\/article>[vc_empty_space height=&#8221;50px&#8221;][vc_single_image image=&#8221;15067&#8243; img_size=&#8221;full&#8221; onclick=&#8221;custom_link&#8221; link=&#8221;mailto:accessibilitat@acapps.org&#8221;][vc_empty_space height=&#8221;50px&#8221;][vc_single_image image=&#8221;15070&#8243; img_size=&#8221;full&#8221;][\/vc_column][\/vc_row][vc_row][vc_column][vc_single_image image=&#8221;15148&#8243; img_size=&#8221;full&#8221; alignment=&#8221;center&#8221; onclick=&#8221;custom_link&#8221; link=&#8221;mailto:accessibilitat@acapps.org&#8221;][\/vc_column][\/vc_row][vc_row][vc_column][vc_row_inner][vc_column_inner][\/vc_column_inner][\/vc_row_inner][\/vc_column][\/vc_row]\n","protected":false},"excerpt":{"rendered":"<p>[vc_row][vc_column width=&#8221;1\/2&#8243;][vc_column_text] Vols anar a una xerrada, fer un curs o tornar a gaudir d&#8217;una obra de teatre i no ho fas per por a no poder-ho seguir b\u00e9? &nbsp; A ACAPPS et donem solucions: deixem en pr\u00e9stec productes de suport, com les emissores FM i\u00a0 els sistemes bluetooth, que fan que el so t&#8217;arribi m\u00e9s clar, n\u00edtid i molt millor al teu audi\u00f2fon o&#8230; <\/p>\n<p><a class=\"readmore\" href=\"https:\/\/acapps.org\/web\/servei_prestec_emissoresfm\/\">LLEGIR M\u00c9S<\/a><\/p>\n","protected":false},"author":3,"featured_media":0,"parent":0,"menu_order":0,"comment_status":"closed","ping_status":"closed","template":"","meta":{"footnotes":""},"_links":{"self":[{"href":"https:\/\/acapps.org\/web\/wp-json\/wp\/v2\/pages\/15053"}],"collection":[{"href":"https:\/\/acapps.org\/web\/wp-json\/wp\/v2\/pages"}],"about":[{"href":"https:\/\/acapps.org\/web\/wp-json\/wp\/v2\/types\/page"}],"author":[{"embeddable":true,"href":"https:\/\/acapps.org\/web\/wp-json\/wp\/v2\/users\/3"}],"replies":[{"embeddable":true,"href":"https:\/\/acapps.org\/web\/wp-json\/wp\/v2\/comments?post=15053"}],"version-history":[{"count":25,"href":"https:\/\/acapps.org\/web\/wp-json\/wp\/v2\/pages\/15053\/revisions"}],"predecessor-version":[{"id":15705,"href":"https:\/\/acapps.org\/web\/wp-json\/wp\/v2\/pages\/15053\/revisions\/15705"}],"wp:attachment":[{"href":"https:\/\/acapps.org\/web\/wp-json\/wp\/v2\/media?parent=15053"}],"curies":[{"name":"wp","href":"https:\/\/api.w.org\/{rel}","templated":true}]}}