{"id":15175,"date":"2024-08-16T06:50:24","date_gmt":"2024-08-16T06:50:24","guid":{"rendered":"https:\/\/acapps.org\/web\/?page_id=15175"},"modified":"2024-08-16T06:50:27","modified_gmt":"2024-08-16T06:50:27","slug":"politica-de-privacitat-3","status":"publish","type":"page","link":"https:\/\/acapps.org\/web\/politica-de-privacitat-3\/","title":{"rendered":"Pol\u00edtica de privacitat"},"content":{"rendered":"\n<p><strong>INTRODUCCI\u00d3<\/strong><\/p>\n\n\n\n<p>La seva privacitat \u00e9s important per a nosaltres, aix\u00ed que mitjan\u00e7ant aquest document us expliquem quines dades recollim dels usuaris, com els utilitzem i per a qu\u00e8, entre d&#8217;altres indicacions.<\/p>\n\n\n\n<p>Per a la seva informaci\u00f3, mai demanarem m\u00e9s informaci\u00f3 de la que realment necessitarem pels serveis requerits; mai la compartirem amb tercers, excepte per obligaci\u00f3 legal o amb la seva autoritzaci\u00f3 pr\u00e8via; i mai utilitzarem les seves dades per a una altra finalitat no indicada pr\u00e8viament.<\/p>\n\n\n\n<p>Com a usuaris, haur\u00e0 de llegir atentament aquesta Pol\u00edtica de privacitat de manera regular i sempre que introdueixi les seves dades personals, ja que aquest document pot patir modificacions per que el prestador pot modificar qualsevol tipus d&#8217;informaci\u00f3 que pogu\u00e9s apar\u00e8ixer al web per complir amb la normativa o actualitzar la pol\u00edtica, i sense que hi hagi l&#8217;obligaci\u00f3 de preavisar o posar en coneixement dels usuaris aquestes obligacions, sent suficient la publicaci\u00f3 al lloc web del prestador.<\/p>\n\n\n\n<p><strong>RESPONSABLE DEL TRACTAMENT:<\/strong><\/p>\n\n\n\n<p>Identitat:Associaci\u00f3 Catalana per a la Promoci\u00f3 de les Persones Sordes (tamb\u00e9 el prestador)<br>NIF: G60175577<br>Adre\u00e7a postal:\u00a0c\/ N\u00e0pols 351, 08025 Barcelona<br>Correu electr\u00f2nic:\u00a0acapps@acapps.org<br>Delegat de Protecci\u00f3 de Dades:\u00a0PYMELEGAL, S.L.<br>Contacte DPD:\u00a0\u00a0rgpd@acapps.org<\/p>\n\n\n\n<p>Associaci\u00f3 Catalana per a la Promoci\u00f3 de les Persones Sordes, com a responsable del lloc web, de conformitat amb el que disposa el Reglament (UE) 2016\/679 de 27 d&#8217;abril de 2016 (RGPD) relatiu a la protecci\u00f3 de les persones f\u00edsiques pel que fa al tractament de dades personals i a la lliure circulaci\u00f3 d&#8217;aquestes dades i la resta de normativa vigent en mat\u00e8ria de protecci\u00f3 de dades personals, i per la Llei 34\/2002, de 11 de juliol, de Serveis de la Societat de la Informaci\u00f3 i del Comer\u00e7 Electr\u00f2nic (LSSICE), li informa que t\u00e9 implementades les mesures de seguretat necess\u00e0ries, d\u2019\u00edndole t\u00e8cnica i organitzatives, per a garantir i protegir la confidencialitat, integritat i disponibilitat de les dades introdu\u00efdes.<\/p>\n\n\n\n<p><strong>M\u00c8TODE D&#8217;OBTENCI\u00d3 DE LES DADES i DADES QUE RECAPTEM:<\/strong><\/p>\n\n\n\n<p>Les dades que recollim i la manera com les obtenim \u00e9s la seg\u00fcent:<\/p>\n\n\n\n<ul>\n<li><strong>Formularis de contacte i\/o requeriment de la informaci\u00f3:<\/strong>\n<ul>\n<li><strong>Dades requerides<\/strong>: nom, email, tel\u00e8fon<\/li>\n\n\n\n<li><strong>Finalitat<\/strong>: per respondre a les consultes i\/o proporcionar informacions requerides per l\u2019usuari.<\/li>\n\n\n\n<li><strong>Legitimaci\u00f3<\/strong>: Consentiment de l\u2019 usuari<\/li>\n<\/ul>\n<\/li>\n\n\n\n<li><strong>Formulari de subscripci\u00f3 a la newsletter<\/strong>:\n<ul>\n<li><strong>Dades requerides<\/strong>: email<\/li>\n\n\n\n<li><strong>Finalitat<\/strong>: Enviar-te informaci\u00f3 comercial del teu inter\u00e8s sobre les nostres activitats a trav\u00e9s del mail<\/li>\n\n\n\n<li><strong>Legitimaci\u00f3<\/strong>: Consentiment de l\u2019 usuari<\/li>\n<\/ul>\n<\/li>\n\n\n\n<li><strong>Dur a terme la relaci\u00f3 contractual i les gestions administratives, fiscals i comptables <\/strong>an\u00e0logues i que siguin necess\u00e0ries en virtut de la legislaci\u00f3 vigent\n<ul>\n<li><strong>Dades requerides<\/strong>: nom i cognoms, tel\u00e8fon, direcci\u00f3, DNI, email, firma, dades bancaries<\/li>\n\n\n\n<li><strong>Finalitat<\/strong>: dur a terme la prestaci\u00f3 dels serveis contractats i la gesti\u00f3 comercial, fiscal i administrativa interna<\/li>\n\n\n\n<li><strong>Legitimaci\u00f3<\/strong>: relaci\u00f3 contractual i d\u2019associacionisme<\/li>\n<\/ul>\n<\/li>\n\n\n\n<li><strong>Whatsapp: <\/strong>En l\u2019apartat WhatsApp de la present pol\u00edtica es detalla el seu \u00fas.<\/li>\n<\/ul>\n\n\n\n<p>Les fotografies que estiguin penjades al web s\u00f3n propietat de Associaci\u00f3 Catalana per a la Promoci\u00f3 de les Persones Sordes, incloent les dels menors, en les quals, per a l&#8217;obtenci\u00f3 d&#8217;aquestes, s&#8217;ha obtingut el consentiment previ dels pares, tutors o representants legals mitjan\u00e7ant la signatura dels formularis realitzats per aquest efecte pels centres en els quals els menors formen part. No obstant aix\u00f2, els pares, tutors o representants dels menors, com a titulars de l&#8217;exercici dels drets d&#8217;aquests, i sempre previ requeriment formal per escrit, poden indicar la negativa a l&#8217;\u00fas de la imatge del menor; en aquest cas, la imatge es mostrar\u00e0 pixel\u00b7lada.<\/p>\n\n\n\n<p>Pot revocar en qualsevol moment el seu consentiment remetent un escrit amb l&#8217;assumpte &#8220;Baixa&#8221; a l\u2019 e-mail ressenyat a dalt.<\/p>\n\n\n\n<p>D&#8217;acord amb la LSSICE, Associaci\u00f3 Catalana per a la Promoci\u00f3 de les Persones Sordes no realitza pr\u00e0ctiques de SPAM, per tant, no envia correus comercials per e-mail que no hagin estat pr\u00e8viament sol\u00b7licitats o autoritzats per l&#8217;Usuari. En conseq\u00fc\u00e8ncia, en totes les comunicacions que rebr\u00e0 del prestador, l&#8217;usuari t\u00e9 la possibilitat de cancel\u00b7lar el seu consentiment expr\u00e9s per rebre les nostres comunicacions.<\/p>\n\n\n\n<p>No tractarem les seves dades personals per a cap altra finalitat de les descrites excepte per obligaci\u00f3 legal o requeriment judicial.<\/p>\n\n\n\n<p>No ser\u00e0 objecte de decisions basades en tractaments automatitzats que produeixin efectes sobre les seves dades.<\/p>\n\n\n\n<p><strong>TERMINI DE CONSERVACI\u00d3 DE LES DADES:<\/strong><\/p>\n\n\n\n<p>Les seves dades es conservaran mentre duri la relaci\u00f3 comercial amb nosaltres o exerceix el seu dret de cancel\u00b7laci\u00f3 o oposici\u00f3, o limitaci\u00f3 al tractament. Tanmateix, conservarem les vostres dades en els terminis legalment previstos en les disposicions aplicables.<\/p>\n\n\n\n<p><strong>DESTINATARIS DE CESSIONS O TRANSFER\u00c8NCIES:<\/strong><\/p>\n\n\n\n<p>Associaci\u00f3 Catalana per a la Promoci\u00f3 de les Persones Sordesno porta a terme cap cessi\u00f3 o comunicaci\u00f3 de dades ni dins ni fora de la UE. El prestador \u00fanicament facilitar\u00e0 informaci\u00f3 a les forces i cossos de seguretat sota ordre judicial o per obligaci\u00f3 d&#8217;una norma legal, sense perjudici de poder bloquejar o cancel\u00b7lar el seu compte si pot haver-hi indicis de la comissi\u00f3 d&#8217;algun delicte per part de l&#8217;usuari. La informaci\u00f3 facilitada ser\u00e0 nom\u00e9s la que disposi en aquest moment el prestador.<\/p>\n\n\n\n<p>La informaci\u00f3 que vost\u00e8 ens proporcioni tant a trav\u00e9s d&#8217;aquest lloc web ser\u00e0 allotjada en els servidors de Associaci\u00f3 Catalana per a la Promoci\u00f3 de les Persones Sordes, contractats a l&#8217;empresa que presta el servei d\u2019allotjament de la web. El tractament de les dades de l&#8217;entitat es troba regulat mitjan\u00e7ant un contracte d&#8217;encarregat del tractament entre el prestador i aquesta empresa. En cap cas aquest encarregat del tractament subcontractar\u00e0 serveis que comportin algun tractament de dades per tercers sense el nostre consentiment previ.<\/p>\n\n\n\n<p>Aix\u00ed mateix, el prestador utilitza determinades eines per prestar serveis necessaris per al desenvolupament de l&#8217;activitat, podent emmagatzemar les seves dades. Aquestes eines s\u00f3n les seg\u00fcents:<\/p>\n\n\n\n<p><strong>Google Analytics: <\/strong>per realitzar un an\u00e0lisi i m\u00e8trica de l&#8217;\u00fas que els usuaris fan del web a trav\u00e9s de les cookies. La informaci\u00f3 que generen i recopilen aquestes cookies sobre l&#8217;\u00fas (incloent l&#8217;adre\u00e7a IP) ser\u00e0 directament transmesa i arxivada per Google Inc, situada a Delaware, 1600 Amphitheatre Parkway, Muntain View (Calif\u00f2rnia), CA 94043 d&#8217;Estats Units (&#8220;Google&#8221;) , en els seus servidors d&#8217;Estats Units.<\/p>\n\n\n\n<p><strong>Email M\u00e0rqueting: <\/strong>s&#8217;utilitza per al servei de mail m\u00e0rqueting: MailChimp<\/p>\n\n\n\n<p><strong>Comunicaci\u00f3 de xat en viu: <\/strong>s&#8217;utilitza per al servei de comunicaci\u00f3 de xat en viu: WhatsApp<\/p>\n\n\n\n<p><strong>DRETS DE LES PERSONES INTERESSADES:<\/strong><\/p>\n\n\n\n<p>Com a usuari-interessat, pot sol\u00b7licitar l&#8217;exercici dels seg\u00fcents drets davant Associaci\u00f3 Catalana per a la Promoci\u00f3 de les Persones Sordes presentant un escrit a l&#8217;adre\u00e7a postal de l&#8217;encap\u00e7alament o enviant un correu electr\u00f2nic a acapps@acapps.org, indicant com Assumpte: &#8220;PROTECCI\u00d3 DE DADES: DRETS DELS AFECTATS&#8221;.<\/p>\n\n\n\n<p>Drets:<\/p>\n\n\n\n<ul>\n<li><strong>Dret d&#8217;acc\u00e9s: <\/strong>permet a l&#8217;interessat con\u00e8ixer i obtenir informaci\u00f3 sobre les seves dades de car\u00e0cter personal sotmeses a tractament.<\/li>\n\n\n\n<li><strong>Dret de rectificaci\u00f3 o supressi\u00f3<\/strong>: permet corregir errors i modificar les dades que resultin ser inexactes o incompletes.<\/li>\n\n\n\n<li><strong>Dret de cancel\u00b7laci\u00f3: <\/strong>permet que se suprimeixin les dades que siguin inadequades o excessives.<\/li>\n\n\n\n<li><strong>Dret d&#8217;oposici\u00f3: <\/strong>dret de l&#8217;interessat a que no es dugui a terme el tractament de les seves dades de car\u00e0cter personal o se cessi en el mateix.<\/li>\n\n\n\n<li><strong>Limitaci\u00f3 del tractament: <\/strong>comporta el marcat de les dades personals conservades, amb la finalitat de limitar el seu futur tractament, per a l&#8217;exercici o la defensa de reclamacions.<\/li>\n\n\n\n<li><strong>Portabilitat de les dades<\/strong>: facilitaci\u00f3 de les dades objecte de tractament a l&#8217;interessat, per tal que aquest pugui transmetre a un altre responsable, sense impediments.<\/li>\n\n\n\n<li><strong>Dret a no ser objecte de decisions individuals automatitzades (inclosa l&#8217;elaboraci\u00f3 de perfils): <\/strong>dret a no ser objecte d&#8217;una decisi\u00f3 basada en el tractament automatitzat que produeixi efectes o afecti significativament.<\/li>\n<\/ul>\n\n\n\n<p>Com a usuari, t\u00e9 dret a retirar el consentiment donat en qualsevol moment. La retirada del consentiment no afectar\u00e0 la licitud del tractament efectuat abans de la retirada del consentiment.<\/p>\n\n\n\n<p>Tamb\u00e9 t\u00e9 dret a presentar una reclamaci\u00f3 davant l&#8217;autoritat de control si considera que poden haver-se vist vulnerats els seus drets en relaci\u00f3 a la protecci\u00f3 de les seves dades (<a href=\"https:\/\/www.aepd.es\/es\">aepd.es<\/a>).<\/p>\n\n\n\n<p><strong>INFORMACI\u00d3 ADDICIONAL:<\/strong><\/p>\n\n\n\n<p><strong>MESURES DE SEGURETAT<\/strong><br>Les dades que ens faciliti es tractaran de forma confidencial. El prestador ha adoptat totes les mesures t\u00e8cniques i organitzatives i tots els nivells de protecci\u00f3 necessaris per a garantir la seguretat en el tractament de les dades i evitar la seva alteraci\u00f3, p\u00e8rdua, robatori, tractament o acc\u00e9s no autoritzat, d&#8217;acord l&#8217;estat de la tecnologia i naturalesa de les dades emmagatzemades. Aix\u00ed mateix, es garanteix tamb\u00e9 que el tractament i registre en fitxers, programes, sistemes o equips, locals i centres compleixen amb els requisits i condicions d&#8217;integritat i seguretat establertes en la normativa vigent.<\/p>\n\n\n\n<p><strong>IDIOMA<\/strong><br>L&#8217;idioma aplicable a aquesta pol\u00edtica de privacitat \u00e9s el catal\u00e0. Per tant, en cas que hi hagu\u00e9s alguna contradicci\u00f3 en alguna de les versions facilitades en altres idiomes, prevaldr\u00e0 la versi\u00f3 en catal\u00e0.<\/p>\n\n\n\n<p><strong>XARXES SOCIALS<\/strong><br>L&#8217;informem que Associaci\u00f3 Catalana per a la Promoci\u00f3 de les Persones Sordes pot tenir pres\u00e8ncia en xarxes socials. El tractament de les dades que es dugui a terme de les persones que es facin seguidores a les xarxes socials (i\/o realitzin qualsevol vincle o acci\u00f3 de connexi\u00f3 a trav\u00e9s de les xarxes socials) de les p\u00e0gines oficials de Associaci\u00f3 Catalana per a la Promoci\u00f3 de les Persones Sordes es regir\u00e0 per aquest apartat, aix\u00ed com per aquelles condicions d&#8217;\u00fas, pol\u00edtiques de privacitat i normatives d&#8217;acc\u00e9s que pertanyin a la xarxa social que procedeixi en cada cas i acceptades pr\u00e8viament per l&#8217;usuari.<\/p>\n\n\n\n<p>Associaci\u00f3 Catalana per a la Promoci\u00f3 de les Persones Sordes tractar\u00e0 les seves dades amb les finalitats d&#8217;administrar correctament la seva pres\u00e8ncia a la xarxa social, informant d&#8217;activitats, productes o serveis del prestador, aix\u00ed com per a qualsevol altra finalitat que les normatives de les Xarxes Socials permetin.<\/p>\n\n\n\n<p>Queda prohibida la publicaci\u00f3 de continguts:<\/p>\n\n\n\n<ul>\n<li>Que siguin presumptament il\u00b7l\u00edcits per la normativa nacional, comunit\u00e0ria o internacional o que realitzin activitats presumptament il\u00b7l\u00edcites o contravinguin els principis de la bona fe.<\/li>\n\n\n\n<li>Que atemptin contra els drets fonamentals de les persones, faltin a la cortesia dins la xarxa, molestin o puguin generar opinions negatives dels nostres usuaris o tercers i en general qualsevol contingut que Associaci\u00f3 Catalana per a la Promoci\u00f3 de les Persones Sordes consideri inapropiats.<\/li>\n\n\n\n<li>I en general que contravinguin els principis de legalitat, honradesa, responsabilitat, protecci\u00f3 de la dignitat humana, protecci\u00f3 de menors, protecci\u00f3 de l&#8217;ordre p\u00fablic, la protecci\u00f3 de la vida privada, la protecci\u00f3 del consumidor i els drets de propietat intel\u00b7lectual i industrial.<\/li>\n<\/ul>\n\n\n\n<p>Aix\u00ed mateix, Associaci\u00f3 Catalana per a la Promoci\u00f3 de les Persones Sordes es reserva la potestat de retirar, sense previ av\u00eds, del lloc web o de la xarxa social corporativa aquells continguts que es consideren inadequats.<\/p>\n\n\n\n<p>En tot cas, si V\u00e8. remet informaci\u00f3 personal a trav\u00e9s de la xarxa social, Associaci\u00f3 Catalana per a la Promoci\u00f3 de les Persones Sordes quedar\u00e0 exempt de responsabilitat en relaci\u00f3 a les mesures de seguretat aplicables a la present plataforma i l\u2019usuari, en cas de voler con\u00e8ixer-les, ha de consultar les corresponents condicions particulars de la xarxa en q\u00fcesti\u00f3.<\/p>\n\n\n\n<p><strong>ENVIAMENT CV<\/strong><br>En el cas que l&#8217;usuari envi\u00ef el seu CV a trav\u00e9s del nostre web, us informem que les dades aportades seran tractades per fer-lo part\u00edcip dels processos de selecci\u00f3 que hi pugui haver, portant a terme una an\u00e0lisi del perfil del sol\u00b7licitant amb l&#8217;objectiu de seleccionar el millor candidat per la vacant del Responsable. Informem que aquest \u00e9s l&#8217;\u00fanic procediment oficial per acceptar el seu curr\u00edculum, de manera que no s&#8217;acceptaran els curr\u00edculums remesos per un altre procediment diferent. En cas de produir-se alguna modificaci\u00f3 en les dades, li preguem ens ho comuniqui per escrit el m\u00e9s aviat possible, a fi de mantenir les seves dades degudament actualitzades.<\/p>\n\n\n\n<p>Les dades es conservaran durant un termini m\u00e0xim d&#8217;un any transcorregut el qual es procedir\u00e0 a la supressi\u00f3 de les dades garantint un total respecte de la confidencialitat, tant en el tractament com en la seva posterior destrucci\u00f3. En aquest sentit, transcorregut l&#8217;esmentat termini i si desitja continuar participant en els processos de selecci\u00f3 del Responsable, li preguem ens remeti novament el seu curr\u00edculum.<\/p>\n\n\n\n<p><strong>CANVIS EN LA PRESENT POL\u00cdTICA DE PRIVACITAT<\/strong><br>Associaci\u00f3 Catalana per a la Promoci\u00f3 de les Persones Sordes es reserva el dret a modificar la present pol\u00edtica per adaptar-la a novetats legislatives o jurisprudencials.<\/p>\n\n\n\n<p><strong>REVOCABILITAT<\/strong><br>El consentiment prestat, tant pel tractament com per a la cessi\u00f3 de les dades dels interessats, \u00e9s revocable en qualsevol moment comunicant-ho a Associaci\u00f3 Catalana per a la Promoci\u00f3 de les Persones Sordes en els termes que estableix aquesta Pol\u00edtica per a l&#8217;exercici dels drets. Aquesta revocaci\u00f3 en cap cas tindr\u00e0 car\u00e0cter retroactiu.<\/p>\n\n\n\n<p><strong>LEGISLACI\u00d3<\/strong><br>Amb car\u00e0cter general les relacions entre Associaci\u00f3 Catalana per a la Promoci\u00f3 de les Persones Sordes amb els Usuaris dels seus serveis telem\u00e0tics, presents en aquesta web, estan sotmesos a la legislaci\u00f3 i jurisdicci\u00f3 espanyola a la qual se sotmeten expressament les parts, sent competents per a la resoluci\u00f3 de tots els conflictes derivats o relacionats amb el seu \u00fas, els Jutjats i Tribunals de Barcelona.<\/p>\n\n\n\n<p><\/p>\n","protected":false},"excerpt":{"rendered":"<p>INTRODUCCI\u00d3 La seva privacitat \u00e9s important per a nosaltres, aix\u00ed que mitjan\u00e7ant aquest document us expliquem quines dades recollim dels usuaris, com els utilitzem i per a qu\u00e8, entre d&#8217;altres indicacions. Per a la seva informaci\u00f3, mai demanarem m\u00e9s informaci\u00f3 de la que realment necessitarem pels serveis requerits; mai la compartirem amb tercers, excepte per obligaci\u00f3 legal o amb la seva autoritzaci\u00f3 pr\u00e8via; i mai&#8230; <\/p>\n<p><a class=\"readmore\" href=\"https:\/\/acapps.org\/web\/politica-de-privacitat-3\/\">LLEGIR M\u00c9S<\/a><\/p>\n","protected":false},"author":3,"featured_media":0,"parent":0,"menu_order":0,"comment_status":"closed","ping_status":"closed","template":"","meta":{"footnotes":""},"_links":{"self":[{"href":"https:\/\/acapps.org\/web\/wp-json\/wp\/v2\/pages\/15175"}],"collection":[{"href":"https:\/\/acapps.org\/web\/wp-json\/wp\/v2\/pages"}],"about":[{"href":"https:\/\/acapps.org\/web\/wp-json\/wp\/v2\/types\/page"}],"author":[{"embeddable":true,"href":"https:\/\/acapps.org\/web\/wp-json\/wp\/v2\/users\/3"}],"replies":[{"embeddable":true,"href":"https:\/\/acapps.org\/web\/wp-json\/wp\/v2\/comments?post=15175"}],"version-history":[{"count":2,"href":"https:\/\/acapps.org\/web\/wp-json\/wp\/v2\/pages\/15175\/revisions"}],"predecessor-version":[{"id":15177,"href":"https:\/\/acapps.org\/web\/wp-json\/wp\/v2\/pages\/15175\/revisions\/15177"}],"wp:attachment":[{"href":"https:\/\/acapps.org\/web\/wp-json\/wp\/v2\/media?parent=15175"}],"curies":[{"name":"wp","href":"https:\/\/api.w.org\/{rel}","templated":true}]}}