{"id":16296,"date":"2025-12-10T10:51:10","date_gmt":"2025-12-10T10:51:10","guid":{"rendered":"https:\/\/acapps.org\/web\/?page_id=16296"},"modified":"2025-12-22T08:26:27","modified_gmt":"2025-12-22T08:26:27","slug":"29anysjornadesacapps","status":"publish","type":"page","link":"https:\/\/acapps.org\/web\/29anysjornadesacapps\/","title":{"rendered":"29AnysJornadesACAPPS"},"content":{"rendered":"[vc_row][vc_column][vc_row_inner][vc_column_inner width=&#8221;1\/2&#8243;][vc_single_image image=&#8221;16409&#8243; img_size=&#8221;full&#8221;][\/vc_column_inner][vc_column_inner width=&#8221;1\/2&#8243;][vc_column_text]<p><\/p>\n<h3><span style=\"color: #000000;\"><strong>La regeneraci\u00f3 auditiva, la cobertura universal de les pr\u00f2tesis i l\u2019aplicaci\u00f3 del Codi d\u2019Accessibilitat en l\u2019\u00e0mbit cultural han centrat les 29es Jornades de la Federaci\u00f3 ACAPPS. L\u2019acte central de la segona edici\u00f3 del Cicle de Coneixement i Formaci\u00f3 en Sordesa Oralista es va celebrar el passat 22 de novembre a l\u2019Auditori de l\u2019ONCE Catalunya i va comptar amb la presentaci\u00f3 de S\u00edlvia Jan\u00e9 i S\u00f2nia Cegarra, representants d\u2019ACAPPS Pened\u00e8s-Garraf.<\/strong><\/span><\/h3>\n<p>&nbsp;<\/p>\n<p><\/p>\n<p><\/p>\n<p><\/p>[\/vc_column_text][\/vc_column_inner][\/vc_row_inner][vc_row_inner][vc_column_inner]<div class=\"max-title5\"><h3>Continguts de qualitat i grans moments<\/h2><\/div>[vc_column_text]\n<h4>Celebrem una nova edici\u00f3 de les jornades complint l\u2019objectiu d\u2019aquest projecte: ser un <strong>espai de trobada i d\u2019intercanvi<\/strong>\u00a0de coneixement i d\u2019experi\u00e8ncies entorn la discapacitat auditiva i per ser una plataforma de projecci\u00f3 de les iniciatives i projectes en qu\u00e8 estem col\u00b7laborant per una societat inclusiva. I sobretot, <strong>un espai referent per fer visible, cada any, el col\u00b7lectiu de les persones amb sordesa que es comuniquen oralment i les seves necessitats.<\/strong><\/h4>\n<h4>\u00a0<\/h4>\n<h4>Volem agrair tamb\u00e9 molt especialment, a les entitats col\u00b7laboradores per fer possible les Jornades: <strong>departament de Drets Socials i Inclusi\u00f3, Fundaci\u00f3n ONCE, Confederaci\u00f3n FIAPAS, Advanced Bionics, Arrecife Audiologia, Centre Auditius Aural, GAES marca d\u2019Amplifon i Medel.<\/strong><\/h4>\n<p>\u00a0<\/p>\n<h3><span style=\"color: #009fbc;\"><strong>Reviu o descobreix tots els moments de les Jornades, amb subtitulaci\u00f3 i a un clic!<\/strong><\/span><\/h3>\n[\/vc_column_text][\/vc_column_inner][\/vc_row_inner][vc_row_inner][vc_column_inner width=&#8221;1\/2&#8243;][vc_single_image image=&#8221;16438&#8243; img_size=&#8221;full&#8221;][\/vc_column_inner][vc_column_inner width=&#8221;1\/2&#8243;][vc_column_text]<h3><strong>Unes jornades presentades per representants d&#8217;ACAPPS Garraf-Pened\u00e8s<\/strong><br \/><br \/><\/h3>[\/vc_column_text][vc_column_text]<p><strong>V<\/strong>olem destacar, i agrair, la presentaci\u00f3 de les jornades a c\u00e0rrec de\u00a0<strong>S\u00edlvia Jan\u00e9\u00a0<\/strong>i de\u00a0<strong>S\u00f2nia Cegarra<\/strong>, membres de la Junta Directiva d&#8217;ACAPPS Garraf-Pened\u00e8s.\u00a0<\/p>[\/vc_column_text][\/vc_column_inner][\/vc_row_inner]<article class=\"icon-box14\"><a href='https:\/\/acapps.org\/web\/wp-content\/uploads\/2025\/12\/Programa-29es-Jornades-Federacio-ACAPPS-de-formacio-en-modalitat-oral-2025.pdf'><i class=\"fa-thumb-tack\" style=\" color:#3ca5ba;\"><\/i><\/a><h4>El Programa<\/h4><p>Programa de la 29a edici\u00f3 de les Jornades de la Federaci\u00f3 ACAPPS.<\/p><\/article>[vc_row_inner][vc_column_inner width=&#8221;1\/2&#8243;][vc_column_text]\n<h3>\u00a0<\/h3>\n<h1 class=\"has-text-color\"><span style=\"color: #000000;\">La\u00a0<strong>inauguraci\u00f3<hr><\/strong><\/span><\/h1>\n<p><span lang=\"ES\">La consellera de Recerca i Universitats, N\u00faria Montserrat, va inaugurar l\u2019acte i<strong> va agrair la \u201cfeina constant i compromesa\u201d de la Federaci\u00f3 ACAPPS<\/strong>. Montserrat va reafirmar el comprom\u00eds del Govern per garantir que \u201cla recerca i el coneixement serveixin per construir <strong>una societat que no deixi ning\u00fa enrere<\/strong>\u201d.<\/span><\/p>\n<p><span lang=\"ES\">La taula inaugural tamb\u00e9 va comptar amb la participaci\u00f3 de Jordi Oliva, responsable t\u00e8cnic d\u2019accessibilitat de la Direcci\u00f3 General d\u2019Autonomia Personal i la Discapacitat del Departament de Drets Socials i Inclusi\u00f3; Dolors Luna, cap dels serveis socials de l\u2019ONCE a Catalunya; Ma. Carmen Sacacia, presidenta de la Confederaci\u00f3n FIAPAS; i Raimon Jan\u00e9, president de la Federaci\u00f3 ACAPPS, que va subratllar <strong>la import\u00e0ncia de la col\u00b7laboraci\u00f3 i el treball conjunt per avan\u00e7ar en els \u00e0mbits de la salut, l\u2019accessibilitat i la cultura.<\/strong><\/span><\/p>\n[\/vc_column_text][\/vc_column_inner][vc_column_inner width=&#8221;1\/2&#8243;][vc_images_carousel images=&#8221;16440,16324,16322,16323,16321,16320&#8243; img_size=&#8221;full&#8221;][\/vc_column_inner][\/vc_row_inner][vc_row_inner][vc_column_inner width=&#8221;1\/2&#8243;][vc_video link=&#8221;https:\/\/youtu.be\/uUoZl8oDGIY&#8221; title=&#8221;N\u00faria Montserrat, consellera de Recerca i Universitats, inaugura les Jornades 2025.&#8221;][vc_video link=&#8221;https:\/\/youtu.be\/YylhQN25FLk&#8221; title=&#8221;Dolors Luna, cap dels serveis socials de l&#8217;ONCE a Catalunya&#8221;][\/vc_column_inner][vc_column_inner width=&#8221;1\/2&#8243;][vc_video link=&#8221;https:\/\/youtu.be\/CvcKgh8TzlE&#8221; title=&#8221;Jordi Oliva, responsable t\u00e8cnic d&#8217;accessibilitat del Departament de Drets Socials&#8221;][\/vc_column_inner][\/vc_row_inner][vc_row_inner][vc_column_inner][vc_column_text]\n<h1><span style=\"color: #000000;\">Pon\u00e8ncia <strong>inaugural<hr><\/strong><\/span><\/h1>\n[\/vc_column_text][vc_column_text]\n<h4><strong>La manipulaci\u00f3 de c\u00e8l\u00b7lules mare pluripotents ha generat noves esperances en la medicina regenerativa, especialment en condicions que encara no tenen un tractament curatiu, com les hipoac\u00fasies neurosensorials.<\/strong><\/h4>\n<p>\u00a0<\/p>\n<h4>Mitjan\u00e7ant experiments in vitro i en models animals han demostrat que es poden generar les c\u00e8l\u00b7lules adequades al tub d\u2019assaig, i que aquestes poden restaurar la funci\u00f3 en un model d\u2019hipoac\u00fasia neuronal. A m\u00e9s, han completat el proc\u00e9s de transfer\u00e8ncia t\u00e8cnica per a la manufactura de les c\u00e8l\u00b7lules seguint els estrictes est\u00e0ndards industrials necessaris per a la seva aplicaci\u00f3 cl\u00ednica. En aquest moment, es troben a les portes dels primers assaigs cl\u00ednics en humans, combinant-ne l\u2019\u00fas amb implants coclears.<\/h4>\n[\/vc_column_text][\/vc_column_inner][\/vc_row_inner][vc_row_inner][vc_column_inner width=&#8221;1\/2&#8243;][vc_column_text]<h5><span style=\"color: #009fbc;\"><strong>Aven\u00e7os recents en el desenvolupament d&#8217;una ter\u00e0pia cel\u00b7lular per al tractament de la p\u00e8rdua auditiva.\u00a0<\/strong><\/span><\/h5>\n<h5><span style=\"color: #009fbc;\">Marcelo Rivolta. Professor de la Universitat de Scheffield del Regne Unit.<hr><\/span><\/h5>\n<p>La regeneraci\u00f3 auditiva va centrar la primera pon\u00e8ncia de les Jornades de la Federaci\u00f3 ACAPPS. El professor Marcelo Rivolta, de la Universitat de Sheffield del Regne Unit, ens va presentar una recerca pionera al m\u00f3n sobre una ter\u00e0pia cel\u00b7lular per al tractament de la p\u00e8rdua auditiva. \u201cHi ha un alt grau d\u2019optimisme per comen\u00e7ar els assajos cl\u00ednics al 2026\u201d, ha celebrat Rivolta. En aquest sentit, el professor va exposar exposat el treball per a la regeneraci\u00f3 de les neurones auditives a partir de c\u00e8l\u00b7lules mare pluripotents indu\u00efdes, que de confirmar-se les expectatives de l\u2019assaig cl\u00ednic, podrien ser un complement a l\u2019implant coclear per a persones amb sordesa amb presbiac\u00fasia i neuropatia auditiva.<\/p>\n<p>Raimon Jan\u00e9, president de la Federaci\u00f3 ACAPPS, va presentar la confer\u00e8ncia inaugural.<\/p>[\/vc_column_text][vc_column_text]\n<h3 style=\"text-align: center;\"><span style=\"color: #3ca5ba;\">\u201cHi ha un alt grau d\u2019optimisme per comen\u00e7ar els assajos cl\u00ednics al 2026&#8243;.<hr><\/span><\/h3>\n[\/vc_column_text][\/vc_column_inner][vc_column_inner width=&#8221;1\/2&#8243;][vc_images_carousel images=&#8221;16332,16333&#8243; img_size=&#8221;full&#8221;][vc_video link=&#8221;https:\/\/youtu.be\/fAaKSh9feMI&#8221; title=&#8221;Marcelo Rivolta, professor Universitat de Sheffield, Regne Unit&#8221;][\/vc_column_inner][\/vc_row_inner][vc_row_inner][vc_column_inner][vc_column_text]\n<h1 style=\"text-align: left;\"><span style=\"color: #000000;\"><strong>Drets<\/strong>.<hr><\/span><\/h1>\n[\/vc_column_text][vc_column_text]\n<h4>A Fran\u00e7a, aquest any s\u2019ha fet universal la cobertura d\u2019audi\u00f2fons per a totes les persones amb p\u00e8rdua auditiva. Volem saber com ha estat el proc\u00e9s, quina \u00e9s la f\u00f3rmula concreta que s\u2019ha aplicat i com s\u2019est\u00e0 desenvolupant actualment l\u2019experi\u00e8ncia.<\/h4>\n[\/vc_column_text][\/vc_column_inner][\/vc_row_inner][vc_row_inner][vc_column_inner width=&#8221;1\/2&#8243;][vc_column_text]\n<h5><span style=\"color: #009fbc;\"><strong>Cap a una ampliaci\u00f3 de la cobertura de les pr\u00f2tesis auditives<hr><\/strong><\/span><\/h5>\n<p><span lang=\"ES\">La primera taula rodona de les Jornades de la Federaci\u00f3 ACAPPS va centrar-se en l\u2019<strong>ampliaci\u00f3 de la cobertura universal de les pr\u00f2tesis auditives.<\/strong> Com a inici, vam poder escoltar l&#8217;experi\u00e8ncia de Fran\u00e7a, on des d&#8217;aquest any la cobertura d&#8217;audi\u00f2fons ja \u00e9s universal per a totes les persones amb p\u00e8rdua auditiva (recordem que a l&#8217;estat espanyol la cobertura \u00e9s nom\u00e9s fins al 26 anys). Yann Griset, president de Surdi France va explicar el recorregut que ha seguit el moviment associatiu de Fran\u00e7a per aconseguir aquesta ampliaci\u00f3, a trav\u00e9s d&#8217;una entrevista gravada en v\u00eddeo que va ser emesa en aquesta taula. El debat, moderat per David Pruj\u00e0, coordinador t\u00e8cnic de la Federaci\u00f3 ACAPPS, va continuar amb Francesc Roca-Ribas, vicedeg\u00e0 de la Facultat de Medicina de la Universitat de Vic; Carles Mundet, subdirector general de Coordinaci\u00f3 i Participaci\u00f3 en Salut del Departament de Salut; i Carles Campuzano, president de la Comissi\u00f3 de Salut del Parlament de Catalunya.<\/span><\/p>\n<p><span lang=\"ES\">La sessi\u00f3 va permetre identificar possibles aliances per avan\u00e7ar en aquesta ampliaci\u00f3. Carles Campuzano va defensar la necessitat d\u2019una \u201calian\u00e7a poderosa\u201d i va proposar crear, \u201cen els propers mesos, <strong>una taula de treball entre ACAPPS, la UVic i els departaments de Drets Socials i Salut<\/strong> per tenir la cartografia del repte i comen\u00e7ar a discutir els detalls\u201d.<\/span><\/p>\n<p><span lang=\"ES\">Carles Mundet va posar en valor la for\u00e7a de \u201cla ciutadania organitzada\u201d i la tasca de la Federaci\u00f3 ACAPPS per \u201cincidir en les pol\u00edtiques p\u00fabliques\u201d. Una idea que va refor\u00e7ar Francesc Roca-Ribas, qui va aportar la visi\u00f3 demogr\u00e0fica i m\u00e8dica, destacant la relaci\u00f3 entre hipoac\u00fasia, envelliment i deteriorament cognitiu.<\/span><\/p>\n[\/vc_column_text][vc_video link=&#8221;https:\/\/youtu.be\/yOnYdPImuEQ&#8221; title=&#8221;Carles Mundet, subdirector General de Coordinaci\u00f3 i Participaci\u00f3 en Salut&#8221;][vc_video link=&#8221;https:\/\/youtu.be\/foB6KM0PRB8&#8243; title=&#8221;Carles Campuzano, president de la Comissi\u00f3 de Salut al Parlament de Catalunya&#8221;][\/vc_column_inner][vc_column_inner width=&#8221;1\/2&#8243;][vc_images_carousel images=&#8221;16335,16336,16337,16338,16339,16340,16341&#8243; img_size=&#8221;full&#8221;]<article class=\"icon-box24\"><a href='https:\/\/acapps.org\/web\/wp-content\/uploads\/2025\/12\/presentacio-jornada-ACAPPS-roca-ribas-1.pdf'><i class=\"fa-share-alt\" style=\" color:#3ca5ba;\"><\/i><\/a><h4>Presentaci\u00f3 <\/h4><p>Dr. Francesc Roca-Ribas<\/p><\/article>[vc_video link=&#8221;https:\/\/youtu.be\/NPrxKH7Jjo0&#8243; title=&#8221;Francesc Roca-Ribas. vicedeg\u00e0 del Grau d&#8217;Audiologia de la Universitat de Vic&#8221;][\/vc_column_inner][\/vc_row_inner][vc_row_inner][vc_column_inner][vc_column_text]\n<h1><span style=\"color: #000000;\"><strong>L&#8217;accessibilitat a la cultura<hr><\/strong><\/span><\/h1>\n[\/vc_column_text][vc_column_text]\n<h4>El Codi d\u2019Accessibilitat fa un any que ha entrat en vigor i ja obliga els equipaments des de l\u20191 de mar\u00e7 d\u2019enguany a fer p\u00fablica una fitxa d\u2019accessibilitat, en la qual fan p\u00fabliques les seves condicions d\u2019accessibilitat.<\/h4>\n<p>\u00a0<\/p>\n<h4>Aquesta obligaci\u00f3 encara \u00e9s poc assumida pels equipaments culturals a casa nostra. A m\u00e9s el 2026 molts equipaments han de tenir fet un <strong>Pla d\u2019Accessibilitat<\/strong> per identificar quines actuacions tenen pendents de fer i com planifiquen la seva execuci\u00f3 per assegurar el compliment del codi d\u2019Accessibilitat.<\/h4>\n<p>\u00a0<\/p>\n<h4>Ara b\u00e9, el cas dels cinemes i dels teatres \u00e9s sensiblement diferent: <strong>el Codi preveu que el Departament de Cultura ha d\u2019elaborar un Pla d\u2019Accessibilitat del sector<\/strong> i ser aquest instrument el que determini els terminis de compliment del que disposa el propi Codi. Amb aquest objectiu, el Departament de Cultura ha incorporat des de fa ja mesos un equip t\u00e8cnic especialitzat en accessibilitat per elaborar una diagnosi i preparar el Pla d\u2019Accessibilitat del sector.<\/h4>\n[\/vc_column_text][\/vc_column_inner][\/vc_row_inner][vc_row_inner][vc_column_inner width=&#8221;1\/2&#8243;][vc_column_text]\n<h5><strong><span style=\"color: #009fbc;\">L&#8217;accessibilitat a la cultura<hr><\/span><\/strong><\/h5>\n<p><span lang=\"ES\">En la darrera taula rodona de les Jornades es va aprofundir en aquesta q\u00fcesti\u00f3: l\u2019<strong>aplicaci\u00f3 del Codi d\u2019Accessibilitat<\/strong> en el sector cultural. Per fer-ho, vam recollir la visi\u00f3 de diferents institucions sobre els reptes que afronten els equipaments culturals per adaptar-se a les noves obligacions. Moderada per Ariadna Cardel\u00fas, membre de la junta directiva d\u2019ACAPPS, la sessi\u00f3 va comptar amb les aportacions de Francesc Vilar\u00f3, cap del Gabinet T\u00e8cnic del Departament de Cultura; Judith Colell, presidenta de l\u2019Acad\u00e8mia del Cinema Catal\u00e0, i Albert Minguill\u00f3n, director de Comunicaci\u00f3, P\u00fablics i Mediaci\u00f3 del Teatre Lliure.<\/span><\/p>\n<p><span lang=\"ES\">Francesc Vilar\u00f3 va reivindicar el valor de la cultura en la cohesi\u00f3 social i va insistir que \u201c<strong>calen accions concretes\u201d per avan\u00e7ar en accessibilitat<\/strong>. Judith Colell va destacar el paper del Cicle Gaud\u00ed com a referent en cinema accessible, tot i assenyalar que el sector \u201cafronta reptes importants\u201d. Finalment, Albert Minguill\u00f3n va exposar les sessions accessibles que el Teatre Lliure ja ha incorporat a la seva programaci\u00f3.<\/span><\/p>\n[\/vc_column_text][vc_video link=&#8221;https:\/\/youtu.be\/WPzDE0ht0EI&#8221; title=&#8221;Francesc Vilar\u00f3, cap del Gabinet T\u00e8cnic del Departament de Cultura&#8221;][vc_video link=&#8221;https:\/\/youtu.be\/iqXejOZXGdA&#8221; title=&#8221;Albert Minguill\u00f3n, director de Comunicaci\u00f3, P\u00fablics i Mediaci\u00f3 Teatre Lliure&#8221;][\/vc_column_inner][vc_column_inner width=&#8221;1\/2&#8243;][vc_images_carousel images=&#8221;16379,16380,16381&#8243; img_size=&#8221;full&#8221;][vc_empty_space height=&#8221;70px&#8221;][vc_video link=&#8221;https:\/\/youtu.be\/7Vt5ZtJaIKM&#8221; title=&#8221;Judith Colell, presidenta de l&#8217;Acad\u00e8mia del Cinema Catal\u00e0&#8221;][\/vc_column_inner][\/vc_row_inner][vc_row_inner][vc_column_inner][vc_column_text]\n<h1><span style=\"color: #000000;\"><strong>15a edici\u00f3 dels Premis Federaci\u00f3 ACAPPS <hr><\/strong><\/span><\/h1>\n<h4><strong>El mat\u00ed de les Jornades va tancar amb el lliurament de la 15a edici\u00f3 dels Premis Federaci\u00f3 ACAPPS: l\u2019espai de l\u2019entitat per posar en valor, recon\u00e8ixer i agrair les accions, des de la individualitat i la col\u00b7lectivitat, en defensa dels drets de les persones amb sordesa que es comuniquen en llengua oral.<\/strong><\/h4>\n[\/vc_column_text][vc_column_text]<p>En la categoria individual, Carles Campuzano, president de la Comissi\u00f3 de Salut del Parlament de Catalunya, va entregar el premi a <strong>Francesc Roca-Ribas<\/strong>, vicedeg\u00e0 de la Universitat de Vic. El guard\u00f3 destaca la seva defensa de la salut auditiva, el seu comprom\u00eds amb la cobertura universal de les pr\u00f2tesis auditives i l\u2019impuls del Grau d\u2019Audiologia a Catalunya.<\/p>\n<p>En la categoria col\u00b7lectiva, <strong>L\u2019Auditori de Barcelona<\/strong> va rebre el premi de la m\u00e0 de Judith Colell, presidenta de l\u2019Acad\u00e8mia del Cinema Catal\u00e0. L\u2019entitat es va recon\u00e8ixer per la seva \u201ccontribuci\u00f3 a la plena autonomia de les persones amb sordesa\u201d, especialment per l\u2019accessibilitat amb subtitulaci\u00f3 en projectes tan rellevants com la Cant\u00e0nia, el Cantagran i el programa Apropa Cultura.<\/p>\n<p>Els premis tamb\u00e9 van ser lliurats per <strong>Raimon Jan\u00e9<\/strong>,<strong> \u00c0ngels Videla<\/strong> i<strong> Maria Mo\u00f1ino<\/strong>, president i vicepresidentes de la Federaci\u00f3 ACAPPS, respectivament.<\/p>[\/vc_column_text][\/vc_column_inner][\/vc_row_inner][vc_row_inner][vc_column_inner width=&#8221;1\/2&#8243;][vc_single_image image=&#8221;16374&#8243; img_size=&#8221;full&#8221; title=&#8221;Premi col\u00b7lectiu a l&#8217;Auditori&#8221;][\/vc_column_inner][vc_column_inner width=&#8221;1\/2&#8243;][vc_empty_space height=&#8221;50px&#8221;][vc_single_image image=&#8221;16375&#8243; img_size=&#8221;full&#8221;][\/vc_column_inner][\/vc_row_inner][vc_row_inner][vc_column_inner width=&#8221;1\/2&#8243;][vc_single_image image=&#8221;16449&#8243; img_size=&#8221;full&#8221; title=&#8221;Premi individual a Francesc Roca-Ribas&#8221;][\/vc_column_inner][vc_column_inner width=&#8221;1\/2&#8243;][vc_empty_space height=&#8221;90px&#8221;][vc_single_image image=&#8221;16448&#8243; img_size=&#8221;full&#8221;][\/vc_column_inner][\/vc_row_inner][vc_row_inner][vc_column_inner width=&#8221;1\/2&#8243;][vc_column_text]<h1><strong>Cloenda<hr><\/strong><\/h1>\n<p><strong>Raimon Jan\u00e9, president de la Federaci\u00f3 ACAPPS,<\/strong> va tancar l\u2019acte destacant les intervencions, preguntes i propostes d\u2019inter\u00e8s de les Jornades. Ha recordat els eixos \u201cessencials per entendre cap a on avancem\u201d i quins reptes afronta el col\u00b7lectiu al voltant d\u2019aquests. \u201cEns emportem unes bones conclusions\u201d, ha reiterat Jan\u00e9.<\/p>\n<p>&nbsp;<\/p>[\/vc_column_text][\/vc_column_inner][vc_column_inner width=&#8221;1\/2&#8243;][vc_video link=&#8221;https:\/\/www.youtube.com\/watch?v=4vIY7z-7Eyk&#8221;][\/vc_column_inner][\/vc_row_inner][vc_row_inner][vc_column_inner width=&#8221;1\/2&#8243;][vc_column_text]<p>Raimon Jan\u00e9 tamb\u00e9 va fer una menci\u00f3 especial a l<strong>\u2018equip t\u00e8cnic i junta directiva de la Federaci\u00f3 ACAPPS i de l&#8217;associaci\u00f3 ACAPPS,<\/strong>\u00a0que fan possible la celebraci\u00f3 anual de les Jornades i que treballen, cada dia, per a la inclusi\u00f3 i els drets de les persones amb sordesa que es comuniquen en llengua oral i les seves fam\u00edlies. Gr\u00e0cies a aquest treball en xarxa fem possible els nostres objectius com a entitat referent del col\u00b7lectiu.<\/p>[\/vc_column_text][\/vc_column_inner][vc_column_inner width=&#8221;1\/2&#8243;][vc_single_image image=&#8221;16443&#8243; img_size=&#8221;full&#8221;][\/vc_column_inner][\/vc_row_inner][vc_row_inner][vc_column_inner][vc_single_image image=&#8221;16395&#8243; img_size=&#8221;full&#8221;][\/vc_column_inner][\/vc_row_inner][\/vc_column][\/vc_row][vc_row][vc_column][vc_wp_tagcloud title=&#8221;Jornades&#8221; taxonomy=&#8221;category&#8221; el_id=&#8221;Jornades, inclusi\u00f3, drets, sordesa&#8221; el_class=&#8221;Jornades, inclusi\u00f3, drets, sordesa&#8221;][\/vc_column][\/vc_row]","protected":false},"excerpt":{"rendered":"<p>[vc_row][vc_column][vc_row_inner][vc_column_inner width=&#8221;1\/2&#8243;][vc_single_image image=&#8221;16409&#8243; img_size=&#8221;full&#8221;][\/vc_column_inner][vc_column_inner width=&#8221;1\/2&#8243;][vc_column_text] La regeneraci\u00f3 auditiva, la cobertura universal de les pr\u00f2tesis i l\u2019aplicaci\u00f3 del Codi d\u2019Accessibilitat en l\u2019\u00e0mbit cultural han centrat les 29es Jornades de la Federaci\u00f3 ACAPPS. L\u2019acte central de la segona edici\u00f3 del Cicle de Coneixement i Formaci\u00f3 en Sordesa Oralista es va celebrar el passat 22 de novembre a l\u2019Auditori de l\u2019ONCE Catalunya i va comptar amb la presentaci\u00f3&#8230; <\/p>\n<p><a class=\"readmore\" href=\"https:\/\/acapps.org\/web\/29anysjornadesacapps\/\">LLEGIR M\u00c9S<\/a><\/p>\n","protected":false},"author":3,"featured_media":0,"parent":0,"menu_order":0,"comment_status":"closed","ping_status":"closed","template":"","meta":{"footnotes":""},"_links":{"self":[{"href":"https:\/\/acapps.org\/web\/wp-json\/wp\/v2\/pages\/16296"}],"collection":[{"href":"https:\/\/acapps.org\/web\/wp-json\/wp\/v2\/pages"}],"about":[{"href":"https:\/\/acapps.org\/web\/wp-json\/wp\/v2\/types\/page"}],"author":[{"embeddable":true,"href":"https:\/\/acapps.org\/web\/wp-json\/wp\/v2\/users\/3"}],"replies":[{"embeddable":true,"href":"https:\/\/acapps.org\/web\/wp-json\/wp\/v2\/comments?post=16296"}],"version-history":[{"count":69,"href":"https:\/\/acapps.org\/web\/wp-json\/wp\/v2\/pages\/16296\/revisions"}],"predecessor-version":[{"id":16461,"href":"https:\/\/acapps.org\/web\/wp-json\/wp\/v2\/pages\/16296\/revisions\/16461"}],"wp:attachment":[{"href":"https:\/\/acapps.org\/web\/wp-json\/wp\/v2\/media?parent=16296"}],"curies":[{"name":"wp","href":"https:\/\/api.w.org\/{rel}","templated":true}]}}