{"id":16678,"date":"2026-03-12T09:02:07","date_gmt":"2026-03-12T09:02:07","guid":{"rendered":"https:\/\/acapps.org\/web\/?page_id=16678"},"modified":"2026-03-16T10:59:32","modified_gmt":"2026-03-16T10:59:32","slug":"objectius-2","status":"publish","type":"page","link":"https:\/\/acapps.org\/web\/objectius-2\/","title":{"rendered":"Missi\u00f3, valors i objectius"},"content":{"rendered":"[vc_row][vc_column][vc_column_text css_animation=&#8221;fadeIn&#8221;]\n<h1 style=\"text-align: center;\"><strong><span style=\"color: #069dbc;\">Missi\u00f3<\/span><\/strong><\/h1>\n[\/vc_column_text][vc_separator color=&#8221;turquoise&#8221; border_width=&#8221;2&#8243; el_width=&#8221;60&#8243; css_animation=&#8221;fadeIn&#8221;][\/vc_column][\/vc_row][vc_row][vc_column width=&#8221;1\/2&#8243;][vc_column_text css_animation=&#8221;fadeIn&#8221;]\n<h4><span style=\"color: #000000;\">La missi\u00f3 de la Federaci\u00f3 ACAPPS, establerta i recollida als<\/span><strong><span style=\"color: #0f9ebd;\"> estatuts fundacionals de l&#8217;entitat<\/span><\/strong>, \u00e9s <span style=\"color: #000000;\">representar i defensar els drets i interessos globals de les<\/span> <strong><span style=\"color: #0f9ebd;\">persones amb sordesa i de les seves fam\u00edlies<\/span><\/strong> <span style=\"color: #000000;\">a tots els nivells, davant la societat, adminstracions, institucions, integrant i impulsant amb aquesta finalitat l&#8217;acci\u00f3 de les Associacions Catalanes de Fam\u00edlies i Persones amb Sordesa.<\/span><\/h4>\n<h4 data-start=\"0\" data-end=\"343\"><\/h4>\n<h4 data-start=\"0\" data-end=\"343\"><span style=\"color: #000000;\">La Federaci\u00f3 ACAPPS <strong><span style=\"color: #0f9ebd;\">trasllada davant dels poders p\u00fablics<\/span><\/strong>, els diferents agents i operadors, i la societat, mitjan\u00e7ant propostes constructives \u2014articulades i contrastades t\u00e8cnicament\u2014 les necessitats i demandes de les persones amb sordesa que es comuniquen oralment i de les seves fam\u00edlies, assumint i canalitzant la seva representaci\u00f3.<\/span><\/h4>\n<h4 data-start=\"345\" data-end=\"725\"><\/h4>\n<h4 data-start=\"345\" data-end=\"725\"><span style=\"color: #000000;\">La Federaci\u00f3 ACAPPS<\/span><strong><span style=\"color: #0f9ebd;\"> \u00e9s interlocutora i referent del sector de la sordesa oralista a Catalunya<\/span><\/strong><span style=\"color: #000000;\">, i treballa per promoure l\u2019accessibilitat a la comunicaci\u00f3, la plenitud de drets, la no discriminaci\u00f3 i la igualtat d\u2019oportunitats, aix\u00ed com la inclusi\u00f3 en la comunitat, l\u2019autonomia personal i la millora de les condicions de vida de les persones amb sordesa i de les seves fam\u00edlies.<\/span><\/h4>\n[\/vc_column_text][\/vc_column][vc_column css_animation=&#8221;fadeIn&#8221; width=&#8221;1\/2&#8243;][vc_single_image image=&#8221;16710&#8243; img_size=&#8221;400&#215;600&#8243; alignment=&#8221;center&#8221; style=&#8221;vc_box_shadow_3d&#8221; onclick=&#8221;custom_link&#8221; img_link_target=&#8221;_blank&#8221; css_animation=&#8221;fadeInDown&#8221; link=&#8221;https:\/\/acapps.org\/web\/wp-content\/uploads\/2023\/01\/ESTATUTS-DE-LA-FEDERACI%C3%93-ACAPPS-CATAL%C3%80-2022-2.pdf&#8221;][\/vc_column][\/vc_row][vc_row][vc_column][vc_column_text css_animation=&#8221;fadeIn&#8221;]\n<h1 style=\"text-align: center;\"><strong><span style=\"color: #069dbc;\">Valors<\/span><\/strong><\/h1>\n[\/vc_column_text][vc_separator color=&#8221;turquoise&#8221; border_width=&#8221;2&#8243; el_width=&#8221;60&#8243; css_animation=&#8221;fadeIn&#8221;][vc_column_text css_animation=&#8221;fadeInUp&#8221;]\n<blockquote>\n<h4><strong>Els valors que la Federaci\u00f3 ACAPPS defensa s\u00f3n el benestar i la integraci\u00f3 plena de les persones amb discapacitat auditiva, la seva autonomia i desenvolupament personal, la defensa dels drets de les fam\u00edlies i les respostes a les necessitats, la qualitat en l\u2019actuaci\u00f3 de les organitzacions i l\u2019inter\u00e8s del col\u00b7lectiu de persones amb discapacitat auditiva.<\/strong><\/h4>\n<p>&nbsp;<\/p>\n<h4><strong>Tot aix\u00f2, amb el comprom\u00eds cap a l\u2019equitat de g\u00e8nere en totes les accions i an\u00e0lisis de la Federaci\u00f3, aix\u00ed com l\u2019\u00fas del catal\u00e0 com a llengua vehicular.<\/strong><\/h4>\n<\/blockquote>\n[\/vc_column_text][vc_single_image image=&#8221;16719&#8243; img_size=&#8221;10000&#215;1200&#8243; alignment=&#8221;right&#8221; style=&#8221;vc_box_rounded&#8221; css_animation=&#8221;fadeIn&#8221;][\/vc_column][\/vc_row][vc_row][vc_column][vc_column_text css_animation=&#8221;fadeIn&#8221;]\n<h1 style=\"text-align: center;\"><strong><span style=\"color: #069dbc;\">Objectius<\/span><\/strong><\/h1>\n[\/vc_column_text][vc_separator color=&#8221;turquoise&#8221; border_width=&#8221;2&#8243; el_width=&#8221;60&#8243; css_animation=&#8221;fadeIn&#8221;][vc_column_text css_animation=&#8221;fadeIn&#8221;]\n<h4 data-start=\"0\" data-end=\"232\"><span style=\"color: #000000;\">La Federaci\u00f3 ACAPPS t\u00e9 com a finalitat donar resposta a les necessitats de les persones amb discapacitat auditiva i de les seves fam\u00edlies, perqu\u00e8 puguin participar plenament en la societat com a ciutadania de ple dret.<\/span><\/h4>\n<h4 data-start=\"234\" data-end=\"525\"><span style=\"color: #000000;\">Per assolir-ho, la Federaci\u00f3 treballa a trav\u00e9s dels seus objectius i l\u00ednies d\u2019acci\u00f3, impulsant l\u2019accessibilitat a la comunicaci\u00f3, la defensa dels drets, la incid\u00e8ncia davant dels poders p\u00fablics i el suport a les entitats federades i a les persones amb sordesa al llarg de la seva vida.<\/span><\/h4>\n<h4><span style=\"color: #000000;\">Els objectius de la Federaci\u00f3 ACAPPS son els seg\u00fcents:<\/span><\/h4>\n[\/vc_column_text][vc_images_carousel images=&#8221;16681,16686,16683,16684,16685,16687,16688,16689,16690,16691,16692&#8243; img_size=&#8221;large&#8221; slides_per_view=&#8221;2&#8243; autoplay=&#8221;yes&#8221; hide_pagination_control=&#8221;yes&#8221; wrap=&#8221;yes&#8221; css_animation=&#8221;fadeInLeft&#8221;][\/vc_column][\/vc_row]\n","protected":false},"excerpt":{"rendered":"<p>[vc_row][vc_column][vc_column_text css_animation=&#8221;fadeIn&#8221;] Missi\u00f3 [\/vc_column_text][vc_separator color=&#8221;turquoise&#8221; border_width=&#8221;2&#8243; el_width=&#8221;60&#8243; css_animation=&#8221;fadeIn&#8221;][\/vc_column][\/vc_row][vc_row][vc_column width=&#8221;1\/2&#8243;][vc_column_text css_animation=&#8221;fadeIn&#8221;] La missi\u00f3 de la Federaci\u00f3 ACAPPS, establerta i recollida als estatuts fundacionals de l&#8217;entitat, \u00e9s representar i defensar els drets i interessos globals de les persones amb sordesa i de les seves fam\u00edlies a tots els nivells, davant la societat, adminstracions, institucions, integrant i impulsant amb aquesta finalitat l&#8217;acci\u00f3 de les Associacions Catalanes de Fam\u00edlies&#8230; <\/p>\n<p><a class=\"readmore\" href=\"https:\/\/acapps.org\/web\/objectius-2\/\">LLEGIR M\u00c9S<\/a><\/p>\n","protected":false},"author":1,"featured_media":0,"parent":0,"menu_order":0,"comment_status":"closed","ping_status":"closed","template":"","meta":{"footnotes":""},"_links":{"self":[{"href":"https:\/\/acapps.org\/web\/wp-json\/wp\/v2\/pages\/16678"}],"collection":[{"href":"https:\/\/acapps.org\/web\/wp-json\/wp\/v2\/pages"}],"about":[{"href":"https:\/\/acapps.org\/web\/wp-json\/wp\/v2\/types\/page"}],"author":[{"embeddable":true,"href":"https:\/\/acapps.org\/web\/wp-json\/wp\/v2\/users\/1"}],"replies":[{"embeddable":true,"href":"https:\/\/acapps.org\/web\/wp-json\/wp\/v2\/comments?post=16678"}],"version-history":[{"count":22,"href":"https:\/\/acapps.org\/web\/wp-json\/wp\/v2\/pages\/16678\/revisions"}],"predecessor-version":[{"id":16739,"href":"https:\/\/acapps.org\/web\/wp-json\/wp\/v2\/pages\/16678\/revisions\/16739"}],"wp:attachment":[{"href":"https:\/\/acapps.org\/web\/wp-json\/wp\/v2\/media?parent=16678"}],"curies":[{"name":"wp","href":"https:\/\/api.w.org\/{rel}","templated":true}]}}