{"id":16726,"date":"2026-03-13T12:29:30","date_gmt":"2026-03-13T12:29:30","guid":{"rendered":"https:\/\/acapps.org\/web\/?page_id=16726"},"modified":"2026-03-27T10:30:07","modified_gmt":"2026-03-27T10:30:07","slug":"organigrama","status":"publish","type":"page","link":"https:\/\/acapps.org\/web\/organigrama\/","title":{"rendered":"Organigrama"},"content":{"rendered":"[vc_row][vc_column][vc_column_text]\n<h1 style=\"text-align: center;\"><strong><span style=\"color: #069dbc;\">Organigrama<\/span><\/strong><\/h1>\n[\/vc_column_text][vc_separator color=&#8221;turquoise&#8221; border_width=&#8221;2&#8243; el_width=&#8221;60&#8243; css_animation=&#8221;fadeIn&#8221;][\/vc_column][\/vc_row][vc_row][vc_column][vc_column_text css_animation=&#8221;fadeInUp&#8221;]\n<h4 data-start=\"192\" data-end=\"358\"><span style=\"color: #000000;\">L\u2019organigrama de la Federaci\u00f3 ACAPPS reflecteix l\u2019estructura de treball de l\u2019entitat i la manera com s\u2019articulen els diferents \u00e0mbits que en fan possible l\u2019activitat. Al capdavant hi ha la <span style=\"color: #0f9ebd;\"><strong>Junta Directiva i la Presid\u00e8ncia<\/strong><\/span>, que defineixen les l\u00ednies estrat\u00e8giques de l\u2019organitzaci\u00f3. La <strong><span style=\"color: #0f9ebd;\">Coordinaci\u00f3 T\u00e8cnica<\/span><\/strong> s\u2019encarrega de desplegar aquestes l\u00ednies i de coordinar els diferents \u00e0mbits de treball.<\/span><\/h4>\n<h4><span style=\"color: #000000;\"><hr class=\"vertical-space1\"> A partir d\u2019aqu\u00ed, la Federaci\u00f3 s\u2019organitza en diversos \u00e0mbits d\u2019actuaci\u00f3 que desenvolupen projectes, serveis i accions en camps clau com el <strong><span style=\"color: #0f9ebd;\">foment de l\u2019accessibilitat, la subtitulaci\u00f3, la incid\u00e8ncia pol\u00edtica, la comunicaci\u00f3 o els projectes culturals<\/span><\/strong> com ARA Cultura, aix\u00ed com les \u00e0rees d\u2019administraci\u00f3 i finances i els serveis interns i de producci\u00f3.<\/span><\/h4>\n<h4><span style=\"color: #000000;\"><hr class=\"vertical-space1\"> Tot i que l\u2019organigrama presenta una estructura esquem\u00e0tica, els diferents \u00e0mbits treballen de manera <strong><span style=\"color: #0f9ebd;\">coordinada i transversal<\/span><\/strong>, compartint projectes i objectius per avan\u00e7ar en la defensa dels drets i l\u2019accessibilitat de les persones amb discapacitat auditiva.<\/span><\/h4>\n[\/vc_column_text][\/vc_column][\/vc_row][vc_row][vc_column][vc_single_image image=&#8221;16746&#8243; img_size=&#8221;full&#8221; alignment=&#8221;center&#8221; css_animation=&#8221;fadeIn&#8221;][\/vc_column][\/vc_row][vc_row][vc_column][vc_single_image image=&#8221;16857&#8243; img_size=&#8221;full&#8221; alignment=&#8221;center&#8221; style=&#8221;vc_box_rounded&#8221; css_animation=&#8221;fadeInUp&#8221;][\/vc_column][\/vc_row][vc_row css_animation=&#8221;fadeIn&#8221;][vc_column css_animation=&#8221;fadeIn&#8221;]<div class=\"w-divider6\"><i class=\"colorb  fa-user\" style=\"background-color:#f7d23d\"><\/i><h3><span class=\"colorf spl\" style=\"color:#f7d23d; border-bottom: 1px solid; \">JUNTA<\/span><span class=\"spr\">DIRECTIVA<\/span><\/h3><\/div>[\/vc_column][\/vc_row][vc_row css_animation=&#8221;fadeIn&#8221;][vc_column width=&#8221;1\/4&#8243;]<article class=\"our-team\"><figure><img decoding=\"async\" src=\"https:\/\/acapps.org\/web\/wp-content\/uploads\/2021\/07\/logo_orella.jpg\" alt=\"\"><\/figure><figcaption><h2>Raimon Jan\u00e9<\/h2><h5>President<\/h5><p>President de la Federaci\u00f3 ACAPPS des de 2003, en Raimon Jan\u00e9 \u00e9s pare de dos fills amb sordesa, l\u2019Adri\u00e0 i la S\u00edlvia. Des de l\u2019inici de l\u2019ACAPPS, l\u2019any 1994, ha en diversos \u00e0mbits de l'entitat, com a la Comissi\u00f3 de Fam\u00edlies. Ha participat en iniciatives t\u00e8cniques, socials i pol\u00edtiques com l\u2019impuls de noves tecnologies per a persones amb sordesa, el protocol de detecci\u00f3 preco\u00e7 de la hipoac\u00fasia, la modalitat educativa oral i la llei d\u2019accessibilitat. Doctor en Enginyeria Industrial i expert en Enginyeria Biom\u00e8dica, \u00e9s director d\u2019Investigaci\u00f3 de la Universitat Polit\u00e8cnica de Catalunya i de l\u2019Institut de Bioenginyeria de Catalunya.<br \/>\nEst\u00e0 implicat en la defensa del col\u00b7lectiu de persones amb discapacitat, havent estat membre de la Junta Directiva de FIAPAS i membre fundador del Comit\u00e8 Catal\u00e0 de Representants de Persones amb Discapacitat (COCARMI), on ha ocupat c\u00e0rrecs de vicepresident, vocal i tresorer.<\/p><\/figcaption><div class=\"social-team\"><\/div><\/article>[vc_column_text][\/vc_column_text][\/vc_column][vc_column width=&#8221;1\/4&#8243;]<article class=\"our-team\"><figure><img decoding=\"async\" src=\"https:\/\/acapps.org\/web\/wp-content\/uploads\/2021\/07\/logo_orella.jpg\" alt=\"\"><\/figure><figcaption><h2>Marta Capdevila<\/h2><h5>Vicepresidenta<\/h5><p>Vicepresidenta de la Federaci\u00f3 ACAPPS des de 2017. Com a dona amb discapacitat auditiva de naixement i mare d\u2019un fill amb sordesa, en Marcel, coneix de primera m\u00e0 qu\u00e8 significa no sentir-hi i quines s\u00f3n les l\u00ednies d\u2019acci\u00f3 necess\u00e0ries per millorar el dia a dia de les persones amb sordesa. Il\u00b7lustradora infantil de professi\u00f3, ha col\u00b7laborat en diverses publicacions d\u2019ACAPPS, com l\u2019auca \u201cEl teu fill\/a no hi sent b\u00e9?\u201d. Tamb\u00e9 \u00e9s l\u2019autora del llibre \u201cSords profunds per\u00f2 hi sentim i parlem\u201d.<\/p><\/figcaption><div class=\"social-team\"><\/div><\/article>[\/vc_column][vc_column width=&#8221;1\/4&#8243;]<article class=\"our-team\"><figure><img decoding=\"async\" src=\"https:\/\/acapps.org\/web\/wp-content\/uploads\/2021\/07\/logo_orella.jpg\" alt=\"\"><\/figure><figcaption><h2>\u00c0ngels Videla<\/h2><h5>Vicepresidenta<\/h5><p>Vicepresidenta de l'associaci\u00f3 ACAPPS i presidenta de la Federaci\u00f3 ACAPPS. Mare d\u2019en Mart\u00ed, amb sordesa i usuari de dos implants coclears, i de la Mireia. Veterin\u00e0ria de professi\u00f3, aporta a l\u2019entitat la seva experi\u00e8ncia en l\u2019\u00e0mbit de la direcci\u00f3 d\u2019empresa. Forma part de la Comissi\u00f3 de Fam\u00edlies d\u2019ACAPPS, des d\u2019on ofereix suport a les fam\u00edlies amb infants recentment diagnosticats d\u2019hipoac\u00fasia i treballa activament per una educaci\u00f3 inclusiva i de qualitat per als infants i joves amb sordesa.<\/p><\/figcaption><div class=\"social-team\"><\/div><\/article>[\/vc_column][vc_column width=&#8221;1\/4&#8243;]<article class=\"our-team\"><figure><img decoding=\"async\" src=\"https:\/\/acapps.org\/web\/wp-content\/uploads\/2021\/07\/logo_orella.jpg\" alt=\"\"><\/figure><figcaption><h2>Maria Mo\u00f1ino<\/h2><h5>Sectret\u00e0ria<\/h5><p>Vicepresidenta d\u2019ACAPPS i, des del 2008, secret\u00e0ria de la Federaci\u00f3 ACAPPS, entre el 2001 i el 2008 va liderar la Comissi\u00f3 de Joves, i dos anys despr\u00e9s, la Comissi\u00f3 d\u2019Oci, Lleure i Cultura. Logopeda i mestra d\u2019Educaci\u00f3 Infantil, treballa al CREDA Baix Llobregat. La seva sordesa no li ha impedit assolir els seus objectius professionals.<\/p><\/figcaption><div class=\"social-team\"><\/div><\/article>[\/vc_column][\/vc_row][vc_row css_animation=&#8221;fadeIn&#8221;][vc_column width=&#8221;1\/4&#8243;]<article class=\"our-team\"><figure><img decoding=\"async\" src=\"https:\/\/acapps.org\/web\/wp-content\/uploads\/2021\/07\/logo_orella.jpg\" alt=\"\"><\/figure><figcaption><h2>Ana Barrera<\/h2><h5>Tresorera<\/h5><p>L\u2019Ana \u00e9s mare de dos fills, un d\u2019ells en Pau, amb sordesa. Des del 2013 participa activament a la Comissi\u00f3 de Fam\u00edlies d\u2019ACAPPS i, el 2018, va ser escollida vocal de la Junta Directiva de la Confederaci\u00f3 FIAPAS. En l\u2019\u00e0mbit professional, treballa en l\u2019\u00e0rea financera i d\u2019estrat\u00e8gia empresarial.<\/p><\/figcaption><div class=\"social-team\"><\/div><\/article>[vc_column_text][\/vc_column_text][\/vc_column][vc_column width=&#8221;1\/4&#8243;]<article class=\"our-team\"><figure><img decoding=\"async\" src=\"https:\/\/acapps.org\/web\/wp-content\/uploads\/2021\/07\/logo_orella.jpg\" alt=\"\"><\/figure><figcaption><h2>Ana Rodr\u00edguez<\/h2><h5>Vocal de relacions institucionals <\/h5><p>L\u2019Ana \u00e9s mare de l\u2019Aran, amb sordesa de naixement i usuari de dos implants coclears, i de l\u2019Aina. Enginyera de telecomunicacions, \u00e9s activista en la defensa dels drets dels infants i persones amb sordesa, especialment en la reivindicaci\u00f3 de pr\u00f2tesis auditives, audi\u00f2fons i implants coclears universals i sense limitacions. Des de 2021 forma part de la Comissi\u00f3 de Fam\u00edlies i, el 2023, s\u2019incorpora a la Junta de la Federaci\u00f3 ACAPPS com a vocal de relacions institucionals.<\/p><\/figcaption><div class=\"social-team\"><\/div><\/article>[\/vc_column][vc_column width=&#8221;1\/4&#8243;]<article class=\"our-team\"><figure><img decoding=\"async\" src=\"https:\/\/acapps.org\/web\/wp-content\/uploads\/2021\/07\/logo_orella.jpg\" alt=\"\"><\/figure><figcaption><h2>Carlos Monfort<\/h2><h5>Vocal<\/h5><p>El Carlos \u00e9s pare d\u2019un nen amb sordesa bilateral i representa ACAPPS Lleida des de l\u2019any 2017, entitat que ofereix suport continu a la Federaci\u00f3 ACAPPS. Actualment treballa com a delineant en el sector de la construcci\u00f3.<\/p><\/figcaption><div class=\"social-team\"><\/div><\/article>[\/vc_column][vc_column width=&#8221;1\/4&#8243;]<article class=\"our-team\"><figure><img decoding=\"async\" src=\"https:\/\/acapps.org\/web\/wp-content\/uploads\/2021\/07\/logo_orella.jpg\" alt=\"\"><\/figure><figcaption><h2>Teresa Canyelles<\/h2><h5>Vocal<\/h5><p><\/p><\/figcaption><div class=\"social-team\"><\/div><\/article>[\/vc_column][\/vc_row][vc_row][vc_column css_animation=&#8221;fadeIn&#8221;]<div class=\"w-divider6\"><i class=\"colorb  fa-user\" style=\"background-color:#f7d23d\"><\/i><h3><span class=\"colorf spl\" style=\"color:#f7d23d; border-bottom: 1px solid; \">EQUIP<\/span><span class=\"spr\">T\u00c8CNIC<\/span><\/h3><\/div>[\/vc_column][\/vc_row][vc_row][vc_column css_animation=&#8221;fadeIn&#8221; width=&#8221;1\/3&#8243;]<article class=\"our-team\"><figure><img decoding=\"async\" src=\"https:\/\/acapps.org\/web\/wp-content\/uploads\/2021\/07\/logo_orella.jpg\" alt=\"\"><\/figure><figcaption><h2>David Pruj\u00e0<\/h2><h5>cOORDINADOR T\u00c8CNIC<\/h5><p>coordinacio@federacioacapps.org<\/p><\/figcaption><div class=\"social-team\"><\/div><\/article>[vc_column_text]\n<h5><span style=\"color: #000000;\"><strong><span style=\"color: #009fbc;\">Dirigir i coordinar<\/span><\/strong> l\u2019activitat t\u00e8cnica i organitzativa de la Federaci\u00f3 ACAPPS, d\u2019acord amb els criteris i l\u00ednies estrat\u00e8giques definides per la Junta Directiva, amb la finalitat <strong><span style=\"color: #009fbc;\">d\u2019assegurar l\u2019assoliment de la missi\u00f3 de l\u2019entitat<\/span><\/strong> i la coher\u00e8ncia de les actuacions dels diferents \u00e0mbits de treball.<\/span><\/h5>\n[\/vc_column_text][vc_btn title=&#8221;&#8221; style=&#8221;gradient&#8221; i_icon_fontawesome=&#8221;fa fa-linkedin&#8221; css_animation=&#8221;fadeIn&#8221; add_icon=&#8221;true&#8221; link=&#8221;url:https%3A%2F%2Fwww.linkedin.com%2Fin%2Fdavid-pruja%2F||target:%20_blank|&#8221;][\/vc_column][vc_column css_animation=&#8221;fadeIn&#8221; width=&#8221;1\/3&#8243;]<article class=\"our-team\"><figure><img decoding=\"async\" src=\"https:\/\/acapps.org\/web\/wp-content\/uploads\/2021\/07\/logo_orella.jpg\" alt=\"\"><\/figure><figcaption><h2>Marc Rodr\u00edguez<\/h2><h5>T\u00e8cnic d'incid\u00e8ncia pol\u00edtica<\/h5><p>incidencia@federacioacapps.org (+34 690 02 05 54)<\/p><\/figcaption><div class=\"social-team\"><\/div><\/article>[vc_column_text]\n<h5><span style=\"color: #000000;\"><strong><span style=\"color: #009fbc;\">Impulsa i gestiona<\/span><\/strong> els projectes d\u2019incid\u00e8ncia pol\u00edtica de la Federaci\u00f3 i dona suport transversal als diferents \u00e0mbits per sistematitzar el coneixement generat i transformar-lo en <strong><span style=\"color: #009fbc;\">posicionaments p\u00fablics i accions d\u2019influ\u00e8ncia institucional<\/span><\/strong>. Amb l\u2019objectiu de fer visibles les necessitats i propostes de les persones amb sordesa en les pol\u00edtiques p\u00fabliques i les pr\u00e0ctiques institucionals, i consolidar la Federaci\u00f3 com a interlocutora en accessibilitat i inclusi\u00f3.<\/span><\/h5>\n[\/vc_column_text][vc_btn title=&#8221;&#8221; style=&#8221;gradient&#8221; i_icon_fontawesome=&#8221;fa fa-linkedin&#8221; css_animation=&#8221;fadeIn&#8221; add_icon=&#8221;true&#8221; link=&#8221;url:https%3A%2F%2Fwww.linkedin.com%2Fin%2Fmarc-rodr%25C3%25ADguez-caballero%2F||target:%20_blank|&#8221;][\/vc_column][vc_column css_animation=&#8221;fadeIn&#8221; width=&#8221;1\/3&#8243;]<article class=\"our-team\"><figure><img decoding=\"async\" src=\"https:\/\/acapps.org\/web\/wp-content\/uploads\/2021\/07\/logo_orella.jpg\" alt=\"\"><\/figure><figcaption><h2>Francesc Voltas<\/h2><h5>T\u00e8cnic de comunicaci\u00f3<\/h5><p>comunicacio@federacioacapps.org<\/p><\/figcaption><div class=\"social-team\"><\/div><\/article>[vc_column_text]\n<h5><span style=\"color: #000000;\"><strong><span style=\"color: #009fbc;\">Planifica i desenvolupa<\/span><\/strong> accions de comunicaci\u00f3 al servei de la Federaci\u00f3 i de les entitats federades, amb l\u2019objectiu de <strong><span style=\"color: #009fbc;\">refor\u00e7ar la incid\u00e8ncia pol\u00edtica i social,<\/span><\/strong> a m\u00e9s d&#8217;impulsar el creixement i la vinculaci\u00f3 de la base social, i garantir la difusi\u00f3 de les activitats de la Federaci\u00f3 i de les entitats federades per afavorir-ne la participaci\u00f3 i la transpar\u00e8ncia.<\/span><\/h5>\n[\/vc_column_text][vc_btn title=&#8221;&#8221; style=&#8221;gradient&#8221; i_icon_fontawesome=&#8221;fa fa-linkedin&#8221; css_animation=&#8221;fadeIn&#8221; add_icon=&#8221;true&#8221; link=&#8221;url:https%3A%2F%2Fwww.linkedin.com%2Fin%2Ffrancesc-voltas-vi%25C3%25B1als-126421328%2F||target:%20_blank|&#8221;][\/vc_column][\/vc_row][vc_row][vc_column css_animation=&#8221;fadeIn&#8221; width=&#8221;1\/3&#8243;]<article class=\"our-team\"><figure><img decoding=\"async\" src=\"https:\/\/acapps.org\/web\/wp-content\/uploads\/2021\/07\/logo_orella.jpg\" alt=\"\"><\/figure><figcaption><h2>Eva Ceano<\/h2><h5>Gesti\u00f3 Econ\u00f2mica<\/h5><p>administracio@federacioacapps.org<\/p><\/figcaption><div class=\"social-team\"><\/div><\/article>[vc_column_text]\n<h5><strong><span style=\"color: #009fbc;\">Garanteix la gesti\u00f3 econ\u00f2mica, financera i administrativa<\/span><\/strong> de la Federaci\u00f3 i de les entitats federades, assegurant el compliment normatiu, l\u2019\u00fas eficient dels recursos i la transpar\u00e8ncia davant la Junta Directiva, les administracions p\u00fabliques i la base social. Alhora, dona suport als diferents \u00e0mbits en la planificaci\u00f3 i el seguiment econ\u00f2mic, i <strong><span style=\"color: #009fbc;\">vetlla pel bon funcionament<\/span><\/strong> administratiu de l\u2019organitzaci\u00f3.<\/h5>\n[\/vc_column_text][vc_btn title=&#8221;&#8221; style=&#8221;gradient&#8221; i_icon_fontawesome=&#8221;fa fa-linkedin&#8221; css_animation=&#8221;fadeIn&#8221; add_icon=&#8221;true&#8221; link=&#8221;url:https%3A%2F%2Fwww.linkedin.com%2Fin%2Feva-ceano-vivas%2F||target:%20_blank|&#8221;][\/vc_column][\/vc_row][vc_row][vc_column]<div class=\"sub-title\"><h4>\u00c0rea de Projectes i Accessibilitat a la Comunicaci\u00f3<\/h4><\/div>[\/vc_column][\/vc_row][vc_row][vc_column width=&#8221;1\/3&#8243;]<article class=\"our-team\"><figure><img decoding=\"async\" src=\"https:\/\/acapps.org\/web\/wp-content\/uploads\/2021\/07\/logo_orella.jpg\" alt=\"\"><\/figure><figcaption><h2>Domingo Reina<\/h2><h5>Comissionat d'Accessibilitat a la Comunicaci\u00f3 <\/h5><p>accessibilitat@federacioacapps.org (646 40 84 22)<\/p><\/figcaption><div class=\"social-team\"><\/div><\/article>[vc_column_text]\n<h5><span style=\"color: #000000;\"><strong><span style=\"color: #009fbc;\">Fomenta l\u2019accessibilitat per a persones amb sordesa<\/span><\/strong> mitjan\u00e7ant la sensibilitzaci\u00f3 d\u2019institucions, la gesti\u00f3 del servei d\u2019atenci\u00f3 a la inaccessibilitat i la participaci\u00f3 experta en serveis d\u2019accessibilitat. <strong><span style=\"color: #009fbc;\">Garanteix que la Federaci\u00f3 sigui referent en accessibilitat auditiva<\/span><\/strong>, sistematitzant i transferint el coneixement a tota l\u2019organitzaci\u00f3 per assegurar la incorporaci\u00f3 de mesures de comunicaci\u00f3 oral.<\/span><\/h5>\n[\/vc_column_text][vc_btn title=&#8221;&#8221; style=&#8221;gradient&#8221; i_icon_fontawesome=&#8221;fa fa-linkedin&#8221; css_animation=&#8221;fadeIn&#8221; add_icon=&#8221;true&#8221; link=&#8221;url:https%3A%2F%2Fwww.linkedin.com%2Fin%2Fdomingo-reina-mora-3a58463b%2F||target:%20_blank|&#8221;][\/vc_column][vc_column width=&#8221;1\/3&#8243;]<article class=\"our-team\"><figure><img decoding=\"async\" src=\"https:\/\/acapps.org\/web\/wp-content\/uploads\/2021\/07\/logo_orella.jpg\" alt=\"\"><\/figure><figcaption><h2>Maria Bux\u00f3<\/h2><h5>t\u00e8cnica d'accessibilitat a la cultura<\/h5><p>accessibilitat3@federacioacapps.org<\/p><\/figcaption><div class=\"social-team\"><\/div><\/article>[vc_column_text]\n<h5><span style=\"color: #000000;\">Treballa amb institucions i equipaments culturals per fer-los<\/span> <strong><span style=\"color: #009fbc;\">plenament accessibles<\/span><\/strong> <span style=\"color: #000000;\">a les persones amb sordesa, impulsant la sensibilitzaci\u00f3, l&#8217;assessorament i la difusi\u00f3 de l\u2019oferta cultural accessible. En aquest sentit, facilita l\u2019acc\u00e9s avantatj\u00f3s a les entitats federades gestionant casos d\u2019inaccessibilitat en l&#8217;\u00e0mbit de la cultura, amb l\u2019objectiu de garantir-ne l\u2019acc\u00e9s i<\/span> <strong><span style=\"color: #009fbc;\">consolidar la Federaci\u00f3 com a referent en accessibilitat cultural.<\/span><\/strong><\/h5>\n[\/vc_column_text][vc_btn title=&#8221;&#8221; style=&#8221;gradient&#8221; i_icon_fontawesome=&#8221;fa fa-linkedin&#8221; css_animation=&#8221;fadeIn&#8221; add_icon=&#8221;true&#8221; link=&#8221;url:https%3A%2F%2Fwww.linkedin.com%2Fin%2Fmaria-bux%25C3%25B3-5644b3230%2F||target:%20_blank|&#8221;][\/vc_column][vc_column width=&#8221;1\/3&#8243;]<article class=\"our-team\"><figure><img decoding=\"async\" src=\"https:\/\/acapps.org\/web\/wp-content\/uploads\/2021\/07\/logo_orella.jpg\" alt=\"\"><\/figure><figcaption><h2>S\u00edlvia Lamela<\/h2><h5>T\u00e8cnica de projectes d'accessibilitat<\/h5><p>projectes1@federacioacapps.org<\/p><\/figcaption><div class=\"social-team\"><\/div><\/article>[vc_column_text]\n<h5><span style=\"color: #000000;\">Porta a terme projectes, propis i en col\u00b7laboraci\u00f3 amb altres entitats, per al <strong><span style=\"color: #009fbc;\">desenvolupament de solucions tecnol\u00f2giques i la sistematitzaci\u00f3 del coneixement sobre la seva aplicaci\u00f3 a la subtitulaci\u00f3<\/span><\/strong>. Aix\u00f2 permet dotar la Federaci\u00f3 de la capacitat de prescriure i orientar a les persones amb sordesa, institucions i empreses, sobre les aplicacions i programes m\u00e9s efectius en cada context.<\/span><\/h5>\n[\/vc_column_text][vc_btn title=&#8221;&#8221; style=&#8221;gradient&#8221; i_icon_fontawesome=&#8221;fa fa-linkedin&#8221; css_animation=&#8221;fadeIn&#8221; add_icon=&#8221;true&#8221; link=&#8221;url:https%3A%2F%2Fwww.linkedin.com%2Fin%2Fmaria-bux%25C3%25B3-5644b3230%2F||target:%20_blank|&#8221;][\/vc_column][\/vc_row]\n","protected":false},"excerpt":{"rendered":"<p>[vc_row][vc_column][vc_column_text] Organigrama [\/vc_column_text][vc_separator color=&#8221;turquoise&#8221; border_width=&#8221;2&#8243; el_width=&#8221;60&#8243; css_animation=&#8221;fadeIn&#8221;][\/vc_column][\/vc_row][vc_row][vc_column][vc_column_text css_animation=&#8221;fadeInUp&#8221;] L\u2019organigrama de la Federaci\u00f3 ACAPPS reflecteix l\u2019estructura de treball de l\u2019entitat i la manera com s\u2019articulen els diferents \u00e0mbits que en fan possible l\u2019activitat. Al capdavant hi ha la Junta Directiva i la Presid\u00e8ncia, que defineixen les l\u00ednies estrat\u00e8giques de l\u2019organitzaci\u00f3. La Coordinaci\u00f3 T\u00e8cnica s\u2019encarrega de desplegar aquestes l\u00ednies i de coordinar els diferents \u00e0mbits de treball&#8230;. <\/p>\n<p><a class=\"readmore\" href=\"https:\/\/acapps.org\/web\/organigrama\/\">LLEGIR M\u00c9S<\/a><\/p>\n","protected":false},"author":1,"featured_media":0,"parent":0,"menu_order":0,"comment_status":"closed","ping_status":"closed","template":"","meta":{"footnotes":""},"_links":{"self":[{"href":"https:\/\/acapps.org\/web\/wp-json\/wp\/v2\/pages\/16726"}],"collection":[{"href":"https:\/\/acapps.org\/web\/wp-json\/wp\/v2\/pages"}],"about":[{"href":"https:\/\/acapps.org\/web\/wp-json\/wp\/v2\/types\/page"}],"author":[{"embeddable":true,"href":"https:\/\/acapps.org\/web\/wp-json\/wp\/v2\/users\/1"}],"replies":[{"embeddable":true,"href":"https:\/\/acapps.org\/web\/wp-json\/wp\/v2\/comments?post=16726"}],"version-history":[{"count":14,"href":"https:\/\/acapps.org\/web\/wp-json\/wp\/v2\/pages\/16726\/revisions"}],"predecessor-version":[{"id":16858,"href":"https:\/\/acapps.org\/web\/wp-json\/wp\/v2\/pages\/16726\/revisions\/16858"}],"wp:attachment":[{"href":"https:\/\/acapps.org\/web\/wp-json\/wp\/v2\/media?parent=16726"}],"curies":[{"name":"wp","href":"https:\/\/api.w.org\/{rel}","templated":true}]}}