{"id":5445,"date":"2016-03-02T09:41:33","date_gmt":"2016-03-02T09:41:33","guid":{"rendered":"http:\/\/acapps.org\/newsite\/?page_id=5445"},"modified":"2018-01-09T11:36:37","modified_gmt":"2018-01-09T11:36:37","slug":"qui-som","status":"publish","type":"page","link":"https:\/\/acapps.org\/web\/qui-som\/","title":{"rendered":"QUI SOM?"},"content":{"rendered":"[vc_row][vc_column][vc_column_text]La Federaci\u00f3 ACAPPS \u00e9s una entitat sense afany de lucre creada l&#8217;any 2004 que est\u00e0 formada per ACAPPS Barcelona, ACAPPS Lleida i ACAPPS Vall\u00e8s.<\/p>\n<p><strong>Treballem amb i per a:<\/strong><\/p>\n<p>Els pares i mares amb fills\/es amb sordesa i les persones sordes prelocutives i postlocutives, que s\u00f3n la nostra ra\u00f3 de ser. Per tant, les nostres accions s\u2019encaminen a la seva integraci\u00f3 familiar, educativa, laboral i social perqu\u00e8\u00a0se sentin i siguin ciutadans\/es de ple dret.<\/p>\n<p>Formem part, a nivell estatal, a la Confederaci\u00f3n FIAPAS, i a nivell auton\u00f2mic, al Comit\u00e8 Catal\u00e0 de Representants de Persones amb Discapacitat.<\/p>\n[\/vc_column_text][\/vc_column][\/vc_row]\n","protected":false},"excerpt":{"rendered":"<p>[vc_row][vc_column][vc_column_text]La Federaci\u00f3 ACAPPS \u00e9s una entitat sense afany de lucre creada l&#8217;any 2004 que est\u00e0 formada per ACAPPS Barcelona, ACAPPS Lleida i ACAPPS Vall\u00e8s. Treballem amb i per a: Els pares i mares amb fills\/es amb sordesa i les persones sordes prelocutives i postlocutives, que s\u00f3n la nostra ra\u00f3 de ser. Per tant, les nostres accions s\u2019encaminen a la seva integraci\u00f3 familiar, educativa, laboral i&#8230; <\/p>\n<p><a class=\"readmore\" href=\"https:\/\/acapps.org\/web\/qui-som\/\">LLEGIR M\u00c9S<\/a><\/p>\n","protected":false},"author":1,"featured_media":0,"parent":0,"menu_order":0,"comment_status":"closed","ping_status":"closed","template":"","meta":{"footnotes":""},"_links":{"self":[{"href":"https:\/\/acapps.org\/web\/wp-json\/wp\/v2\/pages\/5445"}],"collection":[{"href":"https:\/\/acapps.org\/web\/wp-json\/wp\/v2\/pages"}],"about":[{"href":"https:\/\/acapps.org\/web\/wp-json\/wp\/v2\/types\/page"}],"author":[{"embeddable":true,"href":"https:\/\/acapps.org\/web\/wp-json\/wp\/v2\/users\/1"}],"replies":[{"embeddable":true,"href":"https:\/\/acapps.org\/web\/wp-json\/wp\/v2\/comments?post=5445"}],"version-history":[{"count":55,"href":"https:\/\/acapps.org\/web\/wp-json\/wp\/v2\/pages\/5445\/revisions"}],"predecessor-version":[{"id":6307,"href":"https:\/\/acapps.org\/web\/wp-json\/wp\/v2\/pages\/5445\/revisions\/6307"}],"wp:attachment":[{"href":"https:\/\/acapps.org\/web\/wp-json\/wp\/v2\/media?parent=5445"}],"curies":[{"name":"wp","href":"https:\/\/api.w.org\/{rel}","templated":true}]}}