{"id":5447,"date":"2016-03-02T09:41:54","date_gmt":"2016-03-02T09:41:54","guid":{"rendered":"http:\/\/acapps.org\/newsite\/?page_id=5447"},"modified":"2024-01-26T09:01:32","modified_gmt":"2024-01-26T09:01:32","slug":"on-som","status":"publish","type":"page","link":"https:\/\/acapps.org\/web\/on-som\/","title":{"rendered":"ON SOM?"},"content":{"rendered":"[vc_row][vc_column][vc_row_inner][vc_column_inner width=&#8221;1\/2&#8243;]<article class=\"icon-box13\"><i class=\"fa-map-marker\" style=\" color:#3ca5ba;\"><\/i><h4>LOCAL SOCIAL I D'ATENCI\u00d3 DIRECTA: carrer N\u00e0pols, 351, baixos. 08025 Barcelona<\/h4><p>El nostre horari d&#8217;atenci\u00f3 \u00e9s de 8:00 a 18:00 de dilluns a dijous. Els divendres, de 8:00 a 14:00. Cal concertar CITA PR\u00c8VIA perqu\u00e8 us puguem atendre presencialment.<\/p>\n<p>HORARI D&#8217;ESTIU. Del 15 de juny al 15 de setembre el nostre horari d&#8217;atenci\u00f3 \u00e9s de 8:00 a 15:00 (cal demanar cita pr\u00e8via per poder ser atesos\/es.<\/p><\/article>[vc_gmaps link=&#8221;#E-8_JTNDaWZyYW1lJTIwc3JjJTNEJTIyaHR0cHMlM0ElMkYlMkZ3d3cuZ29vZ2xlLmNvbSUyRm1hcHMlMkZlbWJlZCUzRnBiJTNEJTIxMW0xNCUyMTFtOCUyMTFtMyUyMTFkMjAxMzAuOTczNDQ5NzcxNzM2JTIxMmQyLjE1Njc1NDczMTgyOTYyNTYlMjEzZDQxLjQwNjk0MzYxMjM3MDk2JTIxM20yJTIxMWkxMDI0JTIxMmk3NjglMjE0ZjEzLjElMjEzbTMlMjExbTIlMjExczB4MCUyNTNBMHgzZTljNWIwMWEwN2ZmMjQ0JTIxMnNBY2FwcHMlMjE1ZTAlMjEzbTIlMjExc2VzJTIxMnNlcyUyMTR2MTY0NDMwOTk5MzYxMSUyMTVtMiUyMTFzZXMlMjEyc2VzJTIyJTIwd2lkdGglM0QlMjI2MDAlMjIlMjBoZWlnaHQlM0QlMjI0NTAlMjIlMjBzdHlsZSUzRCUyMmJvcmRlciUzQTAlM0IlMjIlMjBhbGxvd2Z1bGxzY3JlZW4lM0QlMjIlMjIlMjBsb2FkaW5nJTNEJTIybGF6eSUyMiUzRSUzQyUyRmlmcmFtZSUzRQ==&#8221; size=&#8221;490&#8243;][\/vc_column_inner][vc_column_inner width=&#8221;1\/2&#8243;]<article class=\"icon-box13\"><i class=\"fa-comments-o\" style=\" color:#3ca5ba;\"><\/i><h4>CONTACTEU AMB NOSALTRES! <\/h4><\/article><article class=\"icon-box13\"><i class=\"fa-envelope-o\" style=\" color:#3ca5ba;\"><\/i><h4>Correu electr\u00f2nic<\/h4><\/article>[vc_column_text]\n<h3 style=\"text-align: center;\"><a href=\"mailto:acapps@acapps.org\">acapps@acapps.org<\/a><\/h3>\n[\/vc_column_text]<article class=\"icon-box13\"><i class=\"fa-phone\" style=\" color:#3ca5ba;\"><\/i><h4><\/h4><\/article>[vc_column_text]\n<h3 style=\"text-align: center;\"><strong>Tel\u00e8fon<\/strong> 93 210 55 30<\/h3>\n<h3 style=\"text-align: center;\"><strong>Tel\u00e8fon i\/o whatsapp<\/strong> 600 401 631<\/h3>\n[\/vc_column_text][\/vc_column_inner][\/vc_row_inner][\/vc_column][\/vc_row][vc_row blox_class=&#8221;page-title-x&#8221; video_fullscreen=&#8221;true&#8221; video_type=&#8221;video\/youtube&#8221;][vc_column width=&#8221;1\/12&#8243;][\/vc_column][vc_column width=&#8221;10\/12&#8243;]<hr class=\"vertical-space4\">[vc_row_inner][vc_column_inner width=&#8221;1\/12&#8243;][\/vc_column_inner][vc_column_inner width=&#8221;1\/12&#8243;][\/vc_column_inner][\/vc_row_inner]<hr class=\"vertical-space2\">[\/vc_column][vc_column width=&#8221;1\/12&#8243;][\/vc_column][\/vc_row]\n","protected":false},"excerpt":{"rendered":"<p>[vc_row][vc_column][vc_row_inner][vc_column_inner width=&#8221;1\/2&#8243;][vc_gmaps link=&#8221;#E-8_JTNDaWZyYW1lJTIwc3JjJTNEJTIyaHR0cHMlM0ElMkYlMkZ3d3cuZ29vZ2xlLmNvbSUyRm1hcHMlMkZlbWJlZCUzRnBiJTNEJTIxMW0xNCUyMTFtOCUyMTFtMyUyMTFkMjAxMzAuOTczNDQ5NzcxNzM2JTIxMmQyLjE1Njc1NDczMTgyOTYyNTYlMjEzZDQxLjQwNjk0MzYxMjM3MDk2JTIxM20yJTIxMWkxMDI0JTIxMmk3NjglMjE0ZjEzLjElMjEzbTMlMjExbTIlMjExczB4MCUyNTNBMHgzZTljNWIwMWEwN2ZmMjQ0JTIxMnNBY2FwcHMlMjE1ZTAlMjEzbTIlMjExc2VzJTIxMnNlcyUyMTR2MTY0NDMwOTk5MzYxMSUyMTVtMiUyMTFzZXMlMjEyc2VzJTIyJTIwd2lkdGglM0QlMjI2MDAlMjIlMjBoZWlnaHQlM0QlMjI0NTAlMjIlMjBzdHlsZSUzRCUyMmJvcmRlciUzQTAlM0IlMjIlMjBhbGxvd2Z1bGxzY3JlZW4lM0QlMjIlMjIlMjBsb2FkaW5nJTNEJTIybGF6eSUyMiUzRSUzQyUyRmlmcmFtZSUzRQ==&#8221; size=&#8221;490&#8243;][\/vc_column_inner][vc_column_inner width=&#8221;1\/2&#8243;][vc_column_text] acapps@acapps.org [\/vc_column_text][vc_column_text] Tel\u00e8fon 93 210 55 30 Tel\u00e8fon i\/o whatsapp 600 401 631 [\/vc_column_text][\/vc_column_inner][\/vc_row_inner][\/vc_column][\/vc_row][vc_row blox_class=&#8221;page-title-x&#8221; video_fullscreen=&#8221;true&#8221; video_type=&#8221;video\/youtube&#8221;][vc_column width=&#8221;1\/12&#8243;][\/vc_column][vc_column width=&#8221;10\/12&#8243;][vc_row_inner][vc_column_inner width=&#8221;1\/12&#8243;][\/vc_column_inner][vc_column_inner width=&#8221;1\/12&#8243;][\/vc_column_inner][\/vc_row_inner][\/vc_column][vc_column width=&#8221;1\/12&#8243;][\/vc_column][\/vc_row]<\/p>\n","protected":false},"author":1,"featured_media":0,"parent":0,"menu_order":0,"comment_status":"closed","ping_status":"closed","template":"","meta":{"footnotes":""},"_links":{"self":[{"href":"https:\/\/acapps.org\/web\/wp-json\/wp\/v2\/pages\/5447"}],"collection":[{"href":"https:\/\/acapps.org\/web\/wp-json\/wp\/v2\/pages"}],"about":[{"href":"https:\/\/acapps.org\/web\/wp-json\/wp\/v2\/types\/page"}],"author":[{"embeddable":true,"href":"https:\/\/acapps.org\/web\/wp-json\/wp\/v2\/users\/1"}],"replies":[{"embeddable":true,"href":"https:\/\/acapps.org\/web\/wp-json\/wp\/v2\/comments?post=5447"}],"version-history":[{"count":60,"href":"https:\/\/acapps.org\/web\/wp-json\/wp\/v2\/pages\/5447\/revisions"}],"predecessor-version":[{"id":14369,"href":"https:\/\/acapps.org\/web\/wp-json\/wp\/v2\/pages\/5447\/revisions\/14369"}],"wp:attachment":[{"href":"https:\/\/acapps.org\/web\/wp-json\/wp\/v2\/media?parent=5447"}],"curies":[{"name":"wp","href":"https:\/\/api.w.org\/{rel}","templated":true}]}}