{"id":5460,"date":"2016-03-02T09:44:19","date_gmt":"2016-03-02T09:44:19","guid":{"rendered":"http:\/\/acapps.org\/newsite\/?page_id=5460"},"modified":"2025-02-04T17:57:42","modified_gmt":"2025-02-04T17:57:42","slug":"butlleti","status":"publish","type":"page","link":"https:\/\/acapps.org\/web\/butlleti\/","title":{"rendered":"BUTLLET\u00cd Sentim i Parlem"},"content":{"rendered":"[vc_row][vc_column width=&#8221;1\/2&#8243;][vc_column_text]\n<h3><strong>SEMPRE INFORMATS\/DES: <\/strong><\/h3>\n<h3><strong>ELS NOSTRES BUTLLETINS<\/strong><\/h3>\n<h5>Per estar al corrent de les activitats que fem i not\u00edcies relacionades amb l&#8217;\u00e0mbit de la sordesa que t&#8217;interessaran, ens pots seguir per les xarxes socials (estem a facebook, twitter i instagram, @federacioacapps), consultar el nostre web i, a m\u00e9s, editem dos butlletins en l\u00ednia:<\/h5>\n<h4><span style=\"color: #3ca5ba;\"><strong><em>Sentim i Parlem<\/em><\/strong>,<\/span> amb 144 n\u00fameros editats, on t&#8217;informem de la nostra acci\u00f3 per defensar els drets de les persones i infants amb sordesa en l&#8217;\u00e0mbit educatiu, laboral, social i cultural i en accessibilitat a la comunicaci\u00f3.<\/h4>\n<h4><a href=\"https:\/\/acapps.org\/web\/butlleti-sentim-i-parlem-2021-3-2-2\/\">Edicions del Butllet\u00ed Sentim i Parlem 2024<\/a>.<\/h4>\n<h4><a href=\"https:\/\/acapps.org\/web\/butlleti-sentim-i-parlem-2021-3-2\/\">Edicions del Butllet\u00ed Sentim i Parlem 2023<\/a>.<\/h4>\n<h5><em><span style=\"color: #cb557d;\"><strong>En moviment<\/strong><\/span><\/em>, adre\u00e7at a les fam\u00edlies amb infants amb sordesa amb una selecci\u00f3 d&#8217;informacions espec\u00edfiques per a elles.<\/h5>\n[\/vc_column_text][\/vc_column][vc_column width=&#8221;1\/2&#8243;][vc_single_image image=&#8221;9736&#8243; img_size=&#8221;full&#8221; onclick=&#8221;custom_link&#8221; link=&#8221;https:\/\/docs.google.com\/forms\/d\/e\/1FAIpQLSfZGjVEv&#8211;ta2wzyctXiSzG9bIkmOttzqrv6I4ldKUjkpLWVA\/viewform&#8221;][\/vc_column][\/vc_row]\n","protected":false},"excerpt":{"rendered":"[vc_row][vc_column width=\"1\/2\"][vc_column_text] SEMPRE INFORMATS\/DES: ELS NOSTRES BUTLLETINS Per estar al corrent de les activitats que fem i not\u00edcies relacionades amb l'\u00e0mbit de la sordesa que t'interessaran, ens pots seguir per les xarxes socials (estem a facebook, twitter i instagram, @federacioacapps), consultar el nostre web i, a m\u00e9s, editem dos butlletins en l\u00ednia: Sentim i Parlem, amb 144 n\u00fameros editats, on t'informem de la nostra acci\u00f3... <br><br><a class=\"readmore\" href=\"https:\/\/acapps.org\/web\/butlleti\/\">LLEGIR M\u00c9S<\/a>","protected":false},"author":1,"featured_media":0,"parent":0,"menu_order":0,"comment_status":"closed","ping_status":"closed","template":"","meta":{"footnotes":""},"_links":{"self":[{"href":"https:\/\/acapps.org\/web\/wp-json\/wp\/v2\/pages\/5460"}],"collection":[{"href":"https:\/\/acapps.org\/web\/wp-json\/wp\/v2\/pages"}],"about":[{"href":"https:\/\/acapps.org\/web\/wp-json\/wp\/v2\/types\/page"}],"author":[{"embeddable":true,"href":"https:\/\/acapps.org\/web\/wp-json\/wp\/v2\/users\/1"}],"replies":[{"embeddable":true,"href":"https:\/\/acapps.org\/web\/wp-json\/wp\/v2\/comments?post=5460"}],"version-history":[{"count":28,"href":"https:\/\/acapps.org\/web\/wp-json\/wp\/v2\/pages\/5460\/revisions"}],"predecessor-version":[{"id":15690,"href":"https:\/\/acapps.org\/web\/wp-json\/wp\/v2\/pages\/5460\/revisions\/15690"}],"wp:attachment":[{"href":"https:\/\/acapps.org\/web\/wp-json\/wp\/v2\/media?parent=5460"}],"curies":[{"name":"wp","href":"https:\/\/api.w.org\/{rel}","templated":true}]}}