{"id":5853,"date":"2016-04-18T19:26:28","date_gmt":"2016-04-18T19:26:28","guid":{"rendered":"http:\/\/acapps.org\/newsite\/?page_id=5853"},"modified":"2020-06-02T15:28:08","modified_gmt":"2020-06-02T15:28:08","slug":"servei-daccessibilitat-i-subtitulacio","status":"publish","type":"page","link":"https:\/\/acapps.org\/web\/servei-daccessibilitat-i-subtitulacio\/","title":{"rendered":"Servei d&#8217;Accessibilitat i Subtitulaci\u00f3 en Directe"},"content":{"rendered":"[vc_row][vc_column][vc_column_text]El Servei d\u2019Accessibilitat a la Comunicaci\u00f3 de la Federaci\u00f3 ACAPPS va n\u00e9ixer l\u2019any 2004 per promoure l\u2019accessibilitat a la comunicaci\u00f3 de les persones sordes i aconseguir aix\u00ed seva integraci\u00f3 i participaci\u00f3 social. En aquest sentit, des del servei promovem els mitjans de suport a la comunicaci\u00f3 oral com: la subtitulaci\u00f3, els bucles magn\u00e8tics, les emissores de fm i la lectura labial.<br \/>\nEl Servei d\u2019Accessibilitat a la Comunicaci\u00f3 \u00e9s un servei registrat al Departament de Treball, Afers Socials i Fam\u00edlies amb el n\u00famero S06354[\/vc_column_text][vc_row_inner][vc_column_inner][vc_gallery interval=&#8221;3&#8243; images=&#8221;6278,6277,6276,6275,6274,6273&#8243; img_size=&#8221;full&#8221;][\/vc_column_inner][\/vc_row_inner]<div class=\"w-divider3\"><h3><span class=\"spb\"><span class=\"spl\">QU\u00c8<\/span><span class=\"colorb spr\" style=\"background-color:#bfc904\">FEM?<\/span><\/span><span class=\"spln\"><\/span><\/h3><\/div>[vc_column_text]Informem i orientem sobre els diferents mitjans de suport a la comunicaci\u00f3 que hi ha per a les persones sordes: <strong>la subtitulaci\u00f3 en directe com a sistema d&#8217;accessibilitat universal, el bucle magn\u00e8tic i les emissores FM<\/strong>. Tamb\u00e9 assessorem a les persones usu\u00e0ries de pr\u00f2tesis auditives (audi\u00f2fons i implants) de les prestacions d&#8217;aquestes, com la posici\u00f3 &#8220;T&#8221; que cal activar per accedir al bucle magn\u00e8tic.<br \/>\nTenim una <strong>guia d\u2019ajudes t\u00e8cniques<\/strong>\u00a0perqu\u00e8 les persones sordes puguin con\u00e8ixer les ajudes existents i les prestacions econ\u00f2miques a les que poden tenir dret per adquirir aquests aparells.<br \/>\nFem sessions informatives sobre ajudes t\u00e8cniques espec\u00edfiques per a persones sordes.[\/vc_column_text]<div class=\"w-divider3\"><h3><span class=\"spb\"><span class=\"spl\">QU\u00c8 US<\/span><span class=\"colorb spr\" style=\"background-color:#bfc904\">OFERIM?<\/span><\/span><span class=\"spln\"><\/span><\/h3><\/div>[vc_column_text]\n<h4><strong>\u00a0<\/strong><\/h4>\n<h4><strong>SUBTITULACI\u00d3 EN DIRECTE<\/strong><\/h4>\n<p><strong>Oferim un servei de subtitulaci\u00f3 en directe<\/strong> perqu\u00e8 les persones sordes puguin llegir el que es diu de forma parlada. \u00c9s \u00fatil i necessari per poder anar a reunions, xerrades, cursos de formaci\u00f3 o fins i tot a un judici.<br \/>\n<strong>La subtitulaci\u00f3 \u00e9s la mesura d\u2019accessibilitat universal per a tot el col\u00b7lectiu de persones sordes (a l&#8217;estat espanyol, el 97% de les persones sordes es comuniquen oralment, segons dades de l&#8217;Enquesta de Discapacitat, Autonomia Personal i Situacions de Dependencia de l&#8217;Institut Nacional d&#8217;Estad\u00edstica).<\/strong><\/p>\n<h5><strong>Si ets una persona sorda o amb dificultats d\u2019audici\u00f3 i vols assistir a un acte, activitat, xerrada o reuni\u00f3 <a href=\"http:\/\/accessibilitat@acapps.org\">demana\u2019ns informaci\u00f3<\/a> sobre com fer-ho accessible i treballarem per aconseguir-ho.<\/strong><br \/>\n<strong>Si ets una entitat i vols fer una activitat accessible o vols editar material audiovisual amb subt\u00edtols,<a href=\"http:\/\/accessibilitat@acapps.org\"> contacta amb nosaltres!.<\/a><\/strong><\/h5>\n<h4>C\u00c0PSULA\u00a0<a href=\"https:\/\/www.youtube.com\/watch?v=bI1i8vbj1Ds&amp;t=377s\">El Subtitulat #INclou<\/a><\/h4>\n<h4><strong>BUCLE MAGN\u00c8TIC<\/strong><\/h4>\n<p>Conjuntament amb la subtitulaci\u00f3, oferim la instal\u00b7laci\u00f3 provisional de bucle magn\u00e8tic\u00a0perqu\u00e8 les persones portadores d\u2019audi\u00f2fon i\/o d\u2019implant coclear puguin rebre el so directament a la seva pr\u00f2tesis d\u2019una forma m\u00e9s n\u00edtida sense soroll ni reverberaci\u00f3.<\/p>\n<p>Assessorem sobre la <strong>instal\u00b7laci\u00f3 de bucles magn\u00e8tics permanents<\/strong> en sales d\u2019actes, auditoris, teatres, cinemes, sales de reunions, entre altres.<\/p>\n<p>El bucle magn\u00e8tic \u00e9s un aparell d\u2019amplificaci\u00f3 que converteix el so captat per un micr\u00f2fon en un corrent el\u00e8ctric que circula per un cablejat dissenyat de forma particular segons l\u2019\u00e0rea que es vol cobrir.\u00a0 Quan la persona sorda activa el programa de la telebobina (T) al seu audi\u00f2fon o implant, rep el so de forma n\u00edtida, sense soroll de fons ni reverberaci\u00f3, augmentant aix\u00ed la sensaci\u00f3 d\u2019audici\u00f3 i de confort.<\/p>\n<p><strong>C\u00c0PSULA\u00a0<a href=\"https:\/\/www.youtube.com\/watch?v=2CX0Qql4KO0&amp;t=27s\">El bucle magn\u00e8tic #INclou<\/a><\/strong><\/p>\n<p>El bucle magn\u00e8tic \u00e9s un sistema normalitzat a nivell mundial que ha de complir amb els est\u00e0ndards de qualitat segons norma UNE-EN-60118-4:2016<br \/>\nActualment existeixen diferents espais p\u00fablics que disposen d\u2019anella magn\u00e8tica. Podeu consultar-los a aquesta guia:<\/p>\n<p><strong>Podeu identificar els espais accessibles amb bucle a trav\u00e9s d\u2019aquest s\u00edmbol\u00a0 (logotip de la orella amb la T)<\/strong><\/p>\n<p><img loading=\"lazy\" decoding=\"async\" class=\"alignnone size-medium wp-image-6231\" src=\"http:\/\/acapps.org\/web\/wp-content\/uploads\/2016\/04\/LOGO-LAZOS-DE-INDUCCION-300x297.jpg\" alt=\"LOGO LAZOS DE INDUCCION\" width=\"300\" height=\"297\" srcset=\"https:\/\/acapps.org\/web\/wp-content\/uploads\/2016\/04\/LOGO-LAZOS-DE-INDUCCION-300x297.jpg 300w, https:\/\/acapps.org\/web\/wp-content\/uploads\/2016\/04\/LOGO-LAZOS-DE-INDUCCION-150x150.jpg 150w, https:\/\/acapps.org\/web\/wp-content\/uploads\/2016\/04\/LOGO-LAZOS-DE-INDUCCION-768x759.jpg 768w, https:\/\/acapps.org\/web\/wp-content\/uploads\/2016\/04\/LOGO-LAZOS-DE-INDUCCION-1024x1013.jpg 1024w, https:\/\/acapps.org\/web\/wp-content\/uploads\/2016\/04\/LOGO-LAZOS-DE-INDUCCION-65x65.jpg 65w, https:\/\/acapps.org\/web\/wp-content\/uploads\/2016\/04\/LOGO-LAZOS-DE-INDUCCION-64x62.jpg 64w\" sizes=\"(max-width: 300px) 100vw, 300px\" \/><\/p>\n<h4><strong>EMISSORES FM<\/strong><\/h4>\n<p>Prove\u00efm d\u2019emissores de fm a aquells actes p\u00fablics i\/o activitats on hi ha persones sordes usu\u00e0ries d\u2019audi\u00f2fons i\/o implants coclears que requereixen d\u2019accessibilitat a la comunicaci\u00f3.<\/p>\n<p><strong>C\u00c0PSULA: <a href=\"https:\/\/www.youtube.com\/watch?v=4yvP-zK121M\">l&#8217;Emissora FM #INclou<\/a><\/strong><\/p>\n<p><strong>Servei de pr\u00e9stec d\u2019emissores de fm per a persones s\u00f2cies d&#8217;ACAPPS.<\/strong><\/p>\n<p>A nivell individual, per a les persones s\u00f2cies d&#8217;ACAPPS que ho sol\u00b7licitin.<br \/>\nLes emissores de fm s\u00f3n un sistema de comunicaci\u00f3 port\u00e0til que consta d\u2019un aparell emissor i un aparell receptor. L\u2019emissor converteix el so en ones de radiofreq\u00fc\u00e8ncia que sintonitza amb l\u2019aparell receptor. \u00c9s l\u2019aparell receptor a trav\u00e9s d\u2019un bucle personal o directament amb un adaptador a l\u2019audi\u00f2fon el que es connecta amb la telebobina o posici\u00f3 T de l\u2019audi\u00f2fon i\/o de l\u2019implant coclear.\u00a0 D\u2019aquesta manera, la persona sorda rep el so de l\u2019interlocutor de forma n\u00edtida sense soroll de fons ni reverberaci\u00f3 augmentant aix\u00ed la qualitat de so.<\/p>\n<h4><strong>FORMACI\u00d3<\/strong><\/h4>\n<p>Des del Servei d\u2019Accessibilitat oferim formaci\u00f3 espec\u00edfica i a demanda sobre la p\u00e8rdua auditiva, pautes de comunicaci\u00f3, mesures de suport a la comunicaci\u00f3 oral, entre altres.<br \/>\nAquestes formacions es dirigeixen principalment a professionals d\u2019entitats p\u00fabliques i\/o privades que atenen, o poden atendre, a persones amb sordesa.<\/p>\n<h4><strong>RECURSOS<\/strong><\/h4>\n<p><strong>LEGISLACI\u00d3<\/strong><\/p>\n<p><a href=\"https:\/\/acapps.org\/web\/wp-content\/uploads\/2020\/02\/Resoluci\u00f3-749-VIII.pdf\">Resoluci\u00f3 749\/VIII del Parlament de Catalunya, sobre les mesures per a garantir l\u2019aprenentatge, l\u2019educaci\u00f3, l\u2019accessibilitat i \u00fas del catal\u00e0 i els recursos de la modalitat oral a les persones sordes i sordcegues que es comuniquen oralment<\/a><\/p>\n<p><a href=\"https:\/\/acapps.org\/web\/wp-content\/uploads\/2020\/02\/Llei_Accessibilitat.pdf\">Llei 13\/2014, del 30 d&#8217;octubre, d&#8217;Accessibilitat<\/a><\/p>\n<p><strong>ALTRES<\/strong><\/p>\n<p><a href=\"https:\/\/www.subtitulacion.org\/\"><strong>Club Subtituladores de la Fundaci\u00f3n Vodafone.<\/strong> <\/a>Ofereixen subtitulaci\u00f3 de materials audiovisuals en castell\u00e0. Projecte de voluntariat.<\/p>\n<p><strong>\u00a0<\/strong>[\/vc_column_text]<div class=\"w-divider4\"><h3><span class=\"spl\">CONTACTEU <\/span><span class=\"colorf spr\" style=\"color:#bfc904\">AMB EL SERVEI D'ACCESSIBILITAT<\/span><span class=\"spln\"><\/span><\/h3><\/div>[vc_column_text]Si voleu rebre informaci\u00f3 sobre el servei, o les activitats que organitzem, o plantejar-nos qualsevol altra q\u00fcesti\u00f3, podeu contactar amb el Servei d\u2019Accessibilitat a la comunicaci\u00f3 al tel\u00e8fon 93 210 55 30, per whatsapp al 646 408 422\u00a0 o b\u00e9 enviant un correu electr\u00f2nic a <a href=\"http:\/\/accessibilitat@federacioacapps.org\" target=\"_blank\" rel=\"noopener noreferrer\">accessibilitat@acapps.org.<\/a>[\/vc_column_text]<div class=\"w-divider3\"><h3><span class=\"spb\"><span class=\"spl\">PROJECTES I PROGRAMES<\/span><span class=\"colorb spr\" style=\"background-color:#bfc904\">FINAN\u00c7AMENT<\/span><\/span><span class=\"spln\"><\/span><\/h3><\/div>[vc_column_text]<strong><span style=\"color: #808000;\">EN DEFENSA DELS DRETS DE LES PERSONES SORDES I ACC\u00c9S UNIVERSAL A LA COMUNICACI\u00d3.<\/span><\/strong><span style=\"color: #808000;\"><span style=\"color: #000000;\">En el marc d&#8217;aquest programa executem i fem seguiment de les accions estrat\u00e8giques de la Federaci\u00f3 ACAPPS. Fem incid\u00e8ncia pol\u00edtica per traslladar les necessitats del col\u00b7lectiu de persones i infants amb discapacitat auditiva en els \u00e0mbits educatius, laboral, d&#8217;accessibilitat i de salut. Treballem en xarxa amb les administracions p\u00fabliques i entitats privades.<\/span><\/span><\/p>\n[\/vc_column_text]<div class=\"aligncenter\"><hr class=\"vertical-space1\"><div class=\"col-md-12 our-clients-wrap \"><ul id=\"our-clients\" class=\"our-clients \"><li><img decoding=\"async\" alt=\"\" src=\"https:\/\/acapps.org\/web\/wp-content\/uploads\/2016\/04\/generalitat-1.jpg\"\/><\/li><li><img decoding=\"async\" alt=\"\" src=\"https:\/\/acapps.org\/web\/wp-content\/uploads\/2016\/04\/ayuntamiento-barcelona-logo-vector.jpg\"\/><\/li><li><img decoding=\"async\" alt=\"\" src=\"https:\/\/acapps.org\/web\/wp-content\/uploads\/2016\/04\/logo-vector-diputacion-barcelona-horizontal-450x220.jpg\"\/><\/li><li><img decoding=\"async\" alt=\"\" src=\"https:\/\/acapps.org\/web\/wp-content\/uploads\/2016\/04\/once-1.jpg\"\/><\/li><\/ul><\/div><hr class=\"vertical-space2\"><\/div>[vc_column_text]<strong><span style=\"color: #808000;\">ADQUISICI\u00d3 DE MATERIAL PER A L&#8217;ACCESSIBILITAT COMUNICATIVA DE LES PERSONES SORDES.\u00a0<\/span><\/strong><span style=\"color: #808000;\"><span style=\"color: #000000;\">Gr\u00e0cies a aquest programa, hem pogut adquirir bucles magn\u00e8tics i equips de medici\u00f3 de la senyal magn\u00e8tica.<\/span><\/span><\/p>\n<p><a href=\"https:\/\/acapps.org\/web\/wp-content\/uploads\/2016\/04\/treball_h3-1.jpg\"><img loading=\"lazy\" decoding=\"async\" class=\"alignnone wp-image-6426 size-medium\" src=\"https:\/\/acapps.org\/web\/wp-content\/uploads\/2016\/04\/treball_h3-1-300x62.jpg\" alt=\"\" width=\"300\" height=\"62\" srcset=\"https:\/\/acapps.org\/web\/wp-content\/uploads\/2016\/04\/treball_h3-1-300x62.jpg 300w, https:\/\/acapps.org\/web\/wp-content\/uploads\/2016\/04\/treball_h3-1.jpg 477w\" sizes=\"(max-width: 300px) 100vw, 300px\" \/><\/a>[\/vc_column_text][vc_column_text]\n<p><strong><span style=\"color: #808000;\">ACCIONS PER FOMENTAR L&#8217;ACCESSIBILITAT COMUNICATIVA DE LES PERSONES SORDES EN MODALITAT ORAL.<\/span><\/strong><span style=\"color: #808000;\"><span style=\"color: #000000;\">\u00a0Suport per a l&#8217;adquisici\u00f3 de material audiovisual per promoure l&#8217;accessibilitat a la comunicaci\u00f3 oral de les persones sordes.\u00a0\u00a0<\/span><\/span><\/p>\n<p><a href=\"https:\/\/acapps.org\/web\/wp-content\/uploads\/2018\/10\/logo-Fundaci\u00f3n-Roviralta.jpg\"><img loading=\"lazy\" decoding=\"async\" class=\"alignnone wp-image-7255 size-medium\" src=\"https:\/\/acapps.org\/web\/wp-content\/uploads\/2018\/10\/logo-Fundaci\u00f3n-Roviralta-300x160.jpg\" alt=\"\" width=\"300\" height=\"160\" srcset=\"https:\/\/acapps.org\/web\/wp-content\/uploads\/2018\/10\/logo-Fundaci\u00f3n-Roviralta-300x160.jpg 300w, https:\/\/acapps.org\/web\/wp-content\/uploads\/2018\/10\/logo-Fundaci\u00f3n-Roviralta.jpg 544w\" sizes=\"(max-width: 300px) 100vw, 300px\" \/><\/a>[\/vc_column_text][vc_column_text]\n<p><strong><span style=\"color: #808000;\">CONVENIS 2018. MAPP4ALL. <\/span><\/strong><span style=\"color: #808000;\"><span style=\"color: #000000;\">\u00a0Entitat que gestiona l&#8217;aplicaci\u00f3 m\u00f2bil d&#8217;espais i equipaments accessibles per a les persones amb discapacitat. Difonem l&#8217;app i col\u00b7laborem en l&#8217;actualitzaci\u00f3 de continguts en mat\u00e8ria d&#8217;accessibilitat comunicativa.\u00a0<\/span><\/span>[\/vc_column_text][vc_column_text]<a href=\"http:\/\/acapps.org\/web\/documents-accessibilitat-comunicacio\/\" target=\"_blank\" rel=\"noopener noreferrer\">Documents d&#8217;inter\u00e8s sobre accessibilitat a la comunicaci\u00f3<\/a>[\/vc_column_text][vc_column_text]<!--more--><\/p>\n<p><a href=\"http:\/\/m4social.org\/ca\/blog\/accesibilitat-digital-videos\">Com fer v\u00eddeos accessibles pels nostres portals web? Article de M4Social<\/a>[\/vc_column_text]<div class=\"max-title2\"><h2>El Servei d&#8217;Accessibilitat \u00e9s possible gr\u00e0cies a la col\u00b7laboraci\u00f3 de:<\/h2><\/div><div class=\"aligncenter\"><hr class=\"vertical-space1\"><div class=\"col-md-12 our-clients-wrap \"><ul id=\"our-clients\" class=\"our-clients \"><li><img decoding=\"async\" alt=\"\" src=\"https:\/\/acapps.org\/web\/wp-content\/uploads\/2016\/04\/generalitat-1.jpg\"\/><\/li><li><img decoding=\"async\" alt=\"\" src=\"https:\/\/acapps.org\/web\/wp-content\/uploads\/2016\/04\/ayuntamiento-barcelona-logo-vector.jpg\"\/><\/li><li><img decoding=\"async\" alt=\"\" src=\"https:\/\/acapps.org\/web\/wp-content\/uploads\/2016\/04\/logo-vector-diputacion-barcelona-horizontal-450x220.jpg\"\/><\/li><li><img decoding=\"async\" alt=\"\" src=\"https:\/\/acapps.org\/web\/wp-content\/uploads\/2016\/04\/fiapas-1.jpg\"\/><\/li><li><img decoding=\"async\" alt=\"\" src=\"https:\/\/acapps.org\/web\/wp-content\/uploads\/2016\/04\/gobierno.jpg\"\/><\/li><li><img decoding=\"async\" alt=\"\" src=\"https:\/\/acapps.org\/web\/wp-content\/uploads\/2016\/04\/once-1.jpg\"\/><\/li><\/ul><\/div><hr class=\"vertical-space2\"><\/div><div class=\"max-title2\"><h2>Entitats i empreses accessibles el 2017-18<\/h2><\/div><div class=\"aligncenter\"><hr class=\"vertical-space1\"><div class=\"col-md-12 our-clients-wrap \"><ul id=\"our-clients\" class=\"our-clients \"><li><img decoding=\"async\" alt=\"\" src=\"https:\/\/acapps.org\/web\/wp-content\/uploads\/2016\/04\/Logotip_Parlament_de_Catalunya.svg.png\"\/><\/li><li><img decoding=\"async\" alt=\"\" src=\"https:\/\/acapps.org\/web\/wp-content\/uploads\/2016\/04\/Guttmannr.png\"\/><\/li><li><img decoding=\"async\" alt=\"\" src=\"https:\/\/acapps.org\/web\/wp-content\/uploads\/2015\/03\/vertical-fondo-blanco.jpg_redu\u00efda.jpg\"\/><\/li><li><img decoding=\"async\" alt=\"\" src=\"https:\/\/acapps.org\/web\/wp-content\/uploads\/2016\/04\/incorpora-1.jpg\"\/><\/li><li><img decoding=\"async\" alt=\"\" src=\"https:\/\/acapps.org\/web\/wp-content\/uploads\/2016\/04\/generalitat-1.jpg\"\/><\/li><li><img decoding=\"async\" alt=\"\" src=\"https:\/\/acapps.org\/web\/wp-content\/uploads\/2016\/04\/ConsellConsultiuPacients_logo.jpeg\"\/><\/li><li><img decoding=\"async\" alt=\"\" src=\"https:\/\/acapps.org\/web\/wp-content\/uploads\/2016\/04\/ayuntamiento-barcelona-logo-vector.jpg\"\/><\/li><li><img decoding=\"async\" alt=\"\" src=\"https:\/\/acapps.org\/web\/wp-content\/uploads\/2016\/04\/Pastilla-IMD.jpg\"\/><\/li><li><img decoding=\"async\" alt=\"\" src=\"https:\/\/acapps.org\/web\/wp-content\/uploads\/2016\/04\/AMB_logo.jpg\"\/><\/li><li><img decoding=\"async\" alt=\"\" src=\"https:\/\/acapps.org\/web\/wp-content\/uploads\/2016\/04\/ACC_Alta.jpg\"\/><\/li><li><img decoding=\"async\" alt=\"\" src=\"https:\/\/acapps.org\/web\/wp-content\/uploads\/2016\/04\/ESADE_logo.gif\"\/><\/li><li><img decoding=\"async\" alt=\"\" src=\"https:\/\/acapps.org\/web\/wp-content\/uploads\/2016\/04\/FSC_inserta.jpg\"\/><\/li><li><img decoding=\"async\" alt=\"\" src=\"https:\/\/acapps.org\/web\/wp-content\/uploads\/2016\/04\/servimedia_logo.jpg\"\/><\/li><li><img decoding=\"async\" alt=\"\" src=\"https:\/\/acapps.org\/web\/wp-content\/uploads\/2016\/04\/logoP_ecomCMYK.jpg\"\/><\/li><li><img decoding=\"async\" alt=\"\" src=\"https:\/\/acapps.org\/web\/wp-content\/uploads\/2016\/04\/logo-inclus-cat.jpg\"\/><\/li><li><img decoding=\"async\" alt=\"\" src=\"https:\/\/acapps.org\/web\/wp-content\/uploads\/2016\/04\/logo_escola_t\u00e0ber.png\"\/><\/li><li><img decoding=\"async\" alt=\"\" src=\"https:\/\/acapps.org\/web\/wp-content\/uploads\/2016\/04\/eurolocal-logo.png\"\/><\/li><\/ul><\/div><hr class=\"vertical-space2\"><\/div>[\/vc_column][\/vc_row]\n<p><a href=\"https:\/\/acapps.org\/web\/wp-content\/uploads\/2020\/06\/COM_FER_UNA_MASCARETA_ACCESSIBLE.pdf\">Recomanacions<\/a><\/p>\n<p><a href=\"https:\/\/acapps.org\/web\/wp-content\/uploads\/2020\/06\/patrons-model1-i-2.pdf\">Patrons<\/a><\/p>\n","protected":false},"excerpt":{"rendered":"<p>[vc_row][vc_column][vc_column_text]El Servei d\u2019Accessibilitat a la Comunicaci\u00f3 de la Federaci\u00f3 ACAPPS va n\u00e9ixer l\u2019any 2004 per promoure l\u2019accessibilitat a la comunicaci\u00f3 de les persones sordes i aconseguir aix\u00ed seva integraci\u00f3 i participaci\u00f3 social. En aquest sentit, des del servei promovem els mitjans de suport a la comunicaci\u00f3 oral com: la subtitulaci\u00f3, els bucles magn\u00e8tics, les emissores de fm i la lectura labial. El Servei d\u2019Accessibilitat a&#8230; <\/p>\n<p><a class=\"readmore\" href=\"https:\/\/acapps.org\/web\/servei-daccessibilitat-i-subtitulacio\/\">LLEGIR M\u00c9S<\/a><\/p>\n","protected":false},"author":1,"featured_media":0,"parent":0,"menu_order":0,"comment_status":"closed","ping_status":"closed","template":"","meta":{"footnotes":""},"_links":{"self":[{"href":"https:\/\/acapps.org\/web\/wp-json\/wp\/v2\/pages\/5853"}],"collection":[{"href":"https:\/\/acapps.org\/web\/wp-json\/wp\/v2\/pages"}],"about":[{"href":"https:\/\/acapps.org\/web\/wp-json\/wp\/v2\/types\/page"}],"author":[{"embeddable":true,"href":"https:\/\/acapps.org\/web\/wp-json\/wp\/v2\/users\/1"}],"replies":[{"embeddable":true,"href":"https:\/\/acapps.org\/web\/wp-json\/wp\/v2\/comments?post=5853"}],"version-history":[{"count":96,"href":"https:\/\/acapps.org\/web\/wp-json\/wp\/v2\/pages\/5853\/revisions"}],"predecessor-version":[{"id":8799,"href":"https:\/\/acapps.org\/web\/wp-json\/wp\/v2\/pages\/5853\/revisions\/8799"}],"wp:attachment":[{"href":"https:\/\/acapps.org\/web\/wp-json\/wp\/v2\/media?parent=5853"}],"curies":[{"name":"wp","href":"https:\/\/api.w.org\/{rel}","templated":true}]}}