{"id":6300,"date":"2018-01-08T15:00:17","date_gmt":"2018-01-08T15:00:17","guid":{"rendered":"http:\/\/acapps.org\/newsite\/?page_id=6300"},"modified":"2026-04-14T10:47:41","modified_gmt":"2026-04-14T10:47:41","slug":"federacio-acapps","status":"publish","type":"page","link":"https:\/\/acapps.org\/web\/federacio-acapps\/","title":{"rendered":"Federaci\u00f3 ACAPPS"},"content":{"rendered":"[vc_row][vc_column width=&#8221;1\/2&#8243;][vc_column_text css_animation=&#8221;fadeIn&#8221;]\n<h1 style=\"text-align: left;\"><strong><span style=\"color: #069dbc; font-size: 60px;\">Qui som?<\/span><\/strong><\/h1>\n[\/vc_column_text][vc_column_text css_animation=&#8221;fadeIn&#8221;]\n<h4><span style=\"color: #000000;\">La Federaci\u00f3 d&#8217;Associacions Catalanes de Fam\u00edlies i Persones amb Sordesa (Federaci\u00f3 ACAPPS), \u00e9s la federaci\u00f3 nascuda el 2004 sota el resultat de la uni\u00f3 entre les associacions ACAPPS, ACAPPS Lleida, ACAPPS Vall\u00e8s i ACAPPS Pened\u00e8s Garraf, per representar i defensar els drets i interessos globals de les persones amb discapacitat auditiva que es <strong><span style=\"color: #0f9ebd;\">comuniquen oralment <\/span><\/strong><\/span><span style=\"color: #000000;\">i les seves fam\u00edlies en tots els \u00e0mbits, davant la societat, les administracions i altres institucions.<\/span><\/h4>\n<h4><span style=\"color: #000000;\">A aquest efecte, integra i impulsa l\u2019acci\u00f3 de les Associacions Catalanes de Pares i Persones Sordes.<\/span><\/h4>\n[\/vc_column_text][vc_row_inner][vc_column_inner width=&#8221;1\/4&#8243;][vc_icon icon_fontawesome=&#8221;fa fa-deaf&#8221; color=&#8221;turquoise&#8221; size=&#8221;lg&#8221; align=&#8221;center&#8221; css_animation=&#8221;fadeInLeft&#8221;][\/vc_column_inner][vc_column_inner width=&#8221;3\/4&#8243;][vc_column_text css_animation=&#8221;flipInX&#8221;]\n<h4><strong><span style=\"color: #0f9ebd; font-size: 23px;\">Representem les persones amb sordesa que es comuniquen oralment,<br \/>\n<\/span><\/strong><strong><span style=\"color: #0f9ebd; font-size: 23px;\">el 97,8 % de les 174.100 persones amb discapacitat auditiva que hi ha a Catalunya.<\/span><\/strong><\/h4>\n[\/vc_column_text][\/vc_column_inner][\/vc_row_inner][vc_row_inner][vc_column_inner width=&#8221;1\/4&#8243;][vc_icon icon_fontawesome=&#8221;fa fa-deaf&#8221; color=&#8221;turquoise&#8221; size=&#8221;lg&#8221; align=&#8221;center&#8221; css_animation=&#8221;fadeInLeft&#8221;][\/vc_column_inner][vc_column_inner width=&#8221;3\/4&#8243;][vc_column_text css_animation=&#8221;flipInX&#8221;]\n<h4><strong><span style=\"color: #0f9ebd; font-size: 23px;\">Som entitat cofundadora del Comit\u00e9 Catal\u00e0 de Representants de les Persones amb Discapacitats (COCARMI) i federada a nivell estatal de la Confederaci\u00f3n FIAPAS.\u00a0<\/span><\/strong><\/h4>\n[\/vc_column_text][\/vc_column_inner][\/vc_row_inner][vc_row_inner][vc_column_inner width=&#8221;1\/4&#8243;][vc_icon icon_fontawesome=&#8221;fa fa-deaf&#8221; color=&#8221;turquoise&#8221; size=&#8221;lg&#8221; align=&#8221;center&#8221; css_animation=&#8221;fadeInLeft&#8221;][\/vc_column_inner][vc_column_inner width=&#8221;3\/4&#8243;][vc_column_text css_animation=&#8221;flipInX&#8221;]\n<h4><strong><span style=\"color: #0f9ebd; font-size: 23px;\">Treballem per a les persones amb sordesa i les seves fam\u00edlies per aconseguir que se sentin i siguin ciutadans de ple dret en tots els \u00e0mbits: familiar, social i laboral.<\/span><\/strong><\/h4>\n[\/vc_column_text][\/vc_column_inner][\/vc_row_inner][\/vc_column][vc_column width=&#8221;1\/2&#8243;][vc_single_image image=&#8221;16768&#8243; img_size=&#8221;350&#215;230&#8243; style=&#8221;vc_box_rounded&#8221; css_animation=&#8221;fadeInLeft&#8221;][vc_single_image image=&#8221;16616&#8243; img_size=&#8221;400&#215;230&#8243; alignment=&#8221;right&#8221; style=&#8221;vc_box_rounded&#8221; css_animation=&#8221;fadeInRight&#8221;][vc_single_image image=&#8221;16131&#8243; img_size=&#8221;350&#215;230&#8243; style=&#8221;vc_box_rounded&#8221; css_animation=&#8221;fadeInLeft&#8221;][vc_single_image image=&#8221;15933&#8243; img_size=&#8221;400&#215;230&#8243; alignment=&#8221;right&#8221; css_animation=&#8221;fadeInRight&#8221;][\/vc_column][\/vc_row][vc_row][vc_column][vc_column_text css_animation=&#8221;fadeIn&#8221;]\n<h1 style=\"text-align: left;\"><strong><span style=\"color: #069dbc; font-size: 60px; line-height: 1.5;\">Som associaci\u00f3<\/span><\/strong><\/h1>\n<h4>La Federaci\u00f3 ACAPPS \u00e9s el resultat de l\u2019agrupaci\u00f3 de l\u2019Associaci\u00f3 Catalana per a la Promoci\u00f3 de les Persones amb Sordesa (ACAPPS), l\u2019Associaci\u00f3 Catalana de Pares i Persones Sordes de Lleida (ACAPPS Lleida) i l\u2019Associaci\u00f3 Catalana de Pares, Persones Sordes i Amics dels Sords del Vall\u00e8s (ACAPPS Vall\u00e9s), que van constituir la Federaci\u00f3 ACAPPS en el moment de la seva creaci\u00f3 com a entitats fundadores.<\/h4>\n[\/vc_column_text][vc_row_inner][vc_column_inner width=&#8221;1\/3&#8243;][vc_single_image image=&#8221;16789&#8243; img_size=&#8221;large&#8221; css_animation=&#8221;fadeIn&#8221;][\/vc_column_inner][vc_column_inner width=&#8221;1\/3&#8243;][vc_single_image image=&#8221;16788&#8243; img_size=&#8221;large&#8221; css_animation=&#8221;fadeIn&#8221;][\/vc_column_inner][vc_column_inner width=&#8221;1\/3&#8243;][vc_single_image image=&#8221;16787&#8243; img_size=&#8221;large&#8221; alignment=&#8221;right&#8221; css_animation=&#8221;fadeIn&#8221;][\/vc_column_inner][\/vc_row_inner][\/vc_column][\/vc_row][vc_row][vc_column][vc_column_text]\n<h4><span class=\"a_GcMg font-feature-liga-off font-feature-clig-off font-feature-calt-off text-decoration-none text-strikethrough-none\">Per altra banda, la Federaci\u00f3 ACAPPS est\u00e0 adherida i \u00e9s part activa de les seg\u00fcents <\/span><span class=\"a_GcMg font-feature-liga-off font-feature-clig-off font-feature-calt-off text-decoration-none text-strikethrough-none\">entitats i xarxes de treball<\/span><span class=\"a_GcMg font-feature-liga-off font-feature-clig-off font-feature-calt-off text-decoration-none text-strikethrough-none\"> en els \u00e0mbits local, estatal i internacional:<\/span><\/h4>\n[\/vc_column_text][\/vc_column][\/vc_row][vc_row][vc_column width=&#8221;1\/3&#8243;][vc_single_image image=&#8221;16796&#8243; img_size=&#8221;medium&#8221; alignment=&#8221;center&#8221; onclick=&#8221;custom_link&#8221; img_link_target=&#8221;_blank&#8221; css_animation=&#8221;fadeIn&#8221; link=&#8221;https:\/\/fiapas.es\/&#8221;][\/vc_column][vc_column width=&#8221;1\/3&#8243;][vc_single_image image=&#8221;16795&#8243; img_size=&#8221;medium&#8221; alignment=&#8221;center&#8221; onclick=&#8221;custom_link&#8221; img_link_target=&#8221;_blank&#8221; css_animation=&#8221;fadeIn&#8221; link=&#8221;https:\/\/www.cocarmi.cat\/&#8221;][\/vc_column][vc_column width=&#8221;1\/3&#8243;][vc_single_image image=&#8221;16794&#8243; img_size=&#8221;large&#8221; alignment=&#8221;center&#8221; onclick=&#8221;custom_link&#8221; img_link_target=&#8221;_blank&#8221; css_animation=&#8221;fadeIn&#8221; link=&#8221;https:\/\/efhoh.org\/&#8221;][\/vc_column][\/vc_row][vc_row][vc_column][vc_column_text css_animation=&#8221;fadeIn&#8221;]\n<h1><\/h1>\n<h1><\/h1>\n<h1 style=\"text-align: left;\"><strong><span style=\"color: #069dbc; font-size: 60px; line-height: 1.7;\">Els nostres serveis<\/span><\/strong><\/h1>\n<h4>La Federaci\u00f3 ACAPPS ofereix una \u00e0mplia cartera de serveis amb l\u2019objectiu de millorar la qualitat de vida de les persones amb sordesa que es comuniquen oralment. Treballem des de la incid\u00e8ncia pol\u00edtica per garantir la pres\u00e8ncia i els drets del col\u00b7lectiu en l\u2019\u00e0mbit institucional, fins a la promoci\u00f3 activa de l\u2019accessibilitat.<\/h4>\n<h4>Assessorem de manera gratu\u00efta equipaments, empreses i institucions que volen fer accessibles les seves activitats i esdeveniments. Tamb\u00e9 gestionem situacions d\u2019inaccessibilitat i treballem per resoldre-les en la mesura del possible. A m\u00e9s, oferim formacions especialitzades i validem la correcta instal\u00b7laci\u00f3 de bucles magn\u00e8tics.<\/h4>\n<h4>La cultura tamb\u00e9 \u00e9s una prioritat: per aix\u00f2 impulsem la plataforma aracultura.org, que facilita l\u2019acc\u00e9s a propostes culturals accessibles i sense barreres.<\/h4>\n[\/vc_column_text][\/vc_column][\/vc_row][vc_row][vc_column video_bg=&#8221;yes&#8221; video_bg_url=&#8221;https:\/\/www.youtube.com\/shorts\/w9NKgXnS6BY?feature=share&#8221; width=&#8221;1\/3&#8243;][vc_column_text]\n<div style=\"position: relative; width: 104%; max-width: 450px; margin: 0px auto; height: 550px; text-align: right;\"><iframe style=\"position: absolute; top: 0; left: -2.5%; width: 100%; height: 100%;\" src=\"https:\/\/www.youtube.com\/embed\/w9NKgXnS6BY\" frameborder=\"0\" allowfullscreen=\"allowfullscreen\"><br \/>\n<\/iframe><\/div>\n[\/vc_column_text][\/vc_column][vc_column width=&#8221;1\/3&#8243;][vc_single_image image=&#8221;16834&#8243; img_size=&#8221;415&#215;660&#8243; style=&#8221;vc_box_rounded&#8221; onclick=&#8221;custom_link&#8221; img_link_target=&#8221;_blank&#8221; css_animation=&#8221;bottom-to-top&#8221; link=&#8221;https:\/\/docs.google.com\/forms\/d\/e\/1FAIpQLSd1S2EilxakqnpteajNt-S9esrjvo5mQM4H2V42iXt7jaTdfw\/viewform?pli=1&#8243;][\/vc_column][vc_column width=&#8221;1\/3&#8243;][vc_column_text]\n<div style=\"position: relative; width: 104%; max-width: 450px; margin: 0px auto; height: 550px; text-align: right;\"><iframe style=\"position: absolute; top: 0; left: -2.5%; width: 100%; height: 100%;\" src=\"https:\/\/www.youtube.com\/embed\/JTHKorV9OtA\" frameborder=\"0\" allowfullscreen=\"allowfullscreen\"><br \/>\n<\/iframe><\/div>\n[\/vc_column_text][\/vc_column][\/vc_row]\n","protected":false},"excerpt":{"rendered":"<p>[vc_row][vc_column width=&#8221;1\/2&#8243;][vc_column_text css_animation=&#8221;fadeIn&#8221;] Qui som? [\/vc_column_text][vc_column_text css_animation=&#8221;fadeIn&#8221;] La Federaci\u00f3 d&#8217;Associacions Catalanes de Fam\u00edlies i Persones amb Sordesa (Federaci\u00f3 ACAPPS), \u00e9s la federaci\u00f3 nascuda el 2004 sota el resultat de la uni\u00f3 entre les associacions ACAPPS, ACAPPS Lleida, ACAPPS Vall\u00e8s i ACAPPS Pened\u00e8s Garraf, per representar i defensar els drets i interessos globals de les persones amb discapacitat auditiva que es comuniquen oralment i les seves&#8230; <\/p>\n<p><a class=\"readmore\" href=\"https:\/\/acapps.org\/web\/federacio-acapps\/\">LLEGIR M\u00c9S<\/a><\/p>\n","protected":false},"author":1,"featured_media":0,"parent":0,"menu_order":0,"comment_status":"closed","ping_status":"closed","template":"","meta":{"footnotes":""},"_links":{"self":[{"href":"https:\/\/acapps.org\/web\/wp-json\/wp\/v2\/pages\/6300"}],"collection":[{"href":"https:\/\/acapps.org\/web\/wp-json\/wp\/v2\/pages"}],"about":[{"href":"https:\/\/acapps.org\/web\/wp-json\/wp\/v2\/types\/page"}],"author":[{"embeddable":true,"href":"https:\/\/acapps.org\/web\/wp-json\/wp\/v2\/users\/1"}],"replies":[{"embeddable":true,"href":"https:\/\/acapps.org\/web\/wp-json\/wp\/v2\/comments?post=6300"}],"version-history":[{"count":198,"href":"https:\/\/acapps.org\/web\/wp-json\/wp\/v2\/pages\/6300\/revisions"}],"predecessor-version":[{"id":16876,"href":"https:\/\/acapps.org\/web\/wp-json\/wp\/v2\/pages\/6300\/revisions\/16876"}],"wp:attachment":[{"href":"https:\/\/acapps.org\/web\/wp-json\/wp\/v2\/media?parent=6300"}],"curies":[{"name":"wp","href":"https:\/\/api.w.org\/{rel}","templated":true}]}}