{"id":6305,"date":"2018-01-09T11:18:45","date_gmt":"2018-01-09T11:18:45","guid":{"rendered":"http:\/\/acapps.org\/newsite\/?page_id=6305"},"modified":"2024-02-13T12:14:35","modified_gmt":"2024-02-13T12:14:35","slug":"acapps","status":"publish","type":"page","link":"https:\/\/acapps.org\/web\/acapps\/","title":{"rendered":"ACAPPS"},"content":{"rendered":"[vc_row][vc_column][vc_column_text]<h5>ACAPPS som l&#8217;associaci\u00f3 referent a Catalunya de les persones amb sordesa que es comuniquen en llengua oral (prop del 98% del col\u00b7lectiu) i de les seves fam\u00edlies.\u00a0 Creada l&#8217;any 1992, fa trenta anys que treballem per als drets educatius, socials, laborals i culturals de les persones amb sordesa.\u00a0 Som entitat sense \u00e0nim de lucre <a href=\"http:\/\/acapps.org\/web\/wp-content\/uploads\/2018\/04\/Declaraci\u00f3-dUTILITAT-PUBLICA.pdf\">declarada d&#8217;Utilitat P\u00fablica.<\/a><\/h5>\n<h5>\u00a0<\/h5>\n<h5>El nostre \u00e0mbit territorial \u00e9s Catalunya. Les tres associacions (ACAPPS, ACAPPS Lleida i ACAPPS Vall\u00e8s) formen part de la Federaci\u00f3 d&#8217;Associacions Catalanes de Pares i Persones amb Sordesa (ACAPPS).<\/h5>\n<h5>\u00a0<\/h5>\n<h5>Et convidem ara a con\u00e8ixer-nos millor. Per aix\u00f2 i perqu\u00e8 som una entitat transparent podr\u00e0s informar-te de:<\/h5>\n<h5>\u00a0<\/h5>\n<h5>Qui som? Prop\u00f2sit, missi\u00f3, visi\u00f3, principis i valors i pol\u00edtica de qualitat.<\/h5>\n<h5>\u00a0<\/h5>\n<h5>Objectius.<\/h5>\n<h5>\u00a0<\/h5>\n<h5>Normes reguladores. Estatuts, Reglament de R\u00e8gim Intern, Codi \u00c8tic, proc\u00e9s de gesti\u00f3 de queixes.<\/h5>\n<h5>\u00a0<\/h5>\n<h5>Govern, gesti\u00f3 i finances. Organigrama, Pla Estrat\u00e8gic 2023-2025, Convenis, Subvencions i ajudes p\u00fabliques, mem\u00f2ria d&#8217;activitats i comptes anuals dels darrers tres anys.<\/h5>[\/vc_column_text][vc_row_inner][vc_column_inner][\/vc_column_inner][\/vc_row_inner][vc_row_inner][\/vc_row_inner][vc_column_inner][\/vc_column_inner][vc_column_text][\/vc_column_text]<hr>[\/vc_column][\/vc_row][vc_row][vc_column][vc_column_text]\n\n\n<p><\/p>\n\n\n[\/vc_column_text][\/vc_column][\/vc_row]","protected":false},"excerpt":{"rendered":"<p>[vc_row][vc_column][vc_column_text] ACAPPS som l&#8217;associaci\u00f3 referent a Catalunya de les persones amb sordesa que es comuniquen en llengua oral (prop del 98% del col\u00b7lectiu) i de les seves fam\u00edlies.\u00a0 Creada l&#8217;any 1992, fa trenta anys que treballem per als drets educatius, socials, laborals i culturals de les persones amb sordesa.\u00a0 Som entitat sense \u00e0nim de lucre declarada d&#8217;Utilitat P\u00fablica. \u00a0 El nostre \u00e0mbit territorial \u00e9s Catalunya&#8230;. <\/p>\n<p><a class=\"readmore\" href=\"https:\/\/acapps.org\/web\/acapps\/\">LLEGIR M\u00c9S<\/a><\/p>\n","protected":false},"author":1,"featured_media":0,"parent":0,"menu_order":0,"comment_status":"closed","ping_status":"closed","template":"","meta":{"footnotes":""},"_links":{"self":[{"href":"https:\/\/acapps.org\/web\/wp-json\/wp\/v2\/pages\/6305"}],"collection":[{"href":"https:\/\/acapps.org\/web\/wp-json\/wp\/v2\/pages"}],"about":[{"href":"https:\/\/acapps.org\/web\/wp-json\/wp\/v2\/types\/page"}],"author":[{"embeddable":true,"href":"https:\/\/acapps.org\/web\/wp-json\/wp\/v2\/users\/1"}],"replies":[{"embeddable":true,"href":"https:\/\/acapps.org\/web\/wp-json\/wp\/v2\/comments?post=6305"}],"version-history":[{"count":228,"href":"https:\/\/acapps.org\/web\/wp-json\/wp\/v2\/pages\/6305\/revisions"}],"predecessor-version":[{"id":14561,"href":"https:\/\/acapps.org\/web\/wp-json\/wp\/v2\/pages\/6305\/revisions\/14561"}],"wp:attachment":[{"href":"https:\/\/acapps.org\/web\/wp-json\/wp\/v2\/media?parent=6305"}],"curies":[{"name":"wp","href":"https:\/\/api.w.org\/{rel}","templated":true}]}}