{"id":6979,"date":"2018-06-18T11:12:40","date_gmt":"2018-06-18T11:12:40","guid":{"rendered":"http:\/\/acapps.org\/web\/?page_id=6979"},"modified":"2024-05-10T07:36:13","modified_gmt":"2024-05-10T07:36:13","slug":"politica-de-privacitat-2","status":"publish","type":"page","link":"https:\/\/acapps.org\/web\/politica-de-privacitat-2\/","title":{"rendered":"Pol\u00edtica de Privacitat"},"content":{"rendered":"<p>En virtut de l\u2019entrada en vigor del nou <b>Reglament de la Uni\u00f3 Europea 2016\/679 del 27 d\u2019abril de 2016 <\/b>relatiu a la protecci\u00f3 de les persones f\u00edsiques en el que respecta al tractament de dades personals i a la lliure circulaci\u00f3 d\u2019aquestes dades l\u2019informem que:<\/p>\n<p>L\u2019Associaci\u00f3 Catalana per a la Promoci\u00f3 de les Persones Sordes tracta les dades amb les finalitats de: donar atenci\u00f3 i suport a trav\u00e9s dels diferents serveis de l\u2019entitat, gestionar la seva subscripci\u00f3 com a persona associada, difusi\u00f3 de les activitats de l\u2019entitat i promoure la participaci\u00f3 de les persones associades i usu\u00e0ries en diferents actes i activitats. ACAPPS podr\u00e0 cedir les dades a tercers perqu\u00e8 les tractin amb la mateixa finalitat.<\/p>\n<p>La persona s\u00f2cia o usu\u00e0ria ha de donar consentiment a ACAPPS per al tractament de les dades personals. Sempre t\u00e9 dret a accedir, rectificar i suprimir les dades.<\/p>\n<ol>\n<li><b>. Qui \u00e9s el responsable del tractament de les seves dades personals?<\/b><\/li>\n<\/ol>\n<p>L\u2019Associaci\u00f3 Catalana per a la Promoci\u00f3 de les Persones Sordes ( ACAPPS) amb CIF: G60175577 i domicili social c. N\u00e0pols, 351, local. 08024 Barcelona, Espanya. Tel\u00e8fon: 93 210 55 30. Pot contactar amb el Delegat\u00a0 de Protecci\u00f3 de Dades (DPD) a l\u2019adre\u00e7a de correu electr\u00f2nic\u00a0 <a href=\"mailto:rgpd@acapps.org\">rgpd@acapps.org<\/a><\/p>\n<ol start=\"2\">\n<li><b> Quin tipus de dades personals es tractaran?<\/b><\/li>\n<\/ol>\n<p>Totes les dades seves i\/o dels seus fills i filles que ens faciliti. Aquelles dades personals addicionals que ens faciliti durant la realitzaci\u00f3 d\u2019una de les finalitats descrites en l\u2019apartat seg\u00fcent. Les dades personals que ens faciliti mitjan\u00e7ant una xarxa social o una altra aplicaci\u00f3 tecnol\u00f2gica. Aquestes dades personals depenen de la seva pr\u00f2pia configuraci\u00f3 de privacitat, \u00fas de la xarxa social o aplicaci\u00f3 i pol\u00edtica de privacitat de la xarxa social o aplicaci\u00f3 esmentada. Es tractaran tamb\u00e9 dades personals de categoria especial relatives a la salut necess\u00e0ries per gestionar la seva participaci\u00f3 a l\u2019entitat.<\/p>\n<ol start=\"3\">\n<li><b> Amb quina finalitat tractem les seves dades personals?<\/b><\/li>\n<\/ol>\n<p>A l\u2019Associaci\u00f3 Catalana per a la Promoci\u00f3 de les Persones Sordes (ACAPPS) tractem la informaci\u00f3 que ens faciliten les persones interessades i\/o dels seus fills i filles a fi de: gestionar la seva subscripci\u00f3 com a persona associada, prestar assist\u00e8ncia social, donar suport en la recerca de feina, donar suport familiar i logop\u00e8dic, oferir classes de lectura labial, participar en grups d\u2019ajuda m\u00fatua, participar en activitats l\u00fadiques i formatives, donar informaci\u00f3 sobre recursos i mitjans de suport a la comunicaci\u00f3. Amb aquesta informaci\u00f3 complimentem la fitxa de persona usu\u00e0ria, i\/o de persona associada. Tamb\u00e9 recollim les dades de les persones que volen rebre informaci\u00f3 de l\u2019entitat a trav\u00e9s del butllet\u00ed electr\u00f2nic mensual. Recollim dades a fi de realitzar el manteniment, desenvolupament, aplicaci\u00f3 i control de la relaci\u00f3 jur\u00eddic laboral amb el responsable de tractament, incloent-hi les n\u00f2mines, i en cas necessari, el tractament de les dades de discapacitat per calcular les retencions i els pagaments a compte de l\u2019Impost de la renda de les persones f\u00edsiques, aix\u00ed com la finalitat de gesti\u00f3 de personal, comptabilitat i els controls\u00a0 i seguiment d\u2019aquests sobre la seva seguretat i salut laboral establerts legalment en els termes que el Responsable de tractament esdevingui subjecte obligat. Tamb\u00e9 es destinen, segons cada cas, per a la gesti\u00f3 de les formacions volunt\u00e0ries o vinculades a les seves tasques.<\/p>\n<ol start=\"4\">\n<li><b> Consentiment per al tractament de categories especials de Dades Personals<\/b><\/li>\n<\/ol>\n<p>Vost\u00e8 CONSENT EXPRESSAMENT que l\u2019Associaci\u00f3 Catalana per a la Promoci\u00f3 de les Persones Sordes (ACAPPS) pugui tractar les dades personals de categoria especial per al compliment de les obligacions que es deriven de la seva participaci\u00f3 a l\u2019entitat. Aquestes dades personals es fan servir nom\u00e9s per a l\u2019estricte compliment per la nostra entitat de les finalitats esmentades. L\u2019ACAPPS est\u00e0 legitimada per tractar les dades personals de categoria especial pel consentiment expr\u00e9s que vost\u00e8 ens atorga. Si vost\u00e8 no vol que la nostra entitat tracti aquestes dades personals no li podrem continuar donant acc\u00e9s a determinats serveis i prestacions.\u00a0 Vost\u00e8 pot revocar el consentiment en qualsevol moment. Aquesta revocaci\u00f3 no afectar\u00e0 la licitud dels tractaments duts a terme amb anterioritat a la revocaci\u00f3, i pot comportar que l\u2019ACAPPS no podr\u00e0 continuar oferint diferents serveis i prestacions.<\/p>\n<ol start=\"5\">\n<li><b> Consentiment per al tractament amb finalitats de comunicaci\u00f3 sobre activitats de l\u2019entitat i similars<\/b><\/li>\n<\/ol>\n<p>L\u2019ACAPPS tamb\u00e9 tractar\u00e0 les dades personals per a l\u2019enviament, fins i tot per mitjans electr\u00f2nics, de comunicacions sobre les activitats de l\u2019entitat, butllet\u00ed mensual, investigacions i estudis relacionats amb la sordesa aix\u00ed com la promoci\u00f3 de la participaci\u00f3 en activitats de l\u2019entitat. Vost\u00e8 es pot oposar a rebre aquesta mena de comunicacions, ara o en qualsevol altre moment, enviant un correu electr\u00f2nic a <a href=\"mailto:rgpd@acapps.org\">rgpd@acapps.org<\/a> o adre\u00e7ant una sol\u00b7licitud a la nostra adre\u00e7a postal, a l\u2019atenci\u00f3 del Delegat de Protecci\u00f3 de Dades. El tractament de les dades personals per enviar informaci\u00f3 relacionada sobre activitats de l\u2019entitat i similars respon al nostre inter\u00e8s leg\u00edtim per prestar els nostres serveis i est\u00e0 autoritzat per la normativa vigent.<\/p>\n<ol start=\"6\">\n<li><b> Quina base legal tenim per tractar les seves dades?<\/b><\/li>\n<\/ol>\n<p>La recollida i el tractament de les teves dades personals es basa principalment en el seu consentiment expr\u00e9s per a poder disposar dels serveis i activitats que desenvolupem aix\u00ed com la relaci\u00f3 que mantenim amb les persones que s\u2019associen a la nostra entitat.\u00a0 El tractament de la informaci\u00f3 que recullen les nostres cookies est\u00e0 basat en el consentiment informat que ens doneu, en conformitat a la legislaci\u00f3 vigent.<\/p>\n<p><b>\u00a0<\/b><\/p>\n<ol start=\"7\">\n<li><b> A qui comunicarem les seves dades personals?<\/b><\/li>\n<\/ol>\n<p>Per assolir els objectius establerts entre la persona interessada i el servei que l\u2019acull, en cas necessari i despr\u00e9s d\u2019obtenir el seu consentiment, podem cedir les seves dades personals a altres entitats col\u00b7laboradores per a que les tractin amb les mateixes finalitats descrites anteriorment. Tamb\u00e9 l\u2019informem que les seves dades poden ser compartides amb la Federaci\u00f3 ACAPPS per a que les tracti amb la mateixa finalitat.<\/p>\n<ol start=\"8\">\n<li><b> Quan temps conservarem les seves dades personals?<\/b><\/li>\n<\/ol>\n<p>Conservarem les seves dades personals mentre no sol\u00b7liciti la seva supressi\u00f3. Si est\u00e0s subscrit\/a al nostre butllet\u00ed electr\u00f2nic, conservarem la seva adre\u00e7a electr\u00f2nica fins que es doni de baixa.<\/p>\n<ol start=\"9\">\n<li><b> Quins son els seus drets?<\/b><\/li>\n<\/ol>\n<p>T\u00e9 dret a accedir a les seves dades personals aix\u00ed com a sol\u00b7licitar la rectificaci\u00f3 de dades inexactes o la seva supressi\u00f3. Tamb\u00e9 te dret a sol\u00b7licitar la portabilitat de les seves dades. L\u2019ACAPPS facilitar\u00e0 aquesta portabilitat sempre que t\u00e8cnicament sigui viable. Pot sol\u00b7licitar la limitaci\u00f3 del tractament de les seves dades aix\u00ed com oposar-se al tractament, L\u2019ACAPPS conservar\u00e0 les dades i\/o deixar\u00e0 de tractar-les llevat de per motius leg\u00edtims imperiosos, a l\u2019exercici o la defensa de possibles reclamacions.<\/p>\n<p>Te dret a retirar qualsevol consentiment pr\u00e8viament atorgat. Aix\u00f2 no afectar\u00e0 a la licitud dels tractaments ja realitzats en base al consentiment retirat.<\/p>\n<p>Per exercir qualsevol d\u2019aquests drets, pot adre\u00e7ar-te al carrer Provid\u00e8ncia 42 4\u00aa planta de Barcelona o a l\u2019adre\u00e7a electr\u00f2nica <a href=\"mailto:rgpd@acapps.org\">rgpd@acapps.org<\/a> aportant un document identificatiu i exposant el dret que es vol exercir, i si s\u2019escau els motius o situaci\u00f3 particular que ho fa necessari.<\/p>\n<p>Pot presentar una reclamaci\u00f3 davant l\u2019Ag\u00e8ncia Catalana de Protecci\u00f3 de Dades si creu que ACAPPS no ha satisfet els seus drets de forma correcta.<\/p>\n<ol start=\"10\">\n<li><b> Com hem obtingut les seves dades?<\/b><\/li>\n<\/ol>\n<p>En general, les dades que tractem sempre s\u00f3n facilitades per la persona interessada o la seva fam\u00edlia. En alguns casos, es poden obtenir dades b\u00e0siques i de contacte d\u2019altres entitats amb les que la persona interessada mant\u00e9 una relaci\u00f3 pr\u00e8via i que ens es derivada per acollir-se als servies i prestacions que oferim.<\/p>\n","protected":false},"excerpt":{"rendered":"<p>En virtut de l\u2019entrada en vigor del nou Reglament de la Uni\u00f3 Europea 2016\/679 del 27 d\u2019abril de 2016 relatiu a la protecci\u00f3 de les persones f\u00edsiques en el que respecta al tractament de dades personals i a la lliure circulaci\u00f3 d\u2019aquestes dades l\u2019informem que: L\u2019Associaci\u00f3 Catalana per a la Promoci\u00f3 de les Persones Sordes tracta les dades amb les finalitats de: donar atenci\u00f3 i&#8230; <\/p>\n<p><a class=\"readmore\" href=\"https:\/\/acapps.org\/web\/politica-de-privacitat-2\/\">LLEGIR M\u00c9S<\/a><\/p>\n","protected":false},"author":3,"featured_media":0,"parent":0,"menu_order":0,"comment_status":"closed","ping_status":"closed","template":"","meta":{"footnotes":""},"_links":{"self":[{"href":"https:\/\/acapps.org\/web\/wp-json\/wp\/v2\/pages\/6979"}],"collection":[{"href":"https:\/\/acapps.org\/web\/wp-json\/wp\/v2\/pages"}],"about":[{"href":"https:\/\/acapps.org\/web\/wp-json\/wp\/v2\/types\/page"}],"author":[{"embeddable":true,"href":"https:\/\/acapps.org\/web\/wp-json\/wp\/v2\/users\/3"}],"replies":[{"embeddable":true,"href":"https:\/\/acapps.org\/web\/wp-json\/wp\/v2\/comments?post=6979"}],"version-history":[{"count":2,"href":"https:\/\/acapps.org\/web\/wp-json\/wp\/v2\/pages\/6979\/revisions"}],"predecessor-version":[{"id":14855,"href":"https:\/\/acapps.org\/web\/wp-json\/wp\/v2\/pages\/6979\/revisions\/14855"}],"wp:attachment":[{"href":"https:\/\/acapps.org\/web\/wp-json\/wp\/v2\/media?parent=6979"}],"curies":[{"name":"wp","href":"https:\/\/api.w.org\/{rel}","templated":true}]}}