{"id":7115,"date":"2018-07-17T11:02:47","date_gmt":"2018-07-17T11:02:47","guid":{"rendered":"http:\/\/acapps.org\/web\/?page_id=7115"},"modified":"2024-11-26T09:31:58","modified_gmt":"2024-11-26T09:31:58","slug":"fes-te-soci-a-avantatges","status":"publish","type":"page","link":"https:\/\/acapps.org\/web\/fes-te-soci-a-avantatges\/","title":{"rendered":"FES-TE SOCI\/A: AVANTATGES!"},"content":{"rendered":"[vc_row][vc_column][vc_single_image image=&#8221;10013&#8243; img_size=&#8221;full&#8221;][vc_row_inner][vc_column_inner width=&#8221;1\/2&#8243;]<a href=\"https:\/\/docs.google.com\/forms\/d\/e\/1FAIpQLSckDfNfIF9w8bnf3QVW17a_4LbJUK4KANeYj-Mu6cEJ14GgEw\/viewform\" class=\"button pink  large  \" target=\"_self\"><i class=\"li_heart\"><\/i>Som una FAM\u00cdLIA i ens volem fer socis\/es d&#8217;ACAPPS<\/a>[\/vc_column_inner][vc_column_inner width=&#8221;1\/2&#8243;]<a href=\"https:\/\/docs.google.com\/forms\/d\/e\/1FAIpQLSfN7fNNPFYXrbT3oe-Sa5YLku0njiK1PmGETY_0t56hb5HaQw\/viewform\" class=\"button blue  large  \" target=\"_self\"><i class=\"li_heart\"><\/i>S\u00f3c una persona amb sordesa i vull ser soci\/a d&#8217;ACAPPS<\/a>[\/vc_column_inner][\/vc_row_inner][vc_row_inner][vc_column_inner]<article class=\"icon-box\"><h4><\/h4><\/article><article class=\"icon-box2\"><a href='https:\/\/acapps.org\/web\/wp-content\/uploads\/2024\/07\/avantatges_socis_24-1.pdf'><i class=\"fa-star\" style=\" color:#d3ad30;\"><\/i><\/a><h4>Beneficia't de totes les avantatges de ser soci\/a d'ACAPPS!<\/h4><a style=\"color:#019696\" class=\"magicmore\" href=\"https:\/\/acapps.org\/web\/wp-content\/uploads\/2024\/07\/avantatges_socis_24-1.pdf\">Consulta tota la relaci\u00f3 aqu\u00ed!<\/a><\/article>[vc_column_text]<strong>A m\u00e9s, com a fam\u00edlia o persona associada tamb\u00e9 et podr\u00e0s beneficiar dels descomptes exclusius que hem aconseguit gr\u00e0cies als convenis amb les principals companyies audiol\u00f2giques.\u00a0<\/strong>[\/vc_column_text][\/vc_column_inner][\/vc_row_inner][vc_row_inner][vc_column_inner width=&#8221;1\/3&#8243;]<article class=\"icon-box17\"  style=\"color: #e8c82e\"><div class=\"icon-wrap\" style=\"background-color:#e8c82e\"><a href=https:\/\/acapps.org\/web\/wp-content\/uploads\/2023\/03\/Avantatges_GAES.pdf><i class=\"fa-search-plus\" style=\" color:#e8c82e;\"><\/i><\/a><\/div><h4>Amb GAES marca Amplifon<\/h4><\/article>[\/vc_column_inner][vc_column_inner width=&#8221;1\/3&#8243;]<article class=\"icon-box17\"  style=\"color: #e8c82e\"><div class=\"icon-wrap\" style=\"background-color:#e8c82e\"><a href=https:\/\/acapps.org\/web\/wp-content\/uploads\/2023\/03\/Avantatges_AuralWidex-1.pdf><i class=\"fa-search-plus\" style=\" color:#e8c82e;\"><\/i><\/a><\/div><h4>AMB AURAL WIDEX<\/h4><\/article>[\/vc_column_inner][vc_column_inner width=&#8221;1\/3&#8243;]<article class=\"icon-box17\"  style=\"color: #e8c82e\"><div class=\"icon-wrap\" style=\"background-color:#e8c82e\"><a href=https:\/\/acapps.org\/web\/wp-content\/uploads\/2023\/03\/Avantatges_Audika-1.pdf><i class=\"fa-search-plus\" style=\" color:#e8c82e;\"><\/i><\/a><\/div><h4>Amb Audika<\/h4><\/article>[\/vc_column_inner][\/vc_row_inner][vc_row_inner][vc_column_inner width=&#8221;1\/3&#8243;]<article class=\"icon-box17\"  style=\"color: #e8c82e\"><div class=\"icon-wrap\" style=\"background-color:#e8c82e\"><a href=https:\/\/acapps.org\/web\/wp-content\/uploads\/2024\/02\/Avantatges_Arrecife.pdf><i class=\"fa-search-plus\" style=\" color:#e8c82e;\"><\/i><\/a><\/div><h4>Amb el Centre Auditiu Arrecife<\/h4><\/article>[\/vc_column_inner][vc_column_inner width=&#8221;1\/3&#8243;]<article class=\"icon-box17\"  style=\"color: #e8c82e\"><div class=\"icon-wrap\" style=\"background-color:#e8c82e\"><a href=https:\/\/acapps.org\/web\/wp-content\/uploads\/2023\/03\/Avantatges_SmartSo.pdf><i class=\"fa-search-plus\" style=\" color:#e8c82e;\"><\/i><\/a><\/div><h4>Amb el centre auditiu Smart So<\/h4><\/article>[\/vc_column_inner][vc_column_inner width=&#8221;1\/3&#8243;]<article class=\"icon-box17\"  style=\"color: #e8c82e\"><div class=\"icon-wrap\" style=\"background-color:#e8c82e\"><a href=https:\/\/acapps.org\/web\/wp-content\/uploads\/2024\/03\/Avantatges_Alain-afflelou.pdf><i class=\"fa-search-plus\" style=\" color:#e8c82e;\"><\/i><\/a><\/div><h4>Amb ALAIN AFFLELOU<\/h4><p style=\"color:#e8c82e\"><\/p><\/article>[\/vc_column_inner][\/vc_row_inner][vc_row_inner][vc_column_inner width=&#8221;1\/3&#8243;]<article class=\"icon-box17\"  style=\"color: #e8c82e\"><div class=\"icon-wrap\" style=\"background-color:#e8c82e\"><a href=https:\/\/acapps.org\/web\/wp-content\/uploads\/2024\/11\/Avantatges_ClinicAudio.pdf><i class=\"fa-search-plus\" style=\" color:#e8c82e;\"><\/i><\/a><\/div><h4>Amb CLINIC AUDIO<\/h4><p style=\"color:#e8c82e\"><\/p><\/article>[\/vc_column_inner][vc_column_inner width=&#8221;1\/3&#8243;]<article class=\"icon-box17\"  style=\"color: #e8c82e\"><div class=\"icon-wrap\" style=\"background-color:#e8c82e\"><a href=https:\/\/acapps.org\/web\/wp-content\/uploads\/2024\/11\/Avantatges_GrandAudition.pdf><i class=\"fa-search-plus\" style=\" color:#e8c82e;\"><\/i><\/a><\/div><h4>Amb GRAND AUDITION<\/h4><p style=\"color:#e8c82e\"><\/p><\/article>[\/vc_column_inner][vc_column_inner width=&#8221;1\/3&#8243;]<article class=\"icon-box17\"  style=\"color: #e8c82e\"><div class=\"icon-wrap\" style=\"background-color:#e8c82e\"><a href=https:\/\/acapps.org\/web\/wp-content\/uploads\/2024\/11\/Avantatges_RVALFA.pdf><i class=\"fa-search-plus\" style=\" color:#e8c82e;\"><\/i><\/a><\/div><h4>Amb RV ALFA<\/h4><p style=\"color:#e8c82e\"><\/p><\/article>[\/vc_column_inner][\/vc_row_inner][vc_row_inner][vc_column_inner width=&#8221;1\/3&#8243;]<article class=\"icon-box17\"  style=\"color: #e8c82e\"><div class=\"icon-wrap\" style=\"background-color:#e8c82e\"><a href=https:\/\/acapps.org\/web\/wp-content\/uploads\/2024\/11\/Avantatges_SalvaAudiologia.pdf><i class=\"fa-search-plus\" style=\" color:#e8c82e;\"><\/i><\/a><\/div><h4>Amb SALV\u00c0 AUDIOLOGIA<\/h4><p style=\"color:#e8c82e\"><\/p><\/article>[\/vc_column_inner][vc_column_inner width=&#8221;1\/3&#8243;]<article class=\"icon-box17\" ><div class=\"icon-wrap\" style=\"background-color:\"><a href=https:\/\/acapps.org\/web\/2020\/12\/15\/nou-avantatge-per-a-socis-es-dacapps-amb-lautoescola-superexpress-teorica-gratuita\/><i class=\"fa-search-plus\" style=\"\"><\/i><\/a><\/div><h4>Amb l'autoescola S\u00faper Express<\/h4><p style=\"color:#3ca5ba\"><\/p><\/article><article class=\"icon-box\"><h4><\/h4><\/article>[\/vc_column_inner][vc_column_inner width=&#8221;1\/3&#8243;][\/vc_column_inner][vc_column_inner width=&#8221;1\/3&#8243;][\/vc_column_inner][\/vc_row_inner][\/vc_column][vc_column][vc_column_text]\n<h2><\/h2>\n<h2>Un cop omplert el formulari, <strong>ens posarem en contacte amb tu per donar-te d&#8217;alta com a soci\/a de l&#8217;associaci\u00f3 ACAPPS<\/strong> i comen\u00e7ar a gaudir dels avantatges. Per a qualsevol dubte posa&#8217;t en contacte amb nosaltres a <a href=\"mailto:acapps@acapps.org\">acapps@acapps.org<\/a><\/h2>\n[\/vc_column_text][\/vc_column][vc_column][\/vc_column][\/vc_row][vc_row][vc_column][\/vc_column][vc_column][\/vc_column][\/vc_row][vc_row][vc_column][\/vc_column][\/vc_row]\n","protected":false},"excerpt":{"rendered":"<p>[vc_row][vc_column][vc_single_image image=&#8221;10013&#8243; img_size=&#8221;full&#8221;][vc_row_inner][vc_column_inner width=&#8221;1\/2&#8243;][\/vc_column_inner][vc_column_inner width=&#8221;1\/2&#8243;][\/vc_column_inner][\/vc_row_inner][vc_row_inner][vc_column_inner][vc_column_text]A m\u00e9s, com a fam\u00edlia o persona associada tamb\u00e9 et podr\u00e0s beneficiar dels descomptes exclusius que hem aconseguit gr\u00e0cies als convenis amb les principals companyies audiol\u00f2giques.\u00a0[\/vc_column_text][\/vc_column_inner][\/vc_row_inner][vc_row_inner][vc_column_inner width=&#8221;1\/3&#8243;][\/vc_column_inner][vc_column_inner width=&#8221;1\/3&#8243;][\/vc_column_inner][vc_column_inner width=&#8221;1\/3&#8243;][\/vc_column_inner][\/vc_row_inner][vc_row_inner][vc_column_inner width=&#8221;1\/3&#8243;][\/vc_column_inner][vc_column_inner width=&#8221;1\/3&#8243;][\/vc_column_inner][vc_column_inner width=&#8221;1\/3&#8243;][\/vc_column_inner][\/vc_row_inner][vc_row_inner][vc_column_inner width=&#8221;1\/3&#8243;][\/vc_column_inner][vc_column_inner width=&#8221;1\/3&#8243;][\/vc_column_inner][vc_column_inner width=&#8221;1\/3&#8243;][\/vc_column_inner][\/vc_row_inner][vc_row_inner][vc_column_inner width=&#8221;1\/3&#8243;][\/vc_column_inner][vc_column_inner width=&#8221;1\/3&#8243;][\/vc_column_inner][vc_column_inner width=&#8221;1\/3&#8243;][\/vc_column_inner][vc_column_inner width=&#8221;1\/3&#8243;][\/vc_column_inner][\/vc_row_inner][\/vc_column][vc_column][vc_column_text] Un cop omplert el formulari, ens posarem en contacte amb tu per donar-te d&#8217;alta com a soci\/a de l&#8217;associaci\u00f3 ACAPPS i comen\u00e7ar&#8230; <\/p>\n<p><a class=\"readmore\" href=\"https:\/\/acapps.org\/web\/fes-te-soci-a-avantatges\/\">LLEGIR M\u00c9S<\/a><\/p>\n","protected":false},"author":3,"featured_media":0,"parent":0,"menu_order":0,"comment_status":"closed","ping_status":"closed","template":"","meta":{"footnotes":""},"_links":{"self":[{"href":"https:\/\/acapps.org\/web\/wp-json\/wp\/v2\/pages\/7115"}],"collection":[{"href":"https:\/\/acapps.org\/web\/wp-json\/wp\/v2\/pages"}],"about":[{"href":"https:\/\/acapps.org\/web\/wp-json\/wp\/v2\/types\/page"}],"author":[{"embeddable":true,"href":"https:\/\/acapps.org\/web\/wp-json\/wp\/v2\/users\/3"}],"replies":[{"embeddable":true,"href":"https:\/\/acapps.org\/web\/wp-json\/wp\/v2\/comments?post=7115"}],"version-history":[{"count":68,"href":"https:\/\/acapps.org\/web\/wp-json\/wp\/v2\/pages\/7115\/revisions"}],"predecessor-version":[{"id":15458,"href":"https:\/\/acapps.org\/web\/wp-json\/wp\/v2\/pages\/7115\/revisions\/15458"}],"wp:attachment":[{"href":"https:\/\/acapps.org\/web\/wp-json\/wp\/v2\/media?parent=7115"}],"curies":[{"name":"wp","href":"https:\/\/api.w.org\/{rel}","templated":true}]}}