{"id":9513,"date":"2021-01-12T12:06:05","date_gmt":"2021-01-12T12:06:05","guid":{"rendered":"https:\/\/acapps.org\/web\/?page_id=9513"},"modified":"2023-07-24T12:58:12","modified_gmt":"2023-07-24T12:58:12","slug":"xarxafamilies","status":"publish","type":"page","link":"https:\/\/acapps.org\/web\/xarxafamilies\/","title":{"rendered":"Fam\u00edlies"},"content":{"rendered":"[vc_row][vc_column][vc_column_text]<p><\/p>\n<h2 style=\"font-size: 24px;\"><strong>Hola! Benvinguda FAM\u00cdLIA!<\/strong><\/h2>\n<p><\/p>\n<p><\/p>\n<h5>\u00a0<\/h5>\n<h5><strong>En aquest espai et volem explicar QU\u00c8 t&#8217;oferim, des de l&#8217;associaci\u00f3 ACAPPS, com a fam\u00edlia amb un\/a fill\/a amb sordesa. <\/strong><\/h5>\n<h5><\/h5>\n<p><\/p>\n<h5>La nostra entitat fa 30 anys que treballa per a i amb les fam\u00edlies amb infants amb sordesa des del nostre Servei d&#8217;Atenci\u00f3 i Suport a les Fam\u00edlies, que ha anat ampliant els programes i activitats que oferim. T&#8217;ho expliquem i, si et quedes amb qualsevol dubte, et convidem a con\u00e8ixer-nos:<\/h5>\n<h5><\/h5>\n<p><\/p>\n<h5 class=\"has-medium-font-size\"><strong><a href=\"mailto:saaf@acapps.org\">saaf@acapps.org<\/a>\u00a0 \u00a0 \u00a0 tel. 93 210 55 30\u00a0 \u00a0 \u00a0 tel. m\u00f2bil 620 993 422<\/strong><\/h5>\n<h5><\/h5>\n<p><\/p>\n<h5>Paula Quirante. Referent en atenci\u00f3 a les fam\u00edlies i persones amb sordesa.<\/h5>\n<h5>Laura Roig. Logopeda<\/h5>\n<hr>\n<p>&nbsp;<\/p>\n<h5><\/h5>\n<p><\/p>\n<div class=\"wp-block-image\">\n<figure class=\"alignleft size-large\"><img loading=\"lazy\" decoding=\"async\" class=\"alignleft wp-image-9518\" src=\"https:\/\/acapps.org\/web\/wp-content\/uploads\/2021\/01\/recurs_xarxa_t.jpg\" alt=\"\" width=\"526\" height=\"132\" srcset=\"https:\/\/acapps.org\/web\/wp-content\/uploads\/2021\/01\/recurs_xarxa_t.jpg 626w, https:\/\/acapps.org\/web\/wp-content\/uploads\/2021\/01\/recurs_xarxa_t-300x75.jpg 300w\" sizes=\"(max-width: 526px) 100vw, 526px\" \/><\/figure>\n<\/div>\n<p><\/p>\n<p><\/p>\n<p><\/p>\n<p><\/p>\n<p>&nbsp;<\/p>\n<p>&nbsp;<\/p>\n<p>&nbsp;<\/p>\n<p>&nbsp;<\/p>\n<h3><a href=\"https:\/\/acapps.org\/web\/xarxa-de-families\/\"><strong>XARXA <\/strong>de fam\u00edlies<\/a><\/h3>\n<h4><strong>Les fam\u00edlies amb sordesa fem xarxa a l&#8217;associaci\u00f3:<\/strong> ens coneixem, compartim i intercanviem experi\u00e8ncies <strong><a href=\"https:\/\/acapps.org\/web\/xarxa-de-families\/\">(per saber-ne m\u00e9s, clica&#8217;ns)<\/a><\/strong><\/h4>\n<hr>\n<p><\/p>\n<p><\/p>\n<p><\/p>\n<p><\/p>\n<figure class=\"wp-block-image size-large\"><img loading=\"lazy\" decoding=\"async\" class=\"alignleft wp-image-9528\" src=\"https:\/\/acapps.org\/web\/wp-content\/uploads\/2021\/01\/acompanyament_diagn\u00f2stic_t-1024x392.jpg\" alt=\"\" width=\"417\" height=\"160\" srcset=\"https:\/\/acapps.org\/web\/wp-content\/uploads\/2021\/01\/acompanyament_diagn\u00f2stic_t-1024x392.jpg 1024w, https:\/\/acapps.org\/web\/wp-content\/uploads\/2021\/01\/acompanyament_diagn\u00f2stic_t-300x115.jpg 300w, https:\/\/acapps.org\/web\/wp-content\/uploads\/2021\/01\/acompanyament_diagn\u00f2stic_t-768x294.jpg 768w, https:\/\/acapps.org\/web\/wp-content\/uploads\/2021\/01\/acompanyament_diagn\u00f2stic_t-1536x588.jpg 1536w, https:\/\/acapps.org\/web\/wp-content\/uploads\/2021\/01\/acompanyament_diagn\u00f2stic_t-2048x784.jpg 2048w\" sizes=\"(max-width: 417px) 100vw, 417px\" \/><\/figure>\n<p><\/p>\n<p><\/p>\n<p>&nbsp;<\/p>\n<p>&nbsp;<\/p>\n<p>&nbsp;<\/p>\n<p>&nbsp;<\/p>\n<h3><a href=\"https:\/\/acapps.org\/web\/acompanyament-a-families\/\"><strong>ACOMPANYAMENT <\/strong>a fam\u00edlies de recent diagn\u00f2stic<\/a><\/h3>\n<h4>En tota la primera etapa d&#8217;inf\u00e0ncia i adolesc\u00e8ncia del vostre fill\/a <strong>us acompanyem<\/strong> i donem resposta a qualsevol dubte i\/o necessitat <strong><a href=\"https:\/\/acapps.org\/web\/acompanyament-a-families\/\">(per saber-ne m\u00e9s, clica&#8217;ns)<\/a><\/strong><\/h4>\n<hr>\n<p><\/p>\n<p><\/p>\n<p><\/p>\n<p><\/p>\n<figure class=\"wp-block-image size-large\"><img loading=\"lazy\" decoding=\"async\" class=\"wp-image-9568 alignleft\" src=\"https:\/\/acapps.org\/web\/wp-content\/uploads\/2021\/01\/nena_IC-1-300x119.jpg\" alt=\"\" width=\"391\" height=\"154\" srcset=\"https:\/\/acapps.org\/web\/wp-content\/uploads\/2021\/01\/nena_IC-1-300x119.jpg 300w, https:\/\/acapps.org\/web\/wp-content\/uploads\/2021\/01\/nena_IC-1-1024x405.jpg 1024w, https:\/\/acapps.org\/web\/wp-content\/uploads\/2021\/01\/nena_IC-1-768x303.jpg 768w, https:\/\/acapps.org\/web\/wp-content\/uploads\/2021\/01\/nena_IC-1-1536x607.jpg 1536w, https:\/\/acapps.org\/web\/wp-content\/uploads\/2021\/01\/nena_IC-1-2048x809.jpg 2048w\" sizes=\"(max-width: 391px) 100vw, 391px\" \/><\/figure>\n<p><\/p>\n<p><\/p>\n<p>&nbsp;<\/p>\n<p>&nbsp;<\/p>\n<p>&nbsp;<\/p>\n<p>&nbsp;<\/p>\n<h3><a href=\"https:\/\/acapps.org\/web\/implants-coclears-i-audiofons\/\"><strong>ASSESSORAMENT <\/strong>en ajudes i assegurances d&#8217;audi\u00f2fons i implants coclears<\/a><\/h3>\n<h4>Si l&#8217;implant o l&#8217;audi\u00f2fon no funcionen, el nen\/a amb sordesa deixa de sentir. \u00c9s important <strong>tenir assegurat l&#8217;implant coclear<\/strong> per tenir cobertura en cas de reparacions, accidents o robatoris <strong><a href=\"https:\/\/acapps.org\/web\/implants-coclears-i-audiofons\/\">(per saber-ne m\u00e9s, clica&#8217;ns)<\/a><\/strong><\/h4>\n<hr>\n<p><\/p>\n<p><\/p>\n<p><\/p>\n<p><\/p>\n<figure class=\"wp-block-image size-large\"><img loading=\"lazy\" decoding=\"async\" width=\"626\" height=\"183\" class=\"wp-image-9571\" src=\"https:\/\/acapps.org\/web\/wp-content\/uploads\/2021\/01\/pare_nena-1.jpg\" alt=\"\" srcset=\"https:\/\/acapps.org\/web\/wp-content\/uploads\/2021\/01\/pare_nena-1.jpg 626w, https:\/\/acapps.org\/web\/wp-content\/uploads\/2021\/01\/pare_nena-1-300x88.jpg 300w\" sizes=\"(max-width: 626px) 100vw, 626px\" \/><\/figure>\n<p><\/p>\n<p><\/p>\n<h4><a href=\"https:\/\/acapps.org\/web\/logopedia-families\/\"><strong>LOGOP\u00c8DIA<\/strong>\u00a0<\/a><\/h4>\n<h4>Oferim a infants i joves amb discapacitat auditiva atenci\u00f3 i intervenci\u00f3 logop\u00e8dica individual mitjan\u00e7ant el <strong>cofinan\u00e7ament de les sessions de logop\u00e8dia<\/strong> que realitzeu a nivell privat. Per poder beneficiar-vos-en cal que sigueu socis\/es de l&#8217;associaci\u00f3<a href=\"https:\/\/acapps.org\/web\/logopedia-families\/\"> (per saber-ne m\u00e9s, clica&#8217;ns).<\/a><\/h4>\n<hr>\n<p><\/p>\n<p><\/p>\n<p><\/p>\n<p><\/p>\n<figure class=\"wp-block-image size-large\"><img loading=\"lazy\" decoding=\"async\" class=\"wp-image-9357\" src=\"https:\/\/acapps.org\/web\/wp-content\/uploads\/2020\/11\/nena_pissarra.jpg\" alt=\"\" width=\"389\" height=\"142\" srcset=\"https:\/\/acapps.org\/web\/wp-content\/uploads\/2020\/11\/nena_pissarra.jpg 626w, https:\/\/acapps.org\/web\/wp-content\/uploads\/2020\/11\/nena_pissarra-300x109.jpg 300w\" sizes=\"(max-width: 389px) 100vw, 389px\" \/><\/figure>\n<p><\/p>\n<p><\/p>\n<h4><a href=\"https:\/\/acapps.org\/web\/escola-de-families\/\"><strong>ESCOLA DE FAM\u00cdLIES<\/strong> (formacions).<\/a><\/h4>\n<h4>Quan reps la confirmaci\u00f3 que el teu fill\/a t\u00e9 sordesa la vida et fa un canvi important i cal afrontar un dol i una situaci\u00f3 que no estava prevista. Cal tenir cura de tots els membres de la fam\u00edlia i de nosaltres mateixos. A m\u00e9s, la fam\u00edlia, vosaltres, teniu un paper clau en el desenvolupament del vostre fill\/a i en l&#8217;adquisici\u00f3 del llenguatge. Per acompanyar-vos, <strong>oferim diverses sessions formatives per donar-vos eines i recursos que us ajudaran a gestionar-ho millor i fer-ho tot m\u00e9s f\u00e0cil<\/strong>. (<a href=\"https:\/\/acapps.org\/web\/escola-de-families\/\">Vull saber-ne m\u00e9s!<\/a>)<\/h4>\n<hr>\n<h3><\/h3>\n<p><\/p>\n<p><\/p>\n<p><\/p>\n<figure class=\"wp-block-image size-large\"><img loading=\"lazy\" decoding=\"async\" width=\"1024\" height=\"228\" class=\"wp-image-9572\" src=\"https:\/\/acapps.org\/web\/wp-content\/uploads\/2021\/01\/activitat_rem-1024x228.jpg\" alt=\"\" srcset=\"https:\/\/acapps.org\/web\/wp-content\/uploads\/2021\/01\/activitat_rem-1024x228.jpg 1024w, https:\/\/acapps.org\/web\/wp-content\/uploads\/2021\/01\/activitat_rem-300x67.jpg 300w, https:\/\/acapps.org\/web\/wp-content\/uploads\/2021\/01\/activitat_rem-768x171.jpg 768w, https:\/\/acapps.org\/web\/wp-content\/uploads\/2021\/01\/activitat_rem-1536x342.jpg 1536w, https:\/\/acapps.org\/web\/wp-content\/uploads\/2021\/01\/activitat_rem-2048x456.jpg 2048w\" sizes=\"(max-width: 1024px) 100vw, 1024px\" \/><\/figure>\n<p><\/p>\n<p><\/p>\n<h3 style=\"font-size: 26px;\"><strong>OCI I LLEURE<\/strong><\/h3>\n<h4>A ACAPPS tamb\u00e9 creiem que \u00e9s important trobar-nos i fer activitats que ens agradin, a nosaltres i sobretot als nostres fills\/es i germans\/es. Per aix\u00f2 de forma habitual programem activitats de lleure i esportives o oferim descomptes per a activitats d&#8217;oci per a les fam\u00edlies s\u00f2cies.<\/h4>\n<hr>\n<h3><strong>SEMPRE INFORMATS: ELS NOSTRES BUTLLETINS<\/strong><\/h3>\n<h4>Per estar al corrent de les activitats que fem i not\u00edcies relacionades amb l&#8217;\u00e0mbit de la sordesa que t&#8217;interessaran, ens pots seguir per les xarxes socials (estem a facebook, twitter i instagram, @federacioacapps), consultar el nostre web i, a m\u00e9s, editem dos butlletins en l\u00ednia:<\/h4>\n<h4><a href=\"https:\/\/acapps.org\/web\/butleti-en-moviment\/\"><em><strong>En moviment<\/strong>,<\/em> <\/a>adre\u00e7at a les fam\u00edlies amb infants amb sordesa amb una selecci\u00f3 d&#8217;informacions espec\u00edfiques per a vosaltres: <a href=\"https:\/\/acapps.org\/web\/butlleti-sentim-i-parlem-2021-2-3-2\/\">CONSULTA TOTS ELS N\u00daMEROS DE 2023<\/a><\/h4>\n<h4><a href=\"https:\/\/acapps.org\/web\/butlleti\/\"><strong>S<em>entim i Parlem<\/em><\/strong><\/a>, amb m\u00e9s de 120 n\u00fameros editats, on t&#8217;informem de la nostra acci\u00f3 per defensar els drets de les persones i infants amb sordesa en l&#8217;\u00e0mbit educatiu, laboral, social i cultural i en accessibilitat a la comunicaci\u00f3.\u00a0<\/h4>\n<div class=\"wp-block-columns\">\n<div class=\"wp-block-column\">\n<p><\/p>\n<p><!-- \/wp:column --><\/p>\n<p><!-- \/wp:columns --><\/p>\n<\/div>\n<\/div>[\/vc_column_text][vc_row_inner][vc_column_inner width=&#8221;1\/2&#8243;][vc_single_image image=&#8221;10596&#8243; img_size=&#8221;full&#8221; onclick=&#8221;custom_link&#8221; img_link_target=&#8221;_blank&#8221; link=&#8221;https:\/\/docs.google.com\/forms\/d\/e\/1FAIpQLScEPNkqUkSOEX70_-4J6MRHPI7stPyvfo0VleopbYHJzK2_3A\/viewform&#8221;][\/vc_column_inner][vc_column_inner width=&#8221;1\/2&#8243;][vc_single_image image=&#8221;9736&#8243; img_size=&#8221;full&#8221; onclick=&#8221;custom_link&#8221; img_link_target=&#8221;_blank&#8221; link=&#8221;https:\/\/docs.google.com\/forms\/d\/e\/1FAIpQLSfZGjVEv&#8211;ta2wzyctXiSzG9bIkmOttzqrv6I4ldKUjkpLWVA\/viewform&#8221;][\/vc_column_inner][\/vc_row_inner][vc_empty_space height=&#8221;80px&#8221;][vc_column_text]<h3><strong>ACAPPS, FAM\u00cdLIES I PERSONES AMB SORDESA. SOM LA TEVA ASSOCIACI\u00d3.<\/strong><\/h3>\n<h4><strong>El suport de les persones associades \u00e9s la nostra for\u00e7a com a entitat per treballar en la defensa dels DRETS de les persones amb sordesa que es comuniquen en llengua oral.\u00a0<\/strong><\/h4>\n<h4>Som la \u00fanica entitat a Catalunya que representa el col\u00b7lectiu. I ho fem perqu\u00e8 volem aconseguir la seva inclusi\u00f3, amb autonomia, en l&#8217;eduaci\u00f3, la feina, la cultura i la societat.<\/h4>\n<p>&nbsp;<\/p>\n<h3><strong>I volem ser M\u00c9S VEUS: suma-t&#8217;hi!<\/strong><\/h3>\n<h4>Com a entitat declarada d&#8217;Utilitat P\u00fablica,<strong> podr\u00e0s desgravar-te en un 80% la quota de soci\/a i els donatius<\/strong> -fins a 150\u20ac- que facis a l&#8217;associaci\u00f3 en l&#8217;exercici de la renda (a partir de 150\u20ac, el 35% i el 40%, el segon any).<\/h4>\n<h4><a href=\"https:\/\/acapps.org\/web\/fes-te-soci-a-avantatges\/\">Coneix, aqu\u00ed, totes les avantatges de ser fam\u00edlia s\u00f2cia d&#8217;ACAPPS!<\/a><\/h4>[\/vc_column_text][\/vc_column][\/vc_row][vc_row][vc_column width=&#8221;2\/3&#8243;][vc_single_image image=&#8221;9739&#8243; img_size=&#8221;FULL&#8221;][vc_empty_space][vc_separator][\/vc_column][vc_column width=&#8221;1\/3&#8243;][\/vc_column][\/vc_row][vc_row][vc_column][vc_single_image image=&#8221;10104&#8243; img_size=&#8221;full&#8221;][\/vc_column][\/vc_row]","protected":false},"excerpt":{"rendered":"<p>[vc_row][vc_column][vc_column_text] Hola! Benvinguda FAM\u00cdLIA! \u00a0 En aquest espai et volem explicar QU\u00c8 t&#8217;oferim, des de l&#8217;associaci\u00f3 ACAPPS, com a fam\u00edlia amb un\/a fill\/a amb sordesa. La nostra entitat fa 30 anys que treballa per a i amb les fam\u00edlies amb infants amb sordesa des del nostre Servei d&#8217;Atenci\u00f3 i Suport a les Fam\u00edlies, que ha anat ampliant els programes i activitats que oferim. T&#8217;ho expliquem&#8230; <\/p>\n<p><a class=\"readmore\" href=\"https:\/\/acapps.org\/web\/xarxafamilies\/\">LLEGIR M\u00c9S<\/a><\/p>\n","protected":false},"author":3,"featured_media":0,"parent":0,"menu_order":0,"comment_status":"closed","ping_status":"closed","template":"","meta":{"footnotes":""},"_links":{"self":[{"href":"https:\/\/acapps.org\/web\/wp-json\/wp\/v2\/pages\/9513"}],"collection":[{"href":"https:\/\/acapps.org\/web\/wp-json\/wp\/v2\/pages"}],"about":[{"href":"https:\/\/acapps.org\/web\/wp-json\/wp\/v2\/types\/page"}],"author":[{"embeddable":true,"href":"https:\/\/acapps.org\/web\/wp-json\/wp\/v2\/users\/3"}],"replies":[{"embeddable":true,"href":"https:\/\/acapps.org\/web\/wp-json\/wp\/v2\/comments?post=9513"}],"version-history":[{"count":49,"href":"https:\/\/acapps.org\/web\/wp-json\/wp\/v2\/pages\/9513\/revisions"}],"predecessor-version":[{"id":13816,"href":"https:\/\/acapps.org\/web\/wp-json\/wp\/v2\/pages\/9513\/revisions\/13816"}],"wp:attachment":[{"href":"https:\/\/acapps.org\/web\/wp-json\/wp\/v2\/media?parent=9513"}],"curies":[{"name":"wp","href":"https:\/\/api.w.org\/{rel}","templated":true}]}}