{"id":9520,"date":"2021-01-12T13:23:46","date_gmt":"2021-01-12T13:23:46","guid":{"rendered":"https:\/\/acapps.org\/web\/?page_id=9520"},"modified":"2023-03-28T09:11:41","modified_gmt":"2023-03-28T09:11:41","slug":"xarxa-de-families","status":"publish","type":"page","link":"https:\/\/acapps.org\/web\/xarxa-de-families\/","title":{"rendered":"Xarxa de Fam\u00edlies"},"content":{"rendered":"[vc_row][vc_column][vc_column_text]<p><\/p>\n<figure class=\"wp-block-gallery columns-1 is-cropped wp-block-gallery-1 is-layout-flex wp-block-gallery-is-layout-flex\">\n<ul class=\"blocks-gallery-grid\">\n<li class=\"blocks-gallery-item\">\n<figure><img loading=\"lazy\" decoding=\"async\" width=\"626\" height=\"157\" class=\"wp-image-9521\" src=\"https:\/\/acapps.org\/web\/wp-content\/uploads\/2021\/01\/recurs_xarxa_t-1.jpg\" alt=\"\" data-id=\"9521\" data-full-url=\"https:\/\/acapps.org\/web\/wp-content\/uploads\/2021\/01\/recurs_xarxa_t-1.jpg\" data-link=\"https:\/\/acapps.org\/web\/?attachment_id=9521\" srcset=\"https:\/\/acapps.org\/web\/wp-content\/uploads\/2021\/01\/recurs_xarxa_t-1.jpg 626w, https:\/\/acapps.org\/web\/wp-content\/uploads\/2021\/01\/recurs_xarxa_t-1-300x75.jpg 300w\" sizes=\"(max-width: 626px) 100vw, 626px\" \/><\/figure>\n<\/li>\n<\/ul>\n<\/figure>\n<p><\/p>\n<p><\/p>\n<h4>\u00a0<\/h4>\n<h3><strong>ACAPPS va ser fundada per fam\u00edlies i persones amb sordesa. <\/strong><strong>I aquest continua sent el motor de l&#8217;associaci\u00f3.<\/strong><\/h3>\n<h4><\/h4>\n<h4><\/h4>\n<h4><strong>Les fam\u00edlies amb sordesa fem xarxa a l&#8217;associaci\u00f3: ens coneixem, compartim i intercanviem experi\u00e8ncies. <\/strong><\/h4>\n<p><\/p>\n<p><\/p>\n<p>En aquests espais de trobada les fam\u00edlies que ja tenen els fills i filles adolescents o adults &#8220;guien&#8221; i expliquen la seva experi\u00e8ncia a les fam\u00edlies amb fills\/es recent diagnosticats de sordesa. En aquests moments, sentir les paraules de mares i pares que han viscut la mateixa situaci\u00f3 s\u00f3n un suport i \u00e0nim important.<\/p>\n<p>&nbsp;<\/p>\n<p><\/p>\n<p><\/p>\n<p><\/p>\n<p><\/p>\n<p><\/p>\n<p><\/p>\n<h3 class=\"has-text-color wp-block-heading\" style=\"color: #850883;\"><span style=\"color: #cb557d;\">Les fam\u00edlies tamb\u00e9 ens comuniquem amb el grup de whatsapp!<\/span><\/h3>\n<p><\/p>\n<p><\/p>\n<p><strong>Tenim un\u00a0nou\u00a0canal\u00a0de\u00a0comunicaci\u00f3\u00a0espec\u00edfic\u00a0i\u00a0interactiu\u00a0per a les fam\u00edlies s\u00f2cies, un\u00a0\u00a0grup de whatsapp.<\/strong> \u00c9s on compartim, de manera directa i m\u00e9s propera, informacions i activitats que ens interessen com a mares i pares amb fills\/es amb sordesa.<\/p>\n<p><\/p>\n<p><\/p>\n<p><strong>Si\u00a0encara\u00a0no\u00a0n\u2019ets\u00a0membre\u00a0i\u00a0en\u00a0vols\u00a0formar,\u00a0nom\u00e9s\u00a0cal\u00a0que\u00a0ens\u00a0ho\u00a0diguis:\u00a0saaf@acapps.org\u00a0\/\u00a0tel.\u00a093\u00a0210\u00a055\u00a030\u00a0\/\u00a0620\u00a0993\u00a0422\u00a0<\/strong><\/p>\n<p><\/p>\n<p><\/p>\n<p><a href=\"https:\/\/acapps.org\/web\/wp-content\/uploads\/2019\/09\/consentiment_grup_whatsapp_acapps.pdf\">Consentiment a formar part del Grup de Whatsapp de Fam\u00edlies de l\u2019Associaci\u00f3 ACAPPS<\/a><\/p>\n<p><\/p>[\/vc_column_text][vc_row_inner][vc_column_inner width=&#8221;1\/2&#8243;][vc_column_text]<h3 class=\"has-text-color\" style=\"color: #850883;\"><span style=\"color: #cb557d;\"><strong>LA COMISSI\u00d3<\/strong> DE FAM\u00cdLIES<\/span><\/h3>\n<p><!-- \/wp:heading --><\/p>\n<p><!-- wp:paragraph --><\/p>\n<p><strong>La participaci\u00f3 activa de les fam\u00edlies en la din\u00e0mica del servei <\/strong><strong>\u00e9s un tret identitari de la nostra associaci\u00f3.<\/strong><\/p>\n<p>La Comissi\u00f3 de Fam\u00edlies d\u2019ACAPPS est\u00e0 formada actualment per mares volunt\u00e0ries i per la t\u00e8cnica referent del Servei d&#8217;Atenci\u00f3 i Suport a les Fam\u00edlies, la Paula Quirante.<\/p>\n<p><!-- \/wp:paragraph --><\/p>\n<p><!-- wp:paragraph --><\/p>\n<p>Ens trobem un cop al mes i \u00e9s l\u2019espai des d\u2019on coordinem els projectes vinculats als infants i joves amb sordesa i les seves fam\u00edlies, dissenyem accions per tal de vetllar pel bon funcionament de la xarxa de recursos que at\u00e9n els\/les infants sords\/es i les seves fam\u00edlies i per la plena inclusi\u00f3 de les persones sordes, i organitzem les activitats per a fam\u00edlies que oferim des de l\u2019entitat.<\/p>[\/vc_column_text][\/vc_column_inner][vc_column_inner width=&#8221;1\/2&#8243;][vc_column_text]<h3><span style=\"color: #cb557d;\">FAM\u00cdLIES <strong>GUIA<\/strong><\/span><\/h3>\n<p>Tamb\u00e9 formem part del <strong>Programa de Fam\u00edlies Guia<\/strong>: un projecte de <a href=\"http:\/\/www.fiapas.es\">FIAPAS <\/a>(entitat estatal de la qual en som entitat membre) que consisteix en afavorir el contacte entre una fam\u00edlia que arriba a l\u2019entitat amb una fam\u00edlia \u201cveterana\u201d que hagi passat per una situaci\u00f3 semblant.<\/p>\n<p>&nbsp;<\/p>\n<p>D\u2019aquesta manera, oferim un suport complementari al que us proporcionen els professionals especialitzats.<\/p>\n<h5>\u00a0<\/h5>[\/vc_column_text][\/vc_column_inner][\/vc_row_inner][vc_row_inner][vc_column_inner][vc_column_text]<h3><span style=\"color: #cb557d;\">AMB LA <strong>XARXA DE FAM\u00cdLIES COL\u00b7LABORADORES<\/strong><\/span><\/h3>[\/vc_column_text][\/vc_column_inner][\/vc_row_inner][\/vc_column][\/vc_row][vc_row][vc_column][vc_single_image image=&#8221;10708&#8243; img_size=&#8221;full&#8221;][vc_column_text]<h3><strong>T&#8217;ha sortit feina i no tens amb qui poder deixar el teu fill\/a? Has d&#8217;anar a fer una gesti\u00f3 o necessites una tarda de respir?<\/strong><\/h3>\n<p>El Servei de Fam\u00edlies col\u00b7laboradores de l&#8217;ajuntament de Barcelona ofereix suport a fam\u00edlies amb dificultats de xarxa social, familiar o econ\u00f2mica que, de manera temporal, necessiten un cop de m\u00e0 per atendre als seus fills\/es.<\/p>\n<p>Pots ser <strong>fam\u00edlia benefici\u00e0ria del servei<\/strong> i comptar amb el suport d&#8217;una fam\u00edlia que tingui cura del\/de la teu\/va fill\/a en cas de necessitat. Per aix\u00f2, cal que hi hagi <strong>fam\u00edlies col\u00b7laboradores<\/strong>, amb disponibilitat per tenir cura d&#8217;un\/a infant per donar suport a una fam\u00edlia.<\/p>\n<p><span style=\"color: #000000;\">Pots rebre -o oferir- l&#8217;ajuda per un<\/span><span style=\"color: #000000;\">es hores al dia o uns dies a la setmana, els caps de setmana o les vacances o per un llarg per\u00edode de conviv\u00e8ncia per un m\u00e0xim de 6 mesos.\u00a0<\/span><\/p>\n<p><strong>A ACAPPS som professionals derivadors del servei:<\/strong> detectem la necessitat de la fam\u00edlia, oferim el servei i, si hi est\u00e0 d&#8217;acord, la derivem al Servei de Fam\u00edlies Col\u00b7laboradores. Si ens vol saber m\u00e9s, si est\u00e0s interessat\/da en rebre el servei o b\u00e9 creus que pots ser fam\u00edlia col\u00b7laboradora, posa&#8217;t en contacte amb nosaltres:<\/p>\n<p><strong><a href=\"mailto:saaf@acapps.org\">saaf@acapps.org\u00a0<\/a>\u00a0 \u00a0 tel. 93 210 55 30\u00a0 \u00a0 620 993 422<\/strong><\/p>[\/vc_column_text][vc_row_inner][vc_column_inner width=&#8221;1\/2&#8243;][vc_single_image image=&#8221;10704&#8243; img_size=&#8221;full&#8221;][vc_message message_box_color=&#8221;peacoc&#8221; icon_type=&#8221;openiconic&#8221; icon_openiconic=&#8221;vc-oi vc-oi-plus-circle&#8221;]<h5>M\u00e9s informaci\u00f3:<strong><a href=\"https:\/\/acapps.org\/web\/wp-content\/uploads\/2021\/07\/servei_fam\u00edlies_usu\u00e0ries_d\u00edptic.pdf\">Necessiteu suport en la cura dels vostres fills\/es?<\/a><\/strong><\/h5>[\/vc_message][\/vc_column_inner][vc_column_inner width=&#8221;1\/2&#8243;][vc_single_image image=&#8221;10705&#8243; img_size=&#8221;full&#8221;][vc_message message_box_color=&#8221;green&#8221; icon_type=&#8221;openiconic&#8221; icon_openiconic=&#8221;vc-oi vc-oi-plus-circle&#8221;]<h5>M\u00e9s informaci\u00f3:<strong><a href=\"https:\/\/acapps.org\/web\/wp-content\/uploads\/2021\/07\/servei-families-colaboradores_d\u00edptic.pdf\"> Pots tenir cura d&#8217;un infant temporalment?<\/a><\/strong><\/h5>[\/vc_message][\/vc_column_inner][\/vc_row_inner][\/vc_column][\/vc_row][vc_row][vc_column][vc_single_image image=&#8221;13406&#8243; img_size=&#8221;large&#8221;][\/vc_column][\/vc_row]","protected":false},"excerpt":{"rendered":"<p>[vc_row][vc_column][vc_column_text] \u00a0 ACAPPS va ser fundada per fam\u00edlies i persones amb sordesa. I aquest continua sent el motor de l&#8217;associaci\u00f3. Les fam\u00edlies amb sordesa fem xarxa a l&#8217;associaci\u00f3: ens coneixem, compartim i intercanviem experi\u00e8ncies. En aquests espais de trobada les fam\u00edlies que ja tenen els fills i filles adolescents o adults &#8220;guien&#8221; i expliquen la seva experi\u00e8ncia a les fam\u00edlies amb fills\/es recent diagnosticats de&#8230; <\/p>\n<p><a class=\"readmore\" href=\"https:\/\/acapps.org\/web\/xarxa-de-families\/\">LLEGIR M\u00c9S<\/a><\/p>\n","protected":false},"author":3,"featured_media":0,"parent":0,"menu_order":0,"comment_status":"closed","ping_status":"closed","template":"","meta":{"footnotes":""},"_links":{"self":[{"href":"https:\/\/acapps.org\/web\/wp-json\/wp\/v2\/pages\/9520"}],"collection":[{"href":"https:\/\/acapps.org\/web\/wp-json\/wp\/v2\/pages"}],"about":[{"href":"https:\/\/acapps.org\/web\/wp-json\/wp\/v2\/types\/page"}],"author":[{"embeddable":true,"href":"https:\/\/acapps.org\/web\/wp-json\/wp\/v2\/users\/3"}],"replies":[{"embeddable":true,"href":"https:\/\/acapps.org\/web\/wp-json\/wp\/v2\/comments?post=9520"}],"version-history":[{"count":20,"href":"https:\/\/acapps.org\/web\/wp-json\/wp\/v2\/pages\/9520\/revisions"}],"predecessor-version":[{"id":13408,"href":"https:\/\/acapps.org\/web\/wp-json\/wp\/v2\/pages\/9520\/revisions\/13408"}],"wp:attachment":[{"href":"https:\/\/acapps.org\/web\/wp-json\/wp\/v2\/media?parent=9520"}],"curies":[{"name":"wp","href":"https:\/\/api.w.org\/{rel}","templated":true}]}}