{"id":9525,"date":"2021-01-12T13:30:14","date_gmt":"2021-01-12T13:30:14","guid":{"rendered":"https:\/\/acapps.org\/web\/?page_id=9525"},"modified":"2026-03-24T12:32:11","modified_gmt":"2026-03-24T12:32:11","slug":"acompanyament-a-families","status":"publish","type":"page","link":"https:\/\/acapps.org\/web\/acompanyament-a-families\/","title":{"rendered":"Acompanyament  a fam\u00edlies"},"content":{"rendered":"[vc_row][vc_column][vc_column_text]<p><\/p>\n<h5><strong>El primer que et volem dir: aquest moment tamb\u00e9 passar\u00e0 i el teu fill\/a podr\u00e0 adquirir la llengua oral, podr\u00e0 parlar.<\/strong> <strong>El teu fill\/a podr\u00e0 ser i fer all\u00f2 que es proposi i la sordesa no ser\u00e0 pas l&#8217;impediment perqu\u00e8 ho aconseguexi.<\/strong> Podr\u00e0, com tots els joves i persones adultes que fa 20 anys eren els petits d&#8217;ACAPPS, estudiar, fer esports de tot tipus, tocar un instrument, tenir amics i amigues o ser un crack de la tecnologia!<\/h5>\n<p>&nbsp;<\/p>\n<p><\/p>\n<p><\/p>\n<p>A m\u00e9s, gr\u00e0cies a la <strong>prova de cribratge auditiu<\/strong> que vam aconseguir que s&#8217;implant\u00e9s a totes les maternitats de Catalunya, la sordesa es detecta i confirma, des del 2015, en els primers mesos com ha estat el vostre cas. I aix\u00f2 ens obre un munt de possibilitats: facilita l&#8217;estimulaci\u00f3 primerenca de l&#8217;infant: que pugui sentir gr\u00e0cies a les pr\u00f2tesis auditives (implant coclear i\/o audi\u00f2fon) i que pugui desenvolupar la parla gr\u00e0cies als\/a les logopedes.<\/p>\n<p>&nbsp;<\/p>\n<p><\/p>\n<p><\/p>\n<p>En tota la primera etapa d&#8217;inf\u00e0ncia i adolesc\u00e8ncia del vostre fill\/a us acompanyem i donem resposta a qualsevol dubte i\/o necessitat (en pr\u00f2tesis auditives, logop\u00e8dia, escola, recursos d&#8217;accessibilitat, ajudes econ\u00f2miques,&#8230;).<\/p>\n<p><\/p>\n<p><\/p>\n<p><\/p>\n<p><\/p>\n<p><\/p>\n<p><\/p>\n<p><\/p>[\/vc_column_text]<article class=\"icon-box17\"  style=\"color: #3ca5ba\"><div class=\"icon-wrap\" style=\"background-color:#3ca5ba\"><a href=https:\/\/xarxanet.org\/social\/noticies\/paula-quirante-fem-saber-a-les-families-que-els-infants-amb-sordesa-poden-desenvolupar-la-llengua-oral><i class=\"fa-heart\" style=\" color:#3ca5ba;\"><\/i><\/a><\/div><h4>Coneix-nos m\u00e9s!<\/h4><p style=\"color:#3ca5ba\">Entrevista a Paula Quirante, cap del Servei d&#8217;Atenci\u00f3 a les Fam\u00edlies: &#8220;Fem saber a les fam\u00edlies que els infants amb sordesa poden desenvolupar el llenguatge oral&#8221;<\/p><\/article>[vc_column_text]<p>&nbsp;<\/p>\n<p class=\"has-text-color\" style=\"color: #a000a3; font-size: 40px;\"><strong>T&#8217;interessa:<\/strong><\/p>\n<p><!-- \/wp:paragraph --><\/p>\n<p><!-- wp:paragraph --><\/p>\n<h4><strong>Guia ACAPPS.<\/strong> <a href=\"https:\/\/acapps.org\/web\/wp-content\/uploads\/2022\/10\/Guia_Ajuts_prestacions_discapacitat_2022.pdf\">Ajuts i prestacions per fill\/a amb discapacitat<\/a>. Any 2022<\/h4>\n<h4><strong>Guia ACAPPS.<\/strong> <a href=\"https:\/\/acapps.org\/web\/wp-content\/uploads\/2022\/05\/MEC_ajudes.pdf\">Ajudes per a l&#8217;alumnat amb necessitats educatives especials. Curs 2022-23<\/a><\/h4>\n<h4><strong>Guia<\/strong> <em><a href=\"https:\/\/acapps.org\/web\/wp-content\/uploads\/2016\/04\/2-El-meu-fill-te%CC%81-una-pe%CC%80rdua-auditiva.pdf\">El meu fill t\u00e9 una p\u00e8rdua auditiva<\/a><\/em>. Editat per ACAPPS i l&#8217;Obra Social Sant Joan de D\u00e9u. Any 2014.<\/h4>\n<h4><!-- \/wp:paragraph --><\/h4>\n<h4><!-- wp:paragraph --><\/h4>\n<h4><strong>Llibre<\/strong> <a href=\"https:\/\/acapps.org\/web\/wp-content\/uploads\/2016\/04\/4-Sords-profunds-pero%CC%80-hi-sentim-i-parlem.pdf\" target=\"_blank\" rel=\"noreferrer noopener\">Sords Profunds per\u00f2 hi sentim i parlem<\/a>. Editat pel Departament de Benestar Social i Fam\u00edlia. Any 2011.<\/h4>\n<h4><!-- \/wp:paragraph --><\/h4>\n<h4><!-- wp:paragraph --><\/h4>\n<h4><a href=\"https:\/\/acapps.org\/web\/wp-content\/uploads\/2016\/04\/5-Protocol-Departament-de-Salut.pdf\" target=\"_blank\" rel=\"noreferrer noopener\"><strong>Protocol<\/strong> per a la Detecci\u00f3 preco\u00e7, el dign\u00f2stic, el tractament i el seguiment de la hipoac\u00fasia neonatal<\/a>. Departament de Salut. Any 2010.<\/h4>\n<h5><span style=\"color: #000000;\"><strong>RECURSOS PER A CENTRES EDUCATIUS AMB ALUMNAT AMB SORDESA:<\/strong><\/span><\/h5>\n<h4>INFANTIL I PRIM\u00c0RIA. <a href=\"https:\/\/acapps.org\/web\/wp-content\/uploads\/2026\/03\/Comunicacio_escoles_def.pdf\">Guia Comunica&#8217;t (naturalment!). Per a una comunicaci\u00f3 positiva amb l&#8217;alumnat amb sordesa.<\/a> ACAPPS, 2026.<\/h4>\n<h4>SECUND\u00c0RIA. <a href=\"https:\/\/acapps.org\/web\/wp-content\/uploads\/2021\/09\/Comunicaci\u00f3_positiva_alumnat_secund\u00e0ria.pdf\">Guia Comunica&#8217;t (naturalment!). Per a una comunicaci\u00f3 positiva amb l&#8217;alumnat amb sordesa.<\/a> ACAPPS, 2021.<\/h4>[\/vc_column_text][\/vc_column][\/vc_row][vc_row][vc_column][vc_single_image image=&#8221;16304&#8243; img_size=&#8221;full&#8221;][\/vc_column][\/vc_row]","protected":false},"excerpt":{"rendered":"<p>[vc_row][vc_column][vc_column_text] El primer que et volem dir: aquest moment tamb\u00e9 passar\u00e0 i el teu fill\/a podr\u00e0 adquirir la llengua oral, podr\u00e0 parlar. El teu fill\/a podr\u00e0 ser i fer all\u00f2 que es proposi i la sordesa no ser\u00e0 pas l&#8217;impediment perqu\u00e8 ho aconseguexi. Podr\u00e0, com tots els joves i persones adultes que fa 20 anys eren els petits d&#8217;ACAPPS, estudiar, fer esports de tot tipus,&#8230; <\/p>\n<p><a class=\"readmore\" href=\"https:\/\/acapps.org\/web\/acompanyament-a-families\/\">LLEGIR M\u00c9S<\/a><\/p>\n","protected":false},"author":3,"featured_media":0,"parent":0,"menu_order":0,"comment_status":"closed","ping_status":"closed","template":"","meta":{"footnotes":""},"_links":{"self":[{"href":"https:\/\/acapps.org\/web\/wp-json\/wp\/v2\/pages\/9525"}],"collection":[{"href":"https:\/\/acapps.org\/web\/wp-json\/wp\/v2\/pages"}],"about":[{"href":"https:\/\/acapps.org\/web\/wp-json\/wp\/v2\/types\/page"}],"author":[{"embeddable":true,"href":"https:\/\/acapps.org\/web\/wp-json\/wp\/v2\/users\/3"}],"replies":[{"embeddable":true,"href":"https:\/\/acapps.org\/web\/wp-json\/wp\/v2\/comments?post=9525"}],"version-history":[{"count":23,"href":"https:\/\/acapps.org\/web\/wp-json\/wp\/v2\/pages\/9525\/revisions"}],"predecessor-version":[{"id":16785,"href":"https:\/\/acapps.org\/web\/wp-json\/wp\/v2\/pages\/9525\/revisions\/16785"}],"wp:attachment":[{"href":"https:\/\/acapps.org\/web\/wp-json\/wp\/v2\/media?parent=9525"}],"curies":[{"name":"wp","href":"https:\/\/api.w.org\/{rel}","templated":true}]}}