{"id":9620,"date":"2021-02-02T11:43:36","date_gmt":"2021-02-02T11:43:36","guid":{"rendered":"https:\/\/acapps.org\/web\/?page_id=9620"},"modified":"2023-03-28T09:14:15","modified_gmt":"2023-03-28T09:14:15","slug":"logopedia-families","status":"publish","type":"page","link":"https:\/\/acapps.org\/web\/logopedia-families\/","title":{"rendered":"Logop\u00e8dia"},"content":{"rendered":"[vc_row][vc_column][vc_single_image image=&#8221;9621&#8243; img_size=&#8221;large&#8221;][vc_column_text]<p><\/p>\n<p><\/p>\n<p class=\"has-text-color\" style=\"color: #850883; font-size: 28px;\">Fem logop\u00e8dia i<strong> parlem naturalment!<\/strong><\/p>\n<p><\/p>\n<p><\/p>\n<h5>Amb independ\u00e8ncia a la modalitat comunicativa de la persona amb sordesa, hi ha un fet com\u00fa en totes les persones amb sordesa: <strong>totes poden parlar<\/strong> (no existeixen les persones &#8220;sordmudes&#8221; -i encara ho sentim dir!!!-).<\/h5>\n<p><\/p>\n<p><\/p>\n<h5>Per tant, abordant de forma preco\u00e7 la sordesa, amb pr\u00f2tesis auditives -implants coclears i\/o audi\u00f2fons- durant el primers mesos de vida <strong>permetem i facilitem l&#8217;adquisici\u00f3 del llenguatge oral i el desenvolupament emocional, escolar i social de l&#8217;infant.<\/strong><\/h5>\n<p>&nbsp;<\/p>\n<h5><\/h5>\n<h5><\/h5>\n<h5>Cal, aix\u00f2 s\u00ed, acompanyar-ho d&#8217;un treball logop\u00e8dic perqu\u00e8 l&#8217;infant, <strong>que t\u00e9 capacitat de parla<\/strong>, accedeixi de forma preco\u00e7 i NATURAL al llenguatge ORAL.<\/h5>\n<p>&nbsp;<\/p>\n<p><\/p>\n<p><\/p>\n<p style=\"font-size: 30px;\"><strong>Et donem suport en la logop\u00e8dia!<\/strong><\/p>\n<p><\/p>\n<p><\/p>\n<p>Oferim a infants i joves (d&#8217;entre 0 a 18 anys) amb sordesa atenci\u00f3 i intervenci\u00f3 logop\u00e8dica individual mitjan\u00e7ant el <strong>cofinan\u00e7ament de les sessions de logop\u00e8dia<\/strong> que realitzeu amb professionals de l&#8217;\u00e0mbit privat. Per poder ser beneficiaris\/es d&#8217;aquest programa cal que sigueu socis\/es de l&#8217;associaci\u00f3. Un servei que \u00e9s:<\/p>\n<p><strong>COFINAN\u00c7AT.\u00a0 El programa aporta 14\u20ac \u00a0per sessi\u00f3. ACAPPS gestiona directament el pagament\u00a0al\/a la vostre\/a logopeda.<\/strong>\u00a0<\/p>\n<p><strong>COMPLEMENTARI<\/strong> als serveis p\u00fablics prestats per la <strong><a href=\"http:\/\/xtec.gencat.cat\/ca\/serveis\/see\/creda\/\">Xarxa Territorial dels CREDAs<\/a><\/strong><\/p>\n<p><strong>ESPECIALITZAT<\/strong>\u00a0amb logopedes amb expertesa en sordesa<\/p>\n<p><strong>DESCENTRALITZAT.<\/strong>\u00a0El\/la logopeda es despla\u00e7a on est\u00e0 la fam\u00edlia o persona amb sordesa.<\/p>\n<p><strong>LLIURE ELECCI\u00d3.<\/strong>\u00a0La fam\u00edlia o persona amb sordesa escull lliurement el\/la logopeda.<\/p>\n<p><strong>PERSONALITZAT.\u00a0<\/strong>Acompanyament a la persona i a la fam\u00edlia (programa de Fam\u00edlies Guia i\u00a0escola de fam\u00edlies).<\/p>\n<h4><strong><span style=\"color: #800080;\">PROGRAMA DE LOGOP\u00c8DIA D&#8217;ACAPPS: <a href=\"https:\/\/acapps.org\/web\/2021\/07\/22\/un-total-de-72-infants-i-persones-amb-sordesa-tindran-sessions-de-logopedia-gracies-al-programa-dacapps\/\">Experi\u00e8ncies, les veus de les fam\u00edlies<\/a><\/span><\/strong><\/h4>\n<p><\/p>\n<p><\/p>\n<p class=\"has-text-color\" style=\"color: #850883; font-size: 30px;\"><strong>INF\u00c0NCIA<\/strong><\/p>\n<p><\/p>\n<p><\/p>\n<figure class=\"wp-block-image size-large\"><img loading=\"lazy\" decoding=\"async\" width=\"840\" height=\"91\" class=\"wp-image-9622\" src=\"https:\/\/acapps.org\/web\/wp-content\/uploads\/2021\/02\/LOGOP\u00c8DIA_INFANTS.jpg\" alt=\"\" srcset=\"https:\/\/acapps.org\/web\/wp-content\/uploads\/2021\/02\/LOGOP\u00c8DIA_INFANTS.jpg 840w, https:\/\/acapps.org\/web\/wp-content\/uploads\/2021\/02\/LOGOP\u00c8DIA_INFANTS-300x33.jpg 300w, https:\/\/acapps.org\/web\/wp-content\/uploads\/2021\/02\/LOGOP\u00c8DIA_INFANTS-768x83.jpg 768w\" sizes=\"(max-width: 840px) 100vw, 840px\" \/><\/figure>\n<p><\/p>\n<p><\/p>\n<p>Un dels sentits b\u00e0sics que ens permet viure en societat i comunicar-nos \u00e9s l&#8217;AUDICI\u00d3, que \u00e9s la via principal a trav\u00e9s de la qual es desenvolupa la parla. Actualment, els audi\u00f2fons i els implants coclears permeten sentir per\u00f2 el seu \u00e8xit va lligat a l&#8217;estimulaci\u00f3 auditiva preco\u00e7 amb un\/a logopeda, essencial dels 0 als 6 anys.<\/p>\n<p><\/p>\n<p><\/p>\n<figure class=\"wp-block-image size-large\"><img loading=\"lazy\" decoding=\"async\" width=\"873\" height=\"96\" class=\"wp-image-9623\" src=\"https:\/\/acapps.org\/web\/wp-content\/uploads\/2021\/02\/LOGOP\u00c8DIA_JOVES.jpg\" alt=\"\" srcset=\"https:\/\/acapps.org\/web\/wp-content\/uploads\/2021\/02\/LOGOP\u00c8DIA_JOVES.jpg 873w, https:\/\/acapps.org\/web\/wp-content\/uploads\/2021\/02\/LOGOP\u00c8DIA_JOVES-300x33.jpg 300w, https:\/\/acapps.org\/web\/wp-content\/uploads\/2021\/02\/LOGOP\u00c8DIA_JOVES-768x84.jpg 768w\" sizes=\"(max-width: 873px) 100vw, 873px\" \/><\/figure>\n<p><\/p>\n<p><\/p>\n<p>Els i les joves que canvien la pr\u00f2tesis auditiva (de l&#8217;audi\u00f2fon a l&#8217;implant coclear) han de tornar a fer un entrenament auditiu. Amb l&#8217;implant coclear senten nous sons que no abastaven amb l&#8217;audi\u00f2fon. Amb logopedes especialitzats realitzem un entrenament auditiu per als i les joves recent implantats aprenguin a recon\u00e8ixer els nous sons i a comprendre all\u00f2 que senten.<\/p>\n<h3>\u00a0<\/h3>\n<p><\/p>\n<p><\/p>\n<p style=\"font-size: 30px;\"><strong>RECURSOS<\/strong><\/p>\n<p><\/p>\n<p><\/p>\n<p><em>Logop\u00e8dia en fam\u00edlia: telepr\u00e0ctica en infants amb sordesa<\/em>. Juliana Gebhardt i Mariana Helbig<\/p>\n<p><\/p>\n<p><\/p>\n<p>&nbsp;<\/p>\n<p><\/p>[\/vc_column_text][vc_video link=&#8221;https:\/\/youtu.be\/Tt7pvF0QGWk&#8221; el_width=&#8221;90&#8243;][\/vc_column][vc_column][\/vc_column][\/vc_row][vc_row][vc_column][vc_single_image image=&#8221;13406&#8243; img_size=&#8221;large&#8221;][\/vc_column][vc_column][\/vc_column][\/vc_row]","protected":false},"excerpt":{"rendered":"<p>[vc_row][vc_column][vc_single_image image=&#8221;9621&#8243; img_size=&#8221;large&#8221;][vc_column_text] Fem logop\u00e8dia i parlem naturalment! Amb independ\u00e8ncia a la modalitat comunicativa de la persona amb sordesa, hi ha un fet com\u00fa en totes les persones amb sordesa: totes poden parlar (no existeixen les persones &#8220;sordmudes&#8221; -i encara ho sentim dir!!!-). Per tant, abordant de forma preco\u00e7 la sordesa, amb pr\u00f2tesis auditives -implants coclears i\/o audi\u00f2fons- durant el primers mesos de vida permetem&#8230; <\/p>\n<p><a class=\"readmore\" href=\"https:\/\/acapps.org\/web\/logopedia-families\/\">LLEGIR M\u00c9S<\/a><\/p>\n","protected":false},"author":3,"featured_media":9571,"parent":0,"menu_order":0,"comment_status":"closed","ping_status":"closed","template":"","meta":{"footnotes":""},"_links":{"self":[{"href":"https:\/\/acapps.org\/web\/wp-json\/wp\/v2\/pages\/9620"}],"collection":[{"href":"https:\/\/acapps.org\/web\/wp-json\/wp\/v2\/pages"}],"about":[{"href":"https:\/\/acapps.org\/web\/wp-json\/wp\/v2\/types\/page"}],"author":[{"embeddable":true,"href":"https:\/\/acapps.org\/web\/wp-json\/wp\/v2\/users\/3"}],"replies":[{"embeddable":true,"href":"https:\/\/acapps.org\/web\/wp-json\/wp\/v2\/comments?post=9620"}],"version-history":[{"count":15,"href":"https:\/\/acapps.org\/web\/wp-json\/wp\/v2\/pages\/9620\/revisions"}],"predecessor-version":[{"id":13410,"href":"https:\/\/acapps.org\/web\/wp-json\/wp\/v2\/pages\/9620\/revisions\/13410"}],"wp:featuredmedia":[{"embeddable":true,"href":"https:\/\/acapps.org\/web\/wp-json\/wp\/v2\/media\/9571"}],"wp:attachment":[{"href":"https:\/\/acapps.org\/web\/wp-json\/wp\/v2\/media?parent=9620"}],"curies":[{"name":"wp","href":"https:\/\/api.w.org\/{rel}","templated":true}]}}