{"id":9676,"date":"2021-02-05T11:53:46","date_gmt":"2021-02-05T11:53:46","guid":{"rendered":"https:\/\/acapps.org\/web\/?page_id=9676"},"modified":"2023-03-28T09:07:22","modified_gmt":"2023-03-28T09:07:22","slug":"escola-de-families","status":"publish","type":"page","link":"https:\/\/acapps.org\/web\/escola-de-families\/","title":{"rendered":"Escola de Formaci\u00f3"},"content":{"rendered":"[vc_row][vc_column][vc_column_text]<p><\/p>\n<figure class=\"wp-block-image size-large\"><img loading=\"lazy\" decoding=\"async\" width=\"626\" height=\"228\" class=\"wp-image-9357\" src=\"https:\/\/acapps.org\/web\/wp-content\/uploads\/2020\/11\/nena_pissarra.jpg\" alt=\"\" srcset=\"https:\/\/acapps.org\/web\/wp-content\/uploads\/2020\/11\/nena_pissarra.jpg 626w, https:\/\/acapps.org\/web\/wp-content\/uploads\/2020\/11\/nena_pissarra-300x109.jpg 300w\" sizes=\"(max-width: 626px) 100vw, 626px\" \/>\n<figcaption><\/figcaption>\n<\/figure>\n<p><\/p>\n<p><\/p>\n<h5><strong>La nostra associaci\u00f3, amb m\u00e9s de 25 anys d&#8217;experi\u00e8ncia en atenci\u00f3 i suport a les fam\u00edlies amb fills\/es amb sordesa, sap el que suposa l&#8217;arribada a la fam\u00edlia d&#8217;un fill\/a amb discapacitat auditiva:<\/strong> un gir sobtat i una seq\u00fc\u00e8ncia d&#8217;emocions, de tristesa, de negaci\u00f3, de plor, d&#8217;acceptaci\u00f3. Sense oblidar que cada membre de la fam\u00edlia ho viu i afronta de forma diferent.<\/h5>\n<p><\/p>\n<p><\/p>\n<h5>Us trobeu davant d&#8217;una situaci\u00f3 nova, no esperada i, probablement, sense con\u00e8ixer massa b\u00e9 la sordesa i el qu\u00e8 implica, fet que genera angoixa, pors i molts dubtes.<\/h5>\n<p>&nbsp;<\/p>\n<h5><\/h5>\n<h5><\/h5>\n<h5>Per aix\u00f2, a m\u00e9s de l&#8217;atenci\u00f3 i suport individualitzat que fem a les fam\u00edlies per respondre als vostres dubtes, peri\u00f2dicament <strong>organitzem formacions adre\u00e7ades a les fam\u00edlies amb fills\/es amb sordesa en \u00e0mbits que us interessen,<\/strong> de gesti\u00f3 emocional, entorn la sordesa, les pr\u00f2tesis auditives i a c\u00e0rrec de professionals especialitzats i amb expertesa en la mat\u00e8ria proposada.<\/h5>\n<p>&nbsp;<\/p>\n<p><\/p>\n<p><\/p>\n<p class=\"has-text-color\" style=\"color: #1a4b60; font-size: 30px;\">\u00daLTIMES FORMACIONS<\/p>\n<p><\/p>\n<p><\/p>\n<p class=\"has-text-color\" style=\"color: #1a4b60;\"><strong>Cicle formatiu a c\u00e0rrec de Beth Goring, amb 30 anys d&#8217;expertesa en atenci\u00f3 a fam\u00edlies d&#8217;infants amb sordesa a la John Tracy Center d&#8217;Estats Units.<\/strong> SESSIONS REALITZADES:<\/p>\n<p><\/p>\n<p><\/p>\n<p><em><strong>El dol: inc\u00f2mode per\u00f2 necessari. Com gestionar-lo per al nostre benestar emocional. <\/strong><\/em><a href=\"https:\/\/acapps.org\/web\/2021\/01\/15\/beth-goring-de-la-john-tracy-center-ens-parla-del-dol-incomode-pero-necessari\/\" target=\"_blank\" rel=\"noreferrer noopener\">Per saber-ne m\u00e9s<\/a><\/p>\n<p><\/p>\n<p><\/p>\n<p><strong><em>Com enfortir la relaci\u00f3 de parella en temps de dol. <\/em><\/strong><a href=\"https:\/\/acapps.org\/web\/2021\/01\/15\/com-enfortir-la-relacio-de-parella-en-temps-de-dol-nhem-parlat-amb-beth-goring-de-la-john-tracy-center\/\">Per saber-ne m\u00e9s.<\/a><\/p>\n<p><\/p>\n<p><\/p>\n<p><strong><em>Els germans i\/o germanes d&#8217;infants amb sordesa. Com ho viuen?<\/em><\/strong> <a href=\"https:\/\/acapps.org\/web\/2021\/01\/29\/tanquem-el-cicle-formatiu-a-les-families-amb-la-john-tracy-center-parlant-dels-germans-i-germanes-dels-infants-amb-sordesa\/\" target=\"_blank\" rel=\"noreferrer noopener\">Per saber-ne m\u00e9s.<\/a><\/p>\n<p><\/p>\n<p><\/p>\n<p><strong><em>Descobrim les opcions de connectivitat dels audi\u00f2fons i els implants coclears per treure&#8217;n el m\u00e0xim rendiment. <\/em><a href=\"https:\/\/acapps.org\/web\/2021\/03\/04\/escola-de-families-descobrim-les-opcions-de-connectivitats-dels-audiofons-i-implants-coclears-per-treuren-el-maxim-rendiment\/\" target=\"_blank\" rel=\"noreferrer noopener\">Per saber-ne m\u00e9s.<\/a><\/strong><\/p>\n<p><\/p>\n<p><\/p>\n<p><strong>Col\u00b7loqui amb joves. <em>Cicles formatius, batxillerat, universitat: recomanacions directes dels i de les joves amb sordesa. Estudia sense pors!<\/em>.<\/strong> <a href=\"https:\/\/acapps.org\/web\/2021\/04\/06\/cicles-formatius-batxillerat-universitat-recomanacions-directes-dels-i-les-joves-amb-sordesa-estudia-sense-pors\/\" target=\"_blank\" rel=\"noreferrer noopener\">Per saber-ne m\u00e9s<\/a><\/p>\n<p><\/p>\n<p><\/p>\n<p><\/p>[\/vc_column_text][\/vc_column][\/vc_row][vc_row][vc_column][vc_single_image image=&#8221;13404&#8243; img_size=&#8221;large&#8221;][\/vc_column][\/vc_row]","protected":false},"excerpt":{"rendered":"<p>[vc_row][vc_column][vc_column_text] La nostra associaci\u00f3, amb m\u00e9s de 25 anys d&#8217;experi\u00e8ncia en atenci\u00f3 i suport a les fam\u00edlies amb fills\/es amb sordesa, sap el que suposa l&#8217;arribada a la fam\u00edlia d&#8217;un fill\/a amb discapacitat auditiva: un gir sobtat i una seq\u00fc\u00e8ncia d&#8217;emocions, de tristesa, de negaci\u00f3, de plor, d&#8217;acceptaci\u00f3. Sense oblidar que cada membre de la fam\u00edlia ho viu i afronta de forma diferent. Us trobeu&#8230; <\/p>\n<p><a class=\"readmore\" href=\"https:\/\/acapps.org\/web\/escola-de-families\/\">LLEGIR M\u00c9S<\/a><\/p>\n","protected":false},"author":3,"featured_media":0,"parent":0,"menu_order":0,"comment_status":"closed","ping_status":"closed","template":"","meta":{"footnotes":""},"_links":{"self":[{"href":"https:\/\/acapps.org\/web\/wp-json\/wp\/v2\/pages\/9676"}],"collection":[{"href":"https:\/\/acapps.org\/web\/wp-json\/wp\/v2\/pages"}],"about":[{"href":"https:\/\/acapps.org\/web\/wp-json\/wp\/v2\/types\/page"}],"author":[{"embeddable":true,"href":"https:\/\/acapps.org\/web\/wp-json\/wp\/v2\/users\/3"}],"replies":[{"embeddable":true,"href":"https:\/\/acapps.org\/web\/wp-json\/wp\/v2\/comments?post=9676"}],"version-history":[{"count":6,"href":"https:\/\/acapps.org\/web\/wp-json\/wp\/v2\/pages\/9676\/revisions"}],"predecessor-version":[{"id":13405,"href":"https:\/\/acapps.org\/web\/wp-json\/wp\/v2\/pages\/9676\/revisions\/13405"}],"wp:attachment":[{"href":"https:\/\/acapps.org\/web\/wp-json\/wp\/v2\/media?parent=9676"}],"curies":[{"name":"wp","href":"https:\/\/api.w.org\/{rel}","templated":true}]}}