{"id":9849,"date":"2021-03-15T12:14:04","date_gmt":"2021-03-15T12:14:04","guid":{"rendered":"https:\/\/acapps.org\/web\/?page_id=9849"},"modified":"2024-06-18T10:55:22","modified_gmt":"2024-06-18T10:55:22","slug":"acompanyament","status":"publish","type":"page","link":"https:\/\/acapps.org\/web\/acompanyament\/","title":{"rendered":"Acompanyament a persones amb sordesa"},"content":{"rendered":"[vc_row][vc_column][vc_column_text][\/vc_column_text][vc_single_image image=&#8221;9853&#8243; img_size=&#8221;full&#8221;][vc_column_text]<p class=\"has-text-color\" style=\"color: #04284e; font-size: 24px;\"><strong>ACOMPANYAMENT<\/strong> i suport a les persones que heu perdut audici\u00f3.<\/p>\n<p><!-- \/wp:paragraph --><\/p>\n<p><!-- wp:paragraph {\"customTextColor\":\"#0d0e0e\"} --><\/p>\n<h5 class=\"has-text-color\" style=\"color: #0d0e0e;\"><strong>A ACAPPS t&#8217;oferim ACOMPANYAMENT, SUPORT I ORIENTACI\u00d3 en aquest moment vital. T&#8217;expliquem com:<\/strong><\/h5>\n<h4><strong>ATENCI\u00d3 PERSONALITZADA PRESENCIAL I\/O EN L\u00cdNIA.<\/strong><\/h4>\n<h5>Si has perdut audici\u00f3 i\/o n&#8217;est\u00e0s perdent, posa&#8217;t en contacte amb nosaltres al correu <a href=\"mailto:pas@acapps.org\">pas@acapps.org<\/a>. La t\u00e8cnica d&#8217;atenci\u00f3 referent, la Paula Quirante, us citar\u00e0 per a una entrevista per oferir-vos atenci\u00f3 individual. En aquesta ens coneixerem, podreu explicar-nos la vostra situaci\u00f3 amb total confidencialitat: quan heu perdut audici\u00f3, si porteu pr\u00f2tesis auditives, si teniu el certificat de discapacitat.\u00a0 A partir d&#8217;aqu\u00ed, t&#8217;orientem i expliquem els recursos que et podem oferir.<\/h5>\n<h4><strong>ACOMPANYAMENT EMOCIONAL: ESTEM AL TEU COSTAT<\/strong><\/h4>\n<h5>Com d\u00e8iem, perdre l&#8217;audici\u00f3 (ja sigui de les dues o\u00efdes o d&#8217;una \u00fanica o\u00efda), ja sigui a causa de l&#8217;edat (presbiac\u00fasia) o per altres factors (medicaments, malalties, accidents) \u00e9s un xoc per a la persona que sempre ha estat oient. Parlem de la sordesa postlocutiva. Com davant de qualsevol altra p\u00e8rdua, es passa per un proc\u00e9s de dol per acceptar la p\u00e8rdua d&#8217;audici\u00f3 i descobrir tamb\u00e9 noves maneres per comunicar-se i saber qu\u00e8 et diuen, com llegir els llavis. El nostre equip de professionals, especialitzats\/des en la sordesa i multidisciplinars (logopedes, psic\u00f2legs\/gues, educadors\/es socials) t&#8217;acompanyaran en aquest proc\u00e9s.<\/h5>\n<h4><strong>ASSESSORAMENT DE RECURSOS (ajudes socials, pr\u00f2tesis auditives, GAMs,&#8230;)<\/strong><\/h4>\n<h5>Avui dia hi ha recursos perqu\u00e8 puguis tornat a comunicar-te amb el teu entorn.<\/h5>\n<p><strong>PR\u00d2TESIS AUDITIVES.<\/strong> S&#8217;ha avan\u00e7at molt a nivell tecnol\u00f2gic. Les\u00a0 pr\u00f2tesis auditives, l&#8217;audiofon i\/o l&#8217;implant coclear, poden ser el teu gran aliat perqu\u00e8 puguis tornar a sentir. No s\u00f3n m\u00e0gics, \u00e9s cert. No sentir\u00e0s de la mateixa manera i, en el cas de l&#8217;implant coclear, caldr\u00e0 que, un cop te&#8217;l posin (\u00e9s una intervenci\u00f3 quir\u00fargica) passis per una fase d&#8217;adaptaci\u00f3 en qu\u00e8 t\u00e9 un paper clau les <strong>sessions per entrenar l&#8217;audici\u00f3 amb logopedes.\u00a0<\/strong><\/p>\n<p><strong>MITJANS DE SUPORT A LA COMUNICACI\u00d3.<\/strong>\u00a0 Hi ha ajudes t\u00e8cniques\u00a0 \u00a0 \u00a0 perqu\u00e8 el so arribi millor al teu audi\u00f2fon i\/o implant coclear, com el bucle\u00a0 \u00a0 \u00a0 \u00a0 \u00a0 magn\u00e8tic. Hi ha espais (punts d&#8217;atenci\u00f3 ciutadana, teatres, auditoris) que ja en\u00a0 tenen.\u00a0 Nom\u00e9s cal que activis la posici\u00f3 T del teu aparell per accedir-hi.<\/p>\n<p><strong>ASSESSORAMENT EN AJUDES SOCIALS.<\/strong> Tamb\u00e9 t&#8217;informe de quines ajudes et pots benficiar; com les avantatges que tindr\u00e0s amb el certificat de discapacitat o la convocat\u00f2ria de les ajudes PUA que s&#8217;atorguen per a l&#8217;adquisici\u00f3 d&#8217;audi\u00f2fons, piles, videoporters, avisadors lluminosos, entre altres ajudes.<\/p>\n<p><strong>CURSOS D&#8217;ENTRENAMENT AUDITIU. <\/strong>ACAPPS som la \u00fanica associaci\u00f3 a Catalunya que fem cursos per aprendre a llegir els llavis i tamb\u00e9 d&#8217;entrenament auditiu per a persones usu\u00e0ries d&#8217;audi\u00f2fons i\/o implants coclears<strong>\u00a0(<a href=\"https:\/\/acapps.org\/web\/entrenament-auditiu-i-llegir-els-llavis\/\">vull saber-ne m\u00e9s)<\/a><\/strong><\/p>[\/vc_column_text][\/vc_column][vc_column][\/vc_column][\/vc_row][vc_row][vc_column][vc_column_text][\/vc_column_text][\/vc_column][vc_column][\/vc_column][\/vc_row]","protected":false},"excerpt":{"rendered":"<p>[vc_row][vc_column][vc_column_text][\/vc_column_text][vc_single_image image=&#8221;9853&#8243; img_size=&#8221;full&#8221;][vc_column_text] ACOMPANYAMENT i suport a les persones que heu perdut audici\u00f3. A ACAPPS t&#8217;oferim ACOMPANYAMENT, SUPORT I ORIENTACI\u00d3 en aquest moment vital. T&#8217;expliquem com: ATENCI\u00d3 PERSONALITZADA PRESENCIAL I\/O EN L\u00cdNIA. Si has perdut audici\u00f3 i\/o n&#8217;est\u00e0s perdent, posa&#8217;t en contacte amb nosaltres al correu pas@acapps.org. La t\u00e8cnica d&#8217;atenci\u00f3 referent, la Paula Quirante, us citar\u00e0 per a una entrevista per oferir-vos atenci\u00f3 individual. En&#8230; <\/p>\n<p><a class=\"readmore\" href=\"https:\/\/acapps.org\/web\/acompanyament\/\">LLEGIR M\u00c9S<\/a><\/p>\n","protected":false},"author":3,"featured_media":0,"parent":0,"menu_order":0,"comment_status":"closed","ping_status":"closed","template":"","meta":{"footnotes":""},"_links":{"self":[{"href":"https:\/\/acapps.org\/web\/wp-json\/wp\/v2\/pages\/9849"}],"collection":[{"href":"https:\/\/acapps.org\/web\/wp-json\/wp\/v2\/pages"}],"about":[{"href":"https:\/\/acapps.org\/web\/wp-json\/wp\/v2\/types\/page"}],"author":[{"embeddable":true,"href":"https:\/\/acapps.org\/web\/wp-json\/wp\/v2\/users\/3"}],"replies":[{"embeddable":true,"href":"https:\/\/acapps.org\/web\/wp-json\/wp\/v2\/comments?post=9849"}],"version-history":[{"count":14,"href":"https:\/\/acapps.org\/web\/wp-json\/wp\/v2\/pages\/9849\/revisions"}],"predecessor-version":[{"id":15017,"href":"https:\/\/acapps.org\/web\/wp-json\/wp\/v2\/pages\/9849\/revisions\/15017"}],"wp:attachment":[{"href":"https:\/\/acapps.org\/web\/wp-json\/wp\/v2\/media?parent=9849"}],"curies":[{"name":"wp","href":"https:\/\/api.w.org\/{rel}","templated":true}]}}