{"id":9856,"date":"2021-03-17T14:37:47","date_gmt":"2021-03-17T14:37:47","guid":{"rendered":"https:\/\/acapps.org\/web\/?page_id=9856"},"modified":"2023-03-08T08:56:40","modified_gmt":"2023-03-08T08:56:40","slug":"xarxa-dones-amb-sordesa","status":"publish","type":"page","link":"https:\/\/acapps.org\/web\/xarxa-dones-amb-sordesa\/","title":{"rendered":"Xarxa Dones amb Sordesa"},"content":{"rendered":"[vc_row][vc_column][vc_column_text]<p><\/p>\n<p>La Xarxa de Dones amb Sordesa \u00e9s<strong> un grup OBERT de dones diverses i de diferents edats (entre 16 i 80 anys) que tenen en com\u00fa la sordesa.<\/strong><\/p>\n<p><\/p>\n<p><\/p>\n<p>La Xarxa de Dones amb Sordes \u00e9s un espai <strong>per escoltar-nos, per explicar-nos i per continuar-nos relacionant\u00a0<\/strong>en uns moments en qu\u00e8 les relacions estan quedant en un segon pla i que, des d\u2019ACAPPS, creiem important continuar cuidant pel nostre benestar emocional.<\/p>\n<p><\/p>\n<p><\/p>\n<p>Tamb\u00e9 \u00e9s un espai per compartir les nostres inquietuds, sovint marcades per aquesta doble condici\u00f3: ser dones i tenir una discapacitat, l&#8217;auditiva. Per\u00f2 m\u00e9s enll\u00e0 de poder-nos expressar, sobretot \u00e9s l&#8217;espai on projectar-nos: qu\u00e8 reivindiquem, qu\u00e8 necessitem i qu\u00e8 volem. A partir d&#8217;aqu\u00ed, fem activitats i sobretot, fem visibles les dones amb sordesa.<\/p>\n<p><\/p>\n<p><\/p>\n<p><\/p>[\/vc_column_text][vc_row_inner][vc_column_inner width=&#8221;1\/2&#8243;][vc_column_text]<h3><strong><span style=\"color: #cb557d;\">COM FUNCIONA LA XARXA?<\/span><\/strong><\/h3>\n<p><!-- \/wp:paragraph --><\/p>\n<p><!-- wp:paragraph --><\/p>\n<p>Fem reunions, trobades i activitats de forma peri\u00f2dica. Aquestes reunions, on ens trobem totes, s\u00f3n condu\u00efdes per les t\u00e8cniques referents d&#8217;ACAPPS. Programem les activitats en funci\u00f3 dels interessos sorgits i planifiquem accions conjuntes, com l&#8217;acci\u00f3 amb motiu del Dia de la Dona, el 8 de mar\u00e7. Som una xarxa oberta a les dones amb sordesa de totes les edats.\u00a0<\/p>\n<p><!-- \/wp:paragraph --><\/p>\n<p><!-- wp:paragraph --><\/p>\n<p>&nbsp;<\/p>[\/vc_column_text][\/vc_column_inner][vc_column_inner width=&#8221;1\/2&#8243;][vc_video link=&#8221;https:\/\/youtu.be\/56FoQ6Jz0-Y&#8221;][\/vc_column_inner][\/vc_row_inner][vc_row_inner][vc_column_inner width=&#8221;1\/2&#8243;][vc_column_text]<h3><strong><span style=\"color: #cb557d;\">LES NOSTRES ACCIONS: 8 DE MAR\u00c7<\/span><\/strong><\/h3>[\/vc_column_text][\/vc_column_inner][vc_column_inner width=&#8221;1\/2&#8243;][vc_column_text]<h5><strong>Les dones amb sordesa: doblement invisibles. <\/strong><\/h5>\n<h5><strong>Per ser dones. Per tenir discapacitat. <\/strong><\/h5>\n<h5><strong>Cada dia \u00e9s 8 de mar\u00e7: per fer visible, per reivindicar, per rebutjar la discriminaci\u00f3, per ser valentes, per ser nosaltres. Per ser escoltades i no jutjades.<\/strong><\/h5>\n<h3><strong>#TenimVeu8M<\/strong><\/h3>[\/vc_column_text][\/vc_column_inner][\/vc_row_inner][vc_row_inner][vc_column_inner width=&#8221;1\/3&#8243;][vc_video link=&#8221;https:\/\/youtu.be\/lhSOrHwXAYc&#8221;][\/vc_column_inner][vc_column_inner width=&#8221;1\/3&#8243;][vc_video link=&#8221;https:\/\/youtu.be\/2Ca86lhtfTA&#8221;][\/vc_column_inner][vc_column_inner width=&#8221;1\/3&#8243;][vc_video link=&#8221;https:\/\/youtu.be\/kC_f6c5f1QU&#8221;][\/vc_column_inner][\/vc_row_inner][vc_row_inner][vc_column_inner][\/vc_column_inner][\/vc_row_inner][\/vc_column][\/vc_row][vc_row][vc_column width=&#8221;1\/2&#8243;][vc_column_text]<div class=\"kvgmc6g5 cxmmr5t8 oygrvhab hcukyx3x c1et5uql ii04i59q\">\n<h4 dir=\"auto\">\u00a0<\/h4>\n<h4 dir=\"auto\"><strong>LA INCLUSI\u00d3 NOM\u00c9S SER\u00c0 SI HI SOM TOTES!<\/strong><\/h4>\n<p dir=\"auto\"><span class=\"pq6dq46d tbxw36s4 knj5qynh kvgmc6g5 ditlmg2l oygrvhab nvdbi5me sf5mxxl7 gl3lb2sf hhz5lgdu\"><img loading=\"lazy\" decoding=\"async\" src=\"https:\/\/static.xx.fbcdn.net\/images\/emoji.php\/v9\/taa\/1\/16\/1f64b_200d_2640.png\" alt=\"&#x1f64b;&#x200d;&#x2640;&#xfe0f;\" width=\"16\" height=\"16\" \/>L<\/span>a <strong>Xarxa de Dones amb Sordesa d\u2019ACAPPS<\/strong> denuncia aquesta invisibilitat que viuen les dones amb sordesa, que provoca tenir menys referents i menys oportunitats i espais en l\u2019\u00e0mbit p\u00fablic. Ens expliquen com han viscut la discriminaci\u00f3<strong> la Laura, la Paula i la Yanet,<\/strong> escriptora, formadora TIC i psic\u00f2loga amb sordesa. Amb elles, les dones amb sordesa d\u2019ACAPPS reivindiquen ser referents i tenir espais. Tenir veu.<\/p>\n<\/div>\n<div class=\"cxmmr5t8 oygrvhab hcukyx3x c1et5uql o9v6fnle ii04i59q\">\n<h4 dir=\"auto\">\u00a0<\/h4>\n<\/div>[\/vc_column_text][\/vc_column][vc_column width=&#8221;1\/2&#8243;][vc_video link=&#8221;https:\/\/youtu.be\/j0khKh4Mgug&#8221;][\/vc_column][\/vc_row][vc_row][vc_column][\/vc_column][\/vc_row][vc_row][vc_column][vc_single_image image=&#8221;11761&#8243; img_size=&#8221;full&#8221;][\/vc_column][\/vc_row]","protected":false},"excerpt":{"rendered":"<p>[vc_row][vc_column][vc_column_text] La Xarxa de Dones amb Sordesa \u00e9s un grup OBERT de dones diverses i de diferents edats (entre 16 i 80 anys) que tenen en com\u00fa la sordesa. La Xarxa de Dones amb Sordes \u00e9s un espai per escoltar-nos, per explicar-nos i per continuar-nos relacionant\u00a0en uns moments en qu\u00e8 les relacions estan quedant en un segon pla i que, des d\u2019ACAPPS, creiem important continuar&#8230; <\/p>\n<p><a class=\"readmore\" href=\"https:\/\/acapps.org\/web\/xarxa-dones-amb-sordesa\/\">LLEGIR M\u00c9S<\/a><\/p>\n","protected":false},"author":3,"featured_media":0,"parent":0,"menu_order":0,"comment_status":"closed","ping_status":"closed","template":"","meta":{"footnotes":""},"_links":{"self":[{"href":"https:\/\/acapps.org\/web\/wp-json\/wp\/v2\/pages\/9856"}],"collection":[{"href":"https:\/\/acapps.org\/web\/wp-json\/wp\/v2\/pages"}],"about":[{"href":"https:\/\/acapps.org\/web\/wp-json\/wp\/v2\/types\/page"}],"author":[{"embeddable":true,"href":"https:\/\/acapps.org\/web\/wp-json\/wp\/v2\/users\/3"}],"replies":[{"embeddable":true,"href":"https:\/\/acapps.org\/web\/wp-json\/wp\/v2\/comments?post=9856"}],"version-history":[{"count":9,"href":"https:\/\/acapps.org\/web\/wp-json\/wp\/v2\/pages\/9856\/revisions"}],"predecessor-version":[{"id":13314,"href":"https:\/\/acapps.org\/web\/wp-json\/wp\/v2\/pages\/9856\/revisions\/13314"}],"wp:attachment":[{"href":"https:\/\/acapps.org\/web\/wp-json\/wp\/v2\/media?parent=9856"}],"curies":[{"name":"wp","href":"https:\/\/api.w.org\/{rel}","templated":true}]}}