{"id":9860,"date":"2021-05-13T08:23:57","date_gmt":"2021-05-13T08:23:57","guid":{"rendered":"https:\/\/acapps.org\/web\/?page_id=9860"},"modified":"2022-05-23T08:35:26","modified_gmt":"2022-05-23T08:35:26","slug":"grup-de-suport-a-les-persones-amb-sordesa","status":"publish","type":"page","link":"https:\/\/acapps.org\/web\/grup-de-suport-a-les-persones-amb-sordesa\/","title":{"rendered":"Grup de Suport a les persones amb sordesa"},"content":{"rendered":"[vc_row][vc_column][vc_column_text]<p><\/p>\n<h5>Oferim, a totes les persones amb sordesa, un <strong>Grup de Suport<\/strong> condu\u00eft per una psic\u00f2loga col\u00b7legiada i especialitzada en sordesa. El grup, redu\u00eft a un m\u00e0xim de sis persones, est\u00e0 recomanat especialment per a aquelles persones que necessiten suport i acompanyament emocional.<\/h5>\n<p><\/p>\n<p><\/p>\n<h5>Actualment i degut a la pand\u00e8mia per la Covid19, les sessions es realitzen en l\u00ednia.<\/h5>\n<p>&nbsp;<\/p>\n<p><\/p>\n<p><\/p>\n<p class=\"has-text-color\" style=\"color: #1a4b60; font-size: 21px;\"><strong>QU\u00c8 HI TROBAR\u00c9<\/strong> EN AQUEST GRUP?<\/p>\n<p><\/p>\n<p><\/p>\n<h5><strong>Hi trobar\u00e0s un espai on et podr\u00e0s compartir all\u00f2 que et passa, explicar-ho i sense por a ser jutjat:<\/strong> el grup de suport \u00e9s un espai lliure de prejudicis. A m\u00e9s, aprendr\u00e0s recursos perqu\u00e8 tu mateix\/a puguis gestionar millor les teves emocions trobant l&#8217;equilibri i el benestar personal. Tamb\u00e9 coneixer\u00e0s persones que passen per situacions similars a la teva, ser\u00e0s escoltat\/da i, sobretot, et sentir\u00e0s acompanyat\/da en el proc\u00e9s: no est\u00e0s sol\/a.<\/h5>\n<p>&nbsp;<\/p>\n<h5><\/h5>\n<h5><\/h5>\n<h5>Si est\u00e0s interessat\/da en el Grup de Suport a les persones amb Sordesa, posa&#8217;t en contacte amb:<a href=\"mailto:sasp@acapps.org\"> sasp@acapps.org<\/a> \/ tel. 93 210 55 50 o envia&#8217;ns un whatsapp al 600 401 631<\/h5>\n<p><\/p>[\/vc_column_text][\/vc_column][\/vc_row][vc_row][vc_column][\/vc_column][\/vc_row][vc_row][vc_column][vc_single_image image=&#8221;11872&#8243; img_size=&#8221;full&#8221;][\/vc_column][\/vc_row]","protected":false},"excerpt":{"rendered":"<p>[vc_row][vc_column][vc_column_text] Oferim, a totes les persones amb sordesa, un Grup de Suport condu\u00eft per una psic\u00f2loga col\u00b7legiada i especialitzada en sordesa. El grup, redu\u00eft a un m\u00e0xim de sis persones, est\u00e0 recomanat especialment per a aquelles persones que necessiten suport i acompanyament emocional. Actualment i degut a la pand\u00e8mia per la Covid19, les sessions es realitzen en l\u00ednia. &nbsp; QU\u00c8 HI TROBAR\u00c9 EN AQUEST GRUP?&#8230; <\/p>\n<p><a class=\"readmore\" href=\"https:\/\/acapps.org\/web\/grup-de-suport-a-les-persones-amb-sordesa\/\">LLEGIR M\u00c9S<\/a><\/p>\n","protected":false},"author":3,"featured_media":0,"parent":0,"menu_order":0,"comment_status":"closed","ping_status":"closed","template":"","meta":{"footnotes":""},"_links":{"self":[{"href":"https:\/\/acapps.org\/web\/wp-json\/wp\/v2\/pages\/9860"}],"collection":[{"href":"https:\/\/acapps.org\/web\/wp-json\/wp\/v2\/pages"}],"about":[{"href":"https:\/\/acapps.org\/web\/wp-json\/wp\/v2\/types\/page"}],"author":[{"embeddable":true,"href":"https:\/\/acapps.org\/web\/wp-json\/wp\/v2\/users\/3"}],"replies":[{"embeddable":true,"href":"https:\/\/acapps.org\/web\/wp-json\/wp\/v2\/comments?post=9860"}],"version-history":[{"count":3,"href":"https:\/\/acapps.org\/web\/wp-json\/wp\/v2\/pages\/9860\/revisions"}],"predecessor-version":[{"id":12032,"href":"https:\/\/acapps.org\/web\/wp-json\/wp\/v2\/pages\/9860\/revisions\/12032"}],"wp:attachment":[{"href":"https:\/\/acapps.org\/web\/wp-json\/wp\/v2\/media?parent=9860"}],"curies":[{"name":"wp","href":"https:\/\/api.w.org\/{rel}","templated":true}]}}