{"id":9861,"date":"2021-03-19T08:21:43","date_gmt":"2021-03-19T08:21:43","guid":{"rendered":"https:\/\/acapps.org\/web\/?page_id=9861"},"modified":"2025-02-17T10:30:59","modified_gmt":"2025-02-17T10:30:59","slug":"acompanyament-en-la-recerca-de-feina","status":"publish","type":"page","link":"https:\/\/acapps.org\/web\/acompanyament-en-la-recerca-de-feina\/","title":{"rendered":"Acompanyament en la recerca de feina"},"content":{"rendered":"[vc_row][vc_column][vc_column_text]\n<p>\n\n\n<\/p>\n<h4><strong>Si tens sordesa i est\u00e0s buscant feina o necessites un canvi laboral, et pots posar en contacte amb nosaltres i et donarem suport en la recerca i\/o millora de feina.<\/strong><\/h4>\n<p>\n\n\n<\/p>\n<p>\n\n\n<\/p>\n<p>\n\n\n<\/p>\n<p>\n\n\n<\/p>\n<figure class=\"wp-block-image size-large\"><img loading=\"lazy\" decoding=\"async\" width=\"1024\" height=\"164\" class=\"wp-image-9754\" src=\"https:\/\/acapps.org\/web\/wp-content\/uploads\/2021\/02\/FEINES_BANNER.jpg\" alt=\"\" srcset=\"https:\/\/acapps.org\/web\/wp-content\/uploads\/2021\/02\/FEINES_BANNER.jpg 1024w, https:\/\/acapps.org\/web\/wp-content\/uploads\/2021\/02\/FEINES_BANNER-300x48.jpg 300w, https:\/\/acapps.org\/web\/wp-content\/uploads\/2021\/02\/FEINES_BANNER-768x123.jpg 768w\" sizes=\"(max-width: 1024px) 100vw, 1024px\" \/><\/figure>\n<p>\n\n\n<\/p>\n<p>\n\n\n<\/p>\n<p class=\"has-text-color\" style=\"color: #1a4b60; font-size: 24px;\"><strong>T&#8217;ORIENTEM I T&#8217;ACOMPANYEM<\/strong>:<\/p>\n<h5>Sabem,\u00a0 perqu\u00e8 a tots\/es ens ha passat, que quedar-se o estar sense feina \u00e9s un moment dif\u00edcil que pot generar molta pressi\u00f3 i angoixa. A m\u00e9s, els processos de selecci\u00f3 poden arribar a desgastar molt i provocar desmotivaci\u00f3 en la recerca, fet que no ajudar\u00e0 a millorar la situaci\u00f3.\u00a0<\/h5>\n<h5>Si est\u00e0s passant aquest moment et volem dir que no est\u00e0s sol\/a i que el nostre Servei d&#8217;Inserci\u00f3 Laboral et pot acompanyar en el proc\u00e9s de recerca de feina.<\/h5>\n<h5>T&#8217;expliquem com, ja que el treball el farem plegats:<\/h5>\n<p>&nbsp;<\/p>\n<p>\n\n\n<\/p>\n<p>\n\n\n<\/p>\n<p><strong>AMB TUTORIES INDIVIDUALS I UN SEGUIMENT PERSONALITZAT.\u00a0 <\/strong><strong>El nostre equip especialitzat en orientaci\u00f3 i inserci\u00f3 laboral t&#8217;acompanyar\u00e0 en el proc\u00e9s de recerca de feina. <\/strong>Un cop et posis en contacte amb nosaltres, et donarem cita (actualment en l\u00ednia i, si no pots, presencial) per con\u00e8ixer-nos i sobretot per saber quin \u00e9s el teu objectiu: de qu\u00e8 est\u00e0s buscant feina, de qu\u00e8 has treballat, quina formaci\u00f3 has fet, quins interessos i quines aptituds tens. A partir d&#8217;aqu\u00ed t&#8217;orientarem en un itinerari laboral: per <strong>aconseguir un lloc de feina estable i de qualitat,<\/strong> on hem d&#8217;anar a buscar-ho, com i quins aspectes hem de millorar per tenir m\u00e9s \u00e8xit en les entrevistes de selecci\u00f3.<\/p>\n<p><strong>T&#8217;ACOMPANYEM PERQU\u00c8 ACONSEGUEXIS I MANTINGUIS EL LLOC DE FEINA<\/strong>. Un cop ja tinguem definit quin lloc de feina busquem i el curr\u00edculum actualitzat, ens posarem a buscar ofertes de feina que encaixin amb all\u00f2 que busquem. T&#8217;acompanyarem en la presentaci\u00f3 d&#8217;autocandidatures, en preparar-te l&#8217;entrevista de feina, a cercar empreses que siguin del teu sector professional. I un cop aconsegueixis el lloc de feina, continuarem en contacte amb tu per saber com t&#8217;est\u00e0 anant i perqu\u00e8, un cop aconseguim la feina, \u00e9s important mantenir-la.\u00a0<\/p>\n<p><strong>AMB EL SUPORT QUE NECESSITIS. <\/strong>L&#8217;objectiu del nostre Servei d&#8217;Inserci\u00f3 Laboral \u00e9s que puguis aconseguir un lloc de feina estable on puguis desenvolupar la teva professi\u00f3. Per aix\u00f2 et donem, tant a tu com a l&#8217;empresa, tot el suport que sigui necessari (Treball amb Suport).<\/p>\n<p>En aquest sentit, t&#8217;acompanyem en el lloc de feina i parlem amb l&#8217;equip per veure quines necessitats s&#8217;han de cobrir. Sovint hi ha la tend\u00e8ncia, per desconeixement, que amb l&#8217;audi\u00f2fon o l&#8217;implant coclear les persones amb sordesa senten de la mateixa manera que una persona oient. Per aix\u00f2, expliquem a l&#8217;empresa <strong>quines mesures poden adaptar per facilitar una comunicaci\u00f3 flu\u00efda:<\/strong> un major \u00fas del correu electr\u00f2nic o un grup de whatsapp per a comunicacions internes; instal\u00b7lar un bucle magn\u00e8tic a la sala de reunions o si est\u00e0s en un punt d&#8217;atenci\u00f3 al p\u00fablic perqu\u00e8 el so t&#8217;arribi millor al teu audi\u00f2fon i\/o implant coclear o com parlar amb tu d&#8217;una forma natural per\u00f2 que et permeti llegir els llavis.\u00a0<\/p>\n<p><strong>CONTACTEM AMB EMPRESES! <\/strong>El nostre equip tamb\u00e9 compta amb dos professionals dedicats \u00edntegrament a la <strong>prospecci\u00f3 d&#8217;empreses<\/strong>. \u00c9s a dir, en funci\u00f3 dels perfils professionals de les persones que atenem des del Servei, dels vostres perfils professionals, ens posem en contacte amb empreses del sector que puguin tenir vacants a cobrir. El nostre objectiu: encaixar vacants de les empreses amb perfils professionals de les persones que atenem, acompanyant tant a les persones treballadores com a les empreses per garantir l&#8217;\u00e8xit en la inserci\u00f3 laboral.<\/p>\n<p>\n\n\n<\/p>\n<p>\n\n\n<\/p>\n<p>\n\n\n<\/p>\n<p>\n\n\n<\/p>\n<p class=\"has-text-color\" style=\"color: #1a4b60; font-size: 24px;\"><strong>T&#8217;OFERIM RECURSOS I EINES<\/strong>:<\/p>\n<p>\n\n\n<\/p>\n<p>\n\n\n<\/p>\n<figure class=\"wp-block-image size-large\"><img loading=\"lazy\" decoding=\"async\" width=\"1024\" height=\"461\" class=\"wp-image-9863\" src=\"https:\/\/acapps.org\/web\/wp-content\/uploads\/2021\/03\/formacio-min-1024x461.jpg\" alt=\"\" srcset=\"https:\/\/acapps.org\/web\/wp-content\/uploads\/2021\/03\/formacio-min-1024x461.jpg 1024w, https:\/\/acapps.org\/web\/wp-content\/uploads\/2021\/03\/formacio-min-300x135.jpg 300w, https:\/\/acapps.org\/web\/wp-content\/uploads\/2021\/03\/formacio-min-768x346.jpg 768w, https:\/\/acapps.org\/web\/wp-content\/uploads\/2021\/03\/formacio-min-1536x691.jpg 1536w, https:\/\/acapps.org\/web\/wp-content\/uploads\/2021\/03\/formacio-min-2048x922.jpg 2048w\" sizes=\"(max-width: 1024px) 100vw, 1024px\" \/><\/figure>\n<p>\n\n\n<\/p>\n<p>\n\n\n<\/p>\n<p><strong>CURSOS D&#8217;ALFABETITZACI\u00d3 DIGITAL.\u00a0<\/strong>Potser fins ara mai has necessitat utilitzar un ordinador o tenir un\u00a0 correu electr\u00f2nic. Ara, si est\u00e0s buscant feina, s\u00ed que ho necessites. Si no tens l&#8217;h\u00e0bit o no ho has fet mai, no et preocupis: tenim cursos gratu\u00efts perqu\u00e8 aprenguis a utilitzar les eines b\u00e0siques\u00a0 per poder trobar feina, ja que actualment la recerca de feina es fa per internet. S\u00f3n cursos des d&#8217;on partirem de zero (obrirem una adre\u00e7a de correu electr\u00f2nic si no en tens, com enviar un correu electr\u00f2nic, com donar-se d&#8217;alta a portals de feina en l\u00ednia, com enviar candidatures,&#8230;).<\/p>\n<p>&nbsp;<\/p>\n<p><strong>FORMACIONS EN RECERCA DE FEINA. <\/strong>Sabem que aconseguir un lloc de feina de qualitat en aquests moments no \u00e9s f\u00e0cil. Per aix\u00f2 ens hem d&#8217;esfor\u00e7ar al m\u00e0xim.<\/p>\n<p>\n\n\n<\/p>\n<p>\n\n\n<\/p>\n<p>Junts definirem els teus objectius professionals, treballarem l\u2019autoconeixement i les teves potencialitats per encertar en la recerca de feina i aconseguir un lloc estable i de qualitat a l\u2019empresa. Perqu\u00e8 fer\u00a0<strong>una bona recerca de feina va molt m\u00e9s enll\u00e0 d\u2019enviar un curr\u00edculum, implica treball, ser constant i perseverant i tenir una visi\u00f3 positiva.<\/strong><\/p>\n<p>\n\n\n<\/p>\n<p>\n\n\n<\/p>\n<p>Per fer-ho, t&#8217;oferim eines i recursos en les nostres c\u00e0psules formatives quinzenals que, actualment, estem fent en l\u00ednia a trav\u00e9s de l&#8217;aplicaci\u00f3 Classroom i de sessions grupals a trav\u00e9s de zoom amb l&#8217;orientador\/a laboral.<\/p>\n<p>\n\n\n<\/p>\n<p>\n\n\n<\/p>\n<p>&nbsp;<\/p>\n<p>\n\n\n<\/p>\n<p>\n\n\n<\/p>\n<p class=\"has-text-color\" style=\"color: #1a4b60; font-size: 24px;\"><strong>CLUB DE FEINA<\/strong><\/p>\n<p>\n\n\n<\/p>\n<p>\n\n\n<\/p>\n<figure class=\"wp-block-image size-large\"><img loading=\"lazy\" decoding=\"async\" width=\"540\" height=\"182\" class=\"wp-image-9865\" src=\"https:\/\/acapps.org\/web\/wp-content\/uploads\/2021\/03\/subratlladors_recurs.jpg\" alt=\"\" srcset=\"https:\/\/acapps.org\/web\/wp-content\/uploads\/2021\/03\/subratlladors_recurs.jpg 540w, https:\/\/acapps.org\/web\/wp-content\/uploads\/2021\/03\/subratlladors_recurs-300x101.jpg 300w\" sizes=\"(max-width: 540px) 100vw, 540px\" \/><\/figure>\n<p>\n\n\n<\/p>\n<p>\n\n\n<\/p>\n<p><strong>Els DIJOUS,de 10:00 a 12:00, t&#8217;oferim el Club de Feina (actualment en l\u00ednia via zoom i amb subtitulaci\u00f3 en directe).<\/strong> Un espai obert a totes les persones amb sordesa que esteu buscant feina, on repassem les demandes i ofertes de feina que hi ha i veiem conjuntament si encaixen amb el vostre perfil professional i interessos. La finalitat: que envi\u00efs el teu curr\u00edculum ben presentat a aquells llocs de feina que realment t&#8217;interessin i encaixis en el que estan buscant. Nom\u00e9s aix\u00ed incrementaran les possibilitats que et truquin per a l&#8217;entrevista de feina.<\/p>\n<p>\n\n\n<\/p>\n<p>\n\n\n<\/p>\n<p>\n\n\n[\/vc_column_text][vc_row_inner][vc_column_inner][vc_column_text]\n<h4>SERVEI D&#8217;INSERCI\u00d3 LABORAL.<\/h4>\n<h4><strong>Serveis integrals d&#8217;orientaci\u00f3, acompanyament i suport a la inserci\u00f3 de les persones amb discapacitat i\/o malaltia mental. SIOAS 2024 STC068\/24\/000056<\/strong><\/h4>\n<div class=\"gmail_default\">\u00a0<\/div>\n<h4 class=\"gmail_default\">Amb el suport de:<\/h4>\n[\/vc_column_text][vc_single_image image=&#8221;15708&#8243; img_size=&#8221;full&#8221;][vc_separator][\/vc_column_inner][\/vc_row_inner][vc_column_text]\n<p>\u00a0<\/p>\n<h5><strong>El Servei d&#8217;Orientaci\u00f3 i Inserci\u00f3 Laboral tamb\u00e9 compta amb el suport de:<\/strong><\/h5>\n[\/vc_column_text][vc_single_image image=&#8221;14228&#8243; img_size=&#8221;full&#8221;][\/vc_column][\/vc_row]","protected":false},"excerpt":{"rendered":"<p>[vc_row][vc_column][vc_column_text] Si tens sordesa i est\u00e0s buscant feina o necessites un canvi laboral, et pots posar en contacte amb nosaltres i et donarem suport en la recerca i\/o millora de feina. T&#8217;ORIENTEM I T&#8217;ACOMPANYEM: Sabem,\u00a0 perqu\u00e8 a tots\/es ens ha passat, que quedar-se o estar sense feina \u00e9s un moment dif\u00edcil que pot generar molta pressi\u00f3 i angoixa. A m\u00e9s, els processos de selecci\u00f3 poden&#8230; <\/p>\n<p><a class=\"readmore\" href=\"https:\/\/acapps.org\/web\/acompanyament-en-la-recerca-de-feina\/\">LLEGIR M\u00c9S<\/a><\/p>\n","protected":false},"author":3,"featured_media":0,"parent":0,"menu_order":0,"comment_status":"closed","ping_status":"closed","template":"","meta":{"footnotes":""},"_links":{"self":[{"href":"https:\/\/acapps.org\/web\/wp-json\/wp\/v2\/pages\/9861"}],"collection":[{"href":"https:\/\/acapps.org\/web\/wp-json\/wp\/v2\/pages"}],"about":[{"href":"https:\/\/acapps.org\/web\/wp-json\/wp\/v2\/types\/page"}],"author":[{"embeddable":true,"href":"https:\/\/acapps.org\/web\/wp-json\/wp\/v2\/users\/3"}],"replies":[{"embeddable":true,"href":"https:\/\/acapps.org\/web\/wp-json\/wp\/v2\/comments?post=9861"}],"version-history":[{"count":40,"href":"https:\/\/acapps.org\/web\/wp-json\/wp\/v2\/pages\/9861\/revisions"}],"predecessor-version":[{"id":15709,"href":"https:\/\/acapps.org\/web\/wp-json\/wp\/v2\/pages\/9861\/revisions\/15709"}],"wp:attachment":[{"href":"https:\/\/acapps.org\/web\/wp-json\/wp\/v2\/media?parent=9861"}],"curies":[{"name":"wp","href":"https:\/\/api.w.org\/{rel}","templated":true}]}}