{"id":9872,"date":"2021-03-19T11:32:58","date_gmt":"2021-03-19T11:32:58","guid":{"rendered":"https:\/\/acapps.org\/web\/?page_id=9872"},"modified":"2021-09-23T12:28:42","modified_gmt":"2021-09-23T12:28:42","slug":"entrenament-auditiu-i-llegir-els-llavis","status":"publish","type":"page","link":"https:\/\/acapps.org\/web\/entrenament-auditiu-i-llegir-els-llavis\/","title":{"rendered":"Discriminaci\u00f3 auditiva i llegir els llavis"},"content":{"rendered":"[vc_row][vc_column][vc_column_text]\n<p><\/p>\n\n\n<\/p>\n<h3 class=\"has-text-color\" style=\"color: #1a4b60;\"><strong>PERQU\u00c8 L&#8217;AUDICI\u00d3 TAMB\u00c9 S&#8217;ENTRENA!<\/strong><\/h3>\n<h5>\n\n\n\n<h5><\/h5>\n\n\n<\/h5>\n<h5>L&#8217;implant coclear ha estat\u00a0<strong>una revoluci\u00f3<\/strong>\u00a0que ha perm\u00e8s que les persones amb sordesa puguin tornar a sentir. Ara b\u00e9, tot i ser una gran aven\u00e7, no \u00e9s m\u00e0gic:\u00a0<strong>per obtenir bons resultats i que entenguis b\u00e9 tots els sons \u00e9s necessari que entrenis l&#8217;audici\u00f3<\/strong>\u00a0(s\u00ed, s\u00ed, l&#8217;audici\u00f3 tamb\u00e9 s&#8217;entrena!!!).\u00a0Tamb\u00e9 et pot ser \u00fatil, per millorar la teva comunicaci\u00f3 amb l&#8217;entorn,\u00a0<strong>aprendre a llegir els llavis per saber qu\u00e8 et diuen.<\/strong><\/h5>\n<figure class=\"wp-block-pullquote\">\n<blockquote>\n<p><strong>SAPS QUE\u2026 el 90%\u00a0<\/strong>de persones que han fet el curs de discriminaci\u00f3 auditiva amb ACAPPS afirmen que la seva capacitat de sentir amb l\u2019implant coclear i\/o l\u2019audi\u00f2fon ha millorat despr\u00e9s del curs.<\/p>\n<\/blockquote>\n<\/figure>\n<h5>Aquest entrenament auditiu \u00e9s la<strong>\u00a0rehabilitaci\u00f3 auditiva,<\/strong>\u00a0necess\u00e0ria despr\u00e9s de l\u2019implant coclear.\u00a0<strong>Els i les metges\/sses otorrinolaring\u00f2legs l\u2019aconsellen fer sempre<\/strong>. Aix\u00f2 s\u00ed, cada persona ho necessitar\u00e0 amb menor o major grau.<\/h5>\n<p>&nbsp;<\/p>\n<h5 class=\"has-text-color\"><em>Perqu\u00e8 l\u2019estimulaci\u00f3 d\u2019un implant coclear sigui efectiva el\/la pacient necessita\u00a0<strong>entrenar les habilitats d\u2019escolta a trav\u00e9s d\u2019un programa de rehabilitaci\u00f3 logop\u00e8dica.<\/strong>\u00a0EUL\u00c0LIA PASTOR, logopeda Hospital Son Ll\u00e0tzer (Mallorca)<\/em><\/h5>\n<p>&nbsp;<\/p>\n<h5 class=\"has-text-color\"><em>\u00c9s imprescindible entrenar al\/ a la pacient a\u00a0<strong>detectar, identificar i entendre les informacions<\/strong>\u00a0que els arriben. La rehabilitaci\u00f3 s\u2019ha d\u2019adre\u00e7ar exclusivament a la persona a tractar, ja que cada persona evoluciona en temps i forma diferent. MANUEL MANRIQUE. Otorrinolaring\u00f2leg Cl\u00ednica Universit\u00e0ria de Navarra.\u00a0<\/em><\/h5>\n<figure class=\"wp-block-pullquote\">\n<blockquote>\n<p><strong>A<\/strong>\u00a0<strong>ACAPPS ESTEM<\/strong><strong> SEMPRE AL TEU COSTAT:\u00a0<\/strong>Som la \u00fanica associaci\u00f3 a Catalunya que t\u2019ofereix cursos\u00a0 de discriminaci\u00f3 auditiva i\/o de lectura labial arreu del territori amb logopedes especialitzades.<\/p>\n<\/blockquote>\n<\/figure>\n<h5><strong>Si hi est\u00e0s interessat\/da o necessites saber-ne m\u00e9s, nom\u00e9s cal que ens ho diguis a:<\/strong><\/h5>\n<h5 class=\"has-text-align-center\">\u00a0<a href=\"mailto:sasp@acapps.org\" target=\"_blank\" rel=\"noreferrer noopener\">sasp@acapps.org\u00a0\u00a0<\/a>\u00a0 tel\/whatsapp 620 993 422<\/h5>\n<p>\n\n\n<p><\/p>\n[\/vc_column_text][\/vc_column][\/vc_row]","protected":false},"excerpt":{"rendered":"<p>[vc_row][vc_column][vc_column_text] PERQU\u00c8 L&#8217;AUDICI\u00d3 TAMB\u00c9 S&#8217;ENTRENA! L&#8217;implant coclear ha estat\u00a0una revoluci\u00f3\u00a0que ha perm\u00e8s que les persones amb sordesa puguin tornar a sentir. Ara b\u00e9, tot i ser una gran aven\u00e7, no \u00e9s m\u00e0gic:\u00a0per obtenir bons resultats i que entenguis b\u00e9 tots els sons \u00e9s necessari que entrenis l&#8217;audici\u00f3\u00a0(s\u00ed, s\u00ed, l&#8217;audici\u00f3 tamb\u00e9 s&#8217;entrena!!!).\u00a0Tamb\u00e9 et pot ser \u00fatil, per millorar la teva comunicaci\u00f3 amb l&#8217;entorn,\u00a0aprendre a llegir els&#8230; <\/p>\n<p><a class=\"readmore\" href=\"https:\/\/acapps.org\/web\/entrenament-auditiu-i-llegir-els-llavis\/\">LLEGIR M\u00c9S<\/a><\/p>\n","protected":false},"author":3,"featured_media":0,"parent":0,"menu_order":0,"comment_status":"closed","ping_status":"closed","template":"","meta":{"footnotes":""},"_links":{"self":[{"href":"https:\/\/acapps.org\/web\/wp-json\/wp\/v2\/pages\/9872"}],"collection":[{"href":"https:\/\/acapps.org\/web\/wp-json\/wp\/v2\/pages"}],"about":[{"href":"https:\/\/acapps.org\/web\/wp-json\/wp\/v2\/types\/page"}],"author":[{"embeddable":true,"href":"https:\/\/acapps.org\/web\/wp-json\/wp\/v2\/users\/3"}],"replies":[{"embeddable":true,"href":"https:\/\/acapps.org\/web\/wp-json\/wp\/v2\/comments?post=9872"}],"version-history":[{"count":4,"href":"https:\/\/acapps.org\/web\/wp-json\/wp\/v2\/pages\/9872\/revisions"}],"predecessor-version":[{"id":10945,"href":"https:\/\/acapps.org\/web\/wp-json\/wp\/v2\/pages\/9872\/revisions\/10945"}],"wp:attachment":[{"href":"https:\/\/acapps.org\/web\/wp-json\/wp\/v2\/media?parent=9872"}],"curies":[{"name":"wp","href":"https:\/\/api.w.org\/{rel}","templated":true}]}}