{"id":9880,"date":"2021-03-23T09:02:20","date_gmt":"2021-03-23T09:02:20","guid":{"rendered":"https:\/\/acapps.org\/web\/?page_id=9880"},"modified":"2023-03-28T09:12:55","modified_gmt":"2023-03-28T09:12:55","slug":"implants-coclears-i-audiofons","status":"publish","type":"page","link":"https:\/\/acapps.org\/web\/implants-coclears-i-audiofons\/","title":{"rendered":"Implants coclears i audi\u00f2fons"},"content":{"rendered":"[vc_row][vc_column][vc_column_text]<p><\/p>\n<h5><strong>Com coneixeu, l&#8217;<a href=\"https:\/\/www.sjdhospitalbarcelona.org\/es\/ninos\/otorrinolaringologia\">Hospital San Joan de D\u00e9u \u00e9s la Unitat de Refer\u00e8ncia de la Hipoac\u00fasia Infantil.<\/a> El metge otorrinolaring\u00f2leg us indicar\u00e0 el tipus de pr\u00f2tesis auditiva m\u00e9s adient pel tipus de sordesa del teu\/va fill\/a: l&#8217;audi\u00f2fon i\/o l&#8217;implant coclear.<\/strong><\/h5>\n<p>&nbsp;<\/p>\n<p><\/p>\n<p><\/p>\n<p><strong>L&#8217;AUDI\u00d2FON<\/strong>: \u00e9s un aparell electr\u00f2nic que s&#8217;ajusta a l&#8217;orella amb un motlle adaptador. Amplifica els sons perqu\u00e8 les persones amb sordesa puguin sentir.<\/p>\n<p><\/p>\n<p><\/p>\n<p><strong>L&#8217;IMPLANT COCLEAR:<\/strong> \u00e9s un pr\u00f2tesi auditiva que requereix una intervenci\u00f3 quir\u00fargica. Es col\u00b7loquen una s\u00e8rie d&#8217;electr\u00f2des a la c\u00f2clea (o\u00efda interna) que estimulen el nervi auditiu amb l&#8217;ajuda d&#8217;un processador extern. Despr\u00e9s de la connexi\u00f3, cal estimulaci\u00f3 auditiva i de llenguatge amb un\/a logopeda. S&#8217;obtenen molts bons resultats auditius.<\/p>\n<p>&nbsp;<\/p>\n<p><\/p>\n<p><\/p>\n<p class=\"has-text-color\" style=\"color: #1a4b60; font-size: 21px;\"><strong>ASSEGURAN\u00c7A<\/strong> I MANTENIMENT DE L&#8217;IMPLANT COCLEAR<\/p>\n<p><\/p>\n<p><\/p>\n<p>Si un dels components de l&#8217;implant coclear s&#8217;espatlla, el nen\/a amb sordesa deixa de sentir. Per aix\u00f2 <strong>\u00e9s molt important tenir assegurat l&#8217;implant coclear <\/strong>per cobrir la despesa en cas de <strong>reparacions, accidents o robatoris. <\/strong>Et podem assessorar de companyies asseguradores que ofereixen avantatges per a les persones associades a ACAPPS. Tamb\u00e9 per a audi\u00f2fons. Posa&#8217;t en contacte amb nosaltres a <a href=\"mailto:saaf@acapps.org\">saaf@acapps.org<\/a> \/ tel. 93 210 55 30. \/ whatsapp 620 993 422.<\/p>\n<h5><span style=\"color: #3ca5ba;\">ENLLA\u00c7:<\/span> <a href=\"https:\/\/acapps.org\/web\/2021\/07\/26\/assegurances-per-a-audiofons-i-implants-coclears-a-fons-2\/\">Assegurances per a audi\u00f2fons i implants coclears. Descobreix-les!<\/a><\/h5>\n<p><\/p>\n<p><\/p>\n<p>Pel que fa al manteniment i\/o accessoris per a implants coclears i audi\u00f2fons, ACAPPS t\u00e9 convenis de col\u00b7laboraci\u00f3 amb les principals cases comercials (<strong>Amplifon-GAES, Aural Widex i Salesa<\/strong>) <strong>amb<\/strong> <strong>descomptes i avantatges per les persones i fam\u00edlies s\u00f2cies<\/strong>. <a href=\"https:\/\/acapps.org\/web\/fes-te-soci-a-avantatges\/\" target=\"_blank\" rel=\"noreferrer noopener\">Consulta els beneficis aqu\u00ed. <\/a><\/p>\n<p><\/p>\n<p><\/p>\n<p>&nbsp;<\/p>\n<p class=\"has-text-color\" style=\"color: #1a4b60; font-size: 21px;\"><strong>FINAN\u00c7AMENT<\/strong><\/p>\n<p><\/p>\n<p><\/p>\n<p>Una fita aconseguida el 2019, ha estat la <strong>cobertura p\u00fablica dels implants coclears bilaterals en els casos d&#8217;hipoac\u00fasia severa o profunda en infants.<\/strong><\/p>\n<p><\/p>\n<p><\/p>\n<p>Pel que fa als audi\u00f2fons, la cobertura p\u00fablica tamb\u00e9 t\u00e9 l\u00edmit d&#8217;edat: durant el 2021, fins els 22 anys; edat que s&#8217;ampliar\u00e0 fins als 26 anys el 2023. A partir dels 26 anys, els audi\u00f2fons deixaran de tenir cobertura p\u00fablica.<\/p>\n<p><\/p>\n<p><\/p>\n<p>DES D&#8217;ACAPPS, creiem, defensem i treballem perqu\u00e8 les pr\u00f2tesis auditives siguin un dret per a tothom, sense l\u00edmits d&#8217;edat.<\/p>\n<h3><strong>DEFENSEM EL DRET DE LES PERSONES AMB SORDESA A SENTIR.\u00a0<\/strong><\/h3>\n<h3><strong>DEFENSEM EL DRET A L&#8217;ACC\u00c9S UNIVERSAL DE LES PR\u00d2TESIS AUDITIVES<\/strong><\/h3>\n<p>&nbsp;<\/p>\n<h4><strong>T&#8217;INTERESSA SABER:<\/strong><\/h4>\n<h4><a href=\"https:\/\/acapps.org\/web\/2020\/02\/18\/els-audiofons-es-financaran-fins-als-26-anys\/\">Els audi\u00f2fons es finan\u00e7aran fins als 26 anys. L&#8217;ampliaci\u00f3, per trams, ser\u00e0 efectiva el 2023.<\/a><\/h4>\n<h4><a href=\"https:\/\/acapps.org\/web\/2019\/03\/01\/7585\/\">La consellera de Salut anuncia que es finan\u00e7aran els implants cocelars bilaterals en infants amb sordesa i profunda\u00a0<\/a><\/h4>\n<p><\/p>[\/vc_column_text][\/vc_column][\/vc_row][vc_row][vc_column][vc_single_image image=&#8221;13406&#8243; img_size=&#8221;large&#8221;][\/vc_column][\/vc_row]","protected":false},"excerpt":{"rendered":"<p>[vc_row][vc_column][vc_column_text] Com coneixeu, l&#8217;Hospital San Joan de D\u00e9u \u00e9s la Unitat de Refer\u00e8ncia de la Hipoac\u00fasia Infantil. El metge otorrinolaring\u00f2leg us indicar\u00e0 el tipus de pr\u00f2tesis auditiva m\u00e9s adient pel tipus de sordesa del teu\/va fill\/a: l&#8217;audi\u00f2fon i\/o l&#8217;implant coclear. &nbsp; L&#8217;AUDI\u00d2FON: \u00e9s un aparell electr\u00f2nic que s&#8217;ajusta a l&#8217;orella amb un motlle adaptador. Amplifica els sons perqu\u00e8 les persones amb sordesa puguin sentir. L&#8217;IMPLANT&#8230; <\/p>\n<p><a class=\"readmore\" href=\"https:\/\/acapps.org\/web\/implants-coclears-i-audiofons\/\">LLEGIR M\u00c9S<\/a><\/p>\n","protected":false},"author":3,"featured_media":0,"parent":0,"menu_order":0,"comment_status":"closed","ping_status":"closed","template":"","meta":{"footnotes":""},"_links":{"self":[{"href":"https:\/\/acapps.org\/web\/wp-json\/wp\/v2\/pages\/9880"}],"collection":[{"href":"https:\/\/acapps.org\/web\/wp-json\/wp\/v2\/pages"}],"about":[{"href":"https:\/\/acapps.org\/web\/wp-json\/wp\/v2\/types\/page"}],"author":[{"embeddable":true,"href":"https:\/\/acapps.org\/web\/wp-json\/wp\/v2\/users\/3"}],"replies":[{"embeddable":true,"href":"https:\/\/acapps.org\/web\/wp-json\/wp\/v2\/comments?post=9880"}],"version-history":[{"count":9,"href":"https:\/\/acapps.org\/web\/wp-json\/wp\/v2\/pages\/9880\/revisions"}],"predecessor-version":[{"id":13409,"href":"https:\/\/acapps.org\/web\/wp-json\/wp\/v2\/pages\/9880\/revisions\/13409"}],"wp:attachment":[{"href":"https:\/\/acapps.org\/web\/wp-json\/wp\/v2\/media?parent=9880"}],"curies":[{"name":"wp","href":"https:\/\/api.w.org\/{rel}","templated":true}]}}