{"id":9882,"date":"2021-03-23T09:38:49","date_gmt":"2021-03-23T09:38:49","guid":{"rendered":"https:\/\/acapps.org\/web\/?page_id=9882"},"modified":"2024-02-06T12:31:19","modified_gmt":"2024-02-06T12:31:19","slug":"empreses","status":"publish","type":"page","link":"https:\/\/acapps.org\/web\/empreses\/","title":{"rendered":"Empreses"},"content":{"rendered":"[vc_row][vc_column][vc_column_text]\n<p><\/p>\n\n\n<\/p>\n<figure class=\"wp-block-image size-large\"><img loading=\"lazy\" decoding=\"async\" width=\"1024\" height=\"440\" class=\"wp-image-9883\" src=\"https:\/\/acapps.org\/web\/wp-content\/uploads\/2021\/03\/EMPRESA-1024x440.jpg\" alt=\"\" srcset=\"https:\/\/acapps.org\/web\/wp-content\/uploads\/2021\/03\/EMPRESA-1024x440.jpg 1024w, https:\/\/acapps.org\/web\/wp-content\/uploads\/2021\/03\/EMPRESA-300x129.jpg 300w, https:\/\/acapps.org\/web\/wp-content\/uploads\/2021\/03\/EMPRESA-768x330.jpg 768w, https:\/\/acapps.org\/web\/wp-content\/uploads\/2021\/03\/EMPRESA-1536x659.jpg 1536w, https:\/\/acapps.org\/web\/wp-content\/uploads\/2021\/03\/EMPRESA-2048x879.jpg 2048w\" sizes=\"(max-width: 1024px) 100vw, 1024px\" \/><\/figure>\n<p>\n\n\n<p><\/p>\n<p><\/p>\n\n\n<\/p>\n<p class=\"has-text-color\" style=\"color: #1a4b60; font-size: 18px;\"><strong>ACAPPS estem compromesos amb la inclusi\u00f3 laboral de les persones amb sordesa a empreses com la teva. I necessitem tamb\u00e9 el teu comprom\u00eds: la inclusi\u00f3 \u00e9s responsabilitat de totes, de tots.<\/strong><\/p>\n<p>\n\n\n<p><\/p>\n<p><\/p>\n\n\n<\/p>\n<h5>En els m\u00e9s de 20 anys de funcionament del nostre servei d&#8217;Orientaci\u00f3 i Inserci\u00f3 laboral, <strong>hem col\u00b7laborat amb m\u00e9s de 500 empreses<\/strong> que han contractat persones amb sordesa i han fet r\u00e9ixer els eu equip hum\u00e0.<\/h5>\n<p>&nbsp;<\/p>\n<p>\n\n\n<p><\/p>\n<p><\/p>\n\n\n<\/p>\n<p class=\"has-text-color\" style=\"color: #1a4b60; font-size: 21px;\"><strong>TIPS <\/strong>PER A LA INCLUSI\u00d3 LABORAL:<\/p>\n<p>\n\n\n<p><\/p>\n<p><\/p>\n\n\n<\/p>\n<ol>\n<li>\n<h5><strong>Coneix-nos, pregunta&#8217;ns: <\/strong>el desconeixement del col\u00b7lectiu \u00e9s l&#8217;\u00fanic que frena a l&#8217;empresa, la por i els dubtes que genera all\u00f2 que no es coneix.<\/h5>\n<\/li>\n<li>\n<h5>\u00c9s un error posar el focus en la discapacitat auditiva enlloc de<strong> centrar-se en les capacitats i actituds de la persona.<\/strong><\/h5>\n<\/li>\n<li>\n<h5><strong>Normalitzem la comunicaci\u00f3 amb les persones amb sordesa! La comunicaci\u00f3 NO \u00e9s un problema:<\/strong> el 97% de les persones amb sordesa es comuniquen com vosaltres, en llengua oral: parlen. Cal trencar estereotips. L&#8217;evoluci\u00f3 en pr\u00f2tesis auditives (audi\u00f2fons i implants coclears) i la logop\u00e8dia ha generat unes noves generacions de persones amb sordesa aut\u00f2nomes que poden realitzar qualsevol feina per la que estiguin formats i preparats\/des, com qualsevol altra candidat\/a.<\/h5>\n<\/li>\n<\/ol>\n<p>\n\n\n<p><\/p>\n<p><\/p>\n\n\n<\/p>\n<h4>\u00a0<\/h4>\n<h4><strong>Empresa, sigues tu tamb\u00e9 una empresa valenta, inclusiva i compromesa amb la discapacitat i la igualtat d&#8217;oportunitats a la feina. <\/strong><\/h4>\n<h4><strong>ESTEM AL VOSTRE COSTAT: <a href=\"https:\/\/acapps.org\/web\/serveis-a-empreses\/\">CONSULTA ELS NOSTRES SERVEIS PER A EMPRESES I QU\u00c8 T&#8217;OFERIM.<\/a><\/strong><\/h4>\n<p>\n\n\n<p><\/p>\n<p><\/p>\n\n\n<\/p>\n<figure class=\"wp-block-image size-large\"><img loading=\"lazy\" decoding=\"async\" width=\"1024\" height=\"285\" class=\"wp-image-9885\" src=\"https:\/\/acapps.org\/web\/wp-content\/uploads\/2021\/03\/infografia_laboral-1024x285.jpg\" alt=\"\" srcset=\"https:\/\/acapps.org\/web\/wp-content\/uploads\/2021\/03\/infografia_laboral-1024x285.jpg 1024w, https:\/\/acapps.org\/web\/wp-content\/uploads\/2021\/03\/infografia_laboral-300x84.jpg 300w, https:\/\/acapps.org\/web\/wp-content\/uploads\/2021\/03\/infografia_laboral-768x214.jpg 768w, https:\/\/acapps.org\/web\/wp-content\/uploads\/2021\/03\/infografia_laboral.jpg 1250w\" sizes=\"(max-width: 1024px) 100vw, 1024px\" \/><\/figure>\n<p>\n\n\n<p><\/p>\n[\/vc_column_text][vc_separator][\/vc_column][\/vc_row][vc_row][vc_column][vc_column_text]<h4><strong>Serveis integrals d&#8217;orientaci\u00f3, acompanyament i suport a la inserci\u00f3 de les persones amb discapacitat i\/o malaltia mental.\u00a0 SIOAS 2023. Expedient STC 044\/23\/000042\u00a0<\/strong><\/h4>\n<h4>Amb el suport de:<\/h4>[\/vc_column_text][vc_row_inner][vc_column_inner width=&#8221;2\/3&#8243;][vc_single_image image=&#8221;14472&#8243; img_size=&#8221;full&#8221;][\/vc_column_inner][vc_column_inner width=&#8221;1\/3&#8243;][\/vc_column_inner][\/vc_row_inner][vc_row_inner][vc_column_inner][vc_separator][\/vc_column_inner][\/vc_row_inner][\/vc_column][\/vc_row][vc_row][vc_column][vc_column_text]<h5>Els projectes i activitats d&#8217;ACAPPS per a la <strong>ORIENTACI\u00d3 I INSERCI\u00d3 LABORAL DE LES PERSONES AMB SORDESA<\/strong> <strong>s\u00f3n\u00a0possible gr\u00e0cies a:<\/strong><\/h5>[\/vc_column_text][vc_single_image image=&#8221;11294&#8243; img_size=&#8221;full&#8221;][\/vc_column][\/vc_row]","protected":false},"excerpt":{"rendered":"<p>[vc_row][vc_column][vc_column_text] ACAPPS estem compromesos amb la inclusi\u00f3 laboral de les persones amb sordesa a empreses com la teva. I necessitem tamb\u00e9 el teu comprom\u00eds: la inclusi\u00f3 \u00e9s responsabilitat de totes, de tots. En els m\u00e9s de 20 anys de funcionament del nostre servei d&#8217;Orientaci\u00f3 i Inserci\u00f3 laboral, hem col\u00b7laborat amb m\u00e9s de 500 empreses que han contractat persones amb sordesa i han fet r\u00e9ixer els&#8230; <\/p>\n<p><a class=\"readmore\" href=\"https:\/\/acapps.org\/web\/empreses\/\">LLEGIR M\u00c9S<\/a><\/p>\n","protected":false},"author":3,"featured_media":0,"parent":0,"menu_order":0,"comment_status":"closed","ping_status":"closed","template":"","meta":{"footnotes":""},"_links":{"self":[{"href":"https:\/\/acapps.org\/web\/wp-json\/wp\/v2\/pages\/9882"}],"collection":[{"href":"https:\/\/acapps.org\/web\/wp-json\/wp\/v2\/pages"}],"about":[{"href":"https:\/\/acapps.org\/web\/wp-json\/wp\/v2\/types\/page"}],"author":[{"embeddable":true,"href":"https:\/\/acapps.org\/web\/wp-json\/wp\/v2\/users\/3"}],"replies":[{"embeddable":true,"href":"https:\/\/acapps.org\/web\/wp-json\/wp\/v2\/comments?post=9882"}],"version-history":[{"count":13,"href":"https:\/\/acapps.org\/web\/wp-json\/wp\/v2\/pages\/9882\/revisions"}],"predecessor-version":[{"id":14488,"href":"https:\/\/acapps.org\/web\/wp-json\/wp\/v2\/pages\/9882\/revisions\/14488"}],"wp:attachment":[{"href":"https:\/\/acapps.org\/web\/wp-json\/wp\/v2\/media?parent=9882"}],"curies":[{"name":"wp","href":"https:\/\/api.w.org\/{rel}","templated":true}]}}