{"id":9892,"date":"2021-03-23T12:46:26","date_gmt":"2021-03-23T12:46:26","guid":{"rendered":"https:\/\/acapps.org\/web\/?page_id=9892"},"modified":"2021-07-05T06:31:55","modified_gmt":"2021-07-05T06:31:55","slug":"accessibilitat-i-subtitulacio-en-directe","status":"publish","type":"page","link":"https:\/\/acapps.org\/web\/accessibilitat-i-subtitulacio-en-directe\/","title":{"rendered":"Accessibilitat a la comunicaci\u00f3"},"content":{"rendered":"[vc_row][vc_column][vc_column_text]\n<p><\/p>\n\n\n<\/p>\n<figure class=\"wp-block-image size-large\"><img loading=\"lazy\" decoding=\"async\" width=\"1024\" height=\"278\" class=\"wp-image-9893\" src=\"https:\/\/acapps.org\/web\/wp-content\/uploads\/2021\/03\/NoEnsDeixisFora-1024x278.jpg\" alt=\"\" srcset=\"https:\/\/acapps.org\/web\/wp-content\/uploads\/2021\/03\/NoEnsDeixisFora-1024x278.jpg 1024w, https:\/\/acapps.org\/web\/wp-content\/uploads\/2021\/03\/NoEnsDeixisFora-300x81.jpg 300w, https:\/\/acapps.org\/web\/wp-content\/uploads\/2021\/03\/NoEnsDeixisFora-768x208.jpg 768w, https:\/\/acapps.org\/web\/wp-content\/uploads\/2021\/03\/NoEnsDeixisFora.jpg 1511w\" sizes=\"(max-width: 1024px) 100vw, 1024px\" \/><\/figure>\n<p>\n\n\n<p><\/p>\n\n\n<\/p>\n<h5>Informem i orientem a organitzacions p\u00fabliques i privades sobre els diferents mitjans de suport a la comunicaci\u00f3 que hi ha per a les persones amb sordesa:\u00a0<strong>la subtitulaci\u00f3 en directe com a sistema d\u2019accessibilitat universal, el bucle magn\u00e8tic i les emissores FM<\/strong>.<\/h5>\n<p>&nbsp;<\/p>\n<h5>Com a entitat representant a Catalunya de les persones amb sordesa que es comuniquen en llengua oral (el 97% de les persones amb sordesa), el nostre Servei d&#8217;Accessibilitat a la Comunicaci\u00f3, amb 17 anys d&#8217;experi\u00e8ncia, compta amb l<strong>&#8216;expertesa, coneixement i sensibilitat envers les necessitats del col\u00b7lectiu.<\/strong><\/h5>\n<p>&nbsp;<\/p>\n<h5><strong>CONTACTA AMB NOSALTRES!<\/strong><\/h5>\n<h5><strong>Informa&#8217;t de tot el que et podem oferir a nivell d&#8217;accessibilitat a la comunicaci\u00f3 per a les persones amb sordesa a:<\/strong><\/h5>\n<h5><strong><a href=\"mailto:accessibilitat@federacioacapps.org\">accessibilitat@federacioacapps.org\u00a0<\/a>\u00a0 \u00a0 tel. 93 210 55 30\u00a0 \u00a0 \u00a0Tel. M\u00f2bil 646 40 84 22<\/strong><\/h5>\n<h5>\n\n\n<h5><\/h5>\n\n\n<\/h5>\n<h5>\u00a0<\/h5>\n<p>&nbsp;<\/p>\n<p style=\"font-size: 28px;\"><strong>ELS NOSTRES SERVEIS:<\/strong><\/p>\n<p>\n\n\n<p><\/p>\n\n\n<\/p>\n<p class=\"has-text-color\" style=\"color: #1a4b60; font-size: 19px;\"><a href=\"https:\/\/acapps.org\/web\/subtitulacio-en-directe\/\"><strong>SUBTITULEM EN DIRECTE<\/strong> (ACTES VIRTUALS I PRESENCIALS)<\/a><\/p>\n<h5>Malgrat portar audi\u00f2fons i\/o implants coclears, les persones amb p\u00e8rdua auditiva necessiten suports per accedir a\u00a0 tota la informaci\u00f3 d&#8217;una reuni\u00f3, d&#8217;una confer\u00e8ncia o d&#8217;una formaci\u00f3. <strong>T&#8217;oferim arribar sempre al 100% del public del teu acte amb la subtitulaci\u00f3 en directe presencial o a dist\u00e0ncia <a href=\"https:\/\/acapps.org\/web\/subtitulacio-en-directe\/\">(per saber-ne m\u00e9s, clica&#8217;ns)<\/a><\/strong><\/h5>\n<p>\n\n\n<p><\/p>\n\n\n<\/p>\n<p>\n\n\n<p><\/p>\n\n\n<\/p>\n<p>\n\n\n<p><\/p>\n\n\n\n<p><\/p>\n\n\n<\/p>\n<p>\n\n\n<p><\/p>\n[\/vc_column_text][vc_column_text][\/vc_column_text][vc_row_inner][vc_column_inner][vc_column_text]\n<h4 class=\"has-text-color\" style=\"color: #1a4b60;\"><strong>ASSESSORAMENT, FORMACIONS I TALLERS <\/strong>DE SENSIBILITZACI\u00d3 PER A ENTITATS, EMPRESES I L&#8217;ADMINISTRACI\u00d3<\/h4>\n<h5>Oferim <strong>formaci\u00f3 espec\u00edfica i a demanda<\/strong> sobre la p\u00e8rdua auditiva i les pautes de comunicaci\u00f3 i mesures d&#8217;accessibilitat a la comunicaci\u00f3 oral de les persones amb sordesa.<br>Aquestes formacions es dirigeixen principalment a professionals d\u2019entitats p\u00fabliques i\/o privades que atenen, o poden atendre, a persones amb sordesa.<\/h5>\n<p><!-- \/wp:paragraph --><\/p>\n<p><!-- wp:paragraph {\"customTextColor\":\"#1a4b60\",\"customFontSize\":18} --><\/p>\n<p class=\"has-text-color\" style=\"color: #1a4b60; font-size: 18px;\">\n<\/p>[\/vc_column_text][\/vc_column_inner][\/vc_row_inner][vc_row_inner][vc_column_inner][vc_column_text]\n<h4 class=\"has-text-color\" style=\"color: #1a4b60;\"><strong>ASSESSOREM I\/O INSTAL\u00b7LEM BUCLES MAGN\u00c8TICS<\/strong><\/h4>\n<h5>El bucle magn\u00e8tic \u00e9s un suport que millora la qualitat del so que arriba a l&#8217;audi\u00f2fon i\/o implant coclear de la persona amb sordesa, que nom\u00e9s cal que activi la posici\u00f3 &#8220;T&#8221; de la seva pr\u00f2tesis auditiva per beneficiar-se&#8217;n.<\/h5>\n<h5>Conjuntament amb la subtitulaci\u00f3, oferim la instal\u00b7laci\u00f3 provisional de bucle magn\u00e8tic en qualsevol tipus d&#8217;acte (xerrades, espectacles, reunions,&#8230;) perqu\u00e8 les persones usu\u00e0ries d&#8217;audi\u00f2fon i\/o implant coclear se&#8217;n puguin beneficiar.<\/h5>\n<h5>Assessorem sobre la&nbsp;<strong>instal\u00b7laci\u00f3 de bucles magn\u00e8tics permanents<\/strong>&nbsp;en sales d\u2019actes, auditoris, teatres, cinemes, sales de reunions, entre altres.<\/h5>\n<p><!-- \/wp:paragraph --><\/p>\n<p><!-- wp:paragraph {\"customTextColor\":\"#1a4b60\"} --><\/p>\n[\/vc_column_text][vc_video link=&#8221;https:\/\/youtu.be\/2CX0Qql4KO0&#8243; el_width=&#8221;60&#8243;][\/vc_column_inner][\/vc_row_inner][vc_row_inner][vc_column_inner][vc_column_text]<h4 class=\"has-text-color\" style=\"color: #1a4b60;\"><strong>SERVEI DE PR\u00c9STEC D&#8217;EMISSORES FM PER A PERSONES ASSOCIADES<\/strong><\/h4>\n<h5>A nivell individual, deixem en pr\u00e9stec emissores FM per a les persones s\u00f2cies d\u2019ACAPPS.<br \/>Les emissores de fm s\u00f3n un sistema de comunicaci\u00f3 port\u00e0til que consta d\u2019un aparell emissor i un aparell receptor. De la mateixa manera que amb el bucle magn\u00e8tic, la persona usu\u00e0ria d&#8217;audi\u00f2fon i\/o implant coclear ha de tenir activada la posici\u00f3 &#8220;T&#8221; de la seva pr\u00f2tesis auditiva. L&#8217;emissora FM millora el so que arriba a l&#8217;audi\u00f2fon i\/o amb implant coclear.<\/h5>\n<p><strong>CONSULTA&#8217;NS-HO A<\/strong> <a href=\"mailto:accessibilitat@federacioacapps.org\">accessibilitat@federacioacapps.org \u00a0<\/a><\/p>\n<h4 class=\"has-text-color\" style=\"color: #1a4b60;\">\u00a0<\/h4>[\/vc_column_text][vc_video link=&#8221;https:\/\/youtu.be\/4yvP-zK121M&#8221; el_width=&#8221;60&#8243;][vc_column_text]<h3>\u00a0<\/h3>\n<h3><span style=\"color: #003366;\"><strong>T&#8217;INTERESSA: RECURSOS I MATERIALS INFORMATIUS<\/strong><\/span><\/h3>\n<h4><strong>D\u00edptic <a href=\"https:\/\/acapps.org\/web\/wp-content\/uploads\/2018\/01\/Diptic_Activat_Interior_1207.compressed.pdf\">ACTIVA&#8217;T. Qu\u00e8 s\u00f3n els bucles magn\u00e8tics? Qu\u00e8 \u00e9s la posici\u00f3 &#8220;T&#8221;?<\/a><\/strong><\/h4>\n<h4><strong>D\u00edptic <a href=\"https:\/\/acapps.org\/web\/wp-content\/uploads\/2018\/01\/ACAPPS-Servei-Accessibilitat_complet_def.compressed.pdf\">Inclou les persones amb sordesa als teus actes&#8230; sigues accessible!<\/a><\/strong><\/h4>\n<h4><strong>Guia <a href=\"https:\/\/acapps.org\/web\/wp-content\/uploads\/2018\/02\/2016-Laccessibilitat-als-actes-p\u00fablics_bones-pr\u00e0ctiques.pdf\">Inclou les persones amb sordesa als teus actes<\/a><\/strong><\/h4>\n<h4><strong>Fullet\u00f3<a href=\"https:\/\/acapps.org\/web\/wp-content\/uploads\/2021\/06\/fullet\u00f3_museus.pdf\"> Coneixes les mesures d&#8217;accessibilitat per a les persones amb sordesa?<\/a><\/strong><\/h4>\n<h4>\u00a0<\/h4>[\/vc_column_text][\/vc_column_inner][\/vc_row_inner][vc_column_text]<h3>\u00a0<\/h3>\n<h3><span style=\"color: #003366;\">XARXA D&#8217;<strong>ORGANITZACIONS COMPROMESES<\/strong><\/span><\/h3>\n<p>Organitzacions p\u00fabliques i privades que han fet accessibles els seus actes a les persones amb sordesa gr\u00e0cies a la subtitulaci\u00f3 en directe amb ACAPPS:<\/p>[\/vc_column_text][vc_single_image image=&#8221;9897&#8243; img_size=&#8221;full&#8221;][vc_empty_space height=&#8221;80px&#8221;][vc_separator border_width=&#8221;3&#8243;][vc_single_image image=&#8221;10350&#8243; img_size=&#8221;full&#8221; onclick=&#8221;custom_link&#8221;][\/vc_column][\/vc_row]","protected":false},"excerpt":{"rendered":"<p>[vc_row][vc_column][vc_column_text] Informem i orientem a organitzacions p\u00fabliques i privades sobre els diferents mitjans de suport a la comunicaci\u00f3 que hi ha per a les persones amb sordesa:\u00a0la subtitulaci\u00f3 en directe com a sistema d\u2019accessibilitat universal, el bucle magn\u00e8tic i les emissores FM. &nbsp; Com a entitat representant a Catalunya de les persones amb sordesa que es comuniquen en llengua oral (el 97% de les persones&#8230; <\/p>\n<p><a class=\"readmore\" href=\"https:\/\/acapps.org\/web\/accessibilitat-i-subtitulacio-en-directe\/\">LLEGIR M\u00c9S<\/a><\/p>\n","protected":false},"author":3,"featured_media":0,"parent":0,"menu_order":0,"comment_status":"closed","ping_status":"closed","template":"","meta":{"footnotes":""},"_links":{"self":[{"href":"https:\/\/acapps.org\/web\/wp-json\/wp\/v2\/pages\/9892"}],"collection":[{"href":"https:\/\/acapps.org\/web\/wp-json\/wp\/v2\/pages"}],"about":[{"href":"https:\/\/acapps.org\/web\/wp-json\/wp\/v2\/types\/page"}],"author":[{"embeddable":true,"href":"https:\/\/acapps.org\/web\/wp-json\/wp\/v2\/users\/3"}],"replies":[{"embeddable":true,"href":"https:\/\/acapps.org\/web\/wp-json\/wp\/v2\/comments?post=9892"}],"version-history":[{"count":22,"href":"https:\/\/acapps.org\/web\/wp-json\/wp\/v2\/pages\/9892\/revisions"}],"predecessor-version":[{"id":10549,"href":"https:\/\/acapps.org\/web\/wp-json\/wp\/v2\/pages\/9892\/revisions\/10549"}],"wp:attachment":[{"href":"https:\/\/acapps.org\/web\/wp-json\/wp\/v2\/media?parent=9892"}],"curies":[{"name":"wp","href":"https:\/\/api.w.org\/{rel}","templated":true}]}}